{"id":8959,"date":"2020-02-02T17:41:42","date_gmt":"2020-02-02T17:41:42","guid":{"rendered":"https:\/\/readybetwin.com\/?page_id=8959"},"modified":"2020-03-05T11:05:45","modified_gmt":"2020-03-05T11:05:45","slug":"betalningsmetoder","status":"publish","type":"page","link":"https:\/\/readybetwin.com\/sv\/betalningsmetoder\/","title":{"rendered":"Betalningsmetoder"},"content":{"rendered":"<h2>Snabb utveckling f\u00f6r betalningsmetoder online<\/h2>\n<p>Nya marknader och nya s\u00e4tt att k\u00f6pa varor eller tj\u00e4nster har st\u00e4llt nya krav p\u00e5 att \u00f6verf\u00f6ra pengar snabbt, s\u00e4kert och effektivt. Att ha s\u00e4kerhet i fokus \u00e4r mycket viktigt d\u00e5 ingen vill att pengarna f\u00f6rskingras eller p\u00e5 n\u00e5got s\u00e4tt kommer bort och hamnar i fel h\u00e4nder eller kommer till fel mottagare. Betalningsmetoderna m\u00e5ste ocks\u00e5 vara s\u00e4kra s\u00e5 att ingen kan ta sig in emellan och ist\u00e4llet \u00f6verf\u00f6ra pengarna till sig sj\u00e4lv.<\/p>\n<p>I vissa l\u00e4nder som till exempel Sverige finns identifiering med BankID som \u00e4r en verifierad och s\u00e4ker metod d\u00e4r man h\u00e4mtar en applikation till sin telefon eller dator och med den legitimerar sig med en speciell kod. Sj\u00e4lva certifikatet till BankID h\u00e4mtar man i sin internetbank. Sverige \u00e4r en av de l\u00e4nder som var tidiga med bank p\u00e5 internet och att f\u00f6rse sina kunder med bankdosor d\u00e4r de sj\u00e4lva kan logga in och sk\u00f6ta sina bank\u00e4renden. D\u00e4rf\u00f6r var steget till att lansera exempelvis BankID inte s\u00e5 stort.<\/p>\n<h3>S\u00e4kra betalningar<\/h3>\n<p>Bank och kreditkort \u00e4r bra och s\u00e4kra betalningsmetoder p\u00e5 n\u00e4tet och p\u00e5 fysiska platser<\/p>\n<p>Detta \u00e4r det mest vanliga betalningss\u00e4ttet som finns idag och det \u00e4r ocks\u00e5 s\u00e4kert. Din kod till ditt kort m\u00e5ste du s\u00e5klart h\u00e5lla hemlig men s\u00e5 \u00e4r det med alla system att du inte ska avsl\u00f6ja dina uppgifter till n\u00e5gon utomst\u00e5ende.<\/p>\n<p>Bank- och kreditkort till\u00e5ter dig att betala i fysiska butiker eller p\u00e5 internet. Olika banker har olika l\u00f6sningar f\u00f6r att l\u00e5sa upp eller sp\u00e4rra betalningar online. Korten kan man f\u00e5 antingen utan kredit eller med kredit upp till olika summor. Betalningar p\u00e5 internet med bankkort \u00e4r idag s\u00e4kra och m\u00e5nga l\u00e4gger in sina kort eller sparar dom i webbl\u00e4sare som Google Chrome f\u00f6r att slippa sl\u00e5 in siffror igen. K\u00e4nda kortutf\u00e4rdare \u00e4r <a href=\"https:\/\/readybetwin.com\/sv\/betalningsmetoder\/mastercard\/\">MasterCard<\/a>, Visa, American Express, Eurocard, Remember med flera.<\/p>\n","protected":false},"excerpt":{"rendered":"<p>Snabb utveckling f\u00f6r betalningsmetoder online Nya marknader och nya s\u00e4tt att k\u00f6pa varor eller tj\u00e4nster har st\u00e4llt nya krav p\u00e5 att \u00f6verf\u00f6ra pengar snabbt, s\u00e4kert och effektivt. Att ha s\u00e4kerhet i fokus \u00e4r mycket viktigt d\u00e5 ingen vill att pengarna f\u00f6rskingras eller p\u00e5 n\u00e5got s\u00e4tt kommer bort och hamnar i fel h\u00e4nder eller kommer till [&hellip;]<\/p>\n","protected":false},"author":1,"featured_media":14673,"parent":0,"menu_order":90,"comment_status":"closed","ping_status":"closed","template":"template-payment-options.php","meta":{"_acf_changed":false,"footnotes":""},"categories":[762],"class_list":["post-8959","page","type-page","status-publish","has-post-thumbnail","hentry","category-rbw"],"acf":[],"yoast_head":"<!-- This site is optimized with the Yoast SEO plugin v27.3 - https:\/\/yoast.com\/product\/yoast-seo-wordpress\/ -->\n<title>Betalningsmetoder hos spelbolag | Ready Bet Win<\/title>\n<meta name=\"description\" content=\"De flesta spelbolag erbjuder flera olika betalningsmetoder. Vi har skrivit en guide om vad du b\u00f6r t\u00e4nka p\u00e5 och listat vilka vi rekommenderar.\" \/>\n<meta name=\"robots\" content=\"index, follow, max-snippet:-1, max-image-preview:large, max-video-preview:-1\" \/>\n<link rel=\"canonical\" href=\"https:\/\/readybetwin.com\/sv\/betalningsmetoder\/\" \/>\n<meta property=\"og:locale\" content=\"sv_SE\" \/>\n<meta property=\"og:type\" content=\"article\" \/>\n<meta property=\"og:title\" content=\"Betalningsmetoder hos spelbolag | Ready Bet Win\" \/>\n<meta property=\"og:description\" content=\"De flesta spelbolag erbjuder flera olika betalningsmetoder. Vi har skrivit en guide om vad du b\u00f6r t\u00e4nka p\u00e5 och listat vilka vi rekommenderar.\" \/>\n<meta property=\"og:url\" content=\"https:\/\/readybetwin.com\/sv\/betalningsmetoder\/\" \/>\n<meta property=\"og:site_name\" content=\"Ready Bet Win\" \/>\n<meta property=\"article:modified_time\" content=\"2020-03-05T11:05:45+00:00\" \/>\n<meta property=\"og:image\" content=\"https:\/\/readybetwin.com\/wp-content\/uploads\/2020\/02\/payment-options.jpg\" \/>\n\t<meta property=\"og:image:width\" content=\"1920\" \/>\n\t<meta property=\"og:image:height\" content=\"1280\" \/>\n\t<meta property=\"og:image:type\" content=\"image\/jpeg\" \/>\n<meta name=\"twitter:card\" content=\"summary_large_image\" \/>\n<meta name=\"twitter:label1\" content=\"Ber\u00e4knad l\u00e4stid\" \/>\n\t<meta name=\"twitter:data1\" content=\"2 minuter\" \/>\n<script type=\"application\/ld+json\" class=\"yoast-schema-graph\">{\"@context\":\"https:\\\/\\\/schema.org\",\"@graph\":[{\"@type\":\"WebPage\",\"@id\":\"https:\\\/\\\/readybetwin.com\\\/sv\\\/betalningsmetoder\\\/\",\"url\":\"https:\\\/\\\/readybetwin.com\\\/sv\\\/betalningsmetoder\\\/\",\"name\":\"Betalningsmetoder hos spelbolag | Ready Bet Win\",\"isPartOf\":{\"@id\":\"https:\\\/\\\/readybetwin.com\\\/sv\\\/#website\"},\"primaryImageOfPage\":{\"@id\":\"https:\\\/\\\/readybetwin.com\\\/sv\\\/betalningsmetoder\\\/#primaryimage\"},\"image\":{\"@id\":\"https:\\\/\\\/readybetwin.com\\\/sv\\\/betalningsmetoder\\\/#primaryimage\"},\"thumbnailUrl\":\"https:\\\/\\\/readybetwin.com\\\/wp-content\\\/uploads\\\/2020\\\/02\\\/payment-options.jpg\",\"datePublished\":\"2020-02-02T17:41:42+00:00\",\"dateModified\":\"2020-03-05T11:05:45+00:00\",\"description\":\"De flesta spelbolag erbjuder flera olika betalningsmetoder. Vi har skrivit en guide om vad du b\u00f6r t\u00e4nka p\u00e5 och listat vilka vi rekommenderar.\",\"breadcrumb\":{\"@id\":\"https:\\\/\\\/readybetwin.com\\\/sv\\\/betalningsmetoder\\\/#breadcrumb\"},\"inLanguage\":\"sv-SE\",\"potentialAction\":[{\"@type\":\"ReadAction\",\"target\":[\"https:\\\/\\\/readybetwin.com\\\/sv\\\/betalningsmetoder\\\/\"]}]},{\"@type\":\"ImageObject\",\"inLanguage\":\"sv-SE\",\"@id\":\"https:\\\/\\\/readybetwin.com\\\/sv\\\/betalningsmetoder\\\/#primaryimage\",\"url\":\"https:\\\/\\\/readybetwin.com\\\/wp-content\\\/uploads\\\/2020\\\/02\\\/payment-options.jpg\",\"contentUrl\":\"https:\\\/\\\/readybetwin.com\\\/wp-content\\\/uploads\\\/2020\\\/02\\\/payment-options.jpg\",\"width\":1920,\"height\":1280},{\"@type\":\"BreadcrumbList\",\"@id\":\"https:\\\/\\\/readybetwin.com\\\/sv\\\/betalningsmetoder\\\/#breadcrumb\",\"itemListElement\":[{\"@type\":\"ListItem\",\"position\":1,\"name\":\"Home\",\"item\":\"https:\\\/\\\/readybetwin.com\\\/sv\\\/\"},{\"@type\":\"ListItem\",\"position\":2,\"name\":\"Betalningsmetoder\"}]},{\"@type\":\"WebSite\",\"@id\":\"https:\\\/\\\/readybetwin.com\\\/sv\\\/#website\",\"url\":\"https:\\\/\\\/readybetwin.com\\\/sv\\\/\",\"name\":\"Ready Bet Win\",\"description\":\"Compare online casinos and betting sites\",\"publisher\":{\"@id\":\"https:\\\/\\\/readybetwin.com\\\/sv\\\/#organization\"},\"potentialAction\":[{\"@type\":\"SearchAction\",\"target\":{\"@type\":\"EntryPoint\",\"urlTemplate\":\"https:\\\/\\\/readybetwin.com\\\/sv\\\/?s={search_term_string}\"},\"query-input\":{\"@type\":\"PropertyValueSpecification\",\"valueRequired\":true,\"valueName\":\"search_term_string\"}}],\"inLanguage\":\"sv-SE\"},{\"@type\":\"Organization\",\"@id\":\"https:\\\/\\\/readybetwin.com\\\/sv\\\/#organization\",\"name\":\"Ready Bet Win\",\"url\":\"https:\\\/\\\/readybetwin.com\\\/sv\\\/\",\"logo\":{\"@type\":\"ImageObject\",\"inLanguage\":\"sv-SE\",\"@id\":\"https:\\\/\\\/readybetwin.com\\\/sv\\\/#\\\/schema\\\/logo\\\/image\\\/\",\"url\":\"\",\"contentUrl\":\"\",\"caption\":\"Ready Bet Win\"},\"image\":{\"@id\":\"https:\\\/\\\/readybetwin.com\\\/sv\\\/#\\\/schema\\\/logo\\\/image\\\/\"}}]}<\/script>\n<!-- \/ Yoast SEO plugin. -->","yoast_head_json":{"title":"Betalningsmetoder hos spelbolag | Ready Bet Win","description":"De flesta spelbolag erbjuder flera olika betalningsmetoder. Vi har skrivit en guide om vad du b\u00f6r t\u00e4nka p\u00e5 och listat vilka vi rekommenderar.","robots":{"index":"index","follow":"follow","max-snippet":"max-snippet:-1","max-image-preview":"max-image-preview:large","max-video-preview":"max-video-preview:-1"},"canonical":"https:\/\/readybetwin.com\/sv\/betalningsmetoder\/","og_locale":"sv_SE","og_type":"article","og_title":"Betalningsmetoder hos spelbolag | Ready Bet Win","og_description":"De flesta spelbolag erbjuder flera olika betalningsmetoder. Vi har skrivit en guide om vad du b\u00f6r t\u00e4nka p\u00e5 och listat vilka vi rekommenderar.","og_url":"https:\/\/readybetwin.com\/sv\/betalningsmetoder\/","og_site_name":"Ready Bet Win","article_modified_time":"2020-03-05T11:05:45+00:00","og_image":[{"width":1920,"height":1280,"url":"https:\/\/readybetwin.com\/wp-content\/uploads\/2020\/02\/payment-options.jpg","type":"image\/jpeg"}],"twitter_card":"summary_large_image","twitter_misc":{"Ber\u00e4knad l\u00e4stid":"2 minuter"},"schema":{"@context":"https:\/\/schema.org","@graph":[{"@type":"WebPage","@id":"https:\/\/readybetwin.com\/sv\/betalningsmetoder\/","url":"https:\/\/readybetwin.com\/sv\/betalningsmetoder\/","name":"Betalningsmetoder hos spelbolag | Ready Bet Win","isPartOf":{"@id":"https:\/\/readybetwin.com\/sv\/#website"},"primaryImageOfPage":{"@id":"https:\/\/readybetwin.com\/sv\/betalningsmetoder\/#primaryimage"},"image":{"@id":"https:\/\/readybetwin.com\/sv\/betalningsmetoder\/#primaryimage"},"thumbnailUrl":"https:\/\/readybetwin.com\/wp-content\/uploads\/2020\/02\/payment-options.jpg","datePublished":"2020-02-02T17:41:42+00:00","dateModified":"2020-03-05T11:05:45+00:00","description":"De flesta spelbolag erbjuder flera olika betalningsmetoder. Vi har skrivit en guide om vad du b\u00f6r t\u00e4nka p\u00e5 och listat vilka vi rekommenderar.","breadcrumb":{"@id":"https:\/\/readybetwin.com\/sv\/betalningsmetoder\/#breadcrumb"},"inLanguage":"sv-SE","potentialAction":[{"@type":"ReadAction","target":["https:\/\/readybetwin.com\/sv\/betalningsmetoder\/"]}]},{"@type":"ImageObject","inLanguage":"sv-SE","@id":"https:\/\/readybetwin.com\/sv\/betalningsmetoder\/#primaryimage","url":"https:\/\/readybetwin.com\/wp-content\/uploads\/2020\/02\/payment-options.jpg","contentUrl":"https:\/\/readybetwin.com\/wp-content\/uploads\/2020\/02\/payment-options.jpg","width":1920,"height":1280},{"@type":"BreadcrumbList","@id":"https:\/\/readybetwin.com\/sv\/betalningsmetoder\/#breadcrumb","itemListElement":[{"@type":"ListItem","position":1,"name":"Home","item":"https:\/\/readybetwin.com\/sv\/"},{"@type":"ListItem","position":2,"name":"Betalningsmetoder"}]},{"@type":"WebSite","@id":"https:\/\/readybetwin.com\/sv\/#website","url":"https:\/\/readybetwin.com\/sv\/","name":"Ready Bet Win","description":"Compare online casinos and betting sites","publisher":{"@id":"https:\/\/readybetwin.com\/sv\/#organization"},"potentialAction":[{"@type":"SearchAction","target":{"@type":"EntryPoint","urlTemplate":"https:\/\/readybetwin.com\/sv\/?s={search_term_string}"},"query-input":{"@type":"PropertyValueSpecification","valueRequired":true,"valueName":"search_term_string"}}],"inLanguage":"sv-SE"},{"@type":"Organization","@id":"https:\/\/readybetwin.com\/sv\/#organization","name":"Ready Bet Win","url":"https:\/\/readybetwin.com\/sv\/","logo":{"@type":"ImageObject","inLanguage":"sv-SE","@id":"https:\/\/readybetwin.com\/sv\/#\/schema\/logo\/image\/","url":"","contentUrl":"","caption":"Ready Bet Win"},"image":{"@id":"https:\/\/readybetwin.com\/sv\/#\/schema\/logo\/image\/"}}]}},"_links":{"self":[{"href":"https:\/\/readybetwin.com\/sv\/wp-json\/wp\/v2\/pages\/8959","targetHints":{"allow":["GET"]}}],"collection":[{"href":"https:\/\/readybetwin.com\/sv\/wp-json\/wp\/v2\/pages"}],"about":[{"href":"https:\/\/readybetwin.com\/sv\/wp-json\/wp\/v2\/types\/page"}],"author":[{"embeddable":true,"href":"https:\/\/readybetwin.com\/sv\/wp-json\/wp\/v2\/users\/1"}],"replies":[{"embeddable":true,"href":"https:\/\/readybetwin.com\/sv\/wp-json\/wp\/v2\/comments?post=8959"}],"version-history":[{"count":0,"href":"https:\/\/readybetwin.com\/sv\/wp-json\/wp\/v2\/pages\/8959\/revisions"}],"wp:featuredmedia":[{"embeddable":true,"href":"https:\/\/readybetwin.com\/sv\/wp-json\/wp\/v2\/media\/14673"}],"wp:attachment":[{"href":"https:\/\/readybetwin.com\/sv\/wp-json\/wp\/v2\/media?parent=8959"}],"wp:term":[{"taxonomy":"category","embeddable":true,"href":"https:\/\/readybetwin.com\/sv\/wp-json\/wp\/v2\/categories?post=8959"}],"curies":[{"name":"wp","href":"https:\/\/api.w.org\/{rel}","templated":true}]}}