{"id":8956,"date":"2019-10-15T00:00:00","date_gmt":"2019-10-15T00:00:00","guid":{"rendered":"https:\/\/readybetwin.com\/guide\/free-bet-sa-funkar-det-i-praktiken\/"},"modified":"2020-03-05T20:29:09","modified_gmt":"2020-03-05T20:29:09","slug":"free-bets","status":"publish","type":"page","link":"https:\/\/readybetwin.com\/sv\/odds\/free-bets\/","title":{"rendered":"Free bets"},"content":{"rendered":"<p>Du kan n\u00e4stan gissa utifr\u00e5n ordet &#8221;free bet&#8221; att det \u00e4r n\u00e5got du f\u00e5r som \u00e4r gratis. Gratis \u00e4r alltid gott men \u00e4r det s\u00e5 bra som det l\u00e5ter och vad ska man ha koll p\u00e5 n\u00e4r man tar ett gratis bet? Det ska vi reda ut i denna korta text s\u00e5 l\u00e4s igenom den s\u00e5 har du koll p\u00e5 l\u00e4get n\u00e4r ett erbjudande dyker upp!<\/p>\n<h2>Hur fungerar det?<\/h2>\n<p>Gillar du sport s\u00e5 kan free bet vara riktigt intressant om du bara har koll p\u00e5 reglerna. I korthet inneb\u00e4r det att du f\u00e5r m\u00f6jlighet att l\u00e4gga ett helt kostnadsfritt bet hos en leverant\u00f6r. Ett gratis bet kan vara kopplat till en liga eller en speciell match. Det kan ocks\u00e5 vara kopplat till en speciell avdelning hos <a href=\"https:\/\/readybetwin.com\/gb\/odds\/\">spelbolaget<\/a>, exempelvis om man har en bettingavdelning eller n\u00e5got liknande d\u00e4r spelare l\u00e4gger upp matcher eller spel. Ofta \u00e4r det vad man kallar riskfria bet.<\/p>\n<h2>\u00c4r free bet en bonus?<\/h2>\n<p>Ett free bet klassas som en bonus och det medf\u00f6ljer villkor s\u00e5 dessa m\u00e5ste du ha koll p\u00e5. Vi rekommenderar alltid att man l\u00e4ser villkoren f\u00f6r respektive bonus s\u00e5 ta f\u00f6r vana att l\u00e4sa dessa. P\u00e5 marknaden finns b\u00e5de oms\u00e4ttningsfria free bet och s\u00e5dana som har oms\u00e4ttningskrav.<\/p>\n<h2>F\u00e5r jag tillbaka pengarna om jag f\u00f6rlorar?<\/h2>\n<p>Ja det f\u00e5r du. Ett free bet \u00e4r ett riskfritt spel du kan l\u00e4gga p\u00e5 den match som det g\u00e4ller f\u00f6r. Exempelvis om du satsar 200 kronor p\u00e5 att hemmalaget ska vinna och har ett free bet erbjudande och motst\u00e5ndarlaget ist\u00e4llet vinner s\u00e5 kommer pengarna att s\u00e4ttas tillbaka p\u00e5 ditt konto.<\/p>\n<h2>Vad h\u00e4nder om jag vinner?<\/h2>\n<p>Om du vinner brukar operat\u00f6ren dra av vinsten p\u00e5 ditt bet mot kostnaden f\u00f6r spelet. Detta sker lite olika s\u00e5 det \u00e4r alltid viktigt att kontrollera regler och villkor. Ett exempel kan visa att du f\u00e5r ett free bet p\u00e5 50 kronor. Du l\u00e4gger det p\u00e5 matchen och vinsten blir 150 kronor. Operat\u00f6rern drar av 50 kronor som var erbjudandet och kvar \u00e4r 100 kronor p\u00e5 ditt konto.<\/p>\n<h2>\u00c4r free bet bra?<\/h2>\n<p>Ja vi tycker free bet \u00e4r en bra typ av bonus om det passar dina preferenser. \u00c4r det r\u00e4tt lag och du \u00e4r villig att satsa och k\u00e4nner att du har koll p\u00e5 laget kan detta passa bra. Eftersom det \u00e4r riskfritt kan du vara s\u00e4ker p\u00e5 att f\u00e5 tillbaka din insats ifall detta bet inte g\u00e5r in som du har t\u00e4nkt.<\/p>\n<h2>Hur hittar jag free bet erbjudanden?<\/h2>\n<p>Dessa erbjudanden kommer kontinuerligt fr\u00e5n olika operat\u00f6rer och riktar sig ocks\u00e5 mot nya kunder. Du kan alltid titta p\u00e5 v\u00e5r kampanjsida med <a href=\"https:\/\/readybetwin.com\/sv\/kampanjer\/\">attraktiva och aktuella erbjudanden<\/a> f\u00f6r b\u00e5de boostade odds, casinospecialer och olika t\u00e4vlingar.<\/p>\n","protected":false},"excerpt":{"rendered":"<p>Du kan n\u00e4stan gissa utifr\u00e5n ordet &#8221;free bet&#8221; att det \u00e4r n\u00e5got du f\u00e5r som \u00e4r gratis. Gratis \u00e4r alltid gott men \u00e4r det s\u00e5 bra som det l\u00e5ter och vad ska man ha koll p\u00e5 n\u00e4r man tar ett gratis bet? Det ska vi reda ut i denna korta text s\u00e5 l\u00e4s igenom den [&hellip;]<\/p>\n","protected":false},"author":1,"featured_media":48349,"parent":7359,"menu_order":66,"comment_status":"closed","ping_status":"closed","template":"","meta":{"_acf_changed":false,"footnotes":""},"categories":[10],"class_list":["post-8956","page","type-page","status-publish","has-post-thumbnail","hentry","category-odds"],"acf":[],"yoast_head":"<!-- This site is optimized with the Yoast SEO plugin v27.4 - https:\/\/yoast.com\/product\/yoast-seo-wordpress\/ -->\n<title>Free bets | Ready Bet Win<\/title>\n<meta name=\"robots\" content=\"index, follow, max-snippet:-1, max-image-preview:large, max-video-preview:-1\" \/>\n<link rel=\"canonical\" href=\"https:\/\/readybetwin.com\/sv\/odds\/free-bets\/\" \/>\n<meta property=\"og:locale\" content=\"sv_SE\" \/>\n<meta property=\"og:type\" content=\"article\" \/>\n<meta property=\"og:title\" content=\"Free bets | Ready Bet Win\" \/>\n<meta property=\"og:description\" content=\"Du kan n\u00e4stan gissa utifr\u00e5n ordet &#8221;free bet&#8221; att det \u00e4r n\u00e5got du f\u00e5r som \u00e4r gratis. Gratis \u00e4r alltid gott men \u00e4r det s\u00e5 bra som det l\u00e5ter och vad ska man ha koll p\u00e5 n\u00e4r man tar ett gratis bet? Det ska vi reda ut i denna korta text s\u00e5 l\u00e4s igenom den [&hellip;]\" \/>\n<meta property=\"og:url\" content=\"https:\/\/readybetwin.com\/sv\/odds\/free-bets\/\" \/>\n<meta property=\"og:site_name\" content=\"Ready Bet Win\" \/>\n<meta property=\"article:modified_time\" content=\"2020-03-05T20:29:09+00:00\" \/>\n<meta property=\"og:image\" content=\"https:\/\/readybetwin.com\/wp-content\/uploads\/2020\/02\/free-bets.jpg\" \/>\n\t<meta property=\"og:image:width\" content=\"1920\" \/>\n\t<meta property=\"og:image:height\" content=\"1280\" \/>\n\t<meta property=\"og:image:type\" content=\"image\/jpeg\" \/>\n<meta name=\"twitter:card\" content=\"summary_large_image\" \/>\n<meta name=\"twitter:label1\" content=\"Ber\u00e4knad l\u00e4stid\" \/>\n\t<meta name=\"twitter:data1\" content=\"2 minuter\" \/>\n<script type=\"application\/ld+json\" class=\"yoast-schema-graph\">{\"@context\":\"https:\\\/\\\/schema.org\",\"@graph\":[{\"@type\":\"WebPage\",\"@id\":\"https:\\\/\\\/readybetwin.com\\\/sv\\\/odds\\\/free-bets\\\/\",\"url\":\"https:\\\/\\\/readybetwin.com\\\/sv\\\/odds\\\/free-bets\\\/\",\"name\":\"Free bets | Ready Bet Win\",\"isPartOf\":{\"@id\":\"https:\\\/\\\/readybetwin.com\\\/sv\\\/#website\"},\"primaryImageOfPage\":{\"@id\":\"https:\\\/\\\/readybetwin.com\\\/sv\\\/odds\\\/free-bets\\\/#primaryimage\"},\"image\":{\"@id\":\"https:\\\/\\\/readybetwin.com\\\/sv\\\/odds\\\/free-bets\\\/#primaryimage\"},\"thumbnailUrl\":\"https:\\\/\\\/readybetwin.com\\\/wp-content\\\/uploads\\\/2020\\\/02\\\/free-bets.jpg\",\"datePublished\":\"2019-10-15T00:00:00+00:00\",\"dateModified\":\"2020-03-05T20:29:09+00:00\",\"breadcrumb\":{\"@id\":\"https:\\\/\\\/readybetwin.com\\\/sv\\\/odds\\\/free-bets\\\/#breadcrumb\"},\"inLanguage\":\"sv-SE\",\"potentialAction\":[{\"@type\":\"ReadAction\",\"target\":[\"https:\\\/\\\/readybetwin.com\\\/sv\\\/odds\\\/free-bets\\\/\"]}]},{\"@type\":\"ImageObject\",\"inLanguage\":\"sv-SE\",\"@id\":\"https:\\\/\\\/readybetwin.com\\\/sv\\\/odds\\\/free-bets\\\/#primaryimage\",\"url\":\"https:\\\/\\\/readybetwin.com\\\/wp-content\\\/uploads\\\/2020\\\/02\\\/free-bets.jpg\",\"contentUrl\":\"https:\\\/\\\/readybetwin.com\\\/wp-content\\\/uploads\\\/2020\\\/02\\\/free-bets.jpg\",\"width\":1920,\"height\":1280},{\"@type\":\"BreadcrumbList\",\"@id\":\"https:\\\/\\\/readybetwin.com\\\/sv\\\/odds\\\/free-bets\\\/#breadcrumb\",\"itemListElement\":[{\"@type\":\"ListItem\",\"position\":1,\"name\":\"Home\",\"item\":\"https:\\\/\\\/readybetwin.com\\\/sv\\\/\"},{\"@type\":\"ListItem\",\"position\":2,\"name\":\"Odds\",\"item\":\"https:\\\/\\\/readybetwin.com\\\/sv\\\/odds\\\/\"},{\"@type\":\"ListItem\",\"position\":3,\"name\":\"Free bets\"}]},{\"@type\":\"WebSite\",\"@id\":\"https:\\\/\\\/readybetwin.com\\\/sv\\\/#website\",\"url\":\"https:\\\/\\\/readybetwin.com\\\/sv\\\/\",\"name\":\"Ready Bet Win\",\"description\":\"Compare online casinos and betting sites\",\"publisher\":{\"@id\":\"https:\\\/\\\/readybetwin.com\\\/sv\\\/#organization\"},\"potentialAction\":[{\"@type\":\"SearchAction\",\"target\":{\"@type\":\"EntryPoint\",\"urlTemplate\":\"https:\\\/\\\/readybetwin.com\\\/sv\\\/?s={search_term_string}\"},\"query-input\":{\"@type\":\"PropertyValueSpecification\",\"valueRequired\":true,\"valueName\":\"search_term_string\"}}],\"inLanguage\":\"sv-SE\"},{\"@type\":\"Organization\",\"@id\":\"https:\\\/\\\/readybetwin.com\\\/sv\\\/#organization\",\"name\":\"Ready Bet Win\",\"url\":\"https:\\\/\\\/readybetwin.com\\\/sv\\\/\",\"logo\":{\"@type\":\"ImageObject\",\"inLanguage\":\"sv-SE\",\"@id\":\"https:\\\/\\\/readybetwin.com\\\/sv\\\/#\\\/schema\\\/logo\\\/image\\\/\",\"url\":\"\",\"contentUrl\":\"\",\"caption\":\"Ready Bet Win\"},\"image\":{\"@id\":\"https:\\\/\\\/readybetwin.com\\\/sv\\\/#\\\/schema\\\/logo\\\/image\\\/\"}}]}<\/script>\n<!-- \/ Yoast SEO plugin. -->","yoast_head_json":{"title":"Free bets | Ready Bet Win","robots":{"index":"index","follow":"follow","max-snippet":"max-snippet:-1","max-image-preview":"max-image-preview:large","max-video-preview":"max-video-preview:-1"},"canonical":"https:\/\/readybetwin.com\/sv\/odds\/free-bets\/","og_locale":"sv_SE","og_type":"article","og_title":"Free bets | Ready Bet Win","og_description":"Du kan n\u00e4stan gissa utifr\u00e5n ordet &#8221;free bet&#8221; att det \u00e4r n\u00e5got du f\u00e5r som \u00e4r gratis. Gratis \u00e4r alltid gott men \u00e4r det s\u00e5 bra som det l\u00e5ter och vad ska man ha koll p\u00e5 n\u00e4r man tar ett gratis bet? Det ska vi reda ut i denna korta text s\u00e5 l\u00e4s igenom den [&hellip;]","og_url":"https:\/\/readybetwin.com\/sv\/odds\/free-bets\/","og_site_name":"Ready Bet Win","article_modified_time":"2020-03-05T20:29:09+00:00","og_image":[{"width":1920,"height":1280,"url":"https:\/\/readybetwin.com\/wp-content\/uploads\/2020\/02\/free-bets.jpg","type":"image\/jpeg"}],"twitter_card":"summary_large_image","twitter_misc":{"Ber\u00e4knad l\u00e4stid":"2 minuter"},"schema":{"@context":"https:\/\/schema.org","@graph":[{"@type":"WebPage","@id":"https:\/\/readybetwin.com\/sv\/odds\/free-bets\/","url":"https:\/\/readybetwin.com\/sv\/odds\/free-bets\/","name":"Free bets | Ready Bet Win","isPartOf":{"@id":"https:\/\/readybetwin.com\/sv\/#website"},"primaryImageOfPage":{"@id":"https:\/\/readybetwin.com\/sv\/odds\/free-bets\/#primaryimage"},"image":{"@id":"https:\/\/readybetwin.com\/sv\/odds\/free-bets\/#primaryimage"},"thumbnailUrl":"https:\/\/readybetwin.com\/wp-content\/uploads\/2020\/02\/free-bets.jpg","datePublished":"2019-10-15T00:00:00+00:00","dateModified":"2020-03-05T20:29:09+00:00","breadcrumb":{"@id":"https:\/\/readybetwin.com\/sv\/odds\/free-bets\/#breadcrumb"},"inLanguage":"sv-SE","potentialAction":[{"@type":"ReadAction","target":["https:\/\/readybetwin.com\/sv\/odds\/free-bets\/"]}]},{"@type":"ImageObject","inLanguage":"sv-SE","@id":"https:\/\/readybetwin.com\/sv\/odds\/free-bets\/#primaryimage","url":"https:\/\/readybetwin.com\/wp-content\/uploads\/2020\/02\/free-bets.jpg","contentUrl":"https:\/\/readybetwin.com\/wp-content\/uploads\/2020\/02\/free-bets.jpg","width":1920,"height":1280},{"@type":"BreadcrumbList","@id":"https:\/\/readybetwin.com\/sv\/odds\/free-bets\/#breadcrumb","itemListElement":[{"@type":"ListItem","position":1,"name":"Home","item":"https:\/\/readybetwin.com\/sv\/"},{"@type":"ListItem","position":2,"name":"Odds","item":"https:\/\/readybetwin.com\/sv\/odds\/"},{"@type":"ListItem","position":3,"name":"Free bets"}]},{"@type":"WebSite","@id":"https:\/\/readybetwin.com\/sv\/#website","url":"https:\/\/readybetwin.com\/sv\/","name":"Ready Bet Win","description":"Compare online casinos and betting sites","publisher":{"@id":"https:\/\/readybetwin.com\/sv\/#organization"},"potentialAction":[{"@type":"SearchAction","target":{"@type":"EntryPoint","urlTemplate":"https:\/\/readybetwin.com\/sv\/?s={search_term_string}"},"query-input":{"@type":"PropertyValueSpecification","valueRequired":true,"valueName":"search_term_string"}}],"inLanguage":"sv-SE"},{"@type":"Organization","@id":"https:\/\/readybetwin.com\/sv\/#organization","name":"Ready Bet Win","url":"https:\/\/readybetwin.com\/sv\/","logo":{"@type":"ImageObject","inLanguage":"sv-SE","@id":"https:\/\/readybetwin.com\/sv\/#\/schema\/logo\/image\/","url":"","contentUrl":"","caption":"Ready Bet Win"},"image":{"@id":"https:\/\/readybetwin.com\/sv\/#\/schema\/logo\/image\/"}}]}},"_links":{"self":[{"href":"https:\/\/readybetwin.com\/sv\/wp-json\/wp\/v2\/pages\/8956","targetHints":{"allow":["GET"]}}],"collection":[{"href":"https:\/\/readybetwin.com\/sv\/wp-json\/wp\/v2\/pages"}],"about":[{"href":"https:\/\/readybetwin.com\/sv\/wp-json\/wp\/v2\/types\/page"}],"author":[{"embeddable":true,"href":"https:\/\/readybetwin.com\/sv\/wp-json\/wp\/v2\/users\/1"}],"replies":[{"embeddable":true,"href":"https:\/\/readybetwin.com\/sv\/wp-json\/wp\/v2\/comments?post=8956"}],"version-history":[{"count":0,"href":"https:\/\/readybetwin.com\/sv\/wp-json\/wp\/v2\/pages\/8956\/revisions"}],"up":[{"embeddable":true,"href":"https:\/\/readybetwin.com\/sv\/wp-json\/wp\/v2\/pages\/7359"}],"wp:featuredmedia":[{"embeddable":true,"href":"https:\/\/readybetwin.com\/sv\/wp-json\/wp\/v2\/media\/48349"}],"wp:attachment":[{"href":"https:\/\/readybetwin.com\/sv\/wp-json\/wp\/v2\/media?parent=8956"}],"wp:term":[{"taxonomy":"category","embeddable":true,"href":"https:\/\/readybetwin.com\/sv\/wp-json\/wp\/v2\/categories?post=8956"}],"curies":[{"name":"wp","href":"https:\/\/api.w.org\/{rel}","templated":true}]}}