{"id":8952,"date":"2019-07-09T00:00:00","date_gmt":"2019-07-09T00:00:00","guid":{"rendered":"https:\/\/readybetwin.com\/guide\/live-casino-allt-du-behover-veta\/"},"modified":"2020-12-27T17:06:07","modified_gmt":"2020-12-27T17:06:07","slug":"live-casino","status":"publish","type":"page","link":"https:\/\/readybetwin.com\/sv\/casino\/live-casino\/","title":{"rendered":"Live casino"},"content":{"rendered":"<h2>Utveckling av slots och spelformer p\u00e5 casinon<\/h2>\n<p>Fr\u00e5n de f\u00f6rsta online casinon s\u00e5g marknaden p\u00e5 internet har mycket h\u00e4nt. Fr\u00e5n b\u00f6rjan var sidorna skapade f\u00f6r spel entusiaster och funktionerna var begr\u00e4nsade. I dagsl\u00e4get finns ett stort antal online casinon p\u00e5 marknaden som erbjuder massor av spel online samt \u00e4ven live casino spel. Utvecklingen har gjort att det nu finns m\u00f6jlighet att spela <a href=\"\/sv\/\">casinospel online<\/a> f\u00f6r alla som vill ha lite avkoppling eller sp\u00e4nning i vardagen. Utvecklingen har g\u00e5tt fr\u00e5n specialiserade webbsidor f\u00f6r speln\u00f6rdar till snygga och smarta sidor som \u00e4r riktade till hela befolkningen. Online casinon har blivit etablerade och finns alltid till hands n\u00e4ra dig oavsett om du spelar fr\u00e5n en mobil enhet eller hemma p\u00e5 en dator.<\/p>\n<p>Som du f\u00f6rst\u00e5r har utvecklingen g\u00e5tt fort och dagens online casinon har avancerade spel och funktioner. Fr\u00e5n b\u00f6rjan var spelen v\u00e4ldigt enkla men idag \u00e4r det avancerade spelmotorer med m\u00e5nga funktioner och sp\u00e4nnande teman. Vill du veta hur en slot fungerar kan du l\u00e4sa v\u00e5r guide om <a href=\"https:\/\/readybetwin.com\/sv\/casino\/guide\/rtp-volatilitet\">RTP, volatilitet och slumptalsgenerator<\/a> f\u00f6r att f\u00e5 mer bakgrund om funktionerna i ett slots.<\/p>\n<h2>Live casinot har tagit steget in i vardagsrummet<\/h2>\n<p>Ja, s\u00e5 kan man verkligen s\u00e4ga. D\u00e5 man tidigare var tvungen att bes\u00f6ka ett landbaserat casino f\u00f6r att f\u00e5 uppleva sp\u00e4nningen p\u00e5 casinogolvet har nu dessa spel f\u00f6rflyttats direkt till din vardagsrums soffa. Enkelt tillg\u00e4ngliga med bara ett klick. Allt detta har blivit m\u00f6jligt med internet samt snabbare uppkopplingar. Ett live casino hittar du hos ett online casino under en speciell meny.<\/p>\n<p>Att spela live casino \u00e4r som att v\u00e4lja ett spel p\u00e5 casinogolvet, du spelar med andra spelare vid samma bord och du ser det som dem ser n\u00e4r du l\u00e4gger bet eller tar kort. Det blir en gemensam upplevelse n\u00e4r du spelar tillsammans med andra vid samma bord.<\/p>\n<h3>Vilka spel kan man spela p\u00e5 live casinot?<\/h3>\n<p>Utbudet p\u00e5 live casino avdelningen har \u00f6kat de senaste \u00e5ren och det finns \u00e4ven flera olika levarant\u00f6rer. NetEnt Live eller Evolution Gaming \u00e4r tv\u00e5 stora leverant\u00f6rer p\u00e5 marknaden som har riktigt h\u00f6g kvalitet men det finns \u00e4ven andra. N\u00e4r du ska spela p\u00e5 live casino m\u00f6ts du av ett brett utbud p\u00e5 olika speltyper. Ofta finns dem i flera varianter d\u00e4r dels spelen kan vara anpassade till olika spelformer eller som olika insatsniv\u00e5er. Roulette kan till exempel finnas som vanlig, auto roulette, lightning roulette samt n\u00e5gra fler. Detta \u00e4r genomg\u00e5ende f\u00f6r m\u00e5nga av spelen.<\/p>\n<p>N\u00e4r det g\u00e4ller insatsniv\u00e5er s\u00e5 kommer du att finna vanliga insatser samt andra bord med h\u00f6gre insats och \u00e4ven VIP bord. Dessa \u00e4r f\u00f6r spelare som \u00e4r vana att spela med lite st\u00f6rre insatser. N\u00e4r du \u00e4r nyb\u00f6rjare ska du ta ett spel med en l\u00e5g insats som start. Vartefter du blir b\u00e4ttre kan du \u00f6ka p\u00e5 insatserna, ifall du vill.<\/p>\n<h2>Det \u00e4r enkelt att spela live casino<\/h2>\n<p>Allt detta med live spel kanske kan k\u00e4nnas lite besv\u00e4rligt eller ovant men s\u00e5 \u00e4r det inte. Du kan enkelt vara med i ett spel och dagens spel \u00e4r byggda s\u00e5 att det ska vara v\u00e4ldigt enkelt. Du kommer snabbt ig\u00e5ng d\u00e5 valen och det du ska g\u00f6ra \u00e4r tydliga och bra gjorda. En bra sak med live casino \u00e4r att du inte heller beh\u00f6ver vara med i varje omg\u00e5ng i spelet. H\u00e4r kan du st\u00e5 \u00f6ver n\u00e5gra omg\u00e5ngar och titta p\u00e5 hur korten eller spelet flyter och sen hoppa med i en omg\u00e5ng. P\u00e5 det s\u00e4ttet l\u00e4r du dig \u00e4ven en hel del av spelet under tiden. Dina val \u00e4r enkla d\u00e5 du ska ha kort eller vill l\u00e4gga en insats p\u00e5 n\u00e5got nummer. Kanske k\u00e4nns det lite ovant i b\u00f6rjan men det kommer snabbt f\u00f6rsvinna d\u00e5 du ser hur enkelt uppl\u00e4gget \u00e4r.<\/p>\n<p>Om du \u00e4r intresserad av ett speciellt spel, exempelvis Black Jack s\u00e5 ser du hur m\u00e5nga som spelar och om det finns platser kvar vid bordet. Ifall det g\u00f6r det \u00e4r det bara att b\u00f6rja spela. Live casino delen har \u00e4ven flera andra spel som Dream Catcher, ett vertikalt hjul d\u00e4r du satsar p\u00e5 det nummer du tror hjulet kommer att stanna p\u00e5.<\/p>\n<h3>F\u00f6rdelar med live casino<\/h3>\n<p>En bra f\u00f6rdel med live casino \u00e4r att du kan byta spel riktigt snabbt och inte som p\u00e5 landbaserade casinon beh\u00f6va springa omkring p\u00e5 casinogolvet. Faktum \u00e4r att du ocks\u00e5 slipper tr\u00e4ngseln p\u00e5 casinogolvet. H\u00e4r kan du enkelt sitta hemma och l\u00e4gga dina insatser.<\/p>\n<p>Att spela p\u00e5 live casino \u00e4r n\u00e5got som verkligen \u00e4r roligt och sp\u00e4nnande. Dagens tekniska l\u00f6sningar f\u00f6r detta \u00e4r f\u00f6rfinade och avancerade och g\u00f6r att upplevelsen blir total. Varf\u00f6r inte ge live casino spelet en chans och prova p\u00e5 ett spel? Titta p\u00e5 v\u00e5r sida under <a href=\"https:\/\/readybetwin.com\/sv\/casino\/casinobonus\/\">b\u00e4sta casinobonus<\/a> d\u00e4r vi dagligen uppdaterar v\u00e4lkomsterbjudanden. V\u00e4lj ett som verkar attraktivt och anv\u00e4nd din v\u00e4lkomstbonus f\u00f6r att prova p\u00e5 live casino spel och f\u00e5 lite b\u00e4ttre m\u00f6jligheter.<\/p>\n","protected":false},"excerpt":{"rendered":"<p>Utveckling av slots och spelformer p\u00e5 casinon Fr\u00e5n de f\u00f6rsta online casinon s\u00e5g marknaden p\u00e5 internet har mycket h\u00e4nt. Fr\u00e5n b\u00f6rjan var sidorna skapade f\u00f6r spel entusiaster och funktionerna var begr\u00e4nsade. I dagsl\u00e4get finns ett stort antal online casinon p\u00e5 marknaden som erbjuder massor av spel online samt \u00e4ven live casino spel. Utvecklingen har gjort [&hellip;]<\/p>\n","protected":false},"author":1,"featured_media":14657,"parent":7353,"menu_order":35,"comment_status":"closed","ping_status":"closed","template":"","meta":{"_acf_changed":false,"footnotes":""},"categories":[3],"class_list":["post-8952","page","type-page","status-publish","has-post-thumbnail","hentry","category-casino"],"acf":[],"yoast_head":"<!-- This site is optimized with the Yoast SEO plugin v27.3 - https:\/\/yoast.com\/product\/yoast-seo-wordpress\/ -->\n<title>Live casino | Ready Bet Win<\/title>\n<meta name=\"robots\" content=\"index, follow, max-snippet:-1, max-image-preview:large, max-video-preview:-1\" \/>\n<link rel=\"canonical\" href=\"https:\/\/readybetwin.com\/sv\/casino\/live-casino\/\" \/>\n<meta property=\"og:locale\" content=\"sv_SE\" \/>\n<meta property=\"og:type\" content=\"article\" \/>\n<meta property=\"og:title\" content=\"Live casino | Ready Bet Win\" \/>\n<meta property=\"og:description\" content=\"Utveckling av slots och spelformer p\u00e5 casinon Fr\u00e5n de f\u00f6rsta online casinon s\u00e5g marknaden p\u00e5 internet har mycket h\u00e4nt. Fr\u00e5n b\u00f6rjan var sidorna skapade f\u00f6r spel entusiaster och funktionerna var begr\u00e4nsade. I dagsl\u00e4get finns ett stort antal online casinon p\u00e5 marknaden som erbjuder massor av spel online samt \u00e4ven live casino spel. Utvecklingen har gjort [&hellip;]\" \/>\n<meta property=\"og:url\" content=\"https:\/\/readybetwin.com\/sv\/casino\/live-casino\/\" \/>\n<meta property=\"og:site_name\" content=\"Ready Bet Win\" \/>\n<meta property=\"article:modified_time\" content=\"2020-12-27T17:06:07+00:00\" \/>\n<meta property=\"og:image\" content=\"https:\/\/readybetwin.com\/wp-content\/uploads\/2020\/02\/live-casino.jpg\" \/>\n\t<meta property=\"og:image:width\" content=\"1920\" \/>\n\t<meta property=\"og:image:height\" content=\"1280\" \/>\n\t<meta property=\"og:image:type\" content=\"image\/jpeg\" \/>\n<meta name=\"twitter:card\" content=\"summary_large_image\" \/>\n<meta name=\"twitter:label1\" content=\"Ber\u00e4knad l\u00e4stid\" \/>\n\t<meta name=\"twitter:data1\" content=\"5 minuter\" \/>\n<script type=\"application\/ld+json\" class=\"yoast-schema-graph\">{\"@context\":\"https:\\\/\\\/schema.org\",\"@graph\":[{\"@type\":\"WebPage\",\"@id\":\"https:\\\/\\\/readybetwin.com\\\/sv\\\/casino\\\/live-casino\\\/\",\"url\":\"https:\\\/\\\/readybetwin.com\\\/sv\\\/casino\\\/live-casino\\\/\",\"name\":\"Live casino | Ready Bet Win\",\"isPartOf\":{\"@id\":\"https:\\\/\\\/readybetwin.com\\\/sv\\\/#website\"},\"primaryImageOfPage\":{\"@id\":\"https:\\\/\\\/readybetwin.com\\\/sv\\\/casino\\\/live-casino\\\/#primaryimage\"},\"image\":{\"@id\":\"https:\\\/\\\/readybetwin.com\\\/sv\\\/casino\\\/live-casino\\\/#primaryimage\"},\"thumbnailUrl\":\"https:\\\/\\\/readybetwin.com\\\/wp-content\\\/uploads\\\/2020\\\/02\\\/live-casino.jpg\",\"datePublished\":\"2019-07-09T00:00:00+00:00\",\"dateModified\":\"2020-12-27T17:06:07+00:00\",\"breadcrumb\":{\"@id\":\"https:\\\/\\\/readybetwin.com\\\/sv\\\/casino\\\/live-casino\\\/#breadcrumb\"},\"inLanguage\":\"sv-SE\",\"potentialAction\":[{\"@type\":\"ReadAction\",\"target\":[\"https:\\\/\\\/readybetwin.com\\\/sv\\\/casino\\\/live-casino\\\/\"]}]},{\"@type\":\"ImageObject\",\"inLanguage\":\"sv-SE\",\"@id\":\"https:\\\/\\\/readybetwin.com\\\/sv\\\/casino\\\/live-casino\\\/#primaryimage\",\"url\":\"https:\\\/\\\/readybetwin.com\\\/wp-content\\\/uploads\\\/2020\\\/02\\\/live-casino.jpg\",\"contentUrl\":\"https:\\\/\\\/readybetwin.com\\\/wp-content\\\/uploads\\\/2020\\\/02\\\/live-casino.jpg\",\"width\":1920,\"height\":1280},{\"@type\":\"BreadcrumbList\",\"@id\":\"https:\\\/\\\/readybetwin.com\\\/sv\\\/casino\\\/live-casino\\\/#breadcrumb\",\"itemListElement\":[{\"@type\":\"ListItem\",\"position\":1,\"name\":\"Home\",\"item\":\"https:\\\/\\\/readybetwin.com\\\/sv\\\/\"},{\"@type\":\"ListItem\",\"position\":2,\"name\":\"Casino\",\"item\":\"https:\\\/\\\/readybetwin.com\\\/sv\\\/casino\\\/\"},{\"@type\":\"ListItem\",\"position\":3,\"name\":\"Live casino\"}]},{\"@type\":\"WebSite\",\"@id\":\"https:\\\/\\\/readybetwin.com\\\/sv\\\/#website\",\"url\":\"https:\\\/\\\/readybetwin.com\\\/sv\\\/\",\"name\":\"Ready Bet Win\",\"description\":\"Compare online casinos and betting sites\",\"publisher\":{\"@id\":\"https:\\\/\\\/readybetwin.com\\\/sv\\\/#organization\"},\"potentialAction\":[{\"@type\":\"SearchAction\",\"target\":{\"@type\":\"EntryPoint\",\"urlTemplate\":\"https:\\\/\\\/readybetwin.com\\\/sv\\\/?s={search_term_string}\"},\"query-input\":{\"@type\":\"PropertyValueSpecification\",\"valueRequired\":true,\"valueName\":\"search_term_string\"}}],\"inLanguage\":\"sv-SE\"},{\"@type\":\"Organization\",\"@id\":\"https:\\\/\\\/readybetwin.com\\\/sv\\\/#organization\",\"name\":\"Ready Bet Win\",\"url\":\"https:\\\/\\\/readybetwin.com\\\/sv\\\/\",\"logo\":{\"@type\":\"ImageObject\",\"inLanguage\":\"sv-SE\",\"@id\":\"https:\\\/\\\/readybetwin.com\\\/sv\\\/#\\\/schema\\\/logo\\\/image\\\/\",\"url\":\"\",\"contentUrl\":\"\",\"caption\":\"Ready Bet Win\"},\"image\":{\"@id\":\"https:\\\/\\\/readybetwin.com\\\/sv\\\/#\\\/schema\\\/logo\\\/image\\\/\"}}]}<\/script>\n<!-- \/ Yoast SEO plugin. -->","yoast_head_json":{"title":"Live casino | Ready Bet Win","robots":{"index":"index","follow":"follow","max-snippet":"max-snippet:-1","max-image-preview":"max-image-preview:large","max-video-preview":"max-video-preview:-1"},"canonical":"https:\/\/readybetwin.com\/sv\/casino\/live-casino\/","og_locale":"sv_SE","og_type":"article","og_title":"Live casino | Ready Bet Win","og_description":"Utveckling av slots och spelformer p\u00e5 casinon Fr\u00e5n de f\u00f6rsta online casinon s\u00e5g marknaden p\u00e5 internet har mycket h\u00e4nt. Fr\u00e5n b\u00f6rjan var sidorna skapade f\u00f6r spel entusiaster och funktionerna var begr\u00e4nsade. I dagsl\u00e4get finns ett stort antal online casinon p\u00e5 marknaden som erbjuder massor av spel online samt \u00e4ven live casino spel. Utvecklingen har gjort [&hellip;]","og_url":"https:\/\/readybetwin.com\/sv\/casino\/live-casino\/","og_site_name":"Ready Bet Win","article_modified_time":"2020-12-27T17:06:07+00:00","og_image":[{"width":1920,"height":1280,"url":"https:\/\/readybetwin.com\/wp-content\/uploads\/2020\/02\/live-casino.jpg","type":"image\/jpeg"}],"twitter_card":"summary_large_image","twitter_misc":{"Ber\u00e4knad l\u00e4stid":"5 minuter"},"schema":{"@context":"https:\/\/schema.org","@graph":[{"@type":"WebPage","@id":"https:\/\/readybetwin.com\/sv\/casino\/live-casino\/","url":"https:\/\/readybetwin.com\/sv\/casino\/live-casino\/","name":"Live casino | Ready Bet Win","isPartOf":{"@id":"https:\/\/readybetwin.com\/sv\/#website"},"primaryImageOfPage":{"@id":"https:\/\/readybetwin.com\/sv\/casino\/live-casino\/#primaryimage"},"image":{"@id":"https:\/\/readybetwin.com\/sv\/casino\/live-casino\/#primaryimage"},"thumbnailUrl":"https:\/\/readybetwin.com\/wp-content\/uploads\/2020\/02\/live-casino.jpg","datePublished":"2019-07-09T00:00:00+00:00","dateModified":"2020-12-27T17:06:07+00:00","breadcrumb":{"@id":"https:\/\/readybetwin.com\/sv\/casino\/live-casino\/#breadcrumb"},"inLanguage":"sv-SE","potentialAction":[{"@type":"ReadAction","target":["https:\/\/readybetwin.com\/sv\/casino\/live-casino\/"]}]},{"@type":"ImageObject","inLanguage":"sv-SE","@id":"https:\/\/readybetwin.com\/sv\/casino\/live-casino\/#primaryimage","url":"https:\/\/readybetwin.com\/wp-content\/uploads\/2020\/02\/live-casino.jpg","contentUrl":"https:\/\/readybetwin.com\/wp-content\/uploads\/2020\/02\/live-casino.jpg","width":1920,"height":1280},{"@type":"BreadcrumbList","@id":"https:\/\/readybetwin.com\/sv\/casino\/live-casino\/#breadcrumb","itemListElement":[{"@type":"ListItem","position":1,"name":"Home","item":"https:\/\/readybetwin.com\/sv\/"},{"@type":"ListItem","position":2,"name":"Casino","item":"https:\/\/readybetwin.com\/sv\/casino\/"},{"@type":"ListItem","position":3,"name":"Live casino"}]},{"@type":"WebSite","@id":"https:\/\/readybetwin.com\/sv\/#website","url":"https:\/\/readybetwin.com\/sv\/","name":"Ready Bet Win","description":"Compare online casinos and betting sites","publisher":{"@id":"https:\/\/readybetwin.com\/sv\/#organization"},"potentialAction":[{"@type":"SearchAction","target":{"@type":"EntryPoint","urlTemplate":"https:\/\/readybetwin.com\/sv\/?s={search_term_string}"},"query-input":{"@type":"PropertyValueSpecification","valueRequired":true,"valueName":"search_term_string"}}],"inLanguage":"sv-SE"},{"@type":"Organization","@id":"https:\/\/readybetwin.com\/sv\/#organization","name":"Ready Bet Win","url":"https:\/\/readybetwin.com\/sv\/","logo":{"@type":"ImageObject","inLanguage":"sv-SE","@id":"https:\/\/readybetwin.com\/sv\/#\/schema\/logo\/image\/","url":"","contentUrl":"","caption":"Ready Bet Win"},"image":{"@id":"https:\/\/readybetwin.com\/sv\/#\/schema\/logo\/image\/"}}]}},"_links":{"self":[{"href":"https:\/\/readybetwin.com\/sv\/wp-json\/wp\/v2\/pages\/8952","targetHints":{"allow":["GET"]}}],"collection":[{"href":"https:\/\/readybetwin.com\/sv\/wp-json\/wp\/v2\/pages"}],"about":[{"href":"https:\/\/readybetwin.com\/sv\/wp-json\/wp\/v2\/types\/page"}],"author":[{"embeddable":true,"href":"https:\/\/readybetwin.com\/sv\/wp-json\/wp\/v2\/users\/1"}],"replies":[{"embeddable":true,"href":"https:\/\/readybetwin.com\/sv\/wp-json\/wp\/v2\/comments?post=8952"}],"version-history":[{"count":0,"href":"https:\/\/readybetwin.com\/sv\/wp-json\/wp\/v2\/pages\/8952\/revisions"}],"up":[{"embeddable":true,"href":"https:\/\/readybetwin.com\/sv\/wp-json\/wp\/v2\/pages\/7353"}],"wp:featuredmedia":[{"embeddable":true,"href":"https:\/\/readybetwin.com\/sv\/wp-json\/wp\/v2\/media\/14657"}],"wp:attachment":[{"href":"https:\/\/readybetwin.com\/sv\/wp-json\/wp\/v2\/media?parent=8952"}],"wp:term":[{"taxonomy":"category","embeddable":true,"href":"https:\/\/readybetwin.com\/sv\/wp-json\/wp\/v2\/categories?post=8952"}],"curies":[{"name":"wp","href":"https:\/\/api.w.org\/{rel}","templated":true}]}}