{"id":7361,"date":"2018-01-29T00:00:00","date_gmt":"2018-01-29T00:00:00","guid":{"rendered":"https:\/\/readybetwin.com\/spelsidor-online-jamfor-casino-och-bettingsidor-online\/"},"modified":"2021-03-22T09:34:38","modified_gmt":"2021-03-22T09:34:38","slug":"sv","status":"publish","type":"page","link":"https:\/\/readybetwin.com\/sv\/","title":{"rendered":"Ready Bet Win"},"content":{"rendered":"<p>N\u00e4r du j\u00e4mf\u00f6r olika spelbolag \u00e4r det viktigt att ha s\u00e5 mycket fakta som m\u00f6jligt. Med v\u00e5ra recensioner f\u00e5r du en bra \u00f6verblick om vad du ska t\u00e4nka p\u00e5 n\u00e4r du v\u00e4ljer spelbolag. Vi vill g\u00f6ra s\u00e5 r\u00e4ttvisa recensioner som m\u00f6jligt. D\u00e4rf\u00f6r involverar v\u00e5r granskningsprocess \u00e5sikter fr\u00e5n mer \u00e4n en person. Vi siktar alltid p\u00e5 att vara kritiska f\u00f6r att identifiera eventuella svagheter som beh\u00f6ver uppm\u00e4rksammas hos spelbolaget.<\/p>\n<h2>Varf\u00f6r startade vi Ready Bet Win?<\/h2>\n<p>Under 2000-talet gjorde det svenska casinoundret entr\u00e9 i de svenska folkhemmen vilket gjorde att v\u00e5ra TV-apparater och dagstidningar fylldes med ny reklam. Nya spelbolag med fantastiska bonusar b\u00f6rjade dyka upp med t\u00e4ta intervaller. Det var i samma veva som vi kom p\u00e5 id\u00e9n med att skapa en j\u00e4mf\u00f6relsesida med recensioner f\u00f6r att guida alla som \u00e4r intresserade att spela online.<\/p>\n<h2>Hur j\u00e4mf\u00f6r vi olika spelbolag?<\/h2>\n<p>Som med alla andra tj\u00e4nster online vill man hitta den b\u00e4sta. Detta g\u00e4ller \u00e4ven f\u00f6r spelbolag. Utbudet \u00e4r enormt och det kan vara sv\u00e5rt att se vad som skiljer dem fr\u00e5n varandra.<\/p>\n<div id=\"attachment_48103\" style=\"width: 730px\" class=\"wp-caption aligncenter\"><img decoding=\"async\" aria-describedby=\"caption-attachment-48103\" class=\"wp-image-48103 size-large\" src=\"https:\/\/readybetwin.com\/wp-content\/uploads\/2020\/12\/compare-elephants-1024x576.jpg\" alt=\"Compare casinos\" width=\"720\" height=\"405\" srcset=\"https:\/\/readybetwin.com\/wp-content\/uploads\/2020\/12\/compare-elephants-1024x576.jpg 1024w, https:\/\/readybetwin.com\/wp-content\/uploads\/2020\/12\/compare-elephants-300x169.jpg 300w, https:\/\/readybetwin.com\/wp-content\/uploads\/2020\/12\/compare-elephants-768x432.jpg 768w, https:\/\/readybetwin.com\/wp-content\/uploads\/2020\/12\/compare-elephants-1536x864.jpg 1536w, https:\/\/readybetwin.com\/wp-content\/uploads\/2020\/12\/compare-elephants-800x450.jpg 800w, https:\/\/readybetwin.com\/wp-content\/uploads\/2020\/12\/compare-elephants-400x225.jpg 400w, https:\/\/readybetwin.com\/wp-content\/uploads\/2020\/12\/compare-elephants.jpg 1920w\" sizes=\"(max-width: 720px) 100vw, 720px\" \/><p id=\"caption-attachment-48103\" class=\"wp-caption-text\">Vid en snabb j\u00e4mf\u00f6relse s\u00e5 ser de flesta spelbolag likadana ut.<\/p><\/div>\n<p>De flesta spelbolag erbjuder antingen odds eller casino som sin huvudtj\u00e4nst. Ut\u00f6ver huvudtj\u00e4nsten s\u00e5 erbjuds ofta odds eller casino som en sidotj\u00e4nst.<\/p>\n<h3>V\u00e4lj r\u00e4tt spelbolag<\/h3>\n<p>N\u00e4r du v\u00e4ljer spelbolag b\u00f6r du t\u00e4nka efter f\u00f6rst, vilken tj\u00e4nst du kommer anv\u00e4nda fr\u00e4mst. Gillar du slots och bra bonusar med free spins b\u00f6r du leta bland v\u00e5ra <a href=\"https:\/\/readybetwin.com\/sv\/casino\/\">casinosidor<\/a>. Om du ist\u00e4llet f\u00f6redrar odds och spel p\u00e5 sport s\u00e5 hittar du det bland v\u00e5ra <a href=\"https:\/\/readybetwin.com\/sv\/odds\/\">bettingsidor<\/a>.<\/p>\n<h3>J\u00e4mf\u00f6r erbjudanden<\/h3>\n<p>Som vi n\u00e4mnde ovan s\u00e5 \u00e4r det viktigt att v\u00e4lja det typ av spelbolag som passar dina intressen. N\u00e4r du valt vilken typ av spelbolag du vill spela p\u00e5 s\u00e5 finns det ytterligare saker att ta st\u00e4llning till.<\/p>\n<div id=\"attachment_48107\" style=\"width: 730px\" class=\"wp-caption aligncenter\"><img decoding=\"async\" aria-describedby=\"caption-attachment-48107\" class=\"wp-image-48107 size-large\" src=\"https:\/\/readybetwin.com\/wp-content\/uploads\/2020\/12\/compare-styles-1024x576.jpg\" alt=\"Different casino styles\" width=\"720\" height=\"405\" srcset=\"https:\/\/readybetwin.com\/wp-content\/uploads\/2020\/12\/compare-styles-1024x576.jpg 1024w, https:\/\/readybetwin.com\/wp-content\/uploads\/2020\/12\/compare-styles-300x169.jpg 300w, https:\/\/readybetwin.com\/wp-content\/uploads\/2020\/12\/compare-styles-768x432.jpg 768w, https:\/\/readybetwin.com\/wp-content\/uploads\/2020\/12\/compare-styles-1536x864.jpg 1536w, https:\/\/readybetwin.com\/wp-content\/uploads\/2020\/12\/compare-styles-800x450.jpg 800w, https:\/\/readybetwin.com\/wp-content\/uploads\/2020\/12\/compare-styles-400x225.jpg 400w, https:\/\/readybetwin.com\/wp-content\/uploads\/2020\/12\/compare-styles.jpg 1920w\" sizes=\"(max-width: 720px) 100vw, 720px\" \/><p id=\"caption-attachment-48107\" class=\"wp-caption-text\">Ett spelbolag som passar alla andra kanske inte \u00e4r r\u00e4tt f\u00f6r dig&#8230;<\/p><\/div>\n<p>De flesta spelbolag erbjuder n\u00e5gon slags bonus f\u00f6r dig som \u00e4r ny spelare.<\/p>\n<h4 style=\"text-align: left;\">De fyra vanligaste typerna av bonus<\/h4>\n<ul class=\"contentlist\">\n<li><a href=\"https:\/\/readybetwin.com\/sv\/casino\/casino-bonus\/\"><strong>Casinobonus<\/strong><\/a> \u2013 rena pengar att spela f\u00f6r p\u00e5 casino som s\u00e4tts in p\u00e5 ditt spelkonto<\/li>\n<li><a href=\"https:\/\/readybetwin.com\/sv\/odds\/sportbonus\/\"><strong>Sportbonus<\/strong><\/a> \u2013 rena pengar att spela f\u00f6r p\u00e5 sport som s\u00e4tts in p\u00e5 ditt spelkonto<\/li>\n<li><a href=\"https:\/\/readybetwin.com\/sv\/casino\/free-spins\/\"><strong>Free spins<\/strong><\/a> \u2013 gratis spel p\u00e5 slotmaskiner (g\u00e4ller oftast f\u00f6r en specifik slot)<\/li>\n<li><a href=\"https:\/\/readybetwin.com\/sv\/odds\/free-bets\/\"><strong>Free bets<\/strong><\/a> \u2013 gratis spel p\u00e5 sport (g\u00e4ller oftast f\u00f6r specifika odds-spel)<\/li>\n<\/ul>\n<p>Med en bonus f\u00e5r du alltid en bra start p\u00e5 ditt spelande hos ett nytt spelbolag. Du f\u00e5r en lite st\u00f6rre bankrulle att b\u00f6rja med och du kan ta ut sv\u00e4ngarna lite mer.<\/p>\n<h3>J\u00e4mf\u00f6r oms\u00e4ttningskraven<\/h3>\n<p>N\u00e4r du j\u00e4mf\u00f6r olika bonusar \u00e4r det l\u00e4tt att stirra sig blind p\u00e5 bonusens storlek. T\u00e4nk alltid p\u00e5 att de flesta bonusar ocks\u00e5 har ett oms\u00e4ttningskrav som du f\u00f6rbinder dig till. Oms\u00e4ttningskravet inneb\u00e4r att du m\u00e5ste oms\u00e4tta bonusbeloppet ett antal g\u00e5nger innan du kan ta ut pengarna fr\u00e5n ditt spelkonto.<\/p>\n<blockquote><p>Ju h\u00f6gre bonus, desto h\u00f6gre oms\u00e4ttningskrav \u00e4r en grundregel som g\u00e5r att applicera p\u00e5 de flesta bonusar.<\/p><\/blockquote>\n<p><a href=\"https:\/\/readybetwin.com\/sv\/casino\/guide\/omsattningskrav\/\">L\u00e4s mer om oms\u00e4ttningskrav i v\u00e5r guide.<\/a><\/p>\n<h3>Oms\u00e4ttningsfria bonusar och bonus utan ins\u00e4ttning<\/h3>\n<p>Det h\u00e4r l\u00e5ter n\u00e4stan f\u00f6r bra f\u00f6r att vara sant, men n\u00e5gra spelbolag erbjuder faktiskt <a href=\"https:\/\/readybetwin.com\/sv\/casino\/omsattningsfritt\/\">bonusar helt utan oms\u00e4ttningskrav<\/a>. Det inneb\u00e4r att du kan ta ut bonusen direkt i rena pengar.<\/p>\n<p>Vissa bonusar kr\u00e4ver inte heller n\u00e5gon ins\u00e4ttning. Detta g\u00e4ller oftast f\u00f6r free spins. Du f\u00e5r d\u00e5 ett antal gratisspel p\u00e5 en utvald slot. Spelet \u00e4r p\u00e5 riktigt och vinner du f\u00e5r du beh\u00e5lla pengarna.<\/p>\n<h2>V\u00e4lj spelbolag via Ready Bet Win och spela s\u00e4kert<\/h2>\n<p>V\u00e4ljer du att spela hos n\u00e5got av spelbolagen som listas h\u00e4r p\u00e5 Ready Bet Win, kan du k\u00e4nna dig trygg som spelare. Vi listar endast spelbolag med svensk spellicens och som vi sj\u00e4lva har en personlig kontakt med. Skulle det p\u00e5 n\u00e5got s\u00e4tt uppst\u00e5 problem mellan dig och ett spelbolag, vill vi att du kontaktar oss och l\u00e5ter oss f\u00f6rs\u00f6ka l\u00f6sa problemet.<\/p>\n<p><strong><em>Lycka till!\u00a0<\/em><\/strong><\/p>\n","protected":false},"excerpt":{"rendered":"<p>N\u00e4r du j\u00e4mf\u00f6r olika spelbolag \u00e4r det viktigt att ha s\u00e5 mycket fakta som m\u00f6jligt. Med v\u00e5ra recensioner f\u00e5r du en bra \u00f6verblick om vad du ska t\u00e4nka p\u00e5 n\u00e4r du v\u00e4ljer spelbolag. Vi vill g\u00f6ra s\u00e5 r\u00e4ttvisa recensioner som m\u00f6jligt. D\u00e4rf\u00f6r involverar v\u00e5r granskningsprocess \u00e5sikter fr\u00e5n mer \u00e4n en person. Vi siktar alltid p\u00e5 [&hellip;]<\/p>\n","protected":false},"author":1,"featured_media":19467,"parent":0,"menu_order":5,"comment_status":"closed","ping_status":"closed","template":"","meta":{"_acf_changed":false,"footnotes":""},"categories":[762],"class_list":["post-7361","page","type-page","status-publish","has-post-thumbnail","hentry","category-rbw"],"acf":[],"yoast_head":"<!-- This site is optimized with the Yoast SEO plugin v27.4 - https:\/\/yoast.com\/product\/yoast-seo-wordpress\/ -->\n<title>Ready Bet Win | J\u00e4mf\u00f6r alla spelbolag f\u00f6r casino odds, poker och lotto<\/title>\n<meta name=\"description\" content=\"Ready Bet Win j\u00e4mf\u00f6r och recenserar n\u00e4tcasinon, spelbolag f\u00f6r odds, poker och lotto. H\u00e4r hittar du recensioner, tips och r\u00e5d f\u00f6r att hitta r\u00e4tt i djungeln.\" \/>\n<meta name=\"robots\" content=\"index, follow, max-snippet:-1, max-image-preview:large, max-video-preview:-1\" \/>\n<link rel=\"canonical\" href=\"https:\/\/readybetwin.com\/sv\/\" \/>\n<meta property=\"og:locale\" content=\"sv_SE\" \/>\n<meta property=\"og:type\" content=\"article\" \/>\n<meta property=\"og:title\" content=\"Ready Bet Win | J\u00e4mf\u00f6r alla spelbolag f\u00f6r casino odds, poker och lotto\" \/>\n<meta property=\"og:description\" content=\"Ready Bet Win j\u00e4mf\u00f6r och recenserar n\u00e4tcasinon, spelbolag f\u00f6r odds, poker och lotto. H\u00e4r hittar du recensioner, tips och r\u00e5d f\u00f6r att hitta r\u00e4tt i djungeln.\" \/>\n<meta property=\"og:url\" content=\"https:\/\/readybetwin.com\/sv\/\" \/>\n<meta property=\"og:site_name\" content=\"Ready Bet Win\" \/>\n<meta property=\"article:modified_time\" content=\"2021-03-22T09:34:38+00:00\" \/>\n<meta property=\"og:image\" content=\"https:\/\/readybetwin.com\/wp-content\/uploads\/2020\/06\/cheering-las-vegas.jpg\" \/>\n\t<meta property=\"og:image:width\" content=\"1920\" \/>\n\t<meta property=\"og:image:height\" content=\"1280\" \/>\n\t<meta property=\"og:image:type\" content=\"image\/jpeg\" \/>\n<meta name=\"twitter:card\" content=\"summary_large_image\" \/>\n<meta name=\"twitter:label1\" content=\"Ber\u00e4knad l\u00e4stid\" \/>\n\t<meta name=\"twitter:data1\" content=\"4 minuter\" \/>\n<script type=\"application\/ld+json\" class=\"yoast-schema-graph\">{\"@context\":\"https:\\\/\\\/schema.org\",\"@graph\":[{\"@type\":\"WebPage\",\"@id\":\"https:\\\/\\\/readybetwin.com\\\/sv\\\/\",\"url\":\"https:\\\/\\\/readybetwin.com\\\/sv\\\/\",\"name\":\"Ready Bet Win | J\u00e4mf\u00f6r alla spelbolag f\u00f6r casino odds, poker och lotto\",\"isPartOf\":{\"@id\":\"https:\\\/\\\/readybetwin.com\\\/sv\\\/#website\"},\"primaryImageOfPage\":{\"@id\":\"https:\\\/\\\/readybetwin.com\\\/sv\\\/#primaryimage\"},\"image\":{\"@id\":\"https:\\\/\\\/readybetwin.com\\\/sv\\\/#primaryimage\"},\"thumbnailUrl\":\"https:\\\/\\\/readybetwin.com\\\/wp-content\\\/uploads\\\/2020\\\/06\\\/cheering-las-vegas.jpg\",\"datePublished\":\"2018-01-29T00:00:00+00:00\",\"dateModified\":\"2021-03-22T09:34:38+00:00\",\"description\":\"Ready Bet Win j\u00e4mf\u00f6r och recenserar n\u00e4tcasinon, spelbolag f\u00f6r odds, poker och lotto. H\u00e4r hittar du recensioner, tips och r\u00e5d f\u00f6r att hitta r\u00e4tt i djungeln.\",\"breadcrumb\":{\"@id\":\"https:\\\/\\\/readybetwin.com\\\/sv\\\/#breadcrumb\"},\"inLanguage\":\"sv-SE\",\"potentialAction\":[{\"@type\":\"ReadAction\",\"target\":[\"https:\\\/\\\/readybetwin.com\\\/sv\\\/\"]}]},{\"@type\":\"ImageObject\",\"inLanguage\":\"sv-SE\",\"@id\":\"https:\\\/\\\/readybetwin.com\\\/sv\\\/#primaryimage\",\"url\":\"https:\\\/\\\/readybetwin.com\\\/wp-content\\\/uploads\\\/2020\\\/06\\\/cheering-las-vegas.jpg\",\"contentUrl\":\"https:\\\/\\\/readybetwin.com\\\/wp-content\\\/uploads\\\/2020\\\/06\\\/cheering-las-vegas.jpg\",\"width\":1920,\"height\":1280,\"caption\":\"Ready Bet Win cheering\"},{\"@type\":\"BreadcrumbList\",\"@id\":\"https:\\\/\\\/readybetwin.com\\\/sv\\\/#breadcrumb\",\"itemListElement\":[{\"@type\":\"ListItem\",\"position\":1,\"name\":\"Home\",\"item\":\"https:\\\/\\\/readybetwin.com\\\/sv\\\/\"},{\"@type\":\"ListItem\",\"position\":2,\"name\":\"Ready Bet Win\"}]},{\"@type\":\"WebSite\",\"@id\":\"https:\\\/\\\/readybetwin.com\\\/sv\\\/#website\",\"url\":\"https:\\\/\\\/readybetwin.com\\\/sv\\\/\",\"name\":\"Ready Bet Win\",\"description\":\"Compare online casinos and betting sites\",\"publisher\":{\"@id\":\"https:\\\/\\\/readybetwin.com\\\/sv\\\/#organization\"},\"potentialAction\":[{\"@type\":\"SearchAction\",\"target\":{\"@type\":\"EntryPoint\",\"urlTemplate\":\"https:\\\/\\\/readybetwin.com\\\/sv\\\/?s={search_term_string}\"},\"query-input\":{\"@type\":\"PropertyValueSpecification\",\"valueRequired\":true,\"valueName\":\"search_term_string\"}}],\"inLanguage\":\"sv-SE\"},{\"@type\":\"Organization\",\"@id\":\"https:\\\/\\\/readybetwin.com\\\/sv\\\/#organization\",\"name\":\"Ready Bet Win\",\"url\":\"https:\\\/\\\/readybetwin.com\\\/sv\\\/\",\"logo\":{\"@type\":\"ImageObject\",\"inLanguage\":\"sv-SE\",\"@id\":\"https:\\\/\\\/readybetwin.com\\\/sv\\\/#\\\/schema\\\/logo\\\/image\\\/\",\"url\":\"\",\"contentUrl\":\"\",\"caption\":\"Ready Bet Win\"},\"image\":{\"@id\":\"https:\\\/\\\/readybetwin.com\\\/sv\\\/#\\\/schema\\\/logo\\\/image\\\/\"}}]}<\/script>\n<!-- \/ Yoast SEO plugin. -->","yoast_head_json":{"title":"Ready Bet Win | J\u00e4mf\u00f6r alla spelbolag f\u00f6r casino odds, poker och lotto","description":"Ready Bet Win j\u00e4mf\u00f6r och recenserar n\u00e4tcasinon, spelbolag f\u00f6r odds, poker och lotto. H\u00e4r hittar du recensioner, tips och r\u00e5d f\u00f6r att hitta r\u00e4tt i djungeln.","robots":{"index":"index","follow":"follow","max-snippet":"max-snippet:-1","max-image-preview":"max-image-preview:large","max-video-preview":"max-video-preview:-1"},"canonical":"https:\/\/readybetwin.com\/sv\/","og_locale":"sv_SE","og_type":"article","og_title":"Ready Bet Win | J\u00e4mf\u00f6r alla spelbolag f\u00f6r casino odds, poker och lotto","og_description":"Ready Bet Win j\u00e4mf\u00f6r och recenserar n\u00e4tcasinon, spelbolag f\u00f6r odds, poker och lotto. H\u00e4r hittar du recensioner, tips och r\u00e5d f\u00f6r att hitta r\u00e4tt i djungeln.","og_url":"https:\/\/readybetwin.com\/sv\/","og_site_name":"Ready Bet Win","article_modified_time":"2021-03-22T09:34:38+00:00","og_image":[{"width":1920,"height":1280,"url":"https:\/\/readybetwin.com\/wp-content\/uploads\/2020\/06\/cheering-las-vegas.jpg","type":"image\/jpeg"}],"twitter_card":"summary_large_image","twitter_misc":{"Ber\u00e4knad l\u00e4stid":"4 minuter"},"schema":{"@context":"https:\/\/schema.org","@graph":[{"@type":"WebPage","@id":"https:\/\/readybetwin.com\/sv\/","url":"https:\/\/readybetwin.com\/sv\/","name":"Ready Bet Win | J\u00e4mf\u00f6r alla spelbolag f\u00f6r casino odds, poker och lotto","isPartOf":{"@id":"https:\/\/readybetwin.com\/sv\/#website"},"primaryImageOfPage":{"@id":"https:\/\/readybetwin.com\/sv\/#primaryimage"},"image":{"@id":"https:\/\/readybetwin.com\/sv\/#primaryimage"},"thumbnailUrl":"https:\/\/readybetwin.com\/wp-content\/uploads\/2020\/06\/cheering-las-vegas.jpg","datePublished":"2018-01-29T00:00:00+00:00","dateModified":"2021-03-22T09:34:38+00:00","description":"Ready Bet Win j\u00e4mf\u00f6r och recenserar n\u00e4tcasinon, spelbolag f\u00f6r odds, poker och lotto. H\u00e4r hittar du recensioner, tips och r\u00e5d f\u00f6r att hitta r\u00e4tt i djungeln.","breadcrumb":{"@id":"https:\/\/readybetwin.com\/sv\/#breadcrumb"},"inLanguage":"sv-SE","potentialAction":[{"@type":"ReadAction","target":["https:\/\/readybetwin.com\/sv\/"]}]},{"@type":"ImageObject","inLanguage":"sv-SE","@id":"https:\/\/readybetwin.com\/sv\/#primaryimage","url":"https:\/\/readybetwin.com\/wp-content\/uploads\/2020\/06\/cheering-las-vegas.jpg","contentUrl":"https:\/\/readybetwin.com\/wp-content\/uploads\/2020\/06\/cheering-las-vegas.jpg","width":1920,"height":1280,"caption":"Ready Bet Win cheering"},{"@type":"BreadcrumbList","@id":"https:\/\/readybetwin.com\/sv\/#breadcrumb","itemListElement":[{"@type":"ListItem","position":1,"name":"Home","item":"https:\/\/readybetwin.com\/sv\/"},{"@type":"ListItem","position":2,"name":"Ready Bet Win"}]},{"@type":"WebSite","@id":"https:\/\/readybetwin.com\/sv\/#website","url":"https:\/\/readybetwin.com\/sv\/","name":"Ready Bet Win","description":"Compare online casinos and betting sites","publisher":{"@id":"https:\/\/readybetwin.com\/sv\/#organization"},"potentialAction":[{"@type":"SearchAction","target":{"@type":"EntryPoint","urlTemplate":"https:\/\/readybetwin.com\/sv\/?s={search_term_string}"},"query-input":{"@type":"PropertyValueSpecification","valueRequired":true,"valueName":"search_term_string"}}],"inLanguage":"sv-SE"},{"@type":"Organization","@id":"https:\/\/readybetwin.com\/sv\/#organization","name":"Ready Bet Win","url":"https:\/\/readybetwin.com\/sv\/","logo":{"@type":"ImageObject","inLanguage":"sv-SE","@id":"https:\/\/readybetwin.com\/sv\/#\/schema\/logo\/image\/","url":"","contentUrl":"","caption":"Ready Bet Win"},"image":{"@id":"https:\/\/readybetwin.com\/sv\/#\/schema\/logo\/image\/"}}]}},"_links":{"self":[{"href":"https:\/\/readybetwin.com\/sv\/wp-json\/wp\/v2\/pages\/7361","targetHints":{"allow":["GET"]}}],"collection":[{"href":"https:\/\/readybetwin.com\/sv\/wp-json\/wp\/v2\/pages"}],"about":[{"href":"https:\/\/readybetwin.com\/sv\/wp-json\/wp\/v2\/types\/page"}],"author":[{"embeddable":true,"href":"https:\/\/readybetwin.com\/sv\/wp-json\/wp\/v2\/users\/1"}],"replies":[{"embeddable":true,"href":"https:\/\/readybetwin.com\/sv\/wp-json\/wp\/v2\/comments?post=7361"}],"version-history":[{"count":0,"href":"https:\/\/readybetwin.com\/sv\/wp-json\/wp\/v2\/pages\/7361\/revisions"}],"wp:featuredmedia":[{"embeddable":true,"href":"https:\/\/readybetwin.com\/sv\/wp-json\/wp\/v2\/media\/19467"}],"wp:attachment":[{"href":"https:\/\/readybetwin.com\/sv\/wp-json\/wp\/v2\/media?parent=7361"}],"wp:term":[{"taxonomy":"category","embeddable":true,"href":"https:\/\/readybetwin.com\/sv\/wp-json\/wp\/v2\/categories?post=7361"}],"curies":[{"name":"wp","href":"https:\/\/api.w.org\/{rel}","templated":true}]}}