{"id":7360,"date":"2018-01-30T00:00:00","date_gmt":"2018-01-30T00:00:00","guid":{"rendered":"https:\/\/readybetwin.com\/odds-bonus\/"},"modified":"2023-03-07T20:23:48","modified_gmt":"2023-03-07T20:23:48","slug":"oddsbonusar","status":"publish","type":"page","link":"https:\/\/readybetwin.com\/sv\/odds\/oddsbonusar\/","title":{"rendered":"Oddsbonusar"},"content":{"rendered":"<p><strong>Oddsbonusar<\/strong>, som \u00e4ven kallas <strong>bettingbonusar<\/strong>, har n\u00e4stan alltid n\u00e5gon form av oms\u00e4ttningskrav och villkor. De flesta oddsbonusar fungerar dock p\u00e5 ungef\u00e4r samma s\u00e4tt f\u00f6r alla som gillar att spela p\u00e5 sport. Du g\u00f6r en ins\u00e4ttning, tilldelas en bonus som du kan anv\u00e4nda dig av, vilket inneb\u00e4r att du spelar f\u00f6r en del av den nya oddsbonusen du f\u00e5tt. F\u00f6rlorar du bettet har du inte f\u00f6rlorat alla dina pengar.<\/p>\n<p>Att spela p\u00e5 odds kan vara b\u00e5de roligt och sp\u00e4nnande, men det kan ocks\u00e5 vara riskabelt om du inte vet vad du g\u00f6r. En av de b\u00e4sta s\u00e4tten att \u00f6ka dina chanser att vinna p\u00e5 odds \u00e4r att utnyttja oddsbonusar. En oddsbonus \u00e4r en form av bonus som ges av spelbolag f\u00f6r att locka till sig nya spelare. I den h\u00e4r artikeln kommer vi att titta n\u00e4rmare p\u00e5 vad oddsbonusar \u00e4r, hur de fungerar och hur du kan hitta den b\u00e4sta oddsbonusen f\u00f6r dig.<\/p>\n<h3>Hur fungerar en oddsbonus?<\/h3>\n<p>En oddsbonus kan vid f\u00f6rsta anblick k\u00e4nnas kr\u00e5nglig i och med att den har s\u00e5 mycket bonuskrav. Detta \u00e4r dock inget som ska skr\u00e4mma dig. Vi f\u00f6rklarar grundligt hur en bettingbonus \u00e4r uppsatt samt hur du nyttjar den p\u00e5 absolut b\u00e4sta s\u00e4tt.<\/p>\n<p>H\u00e4r \u00e4r de allra vanligaste formerna av bettingbonusar:<\/p>\n<ul class=\"contentlist\">\n<li>Ins\u00e4ttningsbonus (Procentuell bonus)<\/li>\n<li>Riskfria spel (Riskfritt spel)<\/li>\n<li>Gratisspel (Free bet)<\/li>\n<li>Gratisspel utan ins\u00e4ttning<\/li>\n<li>Livebetting bonus (Live odds bonus)<\/li>\n<li>Mobilodds bonus<\/li>\n<\/ul>\n<blockquote><p>Vi listar alla bettingbonusar och oddsbonusar, och dessutom kan du l\u00e4sa om alla oms\u00e4ttningskrav i v\u00e5ra oberoende recensioner.<\/p><\/blockquote>\n<h4>Ins\u00e4ttningsbonus<\/h4>\n<p>Ins\u00e4ttningsbonus \u00e4r den vanligaste formen av oddsbonus och det \u00e4r den du oftast st\u00f6ter p\u00e5 i en v\u00e4lkomstbonus. En ins\u00e4ttningsbonus \u00e4r alltid en procentuell bonus d\u00e4r den procentuella enheten kan variera. Det kan vara allt fr\u00e5n 100%, 200%, 300%, 400% och \u00e4nda upp till 500%.\u00a0N\u00e4stan alltid har bonusen oms\u00e4ttningskrav som inneb\u00e4r att du m\u00e5ste spela dig igenom bonusen ett specifikt antal g\u00e5nger.<\/p>\n<p>Oddsbonusars oms\u00e4ttningskrav brukar vara mellan 5 till 12 g\u00e5nger bonusbeloppet. Dessutom finns det oftast ett minimum odds f\u00f6r att spelet ska r\u00e4knas mot oms\u00e4ttningskravet. Standard minimum odds brukar vara 1.50 till 2.00.<\/p>\n<h4>Riskfria spel<\/h4>\n<p>Ett riskfritt spel \u00e4r ett spel som du l\u00e4gger utan att ta n\u00e5gon risk. Skulle du f\u00f6rlora ditt lagda vad kommer spelbolaget att ers\u00e4tta dig. Oftast \u00e4r det oms\u00e4ttningskrav som g\u00e4ller n\u00e4r du anv\u00e4nder dig av ett riskfritt spel, och detta inneb\u00e4r att du m\u00e5ste anv\u00e4nda dina egna pengar f\u00f6r att klara av oms\u00e4ttningskravet.<\/p>\n<h4>&#8221;Free bets&#8221; \u2013 gratisspel<\/h4>\n<p>Gratisspel eller <a href=\"https:\/\/readybetwin.com\/sv\/odds\/free-bets\/\">free bets<\/a> \u00e4r en oddsbonus d\u00e4r du erbjuds att f\u00e5 en best\u00e4md summa att l\u00e4gga ett spel f\u00f6r n\u00e4r du har gjort en ins\u00e4ttning. Summan varierar mellan spelbolag. Oftast betalas enbart vinsten ut och inte insatsen. Vinsten betalas inte alltid ut i kontanter utan den kan \u00e4ven betalas ut i nya bonuspengar som har oms\u00e4ttningskrav p\u00e5 dig.<\/p>\n<h4>Gratisspel utan ins\u00e4ttning<\/h4>\n<p>Detta \u00e4r utan tvekan den b\u00e4sta oddsbonusen du kan erbjudas fr\u00e5n en sportsbook. Eftersom du inte beh\u00f6ver g\u00f6ra en ins\u00e4ttning f\u00f6r att f\u00e5 ett gratisbet, \u00e4r det oftast bara att skapa ett nytt konto hos den nya bettingsjaten eller att du tar del av en kampanj som bettingbolaget erbjuder.<\/p>\n<p>\u00c4ven fast gratisspel \u00e4r n\u00e5got som du f\u00e5r helt gratis tillkommer det bonusvillkor d\u00e4r du kommer beh\u00f6va oms\u00e4tta din vinst f\u00f6r att kunna ta ut pengarna till ditt konto.<\/p>\n<h4>Livebetting odds bonus<\/h4>\n<p>Live betta \u00e4r n\u00e5got som har blivit extremt popul\u00e4rt de senaste \u00e5ren. Anledningen till att den spelformen har \u00f6kat \u00e4r f\u00f6r att du har s\u00e5 m\u00e5nga fler spelm\u00f6jligheter \u00e4n tidigare. Nu kan du spela om vem som kommer f\u00e5 n\u00e4sta h\u00f6rna eller n\u00e4sta frispark. Oddssidorna uppskattar att spelare v\u00e4ljer att spela p\u00e5 live-odds och d\u00e4rf\u00f6r erbjuder de med j\u00e4mna mellanrum extra bonusar. Som alltid kan du hitta dem hos oss.<\/p>\n<h4>Mobilodds bonus<\/h4>\n<p>Idag spelar folk mer i sina mobiltelefoner \u00e4n vad dem g\u00f6r p\u00e5 datorn. Inte konstigt med tanke p\u00e5 att vi lever i ett samh\u00e4lle som \u00e4r i st\u00e4ndig r\u00f6relse. Spelbolagen gillar att du spelar direkt via mobilen eftersom du d\u00e5 kommer du kunna l\u00e4gga bet n\u00e4r du till exempel \u00e4r och tittar p\u00e5 ditt favoritlag. D\u00e4rf\u00f6r erbjuds det ofta oddsbonusar som du enbart kan nyttja i din mobila enhet. I vissa fall kan du ocks\u00e5 f\u00e5 en bonus d\u00e4r det st\u00e5r i kraven att oms\u00e4ttningskravet ska genomf\u00f6ras fr\u00e5n din mobila enhet.<\/p>\n<div id=\"attachment_20414\" style=\"width: 730px\" class=\"wp-caption aligncenter\"><img decoding=\"async\" aria-describedby=\"caption-attachment-20414\" class=\"wp-image-20414 size-large\" src=\"https:\/\/readybetwin.com\/wp-content\/uploads\/2020\/07\/odds-betting-bonus-1024x576.jpg\" alt=\"Odds bonus\" width=\"720\" height=\"405\" srcset=\"https:\/\/readybetwin.com\/wp-content\/uploads\/2020\/07\/odds-betting-bonus-1024x576.jpg 1024w, https:\/\/readybetwin.com\/wp-content\/uploads\/2020\/07\/odds-betting-bonus-300x169.jpg 300w, https:\/\/readybetwin.com\/wp-content\/uploads\/2020\/07\/odds-betting-bonus-768x432.jpg 768w, https:\/\/readybetwin.com\/wp-content\/uploads\/2020\/07\/odds-betting-bonus-1536x864.jpg 1536w, https:\/\/readybetwin.com\/wp-content\/uploads\/2020\/07\/odds-betting-bonus-800x450.jpg 800w, https:\/\/readybetwin.com\/wp-content\/uploads\/2020\/07\/odds-betting-bonus-400x225.jpg 400w, https:\/\/readybetwin.com\/wp-content\/uploads\/2020\/07\/odds-betting-bonus.jpg 1920w\" sizes=\"(max-width: 720px) 100vw, 720px\" \/><p id=\"caption-attachment-20414\" class=\"wp-caption-text\">Oddsbonusar och bettingbonusar minskar riskerna och \u00f6kar chanserna n\u00e4r du bettar<\/p><\/div>\n<h3>Hur hittar jag de b\u00e4sta bettingbonusarna?<\/h3>\n<p>Vi j\u00e4mf\u00f6r alla bettingbonusar online och listar dem f\u00f6r att skapa det allra b\u00e4sta m\u00f6jligheterna f\u00f6r dig. Dessutom f\u00f6rhandlar vi fram exklusiva oddsbonusar f\u00f6r alla v\u00e5ra l\u00e4sare s\u00e5 att ni ska kunna f\u00e5 \u00e4nnu b\u00e4ttre f\u00f6ruts\u00e4ttningar n\u00e4r ni bettar. Genom att alltid h\u00e5lla utkik p\u00e5 v\u00e5r topplista samt att l\u00e4sa v\u00e5ra nyheter kommer du nu slippa att vara en detektiv f\u00f6r att hitta den senaste och b\u00e4sta oddsbonusen.<\/p>\n<h4>Vad \u00e4r en bra oddsbonus?<\/h4>\n<p>En bra oddsbonus \u00e4r en bonus d\u00e4r bonusvillkoren \u00e4r schyssta, vilket inneb\u00e4r att minimum oddsen inte \u00e4r allt f\u00f6r h\u00f6ga samt att du beh\u00f6ver oms\u00e4tta din vinst ett f\u00e5tal g\u00e5nger. De b\u00e4sta bonusarna \u00e4r sj\u00e4lvklart de som inte har n\u00e5gra oms\u00e4ttningskrav alls. Dessa finns tyv\u00e4rr knappt men de f\u00e5tal g\u00e5nger de dyker upp kan du vara 100% s\u00e4ker p\u00e5 att du kommer hitta bonusen h\u00e4r.<\/p>\n<h3>Hur fungerar en oddsbonus?<\/h3>\n<p>Oddsbonusar fungerar vanligtvis genom att spelbolagen ger spelarna en extra summa pengar att spela f\u00f6r. Detta kan ske genom att spelarna f\u00e5r extra pengar n\u00e4r de g\u00f6r en ins\u00e4ttning, eller genom att de f\u00e5r gratis spel som de kan anv\u00e4nda f\u00f6r att vinna riktiga pengar. I vissa fall kan spelbolagen ocks\u00e5 erbjuda s\u00e4rskilda f\u00f6rh\u00f6jda odds.<\/p>\n<h3>Hur hittar du den b\u00e4sta oddsbonusen?<\/h3>\n<p>Det finns m\u00e5nga olika faktorer som du b\u00f6r t\u00e4nka p\u00e5 n\u00e4r du letar efter den b\u00e4sta oddsbonusen. H\u00e4r \u00e4r n\u00e5gra av de viktigaste faktorerna att \u00f6verv\u00e4ga:<\/p>\n<ol class=\"contentlist\">\n<li><strong>Bonusbeloppet:<\/strong> En h\u00f6gre bonussumma kan \u00f6ka dina chanser att vinna p\u00e5 odds.<\/li>\n<li><strong>Oms\u00e4ttningskrav<\/strong>: Vissa oddsbonusar kr\u00e4ver att du oms\u00e4tter bonusbeloppet ett visst antal g\u00e5nger innan du kan ta ut dina vinster. Ju h\u00f6gre oms\u00e4ttningskrav, desto sv\u00e5rare blir det att ta ut dina vinster.<\/li>\n<li><strong>Spelkrav:<\/strong> Vissa oddsbonusar \u00e4r endast tillg\u00e4ngliga f\u00f6r vissa spel eller typer av spel. Kontrollera att bonusen du vill anv\u00e4nda \u00e4r tillg\u00e4nglig f\u00f6r det spel du vill spela.<\/li>\n<li><strong>Tidsbegr\u00e4nsningar<\/strong>: M\u00e5nga oddsbonusar har en tidsbegr\u00e4nsning. Kontrollera att du kan anv\u00e4nda bonusen inom den angivna tidsramen. (Svenska regler \u00e4r att du alltid m\u00e5ste ha 60 dagar p\u00e5 dig att oms\u00e4tta bonusen.)<\/li>\n<li><strong>Spelbolagets rykte:<\/strong> Kontrollera att spelbolaget \u00e4r p\u00e5litligt och s\u00e4kert att spela hos. Alla bettingsidor h\u00e4r hos oss p\u00e5 ReadyBetWin \u00e4r 100% s\u00e4kra.<\/li>\n<\/ol>\n<h2>Slutsats<\/h2>\n<p>Oddsbonusar \u00e4r en fantastisk m\u00f6jlighet att \u00f6ka dina chanser att vinna p\u00e5 odds. Genom att utnyttja de b\u00e4sta oddsbonusarna kan du f\u00e5 extra pengar att spela f\u00f6r och d\u00e4rmed \u00f6ka dina vinstchanser. Se till att g\u00f6ra din forskning och v\u00e4lja en p\u00e5litlig och s\u00e4ker spelsajt f\u00f6r att utnyttja de b\u00e4sta oddsbonusarna. Lycka till med dina spel!<\/p>\n","protected":false},"excerpt":{"rendered":"<p>Oddsbonusar, som \u00e4ven kallas bettingbonusar, har n\u00e4stan alltid n\u00e5gon form av oms\u00e4ttningskrav och villkor. De flesta oddsbonusar fungerar dock p\u00e5 ungef\u00e4r samma s\u00e4tt f\u00f6r alla som gillar att spela p\u00e5 sport. Du g\u00f6r en ins\u00e4ttning, tilldelas en bonus som du kan anv\u00e4nda dig av, vilket inneb\u00e4r att du spelar f\u00f6r en del av den nya [&hellip;]<\/p>\n","protected":false},"author":1,"featured_media":19484,"parent":7359,"menu_order":63,"comment_status":"closed","ping_status":"closed","template":"","meta":{"_acf_changed":false,"footnotes":""},"categories":[10],"class_list":["post-7360","page","type-page","status-publish","has-post-thumbnail","hentry","category-odds"],"acf":[],"yoast_head":"<!-- This site is optimized with the Yoast SEO plugin v27.4 - https:\/\/yoast.com\/product\/yoast-seo-wordpress\/ -->\n<title>Oddsbonusar och bettingbonusar | Ready Bet Win<\/title>\n<meta name=\"description\" content=\"[Uppdaterat idag] Vi listar alla oddsbonusar och bettingbonusar just nu. L\u00e4r dig alla knep f\u00f6r b\u00e4sta utdelning och hur bonusrna fungerar.\" \/>\n<meta name=\"robots\" content=\"index, follow, max-snippet:-1, max-image-preview:large, max-video-preview:-1\" \/>\n<link rel=\"canonical\" href=\"https:\/\/readybetwin.com\/sv\/odds\/oddsbonusar\/\" \/>\n<meta property=\"og:locale\" content=\"sv_SE\" \/>\n<meta property=\"og:type\" content=\"article\" \/>\n<meta property=\"og:title\" content=\"Oddsbonusar och bettingbonusar | Ready Bet Win\" \/>\n<meta property=\"og:description\" content=\"[Uppdaterat idag] Vi listar alla oddsbonusar och bettingbonusar just nu. L\u00e4r dig alla knep f\u00f6r b\u00e4sta utdelning och hur bonusrna fungerar.\" \/>\n<meta property=\"og:url\" content=\"https:\/\/readybetwin.com\/sv\/odds\/oddsbonusar\/\" \/>\n<meta property=\"og:site_name\" content=\"Ready Bet Win\" \/>\n<meta property=\"article:modified_time\" content=\"2023-03-07T20:23:48+00:00\" \/>\n<meta property=\"og:image\" content=\"https:\/\/readybetwin.com\/wp-content\/uploads\/2020\/02\/odds-bonus.jpg\" \/>\n\t<meta property=\"og:image:width\" content=\"1920\" \/>\n\t<meta property=\"og:image:height\" content=\"1280\" \/>\n\t<meta property=\"og:image:type\" content=\"image\/jpeg\" \/>\n<meta name=\"twitter:card\" content=\"summary_large_image\" \/>\n<meta name=\"twitter:label1\" content=\"Ber\u00e4knad l\u00e4stid\" \/>\n\t<meta name=\"twitter:data1\" content=\"6 minuter\" \/>\n<script type=\"application\/ld+json\" class=\"yoast-schema-graph\">{\"@context\":\"https:\\\/\\\/schema.org\",\"@graph\":[{\"@type\":\"WebPage\",\"@id\":\"https:\\\/\\\/readybetwin.com\\\/sv\\\/odds\\\/oddsbonusar\\\/\",\"url\":\"https:\\\/\\\/readybetwin.com\\\/sv\\\/odds\\\/oddsbonusar\\\/\",\"name\":\"Oddsbonusar och bettingbonusar | Ready Bet Win\",\"isPartOf\":{\"@id\":\"https:\\\/\\\/readybetwin.com\\\/sv\\\/#website\"},\"primaryImageOfPage\":{\"@id\":\"https:\\\/\\\/readybetwin.com\\\/sv\\\/odds\\\/oddsbonusar\\\/#primaryimage\"},\"image\":{\"@id\":\"https:\\\/\\\/readybetwin.com\\\/sv\\\/odds\\\/oddsbonusar\\\/#primaryimage\"},\"thumbnailUrl\":\"https:\\\/\\\/readybetwin.com\\\/wp-content\\\/uploads\\\/2020\\\/02\\\/odds-bonus.jpg\",\"datePublished\":\"2018-01-30T00:00:00+00:00\",\"dateModified\":\"2023-03-07T20:23:48+00:00\",\"description\":\"[Uppdaterat idag] Vi listar alla oddsbonusar och bettingbonusar just nu. L\u00e4r dig alla knep f\u00f6r b\u00e4sta utdelning och hur bonusrna fungerar.\",\"breadcrumb\":{\"@id\":\"https:\\\/\\\/readybetwin.com\\\/sv\\\/odds\\\/oddsbonusar\\\/#breadcrumb\"},\"inLanguage\":\"sv-SE\",\"potentialAction\":[{\"@type\":\"ReadAction\",\"target\":[\"https:\\\/\\\/readybetwin.com\\\/sv\\\/odds\\\/oddsbonusar\\\/\"]}]},{\"@type\":\"ImageObject\",\"inLanguage\":\"sv-SE\",\"@id\":\"https:\\\/\\\/readybetwin.com\\\/sv\\\/odds\\\/oddsbonusar\\\/#primaryimage\",\"url\":\"https:\\\/\\\/readybetwin.com\\\/wp-content\\\/uploads\\\/2020\\\/02\\\/odds-bonus.jpg\",\"contentUrl\":\"https:\\\/\\\/readybetwin.com\\\/wp-content\\\/uploads\\\/2020\\\/02\\\/odds-bonus.jpg\",\"width\":1920,\"height\":1280},{\"@type\":\"BreadcrumbList\",\"@id\":\"https:\\\/\\\/readybetwin.com\\\/sv\\\/odds\\\/oddsbonusar\\\/#breadcrumb\",\"itemListElement\":[{\"@type\":\"ListItem\",\"position\":1,\"name\":\"Home\",\"item\":\"https:\\\/\\\/readybetwin.com\\\/sv\\\/\"},{\"@type\":\"ListItem\",\"position\":2,\"name\":\"Odds\",\"item\":\"https:\\\/\\\/readybetwin.com\\\/sv\\\/odds\\\/\"},{\"@type\":\"ListItem\",\"position\":3,\"name\":\"Oddsbonusar\"}]},{\"@type\":\"WebSite\",\"@id\":\"https:\\\/\\\/readybetwin.com\\\/sv\\\/#website\",\"url\":\"https:\\\/\\\/readybetwin.com\\\/sv\\\/\",\"name\":\"Ready Bet Win\",\"description\":\"Compare online casinos and betting sites\",\"publisher\":{\"@id\":\"https:\\\/\\\/readybetwin.com\\\/sv\\\/#organization\"},\"potentialAction\":[{\"@type\":\"SearchAction\",\"target\":{\"@type\":\"EntryPoint\",\"urlTemplate\":\"https:\\\/\\\/readybetwin.com\\\/sv\\\/?s={search_term_string}\"},\"query-input\":{\"@type\":\"PropertyValueSpecification\",\"valueRequired\":true,\"valueName\":\"search_term_string\"}}],\"inLanguage\":\"sv-SE\"},{\"@type\":\"Organization\",\"@id\":\"https:\\\/\\\/readybetwin.com\\\/sv\\\/#organization\",\"name\":\"Ready Bet Win\",\"url\":\"https:\\\/\\\/readybetwin.com\\\/sv\\\/\",\"logo\":{\"@type\":\"ImageObject\",\"inLanguage\":\"sv-SE\",\"@id\":\"https:\\\/\\\/readybetwin.com\\\/sv\\\/#\\\/schema\\\/logo\\\/image\\\/\",\"url\":\"\",\"contentUrl\":\"\",\"caption\":\"Ready Bet Win\"},\"image\":{\"@id\":\"https:\\\/\\\/readybetwin.com\\\/sv\\\/#\\\/schema\\\/logo\\\/image\\\/\"}}]}<\/script>\n<!-- \/ Yoast SEO plugin. -->","yoast_head_json":{"title":"Oddsbonusar och bettingbonusar | Ready Bet Win","description":"[Uppdaterat idag] Vi listar alla oddsbonusar och bettingbonusar just nu. L\u00e4r dig alla knep f\u00f6r b\u00e4sta utdelning och hur bonusrna fungerar.","robots":{"index":"index","follow":"follow","max-snippet":"max-snippet:-1","max-image-preview":"max-image-preview:large","max-video-preview":"max-video-preview:-1"},"canonical":"https:\/\/readybetwin.com\/sv\/odds\/oddsbonusar\/","og_locale":"sv_SE","og_type":"article","og_title":"Oddsbonusar och bettingbonusar | Ready Bet Win","og_description":"[Uppdaterat idag] Vi listar alla oddsbonusar och bettingbonusar just nu. L\u00e4r dig alla knep f\u00f6r b\u00e4sta utdelning och hur bonusrna fungerar.","og_url":"https:\/\/readybetwin.com\/sv\/odds\/oddsbonusar\/","og_site_name":"Ready Bet Win","article_modified_time":"2023-03-07T20:23:48+00:00","og_image":[{"width":1920,"height":1280,"url":"https:\/\/readybetwin.com\/wp-content\/uploads\/2020\/02\/odds-bonus.jpg","type":"image\/jpeg"}],"twitter_card":"summary_large_image","twitter_misc":{"Ber\u00e4knad l\u00e4stid":"6 minuter"},"schema":{"@context":"https:\/\/schema.org","@graph":[{"@type":"WebPage","@id":"https:\/\/readybetwin.com\/sv\/odds\/oddsbonusar\/","url":"https:\/\/readybetwin.com\/sv\/odds\/oddsbonusar\/","name":"Oddsbonusar och bettingbonusar | Ready Bet Win","isPartOf":{"@id":"https:\/\/readybetwin.com\/sv\/#website"},"primaryImageOfPage":{"@id":"https:\/\/readybetwin.com\/sv\/odds\/oddsbonusar\/#primaryimage"},"image":{"@id":"https:\/\/readybetwin.com\/sv\/odds\/oddsbonusar\/#primaryimage"},"thumbnailUrl":"https:\/\/readybetwin.com\/wp-content\/uploads\/2020\/02\/odds-bonus.jpg","datePublished":"2018-01-30T00:00:00+00:00","dateModified":"2023-03-07T20:23:48+00:00","description":"[Uppdaterat idag] Vi listar alla oddsbonusar och bettingbonusar just nu. L\u00e4r dig alla knep f\u00f6r b\u00e4sta utdelning och hur bonusrna fungerar.","breadcrumb":{"@id":"https:\/\/readybetwin.com\/sv\/odds\/oddsbonusar\/#breadcrumb"},"inLanguage":"sv-SE","potentialAction":[{"@type":"ReadAction","target":["https:\/\/readybetwin.com\/sv\/odds\/oddsbonusar\/"]}]},{"@type":"ImageObject","inLanguage":"sv-SE","@id":"https:\/\/readybetwin.com\/sv\/odds\/oddsbonusar\/#primaryimage","url":"https:\/\/readybetwin.com\/wp-content\/uploads\/2020\/02\/odds-bonus.jpg","contentUrl":"https:\/\/readybetwin.com\/wp-content\/uploads\/2020\/02\/odds-bonus.jpg","width":1920,"height":1280},{"@type":"BreadcrumbList","@id":"https:\/\/readybetwin.com\/sv\/odds\/oddsbonusar\/#breadcrumb","itemListElement":[{"@type":"ListItem","position":1,"name":"Home","item":"https:\/\/readybetwin.com\/sv\/"},{"@type":"ListItem","position":2,"name":"Odds","item":"https:\/\/readybetwin.com\/sv\/odds\/"},{"@type":"ListItem","position":3,"name":"Oddsbonusar"}]},{"@type":"WebSite","@id":"https:\/\/readybetwin.com\/sv\/#website","url":"https:\/\/readybetwin.com\/sv\/","name":"Ready Bet Win","description":"Compare online casinos and betting sites","publisher":{"@id":"https:\/\/readybetwin.com\/sv\/#organization"},"potentialAction":[{"@type":"SearchAction","target":{"@type":"EntryPoint","urlTemplate":"https:\/\/readybetwin.com\/sv\/?s={search_term_string}"},"query-input":{"@type":"PropertyValueSpecification","valueRequired":true,"valueName":"search_term_string"}}],"inLanguage":"sv-SE"},{"@type":"Organization","@id":"https:\/\/readybetwin.com\/sv\/#organization","name":"Ready Bet Win","url":"https:\/\/readybetwin.com\/sv\/","logo":{"@type":"ImageObject","inLanguage":"sv-SE","@id":"https:\/\/readybetwin.com\/sv\/#\/schema\/logo\/image\/","url":"","contentUrl":"","caption":"Ready Bet Win"},"image":{"@id":"https:\/\/readybetwin.com\/sv\/#\/schema\/logo\/image\/"}}]}},"_links":{"self":[{"href":"https:\/\/readybetwin.com\/sv\/wp-json\/wp\/v2\/pages\/7360","targetHints":{"allow":["GET"]}}],"collection":[{"href":"https:\/\/readybetwin.com\/sv\/wp-json\/wp\/v2\/pages"}],"about":[{"href":"https:\/\/readybetwin.com\/sv\/wp-json\/wp\/v2\/types\/page"}],"author":[{"embeddable":true,"href":"https:\/\/readybetwin.com\/sv\/wp-json\/wp\/v2\/users\/1"}],"replies":[{"embeddable":true,"href":"https:\/\/readybetwin.com\/sv\/wp-json\/wp\/v2\/comments?post=7360"}],"version-history":[{"count":0,"href":"https:\/\/readybetwin.com\/sv\/wp-json\/wp\/v2\/pages\/7360\/revisions"}],"up":[{"embeddable":true,"href":"https:\/\/readybetwin.com\/sv\/wp-json\/wp\/v2\/pages\/7359"}],"wp:featuredmedia":[{"embeddable":true,"href":"https:\/\/readybetwin.com\/sv\/wp-json\/wp\/v2\/media\/19484"}],"wp:attachment":[{"href":"https:\/\/readybetwin.com\/sv\/wp-json\/wp\/v2\/media?parent=7360"}],"wp:term":[{"taxonomy":"category","embeddable":true,"href":"https:\/\/readybetwin.com\/sv\/wp-json\/wp\/v2\/categories?post=7360"}],"curies":[{"name":"wp","href":"https:\/\/api.w.org\/{rel}","templated":true}]}}