{"id":7359,"date":"2020-01-30T11:36:41","date_gmt":"2020-01-30T11:36:41","guid":{"rendered":"https:\/\/readybetwin.com\/bettingsidor\/"},"modified":"2020-07-20T23:52:36","modified_gmt":"2020-07-20T23:52:36","slug":"odds","status":"publish","type":"page","link":"https:\/\/readybetwin.com\/sv\/odds\/","title":{"rendered":"Odds"},"content":{"rendered":"<h2>Allt om alla bettingsidor och betting online<\/h2>\n<p>F\u00f6rdelen med att spela p\u00e5 odds via en bettingsida online \u00e4r att du erbjuds mycket b\u00e4ttre odds. Konkurrensen \u00e4r mycket h\u00f6gre online vilket g\u00f6r att spelbolagen m\u00e5ste pressa marginalerna f\u00f6r att f\u00e5 dig att spela hos dem.<\/p>\n<p>Betting \u00e4r inte bara popul\u00e4rt i Sverige utan \u00e4r f\u00f6rmodligen den mest popul\u00e4ra spelformen i v\u00e4rlden. Vi gissar att du skulle kunna fr\u00e5ga vem som helst om de n\u00e5gonsin har lagt ett odds-spel. De kommer med st\u00f6rsta sannolikhet s\u00e4ga att de har spelat p\u00e5 oddset n\u00e5gon g\u00e5ng i sitt liv. Vissa spelar mindre och vissa spelar mer.<\/p>\n<h3>Spela p\u00e5 svenska bettingsidor skattefritt<\/h3>\n<p>Spelbolagen har blivit extremt duktiga p\u00e5 att p\u00e5 att s\u00e4tta odds. Den nya svenska spellagen inneb\u00e4r att alla bettingsidor m\u00e5ste ha en licens utf\u00e4rdad av Spelinspektionen. Det inneb\u00e4r s\u00e4krare spel f\u00f6r dig som kund och \u00e4ven att alla vinster \u00e4r helt skattefria. Vi rekommenderar dig att alltid spela p\u00e5 svenka licensierade bettingsidor.<\/p>\n<blockquote><p>Vi listar alla svenska bettingsidor med en svensk spellicens och de b\u00e4sta bonusarna. D\u00e5 spelar du p\u00e5 odds hos spelbolagen helt skattefritt.<\/p><\/blockquote>\n<h3>Hur fungerar sportbonusar p\u00e5 en bettingsida?<\/h3>\n<p>Alla spelbolag erbjuder idag en v\u00e4lkomstbonus f\u00f6r alla svenska spelare d\u00e4r du f\u00e5r en bonus p\u00e5 din f\u00f6rsta ins\u00e4ttning. <a href=\"https:\/\/readybetwin.com\/sv\/odds\/odds-bonus\">Sportbonusarna<\/a> kan variera ganska mycket d\u00e4r du erbjuds att dubbla dina pengar vid din f\u00f6rsta ins\u00e4ttning \u00e4nda till att du kan femdubbla pengarna. Vissa spelbolag erbjuder dig s\u00e5 kallade boostade odds och andra bettingsidor erbjuder dig free bets eller gratisspel.<\/p>\n<div id=\"attachment_19277\" style=\"width: 730px\" class=\"wp-caption aligncenter\"><img decoding=\"async\" aria-describedby=\"caption-attachment-19277\" class=\"wp-image-19277 size-large\" src=\"https:\/\/readybetwin.com\/wp-content\/uploads\/2020\/06\/phone-win-1024x576.jpg\" alt=\"Phone win\" width=\"720\" height=\"405\" srcset=\"https:\/\/readybetwin.com\/wp-content\/uploads\/2020\/06\/phone-win-1024x576.jpg 1024w, https:\/\/readybetwin.com\/wp-content\/uploads\/2020\/06\/phone-win-300x169.jpg 300w, https:\/\/readybetwin.com\/wp-content\/uploads\/2020\/06\/phone-win-768x432.jpg 768w, https:\/\/readybetwin.com\/wp-content\/uploads\/2020\/06\/phone-win-1536x864.jpg 1536w, https:\/\/readybetwin.com\/wp-content\/uploads\/2020\/06\/phone-win-800x450.jpg 800w, https:\/\/readybetwin.com\/wp-content\/uploads\/2020\/06\/phone-win-400x225.jpg 400w, https:\/\/readybetwin.com\/wp-content\/uploads\/2020\/06\/phone-win.jpg 1920w\" sizes=\"(max-width: 720px) 100vw, 720px\" \/><p id=\"caption-attachment-19277\" class=\"wp-caption-text\">Live-odds fr\u00e5n bettingsidor ger extra sp\u00e4nning n\u00e4r du streamar eller kollar en match p\u00e5 TV<\/p><\/div>\n<h4>Free bets \u00e4r f\u00f6r dig som vill spela p\u00e5 odds gratis<\/h4>\n<p>Free bets \u00e4r alltid trevligt att ta del av i och med att du erbjuds m\u00f6jligheten att spela gratis. Vem vill inte vinna pengar utan att riskera en enda egen krona. Oftast kr\u00e4vs det att du g\u00f6r n\u00e5gon form av ins\u00e4ttning f\u00f6r att ta del av ett free bet. I vissa fall erbjuds du att f\u00e5 free bets d\u00e4r du inte beh\u00f6ver g\u00f6ra en ins\u00e4ttning.Oavsett om du beh\u00f6ver s\u00e4tta in pengar eller ej s\u00e5 \u00e4r det fantastiskt.<\/p>\n<p>Vi listar <a href=\"https:\/\/readybetwin.com\/sv\/odds\/free-bets\/\">alla spelbolag som ger dig oddsbonusar med free bets<\/a> att spela f\u00f6r!<\/p>\n<h4>Vad \u00e4r boostade odds?<\/h4>\n<p>Boostade odds eller f\u00f6rh\u00f6jda odds som det heter p\u00e5 svenska \u00e4r ett n\u00e5got som bettingsidorna erbjuder dig som spelare f\u00f6r att locka dig att spela hos dem. Oftast h\u00e4nder detta p\u00e5 matcher som \u00e4r folkliga eller har ett riktigt stort intresse. Det kan till exempel vara boostade odds p\u00e5 Sverige i fotbolls-VM.<\/p>\n<p>Du kan <a href=\"https:\/\/readybetwin.com\/sv\/kampanjer\/\">hitta alla odds kampanjer med de senaste boostade oddsen h\u00e4r<\/a>.<\/p>\n<h4>Oms\u00e4ttningskrav och max-odds p\u00e5 en bettingsida<\/h4>\n<p>Vad som \u00e4r viktigt att t\u00e4nka p\u00e5 n\u00e4r du v\u00e4ljer att inkassera en ny sportbonus \u00e4r att du m\u00e5ste titta p\u00e5 hur oms\u00e4ttningskraven ser ut. Oms\u00e4ttningskraven p\u00e5 en sportbonus \u00e4r i regel lite l\u00e4gre \u00e4n p\u00e5 en casinobonus. D\u00e4remot har bettingsidorna ofta ett max-odds p\u00e5 bonusar och boostade odds. Vi vet att det ibland kan vara sv\u00e5rt att att f\u00f6rst\u00e5 sig p\u00e5 oms\u00e4ttningskraven d\u00e4rf\u00f6r hj\u00e4lper vi dig med detta s\u00e5 det ska vara helt glasklart. Vid varje bonus som listas p\u00e5 Ready Bet Win, ser du oms\u00e4ttningskrav och max-odds f\u00f6r respektive bettingsida.<\/p>\n<h3>F\u00e5 live odds direkt i mobilen p\u00e5 svenska bettingsidor<\/h3>\n<p>I och med spelbolagens int\u00e5g p\u00e5 internet s\u00e5 har spelformaten utvecklas n\u00e5got enormt. F\u00f6rst och fr\u00e4mst har antalet event att spela p\u00e5 ut\u00f6kats. Idag kan du betta p\u00e5 i stort sett vad som helst. Allt fr\u00e5n division fyra matcher i <a href=\"https:\/\/readybetwin.com\/sv\/odds\/fotboll\/\">fotboll<\/a> till vem som ska vinna riksdagsvalet.<\/p>\n<div id=\"attachment_17751\" style=\"width: 730px\" class=\"wp-caption aligncenter\"><img decoding=\"async\" aria-describedby=\"caption-attachment-17751\" class=\"wp-image-17751 size-large\" src=\"https:\/\/readybetwin.com\/wp-content\/uploads\/2020\/04\/svenska-fans-1024x576.jpg\" alt=\"Svenska spelbolag och odds\" width=\"720\" height=\"405\" srcset=\"https:\/\/readybetwin.com\/wp-content\/uploads\/2020\/04\/svenska-fans-1024x576.jpg 1024w, https:\/\/readybetwin.com\/wp-content\/uploads\/2020\/04\/svenska-fans-300x169.jpg 300w, https:\/\/readybetwin.com\/wp-content\/uploads\/2020\/04\/svenska-fans-768x432.jpg 768w, https:\/\/readybetwin.com\/wp-content\/uploads\/2020\/04\/svenska-fans-1536x864.jpg 1536w, https:\/\/readybetwin.com\/wp-content\/uploads\/2020\/04\/svenska-fans-800x450.jpg 800w, https:\/\/readybetwin.com\/wp-content\/uploads\/2020\/04\/svenska-fans-400x225.jpg 400w, https:\/\/readybetwin.com\/wp-content\/uploads\/2020\/04\/svenska-fans.jpg 1600w\" sizes=\"(max-width: 720px) 100vw, 720px\" \/><p id=\"caption-attachment-17751\" class=\"wp-caption-text\">Spela via en bettingsida n\u00e4r du \u00e4r p\u00e5 plats f\u00f6r att f\u00f6rst\u00e4rka upplevelsen<\/p><\/div>\n<p>\u00c4ven om bettingsidorna erbjuder ett fantastiskt utbud av odds \u00e4r kanske det absolut h\u00e4ftigaste att du kan livebetta. Detta betyder att du kan l\u00e4gga spel i p\u00e5g\u00e5ende matcher. Allt fr\u00e5n att spela p\u00e5 vem som f\u00e5r n\u00e4sta h\u00f6rna, vem som g\u00f6r n\u00e4sta m\u00e5l eller vem som vinner. Detta skapar en fantastisk spelupplevelse speciellt om du sitter p\u00e5 plats i arenan. Samtidigt som du ser hur ditt favoritlag ligger p\u00e5 och pressar f\u00f6r en kvittering s\u00e5 l\u00e4gger du ett livespel p\u00e5 och d\u00e5 f\u00e5r du \u00e4nnu mer nerver.<\/p>\n<blockquote><p>Livebetting \u00e4r n\u00e5got som vi rekommenderar f\u00f6r dig som \u00e4lskar att spela p\u00e5 odds.<\/p><\/blockquote>\n<h3>Spela, vinn och ha dina vinster p\u00e5 bank-kontot inom fem minuter<\/h3>\n<p>Den nya l\u00f6sningen med inloggning med BankID p\u00e5 bettingsidor, har gjort att du snabbt kommer ig\u00e5ng hos ett nytt spelbolag. Allt du beh\u00f6ver \u00e4r ett BankID och en bettingsida med en bra sportbonus.<\/p>\n<blockquote><p>Betta med kompisarna, f\u00e5 vinsten p\u00e5 bankkontot inom fem minuter och bjud p\u00e5 n\u00e4sta runda \u00f6l eller l\u00e4skeblask. Superenkelt!<\/p><\/blockquote>\n<h3>Hitta en ny bettingsida 2020<\/h3>\n<p>Nya bettingsidor \u00e4r inte bara intressant i den aspekten att du f\u00e5r prova n\u00e5got nytt, utan \u00e4ven att du erbjuds nya bonusar och p\u00e5 det viset kan ut\u00f6ka din spelkassa.<\/p>\n<p>Vi hj\u00e4lper dig att hitta en ny bettingsida och h\u00e5ller dig alltid uppdaterad med de senaste nyheterna fr\u00e5n spelbolagen!<\/p>\n<h2>M\u00e5nga varianter av odds<\/h2>\n<p>Stirra dig inte blind p\u00e5 1, X eller 2. H\u00e4r finns mycket mer du kan utnyttja om du har l\u00e4st p\u00e5 om de lag som ska m\u00f6tas. Till exempel kan du l\u00e4gga ett bet om du tror att matchen kommer att bli m\u00e5lrik. S\u00e5nt vet du om du har gjort bakgrundsarbetet. Ligger formationen p\u00e5 lagen ofta p\u00e5 topp s\u00e5 vet du att bollen ocks\u00e5 kommer att vara i det omr\u00e5det, och det \u00f6ppnar f\u00f6r m\u00e5nga m\u00e5l. D\u00e5 kan bettingsidorna ha riktigt bra odds om du t\u00e4nker r\u00e4tt.<\/p>\n<p>Om du \u00e4r ganska s\u00e4ker p\u00e5 att ditt lag kommer att vinna kan du ocks\u00e5 g\u00f6ra kombinationer p\u00e5 vinsten. Gl\u00f6m inte att titta p\u00e5 de h\u00e4r avdelningarna eftersom de kan ge en hel del extra. Du kan till exempel l\u00e4gga ett sport bet att ditt lag vinner men att motst\u00e5ndarlaget ocks\u00e5 g\u00f6r m\u00e5l. Ett s\u00e5nt bet kan ge en hel del b\u00e4ttre odds, som \u00e4r till din f\u00f6rdel.<\/p>\n<p><a href=\"https:\/\/readybetwin.com\/sv\/guide\/handikapp-bet\/\">Handicap bet <\/a>\u00a0\u00e4r ocks\u00e5 intressanta om du \u00e4r ganska s\u00e4ker p\u00e5 utg\u00e5ngen och tror att laget kommer att vinna ganska l\u00e4tt \u00f6ver motst\u00e5ndaren. I korthet betyder det att du ger ditt lag ett underl\u00e4ge direkt n\u00e4r matchen b\u00f6rjar och eftersom de \u00e4r b\u00e4ttre kommer de att klara det handikappet, som kanske ett m\u00e5l i baken betyder. Det oddset \u00e4r betydligt h\u00f6gre \u00e4n ett vanligt odds p\u00e5 vinnare f\u00f6r ditt lag.<\/p>\n<h3>Bettingsida vs spelb\u00f6rs<\/h3>\n<p>P\u00e5 en spelb\u00f6rs s\u00e4tter spelarna sina egna odds och spelar mot varandra. Det fungerar som ett slags andelsspel d\u00e4r andra spelare l\u00e4gger upp sina f\u00e4rdiga bet och t\u00e4nkbar insats. Andra spelare kan sedan betta mot den andra spelaren. Det kan dyka upp riktigt roliga spel med mycket h\u00f6gre odds \u00e4n vad en bettingsida kan erbjuda.<\/p>\n<p>De flesta spelb\u00f6rser \u00e4r helt frist\u00e5ende fr\u00e5n alla bettingsidor och tar endast ut en liten provision f\u00f6r varje vinst-spel. Men det finns \u00e4ven bettingsidor som erbjuder egna spelb\u00f6rser.<\/p>\n<p><a href=\"https:\/\/readybetwin.com\/sv\/odds\/spelbors\/\">L\u00e4s mer om hur du s\u00e4tter egna odds och spelar p\u00e5 en spelb\u00f6rs<\/a><\/p>\n","protected":false},"excerpt":{"rendered":"<p>Allt om alla bettingsidor och betting online F\u00f6rdelen med att spela p\u00e5 odds via en bettingsida online \u00e4r att du erbjuds mycket b\u00e4ttre odds. Konkurrensen \u00e4r mycket h\u00f6gre online vilket g\u00f6r att spelbolagen m\u00e5ste pressa marginalerna f\u00f6r att f\u00e5 dig att spela hos dem. Betting \u00e4r inte bara popul\u00e4rt i Sverige utan \u00e4r f\u00f6rmodligen den [&hellip;]<\/p>\n","protected":false},"author":1,"featured_media":19282,"parent":0,"menu_order":56,"comment_status":"closed","ping_status":"closed","template":"template-odds.php","meta":{"_acf_changed":false,"footnotes":""},"categories":[10],"class_list":["post-7359","page","type-page","status-publish","has-post-thumbnail","hentry","category-odds"],"acf":[],"yoast_head":"<!-- This site is optimized with the Yoast SEO plugin v27.4 - https:\/\/yoast.com\/product\/yoast-seo-wordpress\/ -->\n<title>Bettingsidor och odds f\u00f6r alla sporter | Ready Bet Win<\/title>\n<meta name=\"description\" content=\"\u26bd\ud83c\udfd2\ud83c\udfbeUppdaterad lista med de b\u00e4sta spelbolagen. Vi j\u00e4mf\u00f6r alla bettingsidor och hj\u00e4lper dig att hitta r\u00e4tt odds och sportbonusar med free bets.\" \/>\n<meta name=\"robots\" content=\"index, follow, max-snippet:-1, max-image-preview:large, max-video-preview:-1\" \/>\n<link rel=\"canonical\" href=\"https:\/\/readybetwin.com\/sv\/odds\/\" \/>\n<meta property=\"og:locale\" content=\"sv_SE\" \/>\n<meta property=\"og:type\" content=\"article\" \/>\n<meta property=\"og:title\" content=\"Bettingsidor och odds f\u00f6r alla sporter | Ready Bet Win\" \/>\n<meta property=\"og:description\" content=\"\u26bd\ud83c\udfd2\ud83c\udfbeUppdaterad lista med de b\u00e4sta spelbolagen. Vi j\u00e4mf\u00f6r alla bettingsidor och hj\u00e4lper dig att hitta r\u00e4tt odds och sportbonusar med free bets.\" \/>\n<meta property=\"og:url\" content=\"https:\/\/readybetwin.com\/sv\/odds\/\" \/>\n<meta property=\"og:site_name\" content=\"Ready Bet Win\" \/>\n<meta property=\"article:modified_time\" content=\"2020-07-20T23:52:36+00:00\" \/>\n<meta property=\"og:image\" content=\"https:\/\/readybetwin.com\/wp-content\/uploads\/2020\/06\/page-odds.jpg\" \/>\n\t<meta property=\"og:image:width\" content=\"1920\" \/>\n\t<meta property=\"og:image:height\" content=\"1280\" \/>\n\t<meta property=\"og:image:type\" content=\"image\/jpeg\" \/>\n<meta name=\"twitter:card\" content=\"summary_large_image\" \/>\n<meta name=\"twitter:label1\" content=\"Ber\u00e4knad l\u00e4stid\" \/>\n\t<meta name=\"twitter:data1\" content=\"7 minuter\" \/>\n<script type=\"application\/ld+json\" class=\"yoast-schema-graph\">{\"@context\":\"https:\\\/\\\/schema.org\",\"@graph\":[{\"@type\":\"WebPage\",\"@id\":\"https:\\\/\\\/readybetwin.com\\\/sv\\\/odds\\\/\",\"url\":\"https:\\\/\\\/readybetwin.com\\\/sv\\\/odds\\\/\",\"name\":\"Bettingsidor och odds f\u00f6r alla sporter | Ready Bet Win\",\"isPartOf\":{\"@id\":\"https:\\\/\\\/readybetwin.com\\\/sv\\\/#website\"},\"primaryImageOfPage\":{\"@id\":\"https:\\\/\\\/readybetwin.com\\\/sv\\\/odds\\\/#primaryimage\"},\"image\":{\"@id\":\"https:\\\/\\\/readybetwin.com\\\/sv\\\/odds\\\/#primaryimage\"},\"thumbnailUrl\":\"https:\\\/\\\/readybetwin.com\\\/wp-content\\\/uploads\\\/2020\\\/06\\\/page-odds.jpg\",\"datePublished\":\"2020-01-30T11:36:41+00:00\",\"dateModified\":\"2020-07-20T23:52:36+00:00\",\"description\":\"\u26bd\ud83c\udfd2\ud83c\udfbeUppdaterad lista med de b\u00e4sta spelbolagen. Vi j\u00e4mf\u00f6r alla bettingsidor och hj\u00e4lper dig att hitta r\u00e4tt odds och sportbonusar med free bets.\",\"breadcrumb\":{\"@id\":\"https:\\\/\\\/readybetwin.com\\\/sv\\\/odds\\\/#breadcrumb\"},\"inLanguage\":\"sv-SE\",\"potentialAction\":[{\"@type\":\"ReadAction\",\"target\":[\"https:\\\/\\\/readybetwin.com\\\/sv\\\/odds\\\/\"]}]},{\"@type\":\"ImageObject\",\"inLanguage\":\"sv-SE\",\"@id\":\"https:\\\/\\\/readybetwin.com\\\/sv\\\/odds\\\/#primaryimage\",\"url\":\"https:\\\/\\\/readybetwin.com\\\/wp-content\\\/uploads\\\/2020\\\/06\\\/page-odds.jpg\",\"contentUrl\":\"https:\\\/\\\/readybetwin.com\\\/wp-content\\\/uploads\\\/2020\\\/06\\\/page-odds.jpg\",\"width\":1920,\"height\":1280,\"caption\":\"Online betting sites and odds\"},{\"@type\":\"BreadcrumbList\",\"@id\":\"https:\\\/\\\/readybetwin.com\\\/sv\\\/odds\\\/#breadcrumb\",\"itemListElement\":[{\"@type\":\"ListItem\",\"position\":1,\"name\":\"Home\",\"item\":\"https:\\\/\\\/readybetwin.com\\\/sv\\\/\"},{\"@type\":\"ListItem\",\"position\":2,\"name\":\"Odds\"}]},{\"@type\":\"WebSite\",\"@id\":\"https:\\\/\\\/readybetwin.com\\\/sv\\\/#website\",\"url\":\"https:\\\/\\\/readybetwin.com\\\/sv\\\/\",\"name\":\"Ready Bet Win\",\"description\":\"Compare online casinos and betting sites\",\"publisher\":{\"@id\":\"https:\\\/\\\/readybetwin.com\\\/sv\\\/#organization\"},\"potentialAction\":[{\"@type\":\"SearchAction\",\"target\":{\"@type\":\"EntryPoint\",\"urlTemplate\":\"https:\\\/\\\/readybetwin.com\\\/sv\\\/?s={search_term_string}\"},\"query-input\":{\"@type\":\"PropertyValueSpecification\",\"valueRequired\":true,\"valueName\":\"search_term_string\"}}],\"inLanguage\":\"sv-SE\"},{\"@type\":\"Organization\",\"@id\":\"https:\\\/\\\/readybetwin.com\\\/sv\\\/#organization\",\"name\":\"Ready Bet Win\",\"url\":\"https:\\\/\\\/readybetwin.com\\\/sv\\\/\",\"logo\":{\"@type\":\"ImageObject\",\"inLanguage\":\"sv-SE\",\"@id\":\"https:\\\/\\\/readybetwin.com\\\/sv\\\/#\\\/schema\\\/logo\\\/image\\\/\",\"url\":\"\",\"contentUrl\":\"\",\"caption\":\"Ready Bet Win\"},\"image\":{\"@id\":\"https:\\\/\\\/readybetwin.com\\\/sv\\\/#\\\/schema\\\/logo\\\/image\\\/\"}}]}<\/script>\n<!-- \/ Yoast SEO plugin. -->","yoast_head_json":{"title":"Bettingsidor och odds f\u00f6r alla sporter | Ready Bet Win","description":"\u26bd\ud83c\udfd2\ud83c\udfbeUppdaterad lista med de b\u00e4sta spelbolagen. Vi j\u00e4mf\u00f6r alla bettingsidor och hj\u00e4lper dig att hitta r\u00e4tt odds och sportbonusar med free bets.","robots":{"index":"index","follow":"follow","max-snippet":"max-snippet:-1","max-image-preview":"max-image-preview:large","max-video-preview":"max-video-preview:-1"},"canonical":"https:\/\/readybetwin.com\/sv\/odds\/","og_locale":"sv_SE","og_type":"article","og_title":"Bettingsidor och odds f\u00f6r alla sporter | Ready Bet Win","og_description":"\u26bd\ud83c\udfd2\ud83c\udfbeUppdaterad lista med de b\u00e4sta spelbolagen. Vi j\u00e4mf\u00f6r alla bettingsidor och hj\u00e4lper dig att hitta r\u00e4tt odds och sportbonusar med free bets.","og_url":"https:\/\/readybetwin.com\/sv\/odds\/","og_site_name":"Ready Bet Win","article_modified_time":"2020-07-20T23:52:36+00:00","og_image":[{"width":1920,"height":1280,"url":"https:\/\/readybetwin.com\/wp-content\/uploads\/2020\/06\/page-odds.jpg","type":"image\/jpeg"}],"twitter_card":"summary_large_image","twitter_misc":{"Ber\u00e4knad l\u00e4stid":"7 minuter"},"schema":{"@context":"https:\/\/schema.org","@graph":[{"@type":"WebPage","@id":"https:\/\/readybetwin.com\/sv\/odds\/","url":"https:\/\/readybetwin.com\/sv\/odds\/","name":"Bettingsidor och odds f\u00f6r alla sporter | Ready Bet Win","isPartOf":{"@id":"https:\/\/readybetwin.com\/sv\/#website"},"primaryImageOfPage":{"@id":"https:\/\/readybetwin.com\/sv\/odds\/#primaryimage"},"image":{"@id":"https:\/\/readybetwin.com\/sv\/odds\/#primaryimage"},"thumbnailUrl":"https:\/\/readybetwin.com\/wp-content\/uploads\/2020\/06\/page-odds.jpg","datePublished":"2020-01-30T11:36:41+00:00","dateModified":"2020-07-20T23:52:36+00:00","description":"\u26bd\ud83c\udfd2\ud83c\udfbeUppdaterad lista med de b\u00e4sta spelbolagen. Vi j\u00e4mf\u00f6r alla bettingsidor och hj\u00e4lper dig att hitta r\u00e4tt odds och sportbonusar med free bets.","breadcrumb":{"@id":"https:\/\/readybetwin.com\/sv\/odds\/#breadcrumb"},"inLanguage":"sv-SE","potentialAction":[{"@type":"ReadAction","target":["https:\/\/readybetwin.com\/sv\/odds\/"]}]},{"@type":"ImageObject","inLanguage":"sv-SE","@id":"https:\/\/readybetwin.com\/sv\/odds\/#primaryimage","url":"https:\/\/readybetwin.com\/wp-content\/uploads\/2020\/06\/page-odds.jpg","contentUrl":"https:\/\/readybetwin.com\/wp-content\/uploads\/2020\/06\/page-odds.jpg","width":1920,"height":1280,"caption":"Online betting sites and odds"},{"@type":"BreadcrumbList","@id":"https:\/\/readybetwin.com\/sv\/odds\/#breadcrumb","itemListElement":[{"@type":"ListItem","position":1,"name":"Home","item":"https:\/\/readybetwin.com\/sv\/"},{"@type":"ListItem","position":2,"name":"Odds"}]},{"@type":"WebSite","@id":"https:\/\/readybetwin.com\/sv\/#website","url":"https:\/\/readybetwin.com\/sv\/","name":"Ready Bet Win","description":"Compare online casinos and betting sites","publisher":{"@id":"https:\/\/readybetwin.com\/sv\/#organization"},"potentialAction":[{"@type":"SearchAction","target":{"@type":"EntryPoint","urlTemplate":"https:\/\/readybetwin.com\/sv\/?s={search_term_string}"},"query-input":{"@type":"PropertyValueSpecification","valueRequired":true,"valueName":"search_term_string"}}],"inLanguage":"sv-SE"},{"@type":"Organization","@id":"https:\/\/readybetwin.com\/sv\/#organization","name":"Ready Bet Win","url":"https:\/\/readybetwin.com\/sv\/","logo":{"@type":"ImageObject","inLanguage":"sv-SE","@id":"https:\/\/readybetwin.com\/sv\/#\/schema\/logo\/image\/","url":"","contentUrl":"","caption":"Ready Bet Win"},"image":{"@id":"https:\/\/readybetwin.com\/sv\/#\/schema\/logo\/image\/"}}]}},"_links":{"self":[{"href":"https:\/\/readybetwin.com\/sv\/wp-json\/wp\/v2\/pages\/7359","targetHints":{"allow":["GET"]}}],"collection":[{"href":"https:\/\/readybetwin.com\/sv\/wp-json\/wp\/v2\/pages"}],"about":[{"href":"https:\/\/readybetwin.com\/sv\/wp-json\/wp\/v2\/types\/page"}],"author":[{"embeddable":true,"href":"https:\/\/readybetwin.com\/sv\/wp-json\/wp\/v2\/users\/1"}],"replies":[{"embeddable":true,"href":"https:\/\/readybetwin.com\/sv\/wp-json\/wp\/v2\/comments?post=7359"}],"version-history":[{"count":0,"href":"https:\/\/readybetwin.com\/sv\/wp-json\/wp\/v2\/pages\/7359\/revisions"}],"wp:featuredmedia":[{"embeddable":true,"href":"https:\/\/readybetwin.com\/sv\/wp-json\/wp\/v2\/media\/19282"}],"wp:attachment":[{"href":"https:\/\/readybetwin.com\/sv\/wp-json\/wp\/v2\/media?parent=7359"}],"wp:term":[{"taxonomy":"category","embeddable":true,"href":"https:\/\/readybetwin.com\/sv\/wp-json\/wp\/v2\/categories?post=7359"}],"curies":[{"name":"wp","href":"https:\/\/api.w.org\/{rel}","templated":true}]}}