{"id":7356,"date":"2020-03-05T09:25:20","date_gmt":"2020-03-05T09:25:20","guid":{"rendered":"https:\/\/readybetwin.com\/bonus-spins\/"},"modified":"2023-03-02T20:16:02","modified_gmt":"2023-03-02T20:16:02","slug":"free-spins","status":"publish","type":"page","link":"https:\/\/readybetwin.com\/sv\/casino\/free-spins\/","title":{"rendered":"Free spins"},"content":{"rendered":"<h2>Olika typer av free spins<\/h2>\n<p>Det finns en del olika typer av free spins att ta del av idag. M\u00e5nga g\u00e5nger handlar det om att casinot sj\u00e4lva v\u00e4ljer att ah ett eget namn, men ibland \u00e4r det en viss skillnad. Vi ska bena ut alla dessa termer!<\/p>\n<ul class=\"contentlist\">\n<li>Ins\u00e4ttningsfria free spins<\/li>\n<li>Oms\u00e4ttningsfria free spins<\/li>\n<li>Gratissnurr<\/li>\n<li>Bonusspins<\/li>\n<li>Megaspins<\/li>\n<li>Superspins<\/li>\n<li>Cashspins<\/li>\n<li>Jackpotspins<\/li>\n<\/ul>\n<div id=\"attachment_20386\" style=\"width: 730px\" class=\"wp-caption aligncenter\"><img decoding=\"async\" aria-describedby=\"caption-attachment-20386\" class=\"wp-image-20386 size-large\" src=\"https:\/\/readybetwin.com\/wp-content\/uploads\/2020\/07\/ultra-free-spins-1024x576.jpg\" alt=\"Free spins\" width=\"720\" height=\"405\" srcset=\"https:\/\/readybetwin.com\/wp-content\/uploads\/2020\/07\/ultra-free-spins-1024x576.jpg 1024w, https:\/\/readybetwin.com\/wp-content\/uploads\/2020\/07\/ultra-free-spins-300x169.jpg 300w, https:\/\/readybetwin.com\/wp-content\/uploads\/2020\/07\/ultra-free-spins-768x432.jpg 768w, https:\/\/readybetwin.com\/wp-content\/uploads\/2020\/07\/ultra-free-spins-1536x864.jpg 1536w, https:\/\/readybetwin.com\/wp-content\/uploads\/2020\/07\/ultra-free-spins-800x450.jpg 800w, https:\/\/readybetwin.com\/wp-content\/uploads\/2020\/07\/ultra-free-spins-400x225.jpg 400w, https:\/\/readybetwin.com\/wp-content\/uploads\/2020\/07\/ultra-free-spins.jpg 1920w\" sizes=\"(max-width: 720px) 100vw, 720px\" \/><p id=\"caption-attachment-20386\" class=\"wp-caption-text\">Free spins kan ha m\u00e5nga olika namn<\/p><\/div>\n<h3>Ins\u00e4ttningsfria free spins<\/h3>\n<p>Tidigare kunde man spela gratis casino med free spins d\u00e5 du fick dem genom att bara registrera dig. Med den svenska spellicensen \u00e4r denna typ av spins inte tillg\u00e4nglig l\u00e4ngre hos <a href=\"https:\/\/readybetwin.com\/sv\/casino\">svenska n\u00e4tcasinon.<\/a><\/p>\n<p>Titta in under v\u00e5ra <a href=\"https:\/\/readybetwin.com\/sv\/kampanjer\/\">kampanjer<\/a> f\u00f6r att se om n\u00e5got erbjudande kan vara attraktivt f\u00f6r dig.<\/p>\n<h3>Oms\u00e4ttningsfria free spins<\/h3>\n<p>Free spins <strong>utan oms\u00e4ttningskrav \u00e4r de b\u00e4sta free spinsen<\/strong> att f\u00e5. Detta eftersom du inte beh\u00f6ver oms\u00e4tta din vinst n\u00e4r du vinner f\u00f6r dem. Det betyder att du i praktiken kan s\u00e4tta in pengar, spela dina free spins och sen ta ut b\u00e5de vinster fr\u00e5n free spinsen och din ins\u00e4ttning. Observera dock att vissa casinon med denna typ av bonus kr\u00e4ver att du oms\u00e4tter din ins\u00e4ttning en g\u00e5ng f\u00f6r att motverka missbruk av bonusar.<\/p>\n<p>Har vi missat n\u00e5gra oms\u00e4ttningsfria bonusspins s\u00e5 skriv g\u00e4rna till oss s\u00e5 alla v\u00e5ra l\u00e4sare f\u00e5r chansen att nyttja dessa. Vi listar sj\u00e4lvklart alla <a href=\"https:\/\/readybetwin.com\/sv\/casino\/omsattningsfritt\">oms\u00e4ttningsfria spins<\/a>.<\/p>\n<h3>Gratissnurr<\/h3>\n<p>Gratissnurr \u00e4r ett f\u00f6rsvenskat ord av free spins. N\u00e4r vi anv\u00e4nder oss av termen gratissnurr syftar vi p\u00e5 att du bokstavligen f\u00e5r gratis snurr p\u00e5 utvald spelautomat, precis som vid free spins. Dina gratis snurr kan ha oms\u00e4ttningskrav vilket kan variera.<\/p>\n<h3>Bonusspin<\/h3>\n<p>N\u00e4r man ser ordet Bonusspins \u00e4r det oftast free spins som \u00e4r knutna till en v\u00e4lkomstbonus. Det kan vara att du f\u00e5r bonusspins vid din f\u00f6rsta ins\u00e4ttning i kombinetion med en vanlig bonus.<\/p>\n<h3>Mega spin<\/h3>\n<p>Oftast n\u00e4r man pratar om spins s\u00e5 har dem ett v\u00e4rde p\u00e5 0.5 &#8211; 5 kr, vilket \u00e4r en mindre summa. N\u00e4r man pratar om mega spins brukar de vara v\u00e4rda cirka 10 kronor, vilket \u00e4r ett betydligt h\u00f6gre v\u00e4rde. Som du kanske f\u00f6rst\u00e5r \u00e4r detta riktigt bra free spins att f\u00e5. Megaspins kan du f\u00e5 genom ins\u00e4ttningar eller genom en kampanj.<\/p>\n<h3>Cashspins<\/h3>\n<p>Cashspins \u00e4r ett annat namn f\u00f6r oms\u00e4ttningsfria free spins. Det betyder att pengarna du vinner fr\u00e5n spinsen f\u00f6rvandlas till cash direkt, d\u00e4r av namnet cashspins. Ett casino som har valt att kalla sina oms\u00e4tntinfria spins f\u00f6r cashspins \u00e4r LeoVegas.<\/p>\n<h3>Jackpotspin<\/h3>\n<p>Jackpotspins \u00e4r free spins p\u00e5 ett jackpot spel. Antingen \u00e4r det p\u00e5 en vanlig\u00a0 jackpot slot eller p\u00e5 en slotmaskin d\u00e4r casinot sj\u00e4lva har \u00f6agt till en jackpot. Exepel p\u00e5 detta \u00e4r Hajpermiljonen.<\/p>\n<h2>Vi hj\u00e4lper dig att hitta alla free spins bonusar<\/h2>\n<p>Free spins \u00e4r n\u00e5got som alltid har varit mycket popul\u00e4rt f\u00f6r casinospelare. Har ett casino inte dessa s\u00e5 blir det genast mycket mindre attraktivt och sannolikheten f\u00f6r att du v\u00e4ljer att spela p\u00e5 det casinot minskar drastiskt.<\/p>\n<h2>Nya free spins 2023<\/h2>\n<p>Minst en g\u00e5ng i m\u00e5naden sl\u00e4pps det ett nytt casino. Vi recenserar, j\u00e4mf\u00f6r och listar<a href=\"https:\/\/readybetwin.com\/sv\/casino\/nya-casinon\"> alla nya casinon<\/a> som sl\u00e4pps p\u00e5 casino marknaden. Detta medf\u00f6r att du alltid kommer kunna ta del av nya spins. B\u00e4sta s\u00e4ttet att hitta de nya free spinsen \u00e4r att h\u00e5lla dig uppdaterad p\u00e5 v\u00e5r sida och \u00e4ven kika in p\u00e5 kampanjsidan.<\/p>\n<h3>Testa nya slots med free spins<\/h3>\n<p>Free spins \u00e4r en vanlig typ av casinobonus som ger spelare chansen att spela ett eller flera spelautomater utan att satsa sina egna pengar.<\/p>\n<p>N\u00e4r man f\u00e5r free spins kan man spela ett antal rundor p\u00e5 en eller flera utvalda spelautomater utan att satsa n\u00e5gra av sina egna pengar. Eventuella vinster fr\u00e5n free spins kan antingen betalas ut som riktiga pengar eller som bonuspengar som m\u00e5ste oms\u00e4ttas innan de kan tas ut.<\/p>\n<p>Free spins kan ha olika villkor och krav som man m\u00e5ste uppfylla innan de kan utnyttjas eller ta ut eventuella vinster. Till exempel kan det finnas en tidsbegr\u00e4nsning f\u00f6r hur l\u00e4nge free spins \u00e4r giltiga (dock \u00e4r det alltid minst 60 dagar f\u00f6r svenska casinon), en maxvinst som kan vinnas eller ett oms\u00e4ttningskrav som m\u00e5ste uppfyllas innan vinster kan tas ut.<\/p>\n<p>Free spins \u00e4r ett sp\u00e4nnande s\u00e4tt f\u00f6r spelare att uppleva spelautomater utan att riskera sina egna pengar, f\u00f6rutom ins\u00e4ttningen men det kan man ocks\u00e5 spela f\u00f6r precis som vanligt.<\/p>\n<h2>T\u00e4nk p\u00e5 spinsens v\u00e4rde<\/h2>\n<p>Det \u00e4r l\u00e4tt att stirra sig blind antalet spins, men det \u00e4r inte allt!<\/p>\n<p>Free spins kan ha olika v\u00e4rden per snurr beroende p\u00e5 vilket online casino du spelar p\u00e5 och vilket erbjudande som g\u00e4ller. V\u00e4rdet per snurr kan p\u00e5verkas av olika faktorer, till exempel spelautomatens RTP, vilket inneb\u00e4r hur stor andel av spelarnas satsningar som betalas ut i vinster. H\u00e4r \u00e4r n\u00e5gra exempel p\u00e5 hur free spins kan ha olika v\u00e4rden per snurr:<\/p>\n<ul class=\"contentlist\">\n<li><strong>20 free spins v\u00e4rda 5 kr styck:<\/strong> Om du f\u00e5r 20 free spins v\u00e4rda 5 kr styck inneb\u00e4r det att du har 100 kr att spela f\u00f6r p\u00e5 spelautomaten. Eftersom v\u00e4rdet per snurr \u00e4r h\u00f6gt \u00e4r det m\u00f6jligt att vinna stora belopp p\u00e5 varje snurr. Detta \u00e4r en bra free spins bonus.<\/li>\n<li><strong>100 free spins v\u00e4rda 1 kr styck:<\/strong> Om du f\u00e5r 100 free spins v\u00e4rda 1 kr styck inneb\u00e4r det att du har 100 kr att spela f\u00f6r p\u00e5 spelautomaten. Du har mindre chans att vinna p\u00e5 varje snurr, men \u00e4ven om v\u00e4rdet per snurr \u00e4r l\u00e4gre \u00e4r det fortfarande m\u00f6jligt att vinna lika mycket eftersom att du har desto fler chanser. Dock ska p\u00e5pekas att snurr p\u00e5 1 kr s\u00e4llan betalar ut stora vinster.<\/li>\n<li><strong>50 free spins v\u00e4rda 0.5 kr utan oms\u00e4ttningskrav:<\/strong> Ibland kan free spins ha ett l\u00e5gt v\u00e4rde om de inte har n\u00e5got oms\u00e4ttningskrav. Detta inneb\u00e4r att eventuella vinster du f\u00e5r fr\u00e5n free spins inte beh\u00f6ver oms\u00e4ttas innan de kan tas ut. Det kan vara en f\u00f6rdel j\u00e4mf\u00f6rt med free spins som har ett h\u00f6gt v\u00e4rde per snurr men ocks\u00e5 ett h\u00f6gt oms\u00e4ttningskrav.<\/li>\n<\/ul>\n<p>Det \u00e4r viktigt att l\u00e4sa igenom villkoren f\u00f6r free spins noga innan du accepterar dem f\u00f6r att f\u00f6rst\u00e5 hur mycket de \u00e4r v\u00e4rda och vilka eventuella krav som g\u00e4ller.<\/p>\n<h2>Popul\u00e4ra slots f\u00f6r free spins<\/h2>\n<p>De vanligaste slotsen d\u00e4r svenska casinon ger ut free spins \u00e4r oftast popul\u00e4ra spelautomater fr\u00e5n v\u00e4lk\u00e4nda spelleverant\u00f6rer. N\u00e5gra av de vanligaste spelen d\u00e4r svenska casinon ger ut free spins inkluderar <strong>Starburst<\/strong> fr\u00e5n NetEnt, <strong>Book of Dead<\/strong> fr\u00e5n Play&#8217;n GO och <strong>Gonzo&#8217;s Quest<\/strong> fr\u00e5n NetEnt.<\/p>\n<p>Dessa spelautomater \u00e4r k\u00e4nda f\u00f6r att ha intressanta teman, sp\u00e4nnande bonusfunktioner och potentiellt stora vinster. De \u00e4r ocks\u00e5 l\u00e4tta att spela och kan vara en bra introduktion till v\u00e4rlden av spelautomater f\u00f6r nya spelare.<\/p>\n<p>F\u00f6rutom dessa popul\u00e4ra spelautomater kan svenska casinon ocks\u00e5 erbjuda free spins p\u00e5 nya spel som de vill marknadsf\u00f6ra eller n\u00e5got som passar in just d\u00e5. Exempelvis \u00e4r det m\u00e5nga casinon som erbjuder free spins p\u00e5 slots med jultema kring jul.<\/p>\n<h3>Spellincensen i Sverige f\u00f6r\u00e4ndrade erbjudanden free spins<\/h3>\n<p>N\u00e4r den nya spellicensen inf\u00f6rdes i Sverige 2019 s\u00e5 blev det en reglerad marknad. D\u00e5 f\u00f6r\u00e4ndrades ocks\u00e5 vad som var m\u00f6jligt att erbjuda spelarna. Fr\u00e5n att i stort sett allt varit till\u00e5tet skedde nu flera begr\u00e4nsningar. Detta innebar att just spins av olika slag blev f\u00f6r\u00e4ndrade. Casinon kunde inte l\u00e4ngre dela ut gratis spins och andra olika f\u00f6rm\u00e5ner som man kunde tidigare. I licensen ing\u00e5r att man endast f\u00e5r erbjuda ett v\u00e4lkomsterbjudande n\u00e4r en spelare g\u00f6r sin f\u00f6rsta ins\u00e4ttning.<\/p>\n","protected":false},"excerpt":{"rendered":"<p>Olika typer av free spins Det finns en del olika typer av free spins att ta del av idag. M\u00e5nga g\u00e5nger handlar det om att casinot sj\u00e4lva v\u00e4ljer att ah ett eget namn, men ibland \u00e4r det en viss skillnad. Vi ska bena ut alla dessa termer! Ins\u00e4ttningsfria free spins Oms\u00e4ttningsfria free spins Gratissnurr Bonusspins [&hellip;]<\/p>\n","protected":false},"author":1,"featured_media":17222,"parent":7353,"menu_order":24,"comment_status":"closed","ping_status":"closed","template":"","meta":{"_acf_changed":false,"footnotes":""},"categories":[3],"class_list":["post-7356","page","type-page","status-publish","has-post-thumbnail","hentry","category-casino"],"acf":[],"yoast_head":"<!-- This site is optimized with the Yoast SEO plugin v27.4 - https:\/\/yoast.com\/product\/yoast-seo-wordpress\/ -->\n<title>Free spins | Alla n\u00e4tcasinon med 100+ | Ready Bet Win<\/title>\n<meta name=\"description\" content=\"Dagens b\u00e4sta erbjudanden med free spins hittar du h\u00e4r. Vi har bonusar med flera hundra spins som v\u00e4ntar p\u00e5 att h\u00e4mtas ut.\" \/>\n<meta name=\"robots\" content=\"index, follow, max-snippet:-1, max-image-preview:large, max-video-preview:-1\" \/>\n<link rel=\"canonical\" href=\"https:\/\/readybetwin.com\/sv\/casino\/free-spins\/\" \/>\n<meta property=\"og:locale\" content=\"sv_SE\" \/>\n<meta property=\"og:type\" content=\"article\" \/>\n<meta property=\"og:title\" content=\"Free spins | Alla n\u00e4tcasinon med 100+ | Ready Bet Win\" \/>\n<meta property=\"og:description\" content=\"Dagens b\u00e4sta erbjudanden med free spins hittar du h\u00e4r. Vi har bonusar med flera hundra spins som v\u00e4ntar p\u00e5 att h\u00e4mtas ut.\" \/>\n<meta property=\"og:url\" content=\"https:\/\/readybetwin.com\/sv\/casino\/free-spins\/\" \/>\n<meta property=\"og:site_name\" content=\"Ready Bet Win\" \/>\n<meta property=\"article:modified_time\" content=\"2023-03-02T20:16:02+00:00\" \/>\n<meta property=\"og:image\" content=\"https:\/\/readybetwin.com\/wp-content\/uploads\/2020\/02\/free-spins.jpg\" \/>\n\t<meta property=\"og:image:width\" content=\"1920\" \/>\n\t<meta property=\"og:image:height\" content=\"1280\" \/>\n\t<meta property=\"og:image:type\" content=\"image\/jpeg\" \/>\n<meta name=\"twitter:card\" content=\"summary_large_image\" \/>\n<meta name=\"twitter:label1\" content=\"Ber\u00e4knad l\u00e4stid\" \/>\n\t<meta name=\"twitter:data1\" content=\"6 minuter\" \/>\n<script type=\"application\/ld+json\" class=\"yoast-schema-graph\">{\"@context\":\"https:\\\/\\\/schema.org\",\"@graph\":[{\"@type\":\"WebPage\",\"@id\":\"https:\\\/\\\/readybetwin.com\\\/sv\\\/casino\\\/free-spins\\\/\",\"url\":\"https:\\\/\\\/readybetwin.com\\\/sv\\\/casino\\\/free-spins\\\/\",\"name\":\"Free spins | Alla n\u00e4tcasinon med 100+ | Ready Bet Win\",\"isPartOf\":{\"@id\":\"https:\\\/\\\/readybetwin.com\\\/sv\\\/#website\"},\"primaryImageOfPage\":{\"@id\":\"https:\\\/\\\/readybetwin.com\\\/sv\\\/casino\\\/free-spins\\\/#primaryimage\"},\"image\":{\"@id\":\"https:\\\/\\\/readybetwin.com\\\/sv\\\/casino\\\/free-spins\\\/#primaryimage\"},\"thumbnailUrl\":\"https:\\\/\\\/readybetwin.com\\\/wp-content\\\/uploads\\\/2020\\\/02\\\/free-spins.jpg\",\"datePublished\":\"2020-03-05T09:25:20+00:00\",\"dateModified\":\"2023-03-02T20:16:02+00:00\",\"description\":\"Dagens b\u00e4sta erbjudanden med free spins hittar du h\u00e4r. Vi har bonusar med flera hundra spins som v\u00e4ntar p\u00e5 att h\u00e4mtas ut.\",\"breadcrumb\":{\"@id\":\"https:\\\/\\\/readybetwin.com\\\/sv\\\/casino\\\/free-spins\\\/#breadcrumb\"},\"inLanguage\":\"sv-SE\",\"potentialAction\":[{\"@type\":\"ReadAction\",\"target\":[\"https:\\\/\\\/readybetwin.com\\\/sv\\\/casino\\\/free-spins\\\/\"]}]},{\"@type\":\"ImageObject\",\"inLanguage\":\"sv-SE\",\"@id\":\"https:\\\/\\\/readybetwin.com\\\/sv\\\/casino\\\/free-spins\\\/#primaryimage\",\"url\":\"https:\\\/\\\/readybetwin.com\\\/wp-content\\\/uploads\\\/2020\\\/02\\\/free-spins.jpg\",\"contentUrl\":\"https:\\\/\\\/readybetwin.com\\\/wp-content\\\/uploads\\\/2020\\\/02\\\/free-spins.jpg\",\"width\":1920,\"height\":1280,\"caption\":\"Free spins\"},{\"@type\":\"BreadcrumbList\",\"@id\":\"https:\\\/\\\/readybetwin.com\\\/sv\\\/casino\\\/free-spins\\\/#breadcrumb\",\"itemListElement\":[{\"@type\":\"ListItem\",\"position\":1,\"name\":\"Home\",\"item\":\"https:\\\/\\\/readybetwin.com\\\/sv\\\/\"},{\"@type\":\"ListItem\",\"position\":2,\"name\":\"Casino\",\"item\":\"https:\\\/\\\/readybetwin.com\\\/sv\\\/casino\\\/\"},{\"@type\":\"ListItem\",\"position\":3,\"name\":\"Free spins\"}]},{\"@type\":\"WebSite\",\"@id\":\"https:\\\/\\\/readybetwin.com\\\/sv\\\/#website\",\"url\":\"https:\\\/\\\/readybetwin.com\\\/sv\\\/\",\"name\":\"Ready Bet Win\",\"description\":\"Compare online casinos and betting sites\",\"publisher\":{\"@id\":\"https:\\\/\\\/readybetwin.com\\\/sv\\\/#organization\"},\"potentialAction\":[{\"@type\":\"SearchAction\",\"target\":{\"@type\":\"EntryPoint\",\"urlTemplate\":\"https:\\\/\\\/readybetwin.com\\\/sv\\\/?s={search_term_string}\"},\"query-input\":{\"@type\":\"PropertyValueSpecification\",\"valueRequired\":true,\"valueName\":\"search_term_string\"}}],\"inLanguage\":\"sv-SE\"},{\"@type\":\"Organization\",\"@id\":\"https:\\\/\\\/readybetwin.com\\\/sv\\\/#organization\",\"name\":\"Ready Bet Win\",\"url\":\"https:\\\/\\\/readybetwin.com\\\/sv\\\/\",\"logo\":{\"@type\":\"ImageObject\",\"inLanguage\":\"sv-SE\",\"@id\":\"https:\\\/\\\/readybetwin.com\\\/sv\\\/#\\\/schema\\\/logo\\\/image\\\/\",\"url\":\"\",\"contentUrl\":\"\",\"caption\":\"Ready Bet Win\"},\"image\":{\"@id\":\"https:\\\/\\\/readybetwin.com\\\/sv\\\/#\\\/schema\\\/logo\\\/image\\\/\"}}]}<\/script>\n<!-- \/ Yoast SEO plugin. -->","yoast_head_json":{"title":"Free spins | Alla n\u00e4tcasinon med 100+ | Ready Bet Win","description":"Dagens b\u00e4sta erbjudanden med free spins hittar du h\u00e4r. Vi har bonusar med flera hundra spins som v\u00e4ntar p\u00e5 att h\u00e4mtas ut.","robots":{"index":"index","follow":"follow","max-snippet":"max-snippet:-1","max-image-preview":"max-image-preview:large","max-video-preview":"max-video-preview:-1"},"canonical":"https:\/\/readybetwin.com\/sv\/casino\/free-spins\/","og_locale":"sv_SE","og_type":"article","og_title":"Free spins | Alla n\u00e4tcasinon med 100+ | Ready Bet Win","og_description":"Dagens b\u00e4sta erbjudanden med free spins hittar du h\u00e4r. Vi har bonusar med flera hundra spins som v\u00e4ntar p\u00e5 att h\u00e4mtas ut.","og_url":"https:\/\/readybetwin.com\/sv\/casino\/free-spins\/","og_site_name":"Ready Bet Win","article_modified_time":"2023-03-02T20:16:02+00:00","og_image":[{"width":1920,"height":1280,"url":"https:\/\/readybetwin.com\/wp-content\/uploads\/2020\/02\/free-spins.jpg","type":"image\/jpeg"}],"twitter_card":"summary_large_image","twitter_misc":{"Ber\u00e4knad l\u00e4stid":"6 minuter"},"schema":{"@context":"https:\/\/schema.org","@graph":[{"@type":"WebPage","@id":"https:\/\/readybetwin.com\/sv\/casino\/free-spins\/","url":"https:\/\/readybetwin.com\/sv\/casino\/free-spins\/","name":"Free spins | Alla n\u00e4tcasinon med 100+ | Ready Bet Win","isPartOf":{"@id":"https:\/\/readybetwin.com\/sv\/#website"},"primaryImageOfPage":{"@id":"https:\/\/readybetwin.com\/sv\/casino\/free-spins\/#primaryimage"},"image":{"@id":"https:\/\/readybetwin.com\/sv\/casino\/free-spins\/#primaryimage"},"thumbnailUrl":"https:\/\/readybetwin.com\/wp-content\/uploads\/2020\/02\/free-spins.jpg","datePublished":"2020-03-05T09:25:20+00:00","dateModified":"2023-03-02T20:16:02+00:00","description":"Dagens b\u00e4sta erbjudanden med free spins hittar du h\u00e4r. Vi har bonusar med flera hundra spins som v\u00e4ntar p\u00e5 att h\u00e4mtas ut.","breadcrumb":{"@id":"https:\/\/readybetwin.com\/sv\/casino\/free-spins\/#breadcrumb"},"inLanguage":"sv-SE","potentialAction":[{"@type":"ReadAction","target":["https:\/\/readybetwin.com\/sv\/casino\/free-spins\/"]}]},{"@type":"ImageObject","inLanguage":"sv-SE","@id":"https:\/\/readybetwin.com\/sv\/casino\/free-spins\/#primaryimage","url":"https:\/\/readybetwin.com\/wp-content\/uploads\/2020\/02\/free-spins.jpg","contentUrl":"https:\/\/readybetwin.com\/wp-content\/uploads\/2020\/02\/free-spins.jpg","width":1920,"height":1280,"caption":"Free spins"},{"@type":"BreadcrumbList","@id":"https:\/\/readybetwin.com\/sv\/casino\/free-spins\/#breadcrumb","itemListElement":[{"@type":"ListItem","position":1,"name":"Home","item":"https:\/\/readybetwin.com\/sv\/"},{"@type":"ListItem","position":2,"name":"Casino","item":"https:\/\/readybetwin.com\/sv\/casino\/"},{"@type":"ListItem","position":3,"name":"Free spins"}]},{"@type":"WebSite","@id":"https:\/\/readybetwin.com\/sv\/#website","url":"https:\/\/readybetwin.com\/sv\/","name":"Ready Bet Win","description":"Compare online casinos and betting sites","publisher":{"@id":"https:\/\/readybetwin.com\/sv\/#organization"},"potentialAction":[{"@type":"SearchAction","target":{"@type":"EntryPoint","urlTemplate":"https:\/\/readybetwin.com\/sv\/?s={search_term_string}"},"query-input":{"@type":"PropertyValueSpecification","valueRequired":true,"valueName":"search_term_string"}}],"inLanguage":"sv-SE"},{"@type":"Organization","@id":"https:\/\/readybetwin.com\/sv\/#organization","name":"Ready Bet Win","url":"https:\/\/readybetwin.com\/sv\/","logo":{"@type":"ImageObject","inLanguage":"sv-SE","@id":"https:\/\/readybetwin.com\/sv\/#\/schema\/logo\/image\/","url":"","contentUrl":"","caption":"Ready Bet Win"},"image":{"@id":"https:\/\/readybetwin.com\/sv\/#\/schema\/logo\/image\/"}}]}},"_links":{"self":[{"href":"https:\/\/readybetwin.com\/sv\/wp-json\/wp\/v2\/pages\/7356","targetHints":{"allow":["GET"]}}],"collection":[{"href":"https:\/\/readybetwin.com\/sv\/wp-json\/wp\/v2\/pages"}],"about":[{"href":"https:\/\/readybetwin.com\/sv\/wp-json\/wp\/v2\/types\/page"}],"author":[{"embeddable":true,"href":"https:\/\/readybetwin.com\/sv\/wp-json\/wp\/v2\/users\/1"}],"replies":[{"embeddable":true,"href":"https:\/\/readybetwin.com\/sv\/wp-json\/wp\/v2\/comments?post=7356"}],"version-history":[{"count":0,"href":"https:\/\/readybetwin.com\/sv\/wp-json\/wp\/v2\/pages\/7356\/revisions"}],"up":[{"embeddable":true,"href":"https:\/\/readybetwin.com\/sv\/wp-json\/wp\/v2\/pages\/7353"}],"wp:featuredmedia":[{"embeddable":true,"href":"https:\/\/readybetwin.com\/sv\/wp-json\/wp\/v2\/media\/17222"}],"wp:attachment":[{"href":"https:\/\/readybetwin.com\/sv\/wp-json\/wp\/v2\/media?parent=7356"}],"wp:term":[{"taxonomy":"category","embeddable":true,"href":"https:\/\/readybetwin.com\/sv\/wp-json\/wp\/v2\/categories?post=7356"}],"curies":[{"name":"wp","href":"https:\/\/api.w.org\/{rel}","templated":true}]}}