{"id":7355,"date":"2018-01-30T00:00:00","date_gmt":"2018-01-30T00:00:00","guid":{"rendered":"https:\/\/readybetwin.com\/nya-casinon\/"},"modified":"2023-03-03T18:35:27","modified_gmt":"2023-03-03T18:35:27","slug":"nya-casinon","status":"publish","type":"page","link":"https:\/\/readybetwin.com\/sv\/casino\/nya-casinon\/","title":{"rendered":"Nya casinon"},"content":{"rendered":"<p>\u00c5r 1995 \u00f6ppnades det f\u00f6rsta online casinot. Under 90-talet var det bara en handfull nya casinon som lanserades och startskottet f\u00f6r den massiva casinolanseringen gick ig\u00e5ng p\u00e5 2000-talet. Idag ser vi nya casino n\u00e5gra g\u00e5nger per \u00e5r. Vi listar och recenserar alla de nya casinon som har premi\u00e4r. H\u00e4r hittar du alla nya casino fr\u00e5n 2023.<\/p>\n<h2>Hitta ett nytt svenskt casino p\u00e5 n\u00e4tet<\/h2>\n<p>Det kan vara en sn\u00e5rig skog att ta sig igenom n\u00e4r det kommer till nya casinon eftersom det lanseras nya casinon relativt ofta. <strong>Vi testar alla nya casinon<\/strong> f\u00f6r att underl\u00e4tta f\u00f6r dig.<\/p>\n<p>Vi f\u00f6ljer en generell punktlista f\u00f6r att s\u00e4kerst\u00e4lla kraven f\u00f6r det nya casinot som vi har provspelat p\u00e5. K\u00e4nner du att du vill testa n\u00e5got av casinona\u00a0 \u00e4r det bara att klicka p\u00e5 knappen i topplistan s\u00e5 kommer du direkt till casinot.<\/p>\n<p>\u00c4ven fast vi har recenserat casinot och l\u00e4mnat v\u00e5ran expertis kan man vilja provspela sj\u00e4lv p\u00e5 nya casinon f\u00f6r att se om det \u00e4r ett casino som man gillar. M\u00e5nga casinon har 100-200 kr som minsta ins\u00e4ttning, s\u00e5 det kan vara v\u00e4l investerade pengar f\u00f6r att hitta sitt nya favoritcasino<\/p>\n<p>N\u00e4r vi testar nya casinon och godk\u00e4nner dem finns det en hel del punkter som de m\u00e5ste klarar av:<\/p>\n<blockquote><p><strong>Casinot ska&#8230;<\/strong><\/p>\n<ul class=\"contentlist\">\n<li>&#8230;ha svensk licens<\/li>\n<li>&#8230;erbjuda s\u00e4kra betalningsmetoder<\/li>\n<li>&#8230;vara p\u00e5 svenska och ha svensk kundtj\u00e4nst<\/li>\n<li>&#8230;ha schyssta villkor<\/li>\n<li>&#8230;ha ett bra spelutbud med spelleverant\u00f6rer som bland annat NetEnt<\/li>\n<\/ul>\n<p>Klarar det nya n\u00e4tcasinot av kraven ovan kommer vi att lista dem i v\u00e5ra topplistor!<\/p><\/blockquote>\n<h2>Varf\u00f6r spela p\u00e5 ett nytt casino?<\/h2>\n<p>Det finns m\u00e5nga goda anledningar till att testa ett nytt casino och f\u00f6r oss \u00e4r det en sj\u00e4lvklarhet att testa alla nya casinon p\u00e5 den svenska marknaden. Det \u00e4r f\u00f6r att hj\u00e4lpa dig att hitta ditt nya favoritcasino att spela p\u00e5! D\u00e4rf\u00f6r synar vi alltid alla nya casinon \u00e4nda in p\u00e5 s\u00f6mmarna p\u00e5 ett oberoende s\u00e4tt.<\/p>\n<p>Det finns n\u00e5gra generella f\u00f6rdelar med nya casinon och dessa ska vi g\u00e5 djupare p\u00e5 nedan.<\/p>\n<h3>S\u00e4krare spel p\u00e5 nya casinon med svensk spellicens<\/h3>\n<p>Sverige \u00e4r ett land som ligger i framkant n\u00e4r det kommer till <a href=\"https:\/\/readybetwin.com\/sv\/casino\/\">casinosidor online<\/a>. M\u00e5nga av de nya, och framf\u00f6rallt revolutionerande, nya casinon som lanseras har svenska \u00e4gare bakom. Sedan spelregleringen i januari 2019 m\u00e5ste alla nya svenska casinon ha en svensk spellicens. Spellicensen utf\u00e4rdas av Spelinspektionen som st\u00e4ller h\u00f6ga krav p\u00e5 spelbolagen. Om ett nytt casino innehar en svensk spellicens kan du som spelare k\u00e4nna dig trygg.<\/p>\n<h3>Casinobonusar med free spins hos nya casinon<\/h3>\n<p>P\u00e5 nya casinon brukar man vanligtvis erbjudas en <a href=\"https:\/\/readybetwin.com\/sv\/casino\/casinobonus\/\">ins\u00e4ttningsbonus<\/a> eller <a href=\"https:\/\/readybetwin.com\/sv\/casino\/free-spins\/\">free spins<\/a> f\u00f6r att locka till sig nya spelare. Lite extra cash i kassan \u00e4r alltid ett plus n\u00e4r du vill testa n\u00e5got nytt.<\/p>\n<p>Gillar du inte bonusar och oms\u00e4ttningskrav s\u00e5 rekommenderar vi att iallafall anv\u00e4nda oms\u00e4ttningsfria freespins om det erbjuds av det nya casinot.<\/p>\n<h3>Snabba uttag<\/h3>\n<p>Alla nya casinon i sverige erbjuder s\u00e4kra betalningsmetoder och snabba uttag. Visste du att Swish uttan bara tar n\u00e5gra sekunder? Det \u00e4r helt otroligt snabbt.<\/p>\n<h3>Slipp registrering<\/h3>\n<p>Smidighet \u00e4r viktigt f\u00f6r oss spelare, och nya casinon vet att vi inte vill beh\u00f6va kr\u00e5ngla med manuell registrering. D\u00e4rf\u00f6r erbjuder nya casinon alltid &#8221;casino utan konto&#8221; d\u00e4r du snabbt och smidigt kan registrera dig med BankID.<\/p>\n<h3>Nytt casino betyder inte nyb\u00f6rjare<\/h3>\n<p>M\u00e5nga kanske t\u00e4nker att nya casinon saknar erfarenhet av marknaden. Oftast st\u00e4mmer det inte alls. De flesta nya casinon har startats av personer med l\u00e5ng erfarenhet i branschen. De har oftast tidigare arbetat p\u00e5 andra etablerade spelsajter eller kanske f\u00f6r en spelutvecklare. Dessa personer har mycket god insyn och erfarenhet.<\/p>\n<p>I andra fall r\u00f6r det sig om etablerade spelbolag som vill utveckla en ny nisch. De kanske har en id\u00e9 f\u00f6r ett nytt tema eller en ny m\u00e5lgrupp som inte passar det befintliga casinot. Med ett nytt casino, under ett annat brand, har de m\u00f6jlighet att bredda sin m\u00e5lgrupp. Ett spelbolag f\u00e5r dock aldrig ge en casinobonus mer \u00e4n 1 g\u00e5ng per spelare. Har du tagit en bonus hos spelbolagets &#8221;Brand A&#8221; kan du allts\u00e5 inte ta en casinobonus p\u00e5 spelbolagets nya casino &#8221;Brand B&#8221;.<\/p>\n<blockquote><p>Ett nytt casino m\u00e5ste vara innovativt eftersom konkurrensen \u00e4r stenh\u00e5rd. Nya casinon erbjuder alltid det d\u00e4r lilla extra f\u00f6r att du ska v\u00e4lja just dem.<\/p><\/blockquote>\n<p>Varje \u00e5r kommer det en ny innovation vilket inneb\u00e4r att vi som spelar kommer f\u00e5 testa p\u00e5 n\u00e5got helt annorlunda. Om det kommer passa dig? Det \u00e4r en fr\u00e5ga som bara du sj\u00e4lv kan besvara.<\/p>\n<h2>Nya Casinon 2023<\/h2>\n<ul class=\"contentlist\">\n<li>Momang Casino<\/li>\n<\/ul>\n<p>\u00c4n s\u00e5 l\u00e4nge \u00e4r det bara ett casino som har sl\u00e4ppts i \u00e5r, men det \u00e4r inte vilket casino som helst! Casinot heter Momang och \u00e4r fr\u00e5n sj\u00e4lvaste Svenska Spel. Momang \u00e4r deras &#8221;snabbcasino&#8221; d\u00e4r du slipper manuell verifiering och kan swisha b\u00e5de ins\u00e4ttningar och uttag p\u00e5 bara n\u00e5gra sekunder.<\/p>\n<h2>Vad \u00e4r ett nytt casino?<\/h2>\n<p>L\u00e5t oss definiera vad som faktiskt r\u00e4knas som ett nytt casino.<\/p>\n<ul class=\"contentlist\">\n<li><strong>Helt nytt casino<\/strong> &#8211; ett nytt casino kan vara ett helt nytt casino som precis har \u00f6ppnat utan n\u00e5gon tidigare bakgrund.<\/li>\n<li><strong>Ny design<\/strong> &#8211; det kan \u00e4ven vara ett casino som har lanserat en ny plattform med en ny design. Casinot kanske inte r\u00e4knas som nytt i allas \u00f6gon, men det kan definitivt ge en ny upplevelse! Exempel p\u00e5 detta \u00e4r Mobilautomaten som f\u00f6rvandlades till Lyllo Casino under 2022.<\/li>\n<li><strong>Systercasino<\/strong> &#8211; M\u00e5nga casinon har systercasinon som \u00f6ppnar upp p\u00e5 samma licens. Dessa casinon \u00e4r i grund och botten samma casino men med kanske en annan design eller tema. Exempel p\u00e5 detta \u00e4r No Account Bet och No Account Casino, det \u00e4r inte m\u00e5nga sm\u00e5 detaljer som skiljer dessa casinon \u00e5t men \u00e4nd\u00e5 r\u00e4knades det andra som sl\u00e4pptes som nytt.<\/li>\n<li><strong>Nytt f\u00f6r dig<\/strong> &#8211; f\u00f6r att ett casino ska vara nytt f\u00f6r dig kr\u00e4vs det egentligen inte att det ska vara nylanserat utan bara att du inte har testat p\u00e5 det tidigare.<\/li>\n<\/ul>\n<h2>Trender f\u00f6r nya casinon 2023<\/h2>\n<p>De senaste \u00e5ren har det inte kommit s\u00e5 mycket nytt till casinov\u00e4rlden. Allt \u00e4r redan s\u00e5 optimerat med BankID registrering, uttag p\u00e5 bara n\u00e5gra sekunder, snabba uttag och stora spelutbud.<\/p>\n<p>N\u00e5got som dock \u00e4r nytt f\u00f6r 2023 \u00e4r att alla spelleverant\u00f6rer m\u00e5ste ha en spellicens f\u00f6r att f\u00e5 ha sina spel p\u00e5 svenska casinon. Det ska bli sp\u00e4nnande att se vilka spelleverant\u00f6rer som kommer att skaffa denna licens och d\u00e4rmed stanna p\u00e5 den svenska marknaden. Den nya regleringen tr\u00e4der i kraft i juni 2023.<\/p>\n<h3>Spela slots i Virtual Reality<\/h3>\n<p>Vi sp\u00e5r att VR-slots kommer bli allt vanligare. Vi kommer s\u00e4kert se nya casinon med inrikting p\u00e5 just VR.<\/p>\n<h4>Starburst VR<\/h4>\n<p><img decoding=\"async\" class=\"aligncenter size-large wp-image-19140\" src=\"https:\/\/readybetwin.com\/wp-content\/uploads\/2020\/06\/starburst-vr-1024x576.jpg\" alt=\"Starburst VR\" width=\"590\" height=\"332\" srcset=\"https:\/\/readybetwin.com\/wp-content\/uploads\/2020\/06\/starburst-vr-1024x576.jpg 1024w, https:\/\/readybetwin.com\/wp-content\/uploads\/2020\/06\/starburst-vr-300x169.jpg 300w, https:\/\/readybetwin.com\/wp-content\/uploads\/2020\/06\/starburst-vr-768x432.jpg 768w, https:\/\/readybetwin.com\/wp-content\/uploads\/2020\/06\/starburst-vr-800x450.jpg 800w, https:\/\/readybetwin.com\/wp-content\/uploads\/2020\/06\/starburst-vr-400x225.jpg 400w, https:\/\/readybetwin.com\/wp-content\/uploads\/2020\/06\/starburst-vr.jpg 1280w\" sizes=\"(max-width: 590px) 100vw, 590px\" \/><\/p>\n<p>Starburst \u00e4r ett av de mest popul\u00e4ra slotsen p\u00e5 marknaden och utveckladess av den innovativa spelutvecklaren NetEnt. Nu kan du \u00e4ven spela Starburst i Virtual Reality! Om du \u00e4r bekant med spelet kommer du sugas med \u00e4nnu mer av den f\u00e4rgglada grafiken och de vackra p\u00e4rlorna.<\/p>\n<h4>Casino och betting i din smart watch<\/h4>\n<p>Idag \u00e4r alla casinon mobilanpassade och du kan spela p\u00e5 det nya casinot var du \u00e4n befinner dig. P\u00e5 senare \u00e5r har \u00e4ven smart-klockor, eller smart watches, blivit v\u00e4ldigt vanliga. Redan nu har n\u00e5gra spelutvecklare och spelbolag f\u00f6rsiktigt flyttat in i smart-klockorna med notiser. \u00c4r 2023 \u00e5ret vi ser nya casinon som \u00e4r fullt integrerade med din smart-klocka?<\/p>\n","protected":false},"excerpt":{"rendered":"<p>\u00c5r 1995 \u00f6ppnades det f\u00f6rsta online casinot. Under 90-talet var det bara en handfull nya casinon som lanserades och startskottet f\u00f6r den massiva casinolanseringen gick ig\u00e5ng p\u00e5 2000-talet. Idag ser vi nya casino n\u00e5gra g\u00e5nger per \u00e5r. Vi listar och recenserar alla de nya casinon som har premi\u00e4r. H\u00e4r hittar du alla nya casino fr\u00e5n [&hellip;]<\/p>\n","protected":false},"author":1,"featured_media":18393,"parent":7353,"menu_order":25,"comment_status":"closed","ping_status":"closed","template":"","meta":{"_acf_changed":false,"footnotes":""},"categories":[3],"class_list":["post-7355","page","type-page","status-publish","has-post-thumbnail","hentry","category-casino"],"acf":[],"yoast_head":"<!-- This site is optimized with the Yoast SEO plugin v27.3 - https:\/\/yoast.com\/product\/yoast-seo-wordpress\/ -->\n<title>Nya Casinon 2023 - hitta ditt nya favoritcasino h\u00e4r!<\/title>\n<meta name=\"description\" content=\"Vi \u00e4lskar nya casinon och testar dem s\u00e5 fort de lanseras f\u00f6r att se vad de g\u00e5r f\u00f6r. Kan du lita p\u00e5 nya casinot och vad erbjuder de f\u00f6r bonus? Se h\u00e4r!\" \/>\n<meta name=\"robots\" content=\"index, follow, max-snippet:-1, max-image-preview:large, max-video-preview:-1\" \/>\n<link rel=\"canonical\" href=\"https:\/\/readybetwin.com\/sv\/casino\/nya-casinon\/\" \/>\n<meta property=\"og:locale\" content=\"sv_SE\" \/>\n<meta property=\"og:type\" content=\"article\" \/>\n<meta property=\"og:title\" content=\"Nya Casinon 2023 - hitta ditt nya favoritcasino h\u00e4r!\" \/>\n<meta property=\"og:description\" content=\"Vi \u00e4lskar nya casinon och testar dem s\u00e5 fort de lanseras f\u00f6r att se vad de g\u00e5r f\u00f6r. Kan du lita p\u00e5 nya casinot och vad erbjuder de f\u00f6r bonus? Se h\u00e4r!\" \/>\n<meta property=\"og:url\" content=\"https:\/\/readybetwin.com\/sv\/casino\/nya-casinon\/\" \/>\n<meta property=\"og:site_name\" content=\"Ready Bet Win\" \/>\n<meta property=\"article:modified_time\" content=\"2023-03-03T18:35:27+00:00\" \/>\n<meta property=\"og:image\" content=\"https:\/\/readybetwin.com\/wp-content\/uploads\/2020\/02\/new-casinos.jpg\" \/>\n\t<meta property=\"og:image:width\" content=\"1920\" \/>\n\t<meta property=\"og:image:height\" content=\"1280\" \/>\n\t<meta property=\"og:image:type\" content=\"image\/jpeg\" \/>\n<meta name=\"twitter:card\" content=\"summary_large_image\" \/>\n<meta name=\"twitter:label1\" content=\"Ber\u00e4knad l\u00e4stid\" \/>\n\t<meta name=\"twitter:data1\" content=\"6 minuter\" \/>\n<script type=\"application\/ld+json\" class=\"yoast-schema-graph\">{\"@context\":\"https:\\\/\\\/schema.org\",\"@graph\":[{\"@type\":\"WebPage\",\"@id\":\"https:\\\/\\\/readybetwin.com\\\/sv\\\/casino\\\/nya-casinon\\\/\",\"url\":\"https:\\\/\\\/readybetwin.com\\\/sv\\\/casino\\\/nya-casinon\\\/\",\"name\":\"Nya Casinon 2023 - hitta ditt nya favoritcasino h\u00e4r!\",\"isPartOf\":{\"@id\":\"https:\\\/\\\/readybetwin.com\\\/sv\\\/#website\"},\"primaryImageOfPage\":{\"@id\":\"https:\\\/\\\/readybetwin.com\\\/sv\\\/casino\\\/nya-casinon\\\/#primaryimage\"},\"image\":{\"@id\":\"https:\\\/\\\/readybetwin.com\\\/sv\\\/casino\\\/nya-casinon\\\/#primaryimage\"},\"thumbnailUrl\":\"https:\\\/\\\/readybetwin.com\\\/wp-content\\\/uploads\\\/2020\\\/02\\\/new-casinos.jpg\",\"datePublished\":\"2018-01-30T00:00:00+00:00\",\"dateModified\":\"2023-03-03T18:35:27+00:00\",\"description\":\"Vi \u00e4lskar nya casinon och testar dem s\u00e5 fort de lanseras f\u00f6r att se vad de g\u00e5r f\u00f6r. Kan du lita p\u00e5 nya casinot och vad erbjuder de f\u00f6r bonus? Se h\u00e4r!\",\"breadcrumb\":{\"@id\":\"https:\\\/\\\/readybetwin.com\\\/sv\\\/casino\\\/nya-casinon\\\/#breadcrumb\"},\"inLanguage\":\"sv-SE\",\"potentialAction\":[{\"@type\":\"ReadAction\",\"target\":[\"https:\\\/\\\/readybetwin.com\\\/sv\\\/casino\\\/nya-casinon\\\/\"]}]},{\"@type\":\"ImageObject\",\"inLanguage\":\"sv-SE\",\"@id\":\"https:\\\/\\\/readybetwin.com\\\/sv\\\/casino\\\/nya-casinon\\\/#primaryimage\",\"url\":\"https:\\\/\\\/readybetwin.com\\\/wp-content\\\/uploads\\\/2020\\\/02\\\/new-casinos.jpg\",\"contentUrl\":\"https:\\\/\\\/readybetwin.com\\\/wp-content\\\/uploads\\\/2020\\\/02\\\/new-casinos.jpg\",\"width\":1920,\"height\":1280},{\"@type\":\"BreadcrumbList\",\"@id\":\"https:\\\/\\\/readybetwin.com\\\/sv\\\/casino\\\/nya-casinon\\\/#breadcrumb\",\"itemListElement\":[{\"@type\":\"ListItem\",\"position\":1,\"name\":\"Home\",\"item\":\"https:\\\/\\\/readybetwin.com\\\/sv\\\/\"},{\"@type\":\"ListItem\",\"position\":2,\"name\":\"Casino\",\"item\":\"https:\\\/\\\/readybetwin.com\\\/sv\\\/casino\\\/\"},{\"@type\":\"ListItem\",\"position\":3,\"name\":\"Nya casinon\"}]},{\"@type\":\"WebSite\",\"@id\":\"https:\\\/\\\/readybetwin.com\\\/sv\\\/#website\",\"url\":\"https:\\\/\\\/readybetwin.com\\\/sv\\\/\",\"name\":\"Ready Bet Win\",\"description\":\"Compare online casinos and betting sites\",\"publisher\":{\"@id\":\"https:\\\/\\\/readybetwin.com\\\/sv\\\/#organization\"},\"potentialAction\":[{\"@type\":\"SearchAction\",\"target\":{\"@type\":\"EntryPoint\",\"urlTemplate\":\"https:\\\/\\\/readybetwin.com\\\/sv\\\/?s={search_term_string}\"},\"query-input\":{\"@type\":\"PropertyValueSpecification\",\"valueRequired\":true,\"valueName\":\"search_term_string\"}}],\"inLanguage\":\"sv-SE\"},{\"@type\":\"Organization\",\"@id\":\"https:\\\/\\\/readybetwin.com\\\/sv\\\/#organization\",\"name\":\"Ready Bet Win\",\"url\":\"https:\\\/\\\/readybetwin.com\\\/sv\\\/\",\"logo\":{\"@type\":\"ImageObject\",\"inLanguage\":\"sv-SE\",\"@id\":\"https:\\\/\\\/readybetwin.com\\\/sv\\\/#\\\/schema\\\/logo\\\/image\\\/\",\"url\":\"\",\"contentUrl\":\"\",\"caption\":\"Ready Bet Win\"},\"image\":{\"@id\":\"https:\\\/\\\/readybetwin.com\\\/sv\\\/#\\\/schema\\\/logo\\\/image\\\/\"}}]}<\/script>\n<!-- \/ Yoast SEO plugin. -->","yoast_head_json":{"title":"Nya Casinon 2023 - hitta ditt nya favoritcasino h\u00e4r!","description":"Vi \u00e4lskar nya casinon och testar dem s\u00e5 fort de lanseras f\u00f6r att se vad de g\u00e5r f\u00f6r. Kan du lita p\u00e5 nya casinot och vad erbjuder de f\u00f6r bonus? Se h\u00e4r!","robots":{"index":"index","follow":"follow","max-snippet":"max-snippet:-1","max-image-preview":"max-image-preview:large","max-video-preview":"max-video-preview:-1"},"canonical":"https:\/\/readybetwin.com\/sv\/casino\/nya-casinon\/","og_locale":"sv_SE","og_type":"article","og_title":"Nya Casinon 2023 - hitta ditt nya favoritcasino h\u00e4r!","og_description":"Vi \u00e4lskar nya casinon och testar dem s\u00e5 fort de lanseras f\u00f6r att se vad de g\u00e5r f\u00f6r. Kan du lita p\u00e5 nya casinot och vad erbjuder de f\u00f6r bonus? Se h\u00e4r!","og_url":"https:\/\/readybetwin.com\/sv\/casino\/nya-casinon\/","og_site_name":"Ready Bet Win","article_modified_time":"2023-03-03T18:35:27+00:00","og_image":[{"width":1920,"height":1280,"url":"https:\/\/readybetwin.com\/wp-content\/uploads\/2020\/02\/new-casinos.jpg","type":"image\/jpeg"}],"twitter_card":"summary_large_image","twitter_misc":{"Ber\u00e4knad l\u00e4stid":"6 minuter"},"schema":{"@context":"https:\/\/schema.org","@graph":[{"@type":"WebPage","@id":"https:\/\/readybetwin.com\/sv\/casino\/nya-casinon\/","url":"https:\/\/readybetwin.com\/sv\/casino\/nya-casinon\/","name":"Nya Casinon 2023 - hitta ditt nya favoritcasino h\u00e4r!","isPartOf":{"@id":"https:\/\/readybetwin.com\/sv\/#website"},"primaryImageOfPage":{"@id":"https:\/\/readybetwin.com\/sv\/casino\/nya-casinon\/#primaryimage"},"image":{"@id":"https:\/\/readybetwin.com\/sv\/casino\/nya-casinon\/#primaryimage"},"thumbnailUrl":"https:\/\/readybetwin.com\/wp-content\/uploads\/2020\/02\/new-casinos.jpg","datePublished":"2018-01-30T00:00:00+00:00","dateModified":"2023-03-03T18:35:27+00:00","description":"Vi \u00e4lskar nya casinon och testar dem s\u00e5 fort de lanseras f\u00f6r att se vad de g\u00e5r f\u00f6r. Kan du lita p\u00e5 nya casinot och vad erbjuder de f\u00f6r bonus? Se h\u00e4r!","breadcrumb":{"@id":"https:\/\/readybetwin.com\/sv\/casino\/nya-casinon\/#breadcrumb"},"inLanguage":"sv-SE","potentialAction":[{"@type":"ReadAction","target":["https:\/\/readybetwin.com\/sv\/casino\/nya-casinon\/"]}]},{"@type":"ImageObject","inLanguage":"sv-SE","@id":"https:\/\/readybetwin.com\/sv\/casino\/nya-casinon\/#primaryimage","url":"https:\/\/readybetwin.com\/wp-content\/uploads\/2020\/02\/new-casinos.jpg","contentUrl":"https:\/\/readybetwin.com\/wp-content\/uploads\/2020\/02\/new-casinos.jpg","width":1920,"height":1280},{"@type":"BreadcrumbList","@id":"https:\/\/readybetwin.com\/sv\/casino\/nya-casinon\/#breadcrumb","itemListElement":[{"@type":"ListItem","position":1,"name":"Home","item":"https:\/\/readybetwin.com\/sv\/"},{"@type":"ListItem","position":2,"name":"Casino","item":"https:\/\/readybetwin.com\/sv\/casino\/"},{"@type":"ListItem","position":3,"name":"Nya casinon"}]},{"@type":"WebSite","@id":"https:\/\/readybetwin.com\/sv\/#website","url":"https:\/\/readybetwin.com\/sv\/","name":"Ready Bet Win","description":"Compare online casinos and betting sites","publisher":{"@id":"https:\/\/readybetwin.com\/sv\/#organization"},"potentialAction":[{"@type":"SearchAction","target":{"@type":"EntryPoint","urlTemplate":"https:\/\/readybetwin.com\/sv\/?s={search_term_string}"},"query-input":{"@type":"PropertyValueSpecification","valueRequired":true,"valueName":"search_term_string"}}],"inLanguage":"sv-SE"},{"@type":"Organization","@id":"https:\/\/readybetwin.com\/sv\/#organization","name":"Ready Bet Win","url":"https:\/\/readybetwin.com\/sv\/","logo":{"@type":"ImageObject","inLanguage":"sv-SE","@id":"https:\/\/readybetwin.com\/sv\/#\/schema\/logo\/image\/","url":"","contentUrl":"","caption":"Ready Bet Win"},"image":{"@id":"https:\/\/readybetwin.com\/sv\/#\/schema\/logo\/image\/"}}]}},"_links":{"self":[{"href":"https:\/\/readybetwin.com\/sv\/wp-json\/wp\/v2\/pages\/7355","targetHints":{"allow":["GET"]}}],"collection":[{"href":"https:\/\/readybetwin.com\/sv\/wp-json\/wp\/v2\/pages"}],"about":[{"href":"https:\/\/readybetwin.com\/sv\/wp-json\/wp\/v2\/types\/page"}],"author":[{"embeddable":true,"href":"https:\/\/readybetwin.com\/sv\/wp-json\/wp\/v2\/users\/1"}],"replies":[{"embeddable":true,"href":"https:\/\/readybetwin.com\/sv\/wp-json\/wp\/v2\/comments?post=7355"}],"version-history":[{"count":0,"href":"https:\/\/readybetwin.com\/sv\/wp-json\/wp\/v2\/pages\/7355\/revisions"}],"up":[{"embeddable":true,"href":"https:\/\/readybetwin.com\/sv\/wp-json\/wp\/v2\/pages\/7353"}],"wp:featuredmedia":[{"embeddable":true,"href":"https:\/\/readybetwin.com\/sv\/wp-json\/wp\/v2\/media\/18393"}],"wp:attachment":[{"href":"https:\/\/readybetwin.com\/sv\/wp-json\/wp\/v2\/media?parent=7355"}],"wp:term":[{"taxonomy":"category","embeddable":true,"href":"https:\/\/readybetwin.com\/sv\/wp-json\/wp\/v2\/categories?post=7355"}],"curies":[{"name":"wp","href":"https:\/\/api.w.org\/{rel}","templated":true}]}}