{"id":7353,"date":"2020-01-30T11:20:28","date_gmt":"2020-01-30T11:20:28","guid":{"rendered":"https:\/\/readybetwin.com\/casinosidor\/"},"modified":"2021-03-02T13:41:03","modified_gmt":"2021-03-02T13:41:03","slug":"casino","status":"publish","type":"page","link":"https:\/\/readybetwin.com\/sv\/casino\/","title":{"rendered":"Casino"},"content":{"rendered":"<h2>J\u00e4mf\u00f6r casinosidor med hj\u00e4lp av v\u00e5ra recensioner<\/h2>\n<p>Vad som \u00e4r b\u00e4st f\u00f6r dig beh\u00f6ver inte vara b\u00e4st f\u00f6r mig. Vi alla har olika krav och smaken, \u00e4r som bekant delad. D\u00e4rf\u00f6r finns vi h\u00e4r f\u00f6r dig s\u00e5 att du kan v\u00e4lja de casinosidor som passar just dig.<\/p>\n<p>Vi j\u00e4mf\u00f6r l\u00f6pande svenska casinosidor online och f\u00f6rs\u00f6ker ge en nyanserad bild av utbudet. Utan subjektiva \u00e5sikter tillhandah\u00e5ller vi en casinohandbok av yttersta klass. Vi finns h\u00e4r f\u00f6r att guida dig genom dina val. Oavsett om du gillar h\u00f6ga bonusar, <a href=\"https:\/\/readybetwin.com\/sv\/casino\/omsattningsfritt\/\">oms\u00e4ttningsfria free spins<\/a> eller bara gillar att spela p\u00e5 svenska spelautomater. Vi tycker om att j\u00e4mf\u00f6ra, djupdyka och framf\u00f6rallt provspela nya n\u00e4tcasinon.<\/p>\n<p>Hakar du upp dig p\u00e5 konstiga ord och termer har vi kompletta guider som f\u00f6rklarar allt i detalj.<\/p>\n<h3>Svenska casinosidor med svensk spellicens<\/h3>\n<p>Den 1:a Januari 2019 var en historisk dag f\u00f6r den svenska spelbolagsbranschen. Det var dagen d\u00e5 den nya spellagen tr\u00e4dde i kraft. Det inneb\u00e4r att om ett casino skall vara aktivt p\u00e5 den svenska spelmarknaden, beh\u00f6ver det ha en spellicens utf\u00e4rdad av Spelinspektionen. Saknar ett casino spellicens s\u00e5 \u00e4r det olagligt att spela d\u00e4r.<\/p>\n<p>Vi listar sj\u00e4lvklart alla svenska casinosidor som innehar en licens. Denna lista uppdateras dagligen. Det kan tillkomma <a href=\"https:\/\/readybetwin.com\/sv\/casino\/nya-casinon\">nya casinon<\/a>, samt att en del casinon kan v\u00e4lja att l\u00e4mna den svenska marknaden. Det kan \u00e4ven h\u00e4nda att licensierade casinon blir av med sin licens f\u00f6r att de bryter mot reglerna.<\/p>\n<h4>Vad inneb\u00e4r spellagen f\u00f6r alla som \u00e4lskar att spela p\u00e5 n\u00e4tcasino?<\/h4>\n<p>Den nya spellagen inneb\u00e4r att det kommer bli betydligt s\u00e4krare f\u00f6r dig att spela. Det kommer enbart vara seri\u00f6sa akt\u00f6rer p\u00e5 marknaden, vilket ocks\u00e5 \u00f6kar s\u00e4kerheten.<\/p>\n<p>Casinosidorna f\u00f6ljer ett h\u00e5rdare regelverk som ger ett \u00f6kat ansvar hos operat\u00f6ren. P\u00e5 grund av att lagen \u00e4r ny, r\u00e4knar man med att det kommer ske m\u00e5nga f\u00f6r\u00e4ndringar under det f\u00f6rsta \u00e5ret.<\/p>\n<p><a href=\"https:\/\/www.spelinspektionen.se\/Licensansokan\/fragor--svar-licensansokan-och-nya-spellagen\/\" rel=\"nofollow\">Spelinspektionens\u00a0regelverk<\/a> \u00e4r ganska sn\u00e4vt vilket \u00f6ppnar upp f\u00f6r m\u00e5nga pr\u00f6vningar och f\u00f6rordningar. F\u00f6rsta \u00e5ret f\u00f6r licensen blir sp\u00e4nnande d\u00e5 m\u00e5nga pr\u00f6vningar kommer att ske.<\/p>\n<h3>Casino sidor med massa free spins<\/h3>\n<p>M\u00e5nga av de svenska casino sidorna erbjuder m\u00f6jligheten att f\u00e5 en attraktiv v\u00e4lkomst bonus. I vissa fall \u00e4r bonusen kombinerad med <a href=\"https:\/\/readybetwin.com\/sv\/casino\/free-spins\/\">free spins<\/a>. Vi \u00e4r st\u00e4ndigt uppdaterade p\u00e5 alla spins som erbjuds. Vi presenterar dem i v\u00e5ra casino listor. D\u00e4r kan du enkelt v\u00e4lja det som passar dig b\u00e4st.<br \/>\nVar noga med att kontrollera alla villkor och regler som f\u00f6ljer med erbjudandet.<\/p>\n<h3>N\u00e4tcasinon med h\u00f6gst bonus<\/h3>\n<p>Innan den svenska spelregleringen, fanns m\u00f6jligheten att f\u00e5 fantastiska v\u00e4lkomstbonusar. Dessa v\u00e4lkomstbonusar gav ers\u00e4ttning \u00e4nda upp till din femte ins\u00e4ttning. Fr\u00e5n och med 1 januari 2019 kommer du enbart kunna f\u00e5 <strong>en<\/strong> ins\u00e4ttningsbonus n\u00e4r du \u00f6ppnar ett konto hos ett n\u00e4tcasino. Detta kan upplevas som n\u00e5got negativt. Vi ser det som en f\u00f6rdel d\u00e4r casinon kommer erbjuda \u00e4nnu <a href=\"https:\/\/readybetwin.com\/sv\/casino\/casinobonus\/\">h\u00f6gre bonusar<\/a> och b\u00e4ttre bonusvillkor.<\/p>\n<blockquote><p>Visst blir det enklare att j\u00e4mf\u00f6ra alla bonusar och hitta casinosidan med den h\u00f6gsta bonusen p\u00e5 detta s\u00e4tt?<\/p><\/blockquote>\n<h3>Nya casinosidor 2021<\/h3>\n<p>Nyheter \u00e4r alltid n\u00e5got som \u00e4r positivt. Det utvecklar hela casinobranschen. En ny casinosida m\u00e5ste komma med en mer innovativ l\u00f6sning f\u00f6r att locka \u00f6ver spelare fr\u00e5n en mer etablerad casinosajt. Branschen har utvecklas dramatiskt sedan sent 1990-tal tack vare den generella utvecklingen i IT-sektorn.<\/p>\n<div id=\"attachment_19875\" style=\"width: 730px\" class=\"wp-caption alignnone\"><img decoding=\"async\" aria-describedby=\"caption-attachment-19875\" class=\"wp-image-19875 size-large\" src=\"https:\/\/readybetwin.com\/wp-content\/uploads\/2020\/07\/casino_online-1024x576.jpg\" alt=\"Casino online\" width=\"720\" height=\"405\" srcset=\"https:\/\/readybetwin.com\/wp-content\/uploads\/2020\/07\/casino_online-1024x576.jpg 1024w, https:\/\/readybetwin.com\/wp-content\/uploads\/2020\/07\/casino_online-300x169.jpg 300w, https:\/\/readybetwin.com\/wp-content\/uploads\/2020\/07\/casino_online-768x432.jpg 768w, https:\/\/readybetwin.com\/wp-content\/uploads\/2020\/07\/casino_online-1536x864.jpg 1536w, https:\/\/readybetwin.com\/wp-content\/uploads\/2020\/07\/casino_online-800x450.jpg 800w, https:\/\/readybetwin.com\/wp-content\/uploads\/2020\/07\/casino_online-400x225.jpg 400w, https:\/\/readybetwin.com\/wp-content\/uploads\/2020\/07\/casino_online.jpg 1920w\" sizes=\"(max-width: 720px) 100vw, 720px\" \/><p id=\"caption-attachment-19875\" class=\"wp-caption-text\">Hitta r\u00e4tt casino online med Ready Bet Win<\/p><\/div>\n<p>De f\u00f6rsta casino sidorna har g\u00e5tt fr\u00e5n en nedladdningsbar klient till att du idag kan spela direkt fr\u00e5n din mobiltelefon. Nu kan du ocks\u00e5 spela genom att anv\u00e4nda ditt e-leg. F\u00f6r att f\u00f6renkla lite, s\u00e5 \u00e4r det som att vi har g\u00e5tt tillbaka till det klassiska land baserade casinot, fast online. Ditt casino spelande blir en betydligt b\u00e4ttre upplevelse \u00e4n tidigare.<\/p>\n<p>Nytt p\u00e5 m\u00e5nga casinon \u00e4r att den superpopul\u00e4ra betaltj\u00e4nsten Swish har lagts till. Denna betall\u00f6sning finns nu hos m\u00e5nga casinon. Du splittar inte enbart resturangnotan utan nu kan du ocks\u00e5 spela casino med Swish.<\/p>\n<h4>Mobila casinosidor f\u00f6r den moderna m\u00e4nniskan som st\u00e4ndigt \u00e4r i r\u00f6relse<\/h4>\n<p>Fr\u00e5n f\u00f6rsta b\u00f6rjan kunde du enbart spela enkla spel p\u00e5 ett casino. Du var tvungen att ladda ner dem. Spelen utvecklades dock i rasande tempo. D\u00e4refter kom m\u00f6jligheten att spela direkt i en webbl\u00e4sare.<\/p>\n<p>I slutet av 2000-talet sl\u00e4pptes den f\u00f6rsta smartphonen. Det innebar en efterfr\u00e5gan att spela casino i mobilen. Naturligt s\u00e5 sl\u00e4pptes ocks\u00e5 fler mobilcasinon.<\/p>\n<h4>Spelifiering \u00e4r ett nytt s\u00e4tt att skapa \u00e4nnu mer sp\u00e4nning<\/h4>\n<p>M\u00e5nga nya casinon s\u00e5g efterfr\u00e5gan att erbjuda n\u00e5got mer. D\u00e5 introducerades gamification. Ett mycket sp\u00e4nnande koncept som kanske inte har n\u00e5tt sin fulla potential \u00e4n. H\u00e4r spelar du i ett \u00e4ventyr av n\u00e5got slag och ska g\u00f6ra uppdrag. N\u00e4r du klarar uppdraget kommer du till n\u00e4sta niv\u00e5.<\/p>\n<h4>Spela n\u00e4tcasino live f\u00f6r \u00e4nnu b\u00e4ttre upplevelse<\/h4>\n<p>Livecasino var n\u00e5got som f\u00f6rst introducerades av den svenska spel leverant\u00f6ren Evolution Gaming. I ett live casino spelar du mot en riktig dealer. Hen befinner sig p\u00e5 ett riktigt casino och du f\u00f6ljer hela h\u00e4ndelsef\u00f6rloppet direkt via en streaming l\u00e4nk. Trots att du sitter hemma i soffan k\u00e4nns det som att du \u00e4r p\u00e5 Casino Cosmopol och spelar.<\/p>\n<h4>Casinosidor d\u00e4r du inte beh\u00f6ver dina inloggningsuppgifter<\/h4>\n<p>Under 2018 var den st\u00f6rsta nyheten att kunna spela casino med enkel inloggning. Med hj\u00e4lp av ditt BankID kan du f\u00e5 tillg\u00e5ng till m\u00e5nga f\u00f6rdelar. En av f\u00f6rdelarna \u00e4r att du kan f\u00e5 ut din vinst p\u00e5 ditt bankkonto inom 5 till 10 minuter. Lika enkelt som n\u00e4r du spelar p\u00e5 ett landbaserat casino.<\/p>\n<p>Att <a href=\"https:\/\/readybetwin.com\/sv\/casino\/utan-registrering\">spela casino med BankID<\/a> \u00e4r helt fantastiskt. Du slipper h\u00e5lla p\u00e5 och kr\u00e5ngla med verifieringar och komma ih\u00e5g inloggnings uppgifter. Allt du g\u00f6r \u00e4r att du loggar in med din e-legitimation.<\/p>\n<h4>Vad kommer framtidens casinosidor kunna erbjuda?<\/h4>\n<p>Vad har framtiden att erbjuda? Gissningsvis kommer virtual reality (VR) v\u00e4xa sig in i casinobranschen. Redan nu finns ett antal n\u00e4tcasinon som erbjuder VR. H\u00e4r s\u00e4tter tekniken lite k\u00e4ppar i hjulen. VR produkter utvecklas snabbt. Dock tar det tid innan alla kommer ha dessa hemma i vardagsrummet. Kostnaden \u00e4r ocks\u00e5 ganska h\u00f6g. En av spel tillverkarna har l\u00f6st det genom att erbjuda en vr-l\u00f6sning direkt i mobilen. De n\u00e4rmaste \u00e5ren kommer vi att se utveckligen tydligare.<\/p>\n","protected":false},"excerpt":{"rendered":"<p>J\u00e4mf\u00f6r casinosidor med hj\u00e4lp av v\u00e5ra recensioner Vad som \u00e4r b\u00e4st f\u00f6r dig beh\u00f6ver inte vara b\u00e4st f\u00f6r mig. Vi alla har olika krav och smaken, \u00e4r som bekant delad. D\u00e4rf\u00f6r finns vi h\u00e4r f\u00f6r dig s\u00e5 att du kan v\u00e4lja de casinosidor som passar just dig. Vi j\u00e4mf\u00f6r l\u00f6pande svenska casinosidor online och f\u00f6rs\u00f6ker [&hellip;]<\/p>\n","protected":false},"author":1,"featured_media":17283,"parent":0,"menu_order":9,"comment_status":"closed","ping_status":"closed","template":"template-casino.php","meta":{"_acf_changed":false,"footnotes":""},"categories":[3],"class_list":["post-7353","page","type-page","status-publish","has-post-thumbnail","hentry","category-casino"],"acf":[],"yoast_head":"<!-- This site is optimized with the Yoast SEO plugin v27.4 - https:\/\/yoast.com\/product\/yoast-seo-wordpress\/ -->\n<title>Casino | Ready Bet Win<\/title>\n<meta name=\"description\" content=\"Uppdaterad lista med de b\u00e4sta casinosidorna just nu. Vi j\u00e4mf\u00f6r alla svenska och utl\u00e4ndska casinosidor och hj\u00e4lper dig att hitta r\u00e4tt.\" \/>\n<meta name=\"robots\" content=\"index, follow, max-snippet:-1, max-image-preview:large, max-video-preview:-1\" \/>\n<link rel=\"canonical\" href=\"https:\/\/readybetwin.com\/sv\/casino\/\" \/>\n<meta property=\"og:locale\" content=\"sv_SE\" \/>\n<meta property=\"og:type\" content=\"article\" \/>\n<meta property=\"og:title\" content=\"Casino | Ready Bet Win\" \/>\n<meta property=\"og:description\" content=\"Uppdaterad lista med de b\u00e4sta casinosidorna just nu. Vi j\u00e4mf\u00f6r alla svenska och utl\u00e4ndska casinosidor och hj\u00e4lper dig att hitta r\u00e4tt.\" \/>\n<meta property=\"og:url\" content=\"https:\/\/readybetwin.com\/sv\/casino\/\" \/>\n<meta property=\"og:site_name\" content=\"Ready Bet Win\" \/>\n<meta property=\"article:modified_time\" content=\"2021-03-02T13:41:03+00:00\" \/>\n<meta property=\"og:image\" content=\"https:\/\/readybetwin.com\/wp-content\/uploads\/2020\/02\/vegas.jpg\" \/>\n\t<meta property=\"og:image:width\" content=\"1920\" \/>\n\t<meta property=\"og:image:height\" content=\"1280\" \/>\n\t<meta property=\"og:image:type\" content=\"image\/jpeg\" \/>\n<meta name=\"twitter:card\" content=\"summary_large_image\" \/>\n<meta name=\"twitter:label1\" content=\"Ber\u00e4knad l\u00e4stid\" \/>\n\t<meta name=\"twitter:data1\" content=\"5 minuter\" \/>\n<script type=\"application\/ld+json\" class=\"yoast-schema-graph\">{\"@context\":\"https:\\\/\\\/schema.org\",\"@graph\":[{\"@type\":\"WebPage\",\"@id\":\"https:\\\/\\\/readybetwin.com\\\/sv\\\/casino\\\/\",\"url\":\"https:\\\/\\\/readybetwin.com\\\/sv\\\/casino\\\/\",\"name\":\"Casino | Ready Bet Win\",\"isPartOf\":{\"@id\":\"https:\\\/\\\/readybetwin.com\\\/sv\\\/#website\"},\"primaryImageOfPage\":{\"@id\":\"https:\\\/\\\/readybetwin.com\\\/sv\\\/casino\\\/#primaryimage\"},\"image\":{\"@id\":\"https:\\\/\\\/readybetwin.com\\\/sv\\\/casino\\\/#primaryimage\"},\"thumbnailUrl\":\"https:\\\/\\\/readybetwin.com\\\/wp-content\\\/uploads\\\/2020\\\/02\\\/vegas.jpg\",\"datePublished\":\"2020-01-30T11:20:28+00:00\",\"dateModified\":\"2021-03-02T13:41:03+00:00\",\"description\":\"Uppdaterad lista med de b\u00e4sta casinosidorna just nu. Vi j\u00e4mf\u00f6r alla svenska och utl\u00e4ndska casinosidor och hj\u00e4lper dig att hitta r\u00e4tt.\",\"breadcrumb\":{\"@id\":\"https:\\\/\\\/readybetwin.com\\\/sv\\\/casino\\\/#breadcrumb\"},\"inLanguage\":\"sv-SE\",\"potentialAction\":[{\"@type\":\"ReadAction\",\"target\":[\"https:\\\/\\\/readybetwin.com\\\/sv\\\/casino\\\/\"]}]},{\"@type\":\"ImageObject\",\"inLanguage\":\"sv-SE\",\"@id\":\"https:\\\/\\\/readybetwin.com\\\/sv\\\/casino\\\/#primaryimage\",\"url\":\"https:\\\/\\\/readybetwin.com\\\/wp-content\\\/uploads\\\/2020\\\/02\\\/vegas.jpg\",\"contentUrl\":\"https:\\\/\\\/readybetwin.com\\\/wp-content\\\/uploads\\\/2020\\\/02\\\/vegas.jpg\",\"width\":1920,\"height\":1280},{\"@type\":\"BreadcrumbList\",\"@id\":\"https:\\\/\\\/readybetwin.com\\\/sv\\\/casino\\\/#breadcrumb\",\"itemListElement\":[{\"@type\":\"ListItem\",\"position\":1,\"name\":\"Home\",\"item\":\"https:\\\/\\\/readybetwin.com\\\/sv\\\/\"},{\"@type\":\"ListItem\",\"position\":2,\"name\":\"Casino\"}]},{\"@type\":\"WebSite\",\"@id\":\"https:\\\/\\\/readybetwin.com\\\/sv\\\/#website\",\"url\":\"https:\\\/\\\/readybetwin.com\\\/sv\\\/\",\"name\":\"Ready Bet Win\",\"description\":\"Compare online casinos and betting sites\",\"publisher\":{\"@id\":\"https:\\\/\\\/readybetwin.com\\\/sv\\\/#organization\"},\"potentialAction\":[{\"@type\":\"SearchAction\",\"target\":{\"@type\":\"EntryPoint\",\"urlTemplate\":\"https:\\\/\\\/readybetwin.com\\\/sv\\\/?s={search_term_string}\"},\"query-input\":{\"@type\":\"PropertyValueSpecification\",\"valueRequired\":true,\"valueName\":\"search_term_string\"}}],\"inLanguage\":\"sv-SE\"},{\"@type\":\"Organization\",\"@id\":\"https:\\\/\\\/readybetwin.com\\\/sv\\\/#organization\",\"name\":\"Ready Bet Win\",\"url\":\"https:\\\/\\\/readybetwin.com\\\/sv\\\/\",\"logo\":{\"@type\":\"ImageObject\",\"inLanguage\":\"sv-SE\",\"@id\":\"https:\\\/\\\/readybetwin.com\\\/sv\\\/#\\\/schema\\\/logo\\\/image\\\/\",\"url\":\"\",\"contentUrl\":\"\",\"caption\":\"Ready Bet Win\"},\"image\":{\"@id\":\"https:\\\/\\\/readybetwin.com\\\/sv\\\/#\\\/schema\\\/logo\\\/image\\\/\"}}]}<\/script>\n<!-- \/ Yoast SEO plugin. -->","yoast_head_json":{"title":"Casino | Ready Bet Win","description":"Uppdaterad lista med de b\u00e4sta casinosidorna just nu. Vi j\u00e4mf\u00f6r alla svenska och utl\u00e4ndska casinosidor och hj\u00e4lper dig att hitta r\u00e4tt.","robots":{"index":"index","follow":"follow","max-snippet":"max-snippet:-1","max-image-preview":"max-image-preview:large","max-video-preview":"max-video-preview:-1"},"canonical":"https:\/\/readybetwin.com\/sv\/casino\/","og_locale":"sv_SE","og_type":"article","og_title":"Casino | Ready Bet Win","og_description":"Uppdaterad lista med de b\u00e4sta casinosidorna just nu. Vi j\u00e4mf\u00f6r alla svenska och utl\u00e4ndska casinosidor och hj\u00e4lper dig att hitta r\u00e4tt.","og_url":"https:\/\/readybetwin.com\/sv\/casino\/","og_site_name":"Ready Bet Win","article_modified_time":"2021-03-02T13:41:03+00:00","og_image":[{"width":1920,"height":1280,"url":"https:\/\/readybetwin.com\/wp-content\/uploads\/2020\/02\/vegas.jpg","type":"image\/jpeg"}],"twitter_card":"summary_large_image","twitter_misc":{"Ber\u00e4knad l\u00e4stid":"5 minuter"},"schema":{"@context":"https:\/\/schema.org","@graph":[{"@type":"WebPage","@id":"https:\/\/readybetwin.com\/sv\/casino\/","url":"https:\/\/readybetwin.com\/sv\/casino\/","name":"Casino | Ready Bet Win","isPartOf":{"@id":"https:\/\/readybetwin.com\/sv\/#website"},"primaryImageOfPage":{"@id":"https:\/\/readybetwin.com\/sv\/casino\/#primaryimage"},"image":{"@id":"https:\/\/readybetwin.com\/sv\/casino\/#primaryimage"},"thumbnailUrl":"https:\/\/readybetwin.com\/wp-content\/uploads\/2020\/02\/vegas.jpg","datePublished":"2020-01-30T11:20:28+00:00","dateModified":"2021-03-02T13:41:03+00:00","description":"Uppdaterad lista med de b\u00e4sta casinosidorna just nu. Vi j\u00e4mf\u00f6r alla svenska och utl\u00e4ndska casinosidor och hj\u00e4lper dig att hitta r\u00e4tt.","breadcrumb":{"@id":"https:\/\/readybetwin.com\/sv\/casino\/#breadcrumb"},"inLanguage":"sv-SE","potentialAction":[{"@type":"ReadAction","target":["https:\/\/readybetwin.com\/sv\/casino\/"]}]},{"@type":"ImageObject","inLanguage":"sv-SE","@id":"https:\/\/readybetwin.com\/sv\/casino\/#primaryimage","url":"https:\/\/readybetwin.com\/wp-content\/uploads\/2020\/02\/vegas.jpg","contentUrl":"https:\/\/readybetwin.com\/wp-content\/uploads\/2020\/02\/vegas.jpg","width":1920,"height":1280},{"@type":"BreadcrumbList","@id":"https:\/\/readybetwin.com\/sv\/casino\/#breadcrumb","itemListElement":[{"@type":"ListItem","position":1,"name":"Home","item":"https:\/\/readybetwin.com\/sv\/"},{"@type":"ListItem","position":2,"name":"Casino"}]},{"@type":"WebSite","@id":"https:\/\/readybetwin.com\/sv\/#website","url":"https:\/\/readybetwin.com\/sv\/","name":"Ready Bet Win","description":"Compare online casinos and betting sites","publisher":{"@id":"https:\/\/readybetwin.com\/sv\/#organization"},"potentialAction":[{"@type":"SearchAction","target":{"@type":"EntryPoint","urlTemplate":"https:\/\/readybetwin.com\/sv\/?s={search_term_string}"},"query-input":{"@type":"PropertyValueSpecification","valueRequired":true,"valueName":"search_term_string"}}],"inLanguage":"sv-SE"},{"@type":"Organization","@id":"https:\/\/readybetwin.com\/sv\/#organization","name":"Ready Bet Win","url":"https:\/\/readybetwin.com\/sv\/","logo":{"@type":"ImageObject","inLanguage":"sv-SE","@id":"https:\/\/readybetwin.com\/sv\/#\/schema\/logo\/image\/","url":"","contentUrl":"","caption":"Ready Bet Win"},"image":{"@id":"https:\/\/readybetwin.com\/sv\/#\/schema\/logo\/image\/"}}]}},"_links":{"self":[{"href":"https:\/\/readybetwin.com\/sv\/wp-json\/wp\/v2\/pages\/7353","targetHints":{"allow":["GET"]}}],"collection":[{"href":"https:\/\/readybetwin.com\/sv\/wp-json\/wp\/v2\/pages"}],"about":[{"href":"https:\/\/readybetwin.com\/sv\/wp-json\/wp\/v2\/types\/page"}],"author":[{"embeddable":true,"href":"https:\/\/readybetwin.com\/sv\/wp-json\/wp\/v2\/users\/1"}],"replies":[{"embeddable":true,"href":"https:\/\/readybetwin.com\/sv\/wp-json\/wp\/v2\/comments?post=7353"}],"version-history":[{"count":0,"href":"https:\/\/readybetwin.com\/sv\/wp-json\/wp\/v2\/pages\/7353\/revisions"}],"wp:featuredmedia":[{"embeddable":true,"href":"https:\/\/readybetwin.com\/sv\/wp-json\/wp\/v2\/media\/17283"}],"wp:attachment":[{"href":"https:\/\/readybetwin.com\/sv\/wp-json\/wp\/v2\/media?parent=7353"}],"wp:term":[{"taxonomy":"category","embeddable":true,"href":"https:\/\/readybetwin.com\/sv\/wp-json\/wp\/v2\/categories?post=7353"}],"curies":[{"name":"wp","href":"https:\/\/api.w.org\/{rel}","templated":true}]}}