{"id":7352,"date":"2018-05-12T00:00:00","date_gmt":"2018-05-12T00:00:00","guid":{"rendered":"https:\/\/readybetwin.com\/casino-utan-registrering-konto\/"},"modified":"2023-03-04T19:32:16","modified_gmt":"2023-03-04T19:32:16","slug":"utan-registrering","status":"publish","type":"page","link":"https:\/\/readybetwin.com\/sv\/casino\/utan-registrering\/","title":{"rendered":"Utan registrering"},"content":{"rendered":"<p>Nu \u00e4r det helt accepterat att du kan spela casino genom att verifiera dig med en e-legitimation. Vi listar alla <a href=\"https:\/\/readybetwin.com\/sv\/casino\/nya-casinon\">nya casinon<\/a> som har denna funktion. Att spela casino utan registrering av konto \u00e4r det b\u00e4sta och s\u00e4kraste s\u00e4ttet. Det g\u00f6r att du kan s\u00e4tta in och ta ut pengar i rasande tempo. S\u00e4rskilt bra n\u00e4r du vill ta ut dina vinster. Du har vinsterna p\u00e5 bankkontot inom fem minuter, sv\u00e5rslaget!<\/p>\n<h2>Spela p\u00e5 casino utan registrering av konto<\/h2>\n<p>NinjaCasino lanserade den f\u00f6rsta <a href=\"https:\/\/readybetwin.com\/sv\/casino\">casinosidan<\/a> utan registrering. Sedan dess har flera casinon f\u00f6ljt samma uppl\u00e4gg. Samtliga \u00e4r vad man kallar Pay n&#8217; play casino vilket direkt\u00f6vers\u00e4tts till &#8221;betala och spela&#8221; och sv\u00e5rare \u00e4n s\u00e5 \u00e4r det fakatiskt inte. Du kan g\u00f6ra en ins\u00e4ttning direkt fr\u00e5n startsidan och kommer ig\u00e5ng med spelandet p\u00e5 bara n\u00e5gra sekunder.<\/p>\n<p>Du slipper helt enkelt den manuella processen med registrering av konto. Idag \u00e4r detta den mest anv\u00e4nda l\u00f6sningen p\u00e5 marknaden och det finns bara ett f\u00e5tal casinon som \u00e4nnu till\u00e4mpar registrering via registreringsformul\u00e4r.<\/p>\n<h3>Identifiering via BankID<\/h3>\n<p>Ditt BankID \u00e4r b\u00e4rare av mycket information. Det har information om vem du \u00e4r, vilket personnummer du har samt din adress. Loggar du in med BankID h\u00e4mtas denna information automatiskt och du slipper du kr\u00e5ngliga verifierings-processer.<\/p>\n<p>Den svenska spellicensen kr\u00e4ver idag att BankID anv\u00e4nds n\u00e4r du loggar in p\u00e5 ett casino. Detta f\u00f6r att du ska ha m\u00f6jlighet att st\u00e4nga av dig hos Spelpaus.se om du har problem med ditt spelande.<\/p>\n<h3>Casino utan kr\u00e5ngel<\/h3>\n<p>Med hj\u00e4lp av BankID kan du idag slippa m\u00e5nga detaljer n\u00e4r du \u00f6ppnar ett konto. Du slipper komma p\u00e5 ett fyndigt anv\u00e4ndarnamn och manuella verifieringar \u00e4r ocks\u00e5 som bortbl\u00e5sta. Detta \u00e4r m\u00f6jligt eftersom BankID sk\u00f6ter verifieringen p\u00e5 ett s\u00e4kert s\u00e4tt. Hur m\u00e5nga g\u00e5nger har man inte tappat bort l\u00f6senordet till b\u00e5de casino-kontot och mejlen? Dessa problem \u00e4r nu helt borta.<\/p>\n<h3>Betalningsl\u00f6sningar som st\u00f6djer BankID<\/h3>\n<p>Trustly var den f\u00f6rsta betalningsleverant\u00f6ren som \u00f6ppnade upp m\u00f6jligheten f\u00f6r casino spelarna att anv\u00e4nda BankID. Det \u00e4r en tredjeparts-l\u00f6sning som hanterar transaktionerna. Det g\u00f6r att utbetalningar och ins\u00e4ttningar sker snabbare \u00e4n vid klassiska bank\u00f6verf\u00f6ringar. Transaktionstiden \u00e4r den avg\u00f6rande faktorn till detta effektiva och enkla spelande. Det \u00e4r ocks\u00e5 betydligt s\u00e4krare f\u00f6r dig som konsument.<\/p>\n<h4>Trustly Pay n Play<\/h4>\n<p>Det svenskgrundade f\u00f6retaget Trustly levererar en direktbetalningsmetod som funnits sedan \u00e5r 2008. Tj\u00e4nsten heter Trustly och n\u00e4r du anv\u00e4nder dig av den kan du s\u00e4tta in pengar enkelt och effektivt. G\u00f6r du till exempel en vanlig traditionell bank \u00f6verf\u00f6ring kan det ta upp till fem bankdagar innan pengarna \u00e4r p\u00e5 ditt konto. Med Trustly sker detta direkt.<\/p>\n<p>Genom att spela p\u00e5 casino som erbjuder tj\u00e4nsten Trustly f\u00e5r du enkla och s\u00e4kra in- och uttag av medel. Det g\u00f6r att du snabbt kan s\u00e4tta ig\u00e5ng och spela. Du beh\u00f6ver inte vara orolig \u00f6ver om du r\u00e5kat st\u00e4nga ner f\u00f6nstret, eller om ditt batteri tar slut. Skulle det h\u00e4nda klickar du dig bara in p\u00e5 samma casino igen och forts\u00e4tter spela. Ingen annan kommer \u00e5t ditt konto under tiden.<\/p>\n<h4>Spela casino utan konto med Zimpler<\/h4>\n<p>Zimpler \u00e4r precis som namnet antyder, en tredjepartsl\u00f6sning, som erbjuder en <em>simpel<\/em> l\u00f6sning. Produkten kopplar samman ditt bankkonto med ditt mobilnummer. En mycket enkel l\u00f6sning som g\u00f6r \u00f6verf\u00f6ringar snabba och effektiva. H\u00e4r kan du l\u00e4sa om <a href=\"https:\/\/readybetwin.com\/sv\/betalningsmetoder\/zimpler\">betalningsl\u00f6sningen Zimpler<\/a>.<\/p>\n<h4>Snabbkonto med Brite<\/h4>\n<p>Brite \u00e4r v\u00e4ldigt likt b\u00e5de Zimpler och Trustly. Du knappat in ditt personnummer och verifierar med BankID s\u00e5 sk\u00f6ter Brite resten. Chansen \u00e4r stor att du inte ens skulle m\u00e4rka n\u00e5gon st\u00f6rre skillnad mellan dessa metoder.<\/p>\n<h4>Swish utan konto<\/h4>\n<p>Betalningsmetoden Swish \u00e4r den senaste att ansluta sig till BankID familjen n\u00e4r det kommer till betalningar. Detta \u00e4r dessutom den \u00f6verl\u00e4gset snabbaste betalningsmetoden f\u00f6r uttag p\u00e5 casino. Pengarna kommer in p\u00e5 kontot p\u00e5 bara n\u00e5gra <strong>sekunder<\/strong>.<\/p>\n<h4>Spela casino med Entercash<\/h4>\n<p>Entercash var tillsammans med Trustly ett av de f\u00f6rsta bolagen som lanserade m\u00f6jligheten med direkta uttag och ins\u00e4ttningar. Entercash har en enkel l\u00f6sning och det g\u00e5r snabbt och effektivt att f\u00e5 in din vinst direkt p\u00e5 bankens konto.<\/p>\n<h4>Spela casino med PayPal<\/h4>\n<p>PayPal var ett av de f\u00f6rsta bankerna att erbjuda s\u00e4kra betalningar p\u00e5 internet. De lanserades redan under 90-talet. PayPal har egentligen aldrig tagit en stor marknads andel i Sverige. Detta f\u00f6r att svenska bolag var duktiga att komma med liknande tekniska l\u00f6sningar. PayPal kan acceptera konton fr\u00e5n alla l\u00e4nder. En stor skillnad mot svenska betalnings bolagen. Har du ett konto utomlands \u00e4r detta perfekt f\u00f6r dig.<\/p>\n<h3>Betalningar p\u00e5 casino utan konto<\/h3>\n<p>Alla betalningsmetoder vi gick igenom ovan verifieras direkt med BankID. Men det finn s\u00e4ven andra betalningsmetoder du kan anv\u00e4nda p\u00e5 casino utan konto. Enda skillnaden \u00e4r egentligen att du f\u00f6rst m\u00e5ste logga in med ditt BankID och sedan g\u00f6ra ins\u00e4ttningen.<\/p>\n<p>Loggar du f\u00f6rst in med BankID kan du anv\u00e4nda vanliga metoder som Visa, MasterCard, Skrill, Neteller, med flera. Den enda begr\u00e4nsningen som finns \u00e4r v\u00e4lka metoder som casinot erbjuder, men det \u00e4r ingen begr\u00e4nsning i sig att casinot \u00e4r utan konto.<\/p>\n<h2>Det finns bara f\u00f6rdelar med att anv\u00e4nda BankID<\/h2>\n<p>Alla internetanv\u00e4ndare har idag enormt m\u00e5nga konton. Oftast har man konton med olika anv\u00e4ndarnamn, l\u00f6senord och olika mejladresser. F\u00f6rutom det har man med st\u00f6rsta sannolikhet \u00e4ven felaktiga uppgifter p\u00e5 m\u00e5nga konton. Orsaken kan till exempel vara att man har flyttat och bytt mobilnummer eller mail. Genom att anv\u00e4nda BankID \u00e4r dessa problem borta, och du verifierar dig snabbt och enkelt. Det enda du beh\u00f6ver komma ih\u00e5g \u00e4r ditt personnummer och BankID kod!<\/p>\n<p><strong>F\u00f6rdelar:<\/strong><\/p>\n<ul class=\"contentlist\">\n<li><strong>Casino utan kr\u00e5ngel<\/strong> &#8211; Inget mer kr\u00e5ngel med anv\u00e4ndarnamn och l\u00f6senord<\/li>\n<li><strong>Verifierad direkt<\/strong> &#8211; Du beh\u00f6ver inte skicka in r\u00e4kningar, bankutdrag och ID-handlingar<\/li>\n<li><strong>Snabba uttag<\/strong> &#8211; Dina vinster betalas ut effektivt och s\u00e4kert till ditt bankkonto s\u00e5 att du kan anv\u00e4nda dig av vinsten direkt<\/li>\n<li><strong>S\u00e4kert<\/strong> &#8211; BankID \u00e4r den s\u00e4kraste metoden f\u00f6r verifiering online<\/li>\n<\/ul>\n<p><strong>Nackdelar:<\/strong><\/p>\n<ul class=\"contentlist\">\n<li><strong>Inget<\/strong> &#8211; Finns inga direkta nackdelar<\/li>\n<\/ul>\n<h4>Casino utan registrering \u2013 steg f\u00f6r steg<\/h4>\n<ul class=\"contentlist\">\n<li>V\u00e4lj ett casino fr\u00e5n n\u00e5gon av v\u00e5ra topplistor<\/li>\n<li>Verifiera dig med ditt BankID<\/li>\n<li>Ange mobilnummer och e-post<\/li>\n<li>S\u00e4tt dina ins\u00e4ttningsgr\u00e4nser, per dag, vecka och m\u00e5nad<\/li>\n<li>G\u00f6r en ins\u00e4ttning<\/li>\n<li>Spela p\u00e5 valfria spel<\/li>\n<li>H\u00e5ll tummarna p\u00e5 att du vinner. Vinner du kommer pengarna in p\u00e5 kontot inom kort<\/li>\n<\/ul>\n<h2>Snabba uttag med BankID p\u00e5 casino utan registrering<\/h2>\n<p>En av nackdelarna att spela casino p\u00e5 n\u00e4tet har varit att det har varit en l\u00e5ngdragen process att f\u00e5 sina spelvinster till kontot. Du har varit tvungen att skicka in en identitetshandling och adressbevis som casinots &#8221;payment and fraud&#8221; avdelning skulle godk\u00e4nna.<\/p>\n<p>Det kunde ta \u00e4nda upp till fem dagar innan vinsterna kom in p\u00e5 bankkontot. F\u00f6r n\u00e5gra \u00e5r sedan \u00e4ndrades det i och med att NinjaCasino och <a href=\"https:\/\/readybetwin.com\/sv\/casino\/operator\/no-account-casino\">No Account Casino<\/a> lanserades. Idag erbjuder n\u00e4stan alla casinon blixtsnabba uttag.<\/p>\n<h3>Dina spelvinster p\u00e5 bankkontot inom 5 minuter utan registrering<\/h3>\n<p>I och med int\u00e5get av casinosidor med registrering via BankID, har uttagshastigheten f\u00f6rkortats avsev\u00e4rt. De snabbaste uttagen g\u00f6rs p\u00e5 n\u00e5gra sekunder och de flesta andra \u00e4r under 15 minuter.<\/p>\n<p>Precis s\u00e5 skall det vara n\u00e4r du spelar f\u00f6r pengar p\u00e5 internet, det ska vara l\u00e4tt och k\u00e4nnas tryggt. Inte omst\u00e4ndigt som det har varit fram tills nu. Vi tycker att man ska f\u00e5 sina pengar lika snabbt p\u00e5 ett <a href=\"https:\/\/readybetwin.com\/sv\/\">n\u00e4tcasinon<\/a> som p\u00e5 ett landbaserat casino.<\/p>\n<h2>Snabba uttag \u00e4r ett tecknen p\u00e5 ett kvalitets-casino<\/h2>\n<p>Kvalit\u00e9n p\u00e5 casinot kan man ganska enkelt avg\u00f6ra p\u00e5 punkten hur det snabbt det g\u00e5r att g\u00f6ra ett uttag. \u00c4r det ett casino som tar orimligt l\u00e5ng tid p\u00e5 sig att f\u00f6ra \u00f6ver pengarna till bankkontot eller till en e-pl\u00e5nbok s\u00e5 vet man att det \u00e4r ett casino som man inte skall spela p\u00e5. L\u00e5ngdragen uttagningsprocess \u00e4r det bara oseri\u00f6sa akt\u00f6rer som anv\u00e4nder sig av. Dels f\u00f6r att de vill att du ska spela bort din vinst, samt att de kan ha ett d\u00e5ligt kassafl\u00f6de s\u00e5 att de inte ens kan betala ut vinsterna.<\/p>\n<h3>Casinon med snabba uttag har olika betall\u00f6sningar<\/h3>\n<p>F\u00f6r att du skall ha m\u00f6jligheten att f\u00e5 dina spelvinster in p\u00e5 ditt bankkonto p\u00e5 nolltid beh\u00f6ver casinot ha ett samarbete med Trustly, Zimpler, Brite eller Swish. Dessa \u00e4r svenska transaktionsbolag som agerar mellanhand \u00e5t bankerna och casinot. De \u00e4r mellanhand f\u00f6r att p\u00e5skynda utbetalningsprocessen.<\/p>\n<h4>Snabba uttag f\u00f6r dig som f\u00f6redrar att f\u00e5 spelvinsterna till din e-pl\u00e5nbok<\/h4>\n<p>Det \u00e4r inte alla spelare som f\u00f6redrar att f\u00e5 spelvinsterna direkt till bankkontot av olika anledningar. Det kan vara att de vill h\u00e5lla sin spelkassa separat fr\u00e5n hush\u00e5llets ekonomi. D\u00e5 skulle vi rekommendera Skrill, Neteller eller PayPal. Tre extremt s\u00e4kra metoder av e-pl\u00e5nb\u00f6cker.<\/p>\n<p>Traditionella n\u00e4tcasinon eller <a href=\"https:\/\/readybetwin.com\/sv\/casino\/nya-casinon\">nya innovativa casinon<\/a> har samma m\u00e5l: Kunderna ska ha m\u00f6jligheten att f\u00e5 sina pengar till bankkontot s\u00e5 fort som m\u00f6jligt.<\/p>\n<h2>Casino utan konto &#8211; fr\u00e5n d\u00e5 till nu<\/h2>\n<p>Nu \u00e4r det helt sj\u00e4lvklart att spela p\u00e5 casino utan konto. Men det har inte alltid varit s\u00e5. N\u00e4r det f\u00f6rsta casinot lanserades under mitten av 90-talet beh\u00f6vde du ladda ner en casino-klient f\u00f6r att kunna spela online. N\u00e4sta utvecklingssteg blev att du kunde spela casino direkt i din webbl\u00e4sare.<\/p>\n<p>Ungef\u00e4r 2007 lanserades den f\u00f6rsta iPhonen och \u00e4ven andra modeller av smartphone och anv\u00e4ndandet av de nya smarta enheterna \u00f6kade lavinartat.\u00a0 Casinona f\u00f6ljde resten av branscherna och lanserade mobilcasino, en helt mobil upplevelse. 2017 lanserades det f\u00f6rsta casinot utan konto.<\/p>\n","protected":false},"excerpt":{"rendered":"<p>Nu \u00e4r det helt accepterat att du kan spela casino genom att verifiera dig med en e-legitimation. Vi listar alla nya casinon som har denna funktion. Att spela casino utan registrering av konto \u00e4r det b\u00e4sta och s\u00e4kraste s\u00e4ttet. Det g\u00f6r att du kan s\u00e4tta in och ta ut pengar i rasande tempo. S\u00e4rskilt bra [&hellip;]<\/p>\n","protected":false},"author":1,"featured_media":14675,"parent":7353,"menu_order":44,"comment_status":"closed","ping_status":"closed","template":"","meta":{"_acf_changed":false,"footnotes":""},"categories":[3],"class_list":["post-7352","page","type-page","status-publish","has-post-thumbnail","hentry","category-casino"],"acf":[],"yoast_head":"<!-- This site is optimized with the Yoast SEO plugin v27.3 - https:\/\/yoast.com\/product\/yoast-seo-wordpress\/ -->\n<title>Casino Utan Konto - Spela Casino Utan Registrering<\/title>\n<meta name=\"description\" content=\"Spela snabbare med casino utan registrering. H\u00e4r hittar du de snabbaste casinosajterna d\u00e4r du \u00e4r ig\u00e5ng inom n\u00e5gra minuter.\" \/>\n<meta name=\"robots\" content=\"index, follow, max-snippet:-1, max-image-preview:large, max-video-preview:-1\" \/>\n<link rel=\"canonical\" href=\"https:\/\/readybetwin.com\/sv\/casino\/utan-registrering\/\" \/>\n<meta property=\"og:locale\" content=\"sv_SE\" \/>\n<meta property=\"og:type\" content=\"article\" \/>\n<meta property=\"og:title\" content=\"Casino Utan Konto - Spela Casino Utan Registrering\" \/>\n<meta property=\"og:description\" content=\"Spela snabbare med casino utan registrering. H\u00e4r hittar du de snabbaste casinosajterna d\u00e4r du \u00e4r ig\u00e5ng inom n\u00e5gra minuter.\" \/>\n<meta property=\"og:url\" content=\"https:\/\/readybetwin.com\/sv\/casino\/utan-registrering\/\" \/>\n<meta property=\"og:site_name\" content=\"Ready Bet Win\" \/>\n<meta property=\"article:modified_time\" content=\"2023-03-04T19:32:16+00:00\" \/>\n<meta property=\"og:image\" content=\"https:\/\/readybetwin.com\/wp-content\/uploads\/2020\/02\/cherries.jpg\" \/>\n\t<meta property=\"og:image:width\" content=\"1200\" \/>\n\t<meta property=\"og:image:height\" content=\"800\" \/>\n\t<meta property=\"og:image:type\" content=\"image\/jpeg\" \/>\n<meta name=\"twitter:card\" content=\"summary_large_image\" \/>\n<meta name=\"twitter:label1\" content=\"Ber\u00e4knad l\u00e4stid\" \/>\n\t<meta name=\"twitter:data1\" content=\"7 minuter\" \/>\n<script type=\"application\/ld+json\" class=\"yoast-schema-graph\">{\"@context\":\"https:\\\/\\\/schema.org\",\"@graph\":[{\"@type\":\"WebPage\",\"@id\":\"https:\\\/\\\/readybetwin.com\\\/sv\\\/casino\\\/utan-registrering\\\/\",\"url\":\"https:\\\/\\\/readybetwin.com\\\/sv\\\/casino\\\/utan-registrering\\\/\",\"name\":\"Casino Utan Konto - Spela Casino Utan Registrering\",\"isPartOf\":{\"@id\":\"https:\\\/\\\/readybetwin.com\\\/sv\\\/#website\"},\"primaryImageOfPage\":{\"@id\":\"https:\\\/\\\/readybetwin.com\\\/sv\\\/casino\\\/utan-registrering\\\/#primaryimage\"},\"image\":{\"@id\":\"https:\\\/\\\/readybetwin.com\\\/sv\\\/casino\\\/utan-registrering\\\/#primaryimage\"},\"thumbnailUrl\":\"https:\\\/\\\/readybetwin.com\\\/wp-content\\\/uploads\\\/2020\\\/02\\\/cherries.jpg\",\"datePublished\":\"2018-05-12T00:00:00+00:00\",\"dateModified\":\"2023-03-04T19:32:16+00:00\",\"description\":\"Spela snabbare med casino utan registrering. H\u00e4r hittar du de snabbaste casinosajterna d\u00e4r du \u00e4r ig\u00e5ng inom n\u00e5gra minuter.\",\"breadcrumb\":{\"@id\":\"https:\\\/\\\/readybetwin.com\\\/sv\\\/casino\\\/utan-registrering\\\/#breadcrumb\"},\"inLanguage\":\"sv-SE\",\"potentialAction\":[{\"@type\":\"ReadAction\",\"target\":[\"https:\\\/\\\/readybetwin.com\\\/sv\\\/casino\\\/utan-registrering\\\/\"]}]},{\"@type\":\"ImageObject\",\"inLanguage\":\"sv-SE\",\"@id\":\"https:\\\/\\\/readybetwin.com\\\/sv\\\/casino\\\/utan-registrering\\\/#primaryimage\",\"url\":\"https:\\\/\\\/readybetwin.com\\\/wp-content\\\/uploads\\\/2020\\\/02\\\/cherries.jpg\",\"contentUrl\":\"https:\\\/\\\/readybetwin.com\\\/wp-content\\\/uploads\\\/2020\\\/02\\\/cherries.jpg\",\"width\":1200,\"height\":800},{\"@type\":\"BreadcrumbList\",\"@id\":\"https:\\\/\\\/readybetwin.com\\\/sv\\\/casino\\\/utan-registrering\\\/#breadcrumb\",\"itemListElement\":[{\"@type\":\"ListItem\",\"position\":1,\"name\":\"Home\",\"item\":\"https:\\\/\\\/readybetwin.com\\\/sv\\\/\"},{\"@type\":\"ListItem\",\"position\":2,\"name\":\"Casino\",\"item\":\"https:\\\/\\\/readybetwin.com\\\/sv\\\/casino\\\/\"},{\"@type\":\"ListItem\",\"position\":3,\"name\":\"Utan registrering\"}]},{\"@type\":\"WebSite\",\"@id\":\"https:\\\/\\\/readybetwin.com\\\/sv\\\/#website\",\"url\":\"https:\\\/\\\/readybetwin.com\\\/sv\\\/\",\"name\":\"Ready Bet Win\",\"description\":\"Compare online casinos and betting sites\",\"publisher\":{\"@id\":\"https:\\\/\\\/readybetwin.com\\\/sv\\\/#organization\"},\"potentialAction\":[{\"@type\":\"SearchAction\",\"target\":{\"@type\":\"EntryPoint\",\"urlTemplate\":\"https:\\\/\\\/readybetwin.com\\\/sv\\\/?s={search_term_string}\"},\"query-input\":{\"@type\":\"PropertyValueSpecification\",\"valueRequired\":true,\"valueName\":\"search_term_string\"}}],\"inLanguage\":\"sv-SE\"},{\"@type\":\"Organization\",\"@id\":\"https:\\\/\\\/readybetwin.com\\\/sv\\\/#organization\",\"name\":\"Ready Bet Win\",\"url\":\"https:\\\/\\\/readybetwin.com\\\/sv\\\/\",\"logo\":{\"@type\":\"ImageObject\",\"inLanguage\":\"sv-SE\",\"@id\":\"https:\\\/\\\/readybetwin.com\\\/sv\\\/#\\\/schema\\\/logo\\\/image\\\/\",\"url\":\"\",\"contentUrl\":\"\",\"caption\":\"Ready Bet Win\"},\"image\":{\"@id\":\"https:\\\/\\\/readybetwin.com\\\/sv\\\/#\\\/schema\\\/logo\\\/image\\\/\"}}]}<\/script>\n<!-- \/ Yoast SEO plugin. -->","yoast_head_json":{"title":"Casino Utan Konto - Spela Casino Utan Registrering","description":"Spela snabbare med casino utan registrering. H\u00e4r hittar du de snabbaste casinosajterna d\u00e4r du \u00e4r ig\u00e5ng inom n\u00e5gra minuter.","robots":{"index":"index","follow":"follow","max-snippet":"max-snippet:-1","max-image-preview":"max-image-preview:large","max-video-preview":"max-video-preview:-1"},"canonical":"https:\/\/readybetwin.com\/sv\/casino\/utan-registrering\/","og_locale":"sv_SE","og_type":"article","og_title":"Casino Utan Konto - Spela Casino Utan Registrering","og_description":"Spela snabbare med casino utan registrering. H\u00e4r hittar du de snabbaste casinosajterna d\u00e4r du \u00e4r ig\u00e5ng inom n\u00e5gra minuter.","og_url":"https:\/\/readybetwin.com\/sv\/casino\/utan-registrering\/","og_site_name":"Ready Bet Win","article_modified_time":"2023-03-04T19:32:16+00:00","og_image":[{"width":1200,"height":800,"url":"https:\/\/readybetwin.com\/wp-content\/uploads\/2020\/02\/cherries.jpg","type":"image\/jpeg"}],"twitter_card":"summary_large_image","twitter_misc":{"Ber\u00e4knad l\u00e4stid":"7 minuter"},"schema":{"@context":"https:\/\/schema.org","@graph":[{"@type":"WebPage","@id":"https:\/\/readybetwin.com\/sv\/casino\/utan-registrering\/","url":"https:\/\/readybetwin.com\/sv\/casino\/utan-registrering\/","name":"Casino Utan Konto - Spela Casino Utan Registrering","isPartOf":{"@id":"https:\/\/readybetwin.com\/sv\/#website"},"primaryImageOfPage":{"@id":"https:\/\/readybetwin.com\/sv\/casino\/utan-registrering\/#primaryimage"},"image":{"@id":"https:\/\/readybetwin.com\/sv\/casino\/utan-registrering\/#primaryimage"},"thumbnailUrl":"https:\/\/readybetwin.com\/wp-content\/uploads\/2020\/02\/cherries.jpg","datePublished":"2018-05-12T00:00:00+00:00","dateModified":"2023-03-04T19:32:16+00:00","description":"Spela snabbare med casino utan registrering. H\u00e4r hittar du de snabbaste casinosajterna d\u00e4r du \u00e4r ig\u00e5ng inom n\u00e5gra minuter.","breadcrumb":{"@id":"https:\/\/readybetwin.com\/sv\/casino\/utan-registrering\/#breadcrumb"},"inLanguage":"sv-SE","potentialAction":[{"@type":"ReadAction","target":["https:\/\/readybetwin.com\/sv\/casino\/utan-registrering\/"]}]},{"@type":"ImageObject","inLanguage":"sv-SE","@id":"https:\/\/readybetwin.com\/sv\/casino\/utan-registrering\/#primaryimage","url":"https:\/\/readybetwin.com\/wp-content\/uploads\/2020\/02\/cherries.jpg","contentUrl":"https:\/\/readybetwin.com\/wp-content\/uploads\/2020\/02\/cherries.jpg","width":1200,"height":800},{"@type":"BreadcrumbList","@id":"https:\/\/readybetwin.com\/sv\/casino\/utan-registrering\/#breadcrumb","itemListElement":[{"@type":"ListItem","position":1,"name":"Home","item":"https:\/\/readybetwin.com\/sv\/"},{"@type":"ListItem","position":2,"name":"Casino","item":"https:\/\/readybetwin.com\/sv\/casino\/"},{"@type":"ListItem","position":3,"name":"Utan registrering"}]},{"@type":"WebSite","@id":"https:\/\/readybetwin.com\/sv\/#website","url":"https:\/\/readybetwin.com\/sv\/","name":"Ready Bet Win","description":"Compare online casinos and betting sites","publisher":{"@id":"https:\/\/readybetwin.com\/sv\/#organization"},"potentialAction":[{"@type":"SearchAction","target":{"@type":"EntryPoint","urlTemplate":"https:\/\/readybetwin.com\/sv\/?s={search_term_string}"},"query-input":{"@type":"PropertyValueSpecification","valueRequired":true,"valueName":"search_term_string"}}],"inLanguage":"sv-SE"},{"@type":"Organization","@id":"https:\/\/readybetwin.com\/sv\/#organization","name":"Ready Bet Win","url":"https:\/\/readybetwin.com\/sv\/","logo":{"@type":"ImageObject","inLanguage":"sv-SE","@id":"https:\/\/readybetwin.com\/sv\/#\/schema\/logo\/image\/","url":"","contentUrl":"","caption":"Ready Bet Win"},"image":{"@id":"https:\/\/readybetwin.com\/sv\/#\/schema\/logo\/image\/"}}]}},"_links":{"self":[{"href":"https:\/\/readybetwin.com\/sv\/wp-json\/wp\/v2\/pages\/7352","targetHints":{"allow":["GET"]}}],"collection":[{"href":"https:\/\/readybetwin.com\/sv\/wp-json\/wp\/v2\/pages"}],"about":[{"href":"https:\/\/readybetwin.com\/sv\/wp-json\/wp\/v2\/types\/page"}],"author":[{"embeddable":true,"href":"https:\/\/readybetwin.com\/sv\/wp-json\/wp\/v2\/users\/1"}],"replies":[{"embeddable":true,"href":"https:\/\/readybetwin.com\/sv\/wp-json\/wp\/v2\/comments?post=7352"}],"version-history":[{"count":0,"href":"https:\/\/readybetwin.com\/sv\/wp-json\/wp\/v2\/pages\/7352\/revisions"}],"up":[{"embeddable":true,"href":"https:\/\/readybetwin.com\/sv\/wp-json\/wp\/v2\/pages\/7353"}],"wp:featuredmedia":[{"embeddable":true,"href":"https:\/\/readybetwin.com\/sv\/wp-json\/wp\/v2\/media\/14675"}],"wp:attachment":[{"href":"https:\/\/readybetwin.com\/sv\/wp-json\/wp\/v2\/media?parent=7352"}],"wp:term":[{"taxonomy":"category","embeddable":true,"href":"https:\/\/readybetwin.com\/sv\/wp-json\/wp\/v2\/categories?post=7352"}],"curies":[{"name":"wp","href":"https:\/\/api.w.org\/{rel}","templated":true}]}}