{"id":7350,"date":"2020-03-02T20:04:02","date_gmt":"2020-03-02T20:04:02","guid":{"rendered":"https:\/\/readybetwin.com\/guider\/"},"modified":"2020-03-05T20:10:14","modified_gmt":"2020-03-05T20:10:14","slug":"guider","status":"publish","type":"page","link":"https:\/\/readybetwin.com\/sv\/guider\/","title":{"rendered":"Guider"},"content":{"rendered":"<h2>En kunskapsbank f\u00f6r alla som bettar f\u00f6r pengar p\u00e5 n\u00e4tet<\/h2>\n<p>Kunskap \u00e4r makt var det en gammal engelsk filosof vid namn Francis Bacon som sa n\u00e5gon g\u00e5ng under 1500-talet. V\u00e5rt syfte \u00e4r att ge dig kunskap d\u00e4r vi guidar dig genom en sn\u00e5rig skog fylld med termer, villkor och mycket annat som tillkommer n\u00e4r du bettar online. Syftet \u00e4r att vara en handbok i form av guider som \u00e4r fyllda med svar p\u00e5 alla fr\u00e5gor som uppkommer.<\/p>\n<h4>Bakgrundskunskap alla borde ha n\u00e4r man spelar online<\/h4>\n<p>Bakgrundskunskap ger alltid en trygghet och d\u00e4rf\u00f6r h\u00e5ller vi med en grundl\u00e4ggande kunskapsbas i form av guider f\u00f6r att du skall k\u00e4nna dig tryggare i dina beslut. Vi g\u00f6r <a href=\"\/sv\/\">oberoende recensioner av alla svenska spelsidor p\u00e5 internet,<\/a> djupdyker bland alla spelformer, tittar n\u00e4rmare p\u00e5 betalningsmetoder, testar ofantligt m\u00e5nga spelteorier och mycket annat f\u00f6r att ge dig de absolut b\u00e4sta f\u00f6ruts\u00e4ttningarna n\u00e4r du satsar pengar p\u00e5 n\u00e4tet. Sj\u00e4lvklart kommer du kunna dra nytta \u00f6ver detta n\u00e4r du spelar i en fysisk butik eller p\u00e5 ett landbaserat casino.<\/p>\n<h4>Ta kloka beslut med de b\u00e4sta hasardspel guider<\/h4>\n<p>Ta strategiska beslut n\u00e4r du l\u00e4gger ditt v\u00e5gspel. F\u00f6rlita dig inte enbart p\u00e5 tillf\u00e4lligheterna utan l\u00e4s p\u00e5 med hj\u00e4lp av v\u00e5ra guider, l\u00e4r dig, ta r\u00e4tt beslut genom kalkylerade strategier f\u00f6r att \u00f6ka dina chanser att vinna och framf\u00f6rallt minimera dina f\u00f6rluster. Gl\u00f6m aldrig att n\u00e4r du spelar p\u00e5 slumpen kommer tur-faktorn alltid att finns d\u00e4r. Ibland har du turen p\u00e5 din sida och ibland har du inte turen p\u00e5 din sida.<\/p>\n<h3>Spelsystem med matematiska analyser f\u00f6r att \u00f6ka vinstchanserna<\/h3>\n<p>Spelsystem kan vara komplicerade matematiska sammanst\u00e4llningar som f\u00e5r gemene man att baxna. Vi tycker spel skall vara n\u00e5got roligt, inte n\u00e5got komplicerat. D\u00e4rf\u00f6r testar vi de flesta teorierna d\u00e4r vi f\u00f6rs\u00f6ker f\u00f6rklara dem p\u00e5 ett pedagogiskt vis f\u00f6r alla som inte har l\u00e4st matematik p\u00e5 en h\u00f6gre niv\u00e5 \u00e4n h\u00f6gstadiet.<\/p>\n<p>Hur utmanar man slumpfaktorn p\u00e5 b\u00e4sta m\u00f6jliga vis? Svaret \u00e4r enkelt: du beh\u00f6ver en plan som du h\u00e5ller dig till, l\u00e5t inte k\u00e4nslorna ta \u00f6ver. V\u00e4lj r\u00e4tt spelsystem som passar ditt spelande och pl\u00e5nbok b\u00e4st. \u00c4r du till exempel mer aggressiv och bettar med en modell st\u00f6rre pl\u00e5nbok \u00e4r det med h\u00f6gsta sannolikhet martingale spelsystem som g\u00e4ller f\u00f6r dig, \u00e4r du en spelare som spelar f\u00f6r mindre summor som inte \u00e4r lika risktagande, kanske ett annat spelsystem \u00e4r b\u00e4ttre f\u00f6r dig.<\/p>\n<p>Anv\u00e4nd v\u00e5r kunskapsbank och v\u00e5ra guider f\u00f6r att ta dig till r\u00e4tt beslut.<\/p>\n<h3>Encyklopedin f\u00f6r alla obegripliga termer<\/h3>\n<p>I de flesta segmenten uppst\u00e5r det alltid termer som \u00e4r obegripliga f\u00f6r den som saknar insyn eller \u00e4r helt novis. Spelandet utvecklas dagligen d\u00e4r det tillkommer nya termer p\u00e5 veckobasis. Vi sammanst\u00e4ller alla termer i v\u00e5ra guider f\u00f6r att g\u00f6ra det obegripliga till begripligt. Finns den en term som du ej f\u00f6rst\u00e5r, tveka inte, fr\u00e5ga f\u00f6r att f\u00e5 ett svar. Gl\u00f6m aldrig att de inte finns dumma fr\u00e5gor, bara dumma svar!<\/p>\n<h4>Casinon \u00e4r spelformen med flest termer<\/h4>\n<p>Casinon erbjuder hundratals olika spelm\u00f6jligheter som spelautomater till klassiska bordsspel vilket medf\u00f6r ett brett utbud av termer. Fr\u00e4mst \u00e4r det slotsmaskinerna som g\u00e5tt fr\u00e5n att vara enformiga till att erbjuda otaligt m\u00e5nga vinstm\u00f6jligheter. Spelutvecklarna kan mynta nya uttryck f\u00f6r att skapa ett st\u00f6rre intresse \u00f6ver deras nylanserade spel p\u00e5 de stora <a href=\"https:\/\/readybetwin.com\/sv\/casino\">svenska casino sidorna<\/a>.<\/p>\n<h4>Odds en mer sportig terminologi som anv\u00e4nds<\/h4>\n<p>Med st\u00f6rsta sannolikhet \u00e4r du redan sportintresserad om du spelar p\u00e5 odds vilket g\u00f6r det betydligt l\u00e4ttare att f\u00f6rst\u00e5 vad allt betyder. Trots det \u00e4r de inte alltid glasklart. Det finns olika produkter och olika s\u00e4tt att l\u00e4gga dina sportspel. Vad betyder det nyligen lagda bettet egentligen.<\/p>\n<h4>Lotto en enklare produkt med f\u00e4rre obegripliga termer<\/h4>\n<p>Lotterier har alltid haft en mystisk dragning till v\u00e4rldens befolkning trots att oddsen \u00e4r v\u00e4ldigt of\u00f6rdelaktiga. Lockelsen att vinna stort f\u00f6r en l\u00e5g insats g\u00f6r att m\u00e5nga b\u00f6rjar dr\u00f6mma. Du har s\u00e4kerligen funderat p\u00e5 \u00f6ver hur en Powerball-dragning fungerar eller hur du g\u00f6r f\u00f6r att vinna dr\u00f6mvinsten hos SvenskaSpel.<\/p>\n","protected":false},"excerpt":{"rendered":"<p>En kunskapsbank f\u00f6r alla som bettar f\u00f6r pengar p\u00e5 n\u00e4tet Kunskap \u00e4r makt var det en gammal engelsk filosof vid namn Francis Bacon som sa n\u00e5gon g\u00e5ng under 1500-talet. V\u00e5rt syfte \u00e4r att ge dig kunskap d\u00e4r vi guidar dig genom en sn\u00e5rig skog fylld med termer, villkor och mycket annat som tillkommer n\u00e4r du [&hellip;]<\/p>\n","protected":false},"author":1,"featured_media":17262,"parent":0,"menu_order":85,"comment_status":"closed","ping_status":"closed","template":"template-guides.php","meta":{"_acf_changed":false,"footnotes":""},"categories":[762],"class_list":["post-7350","page","type-page","status-publish","has-post-thumbnail","hentry","category-rbw"],"acf":[],"yoast_head":"<!-- This site is optimized with the Yoast SEO plugin v27.4 - https:\/\/yoast.com\/product\/yoast-seo-wordpress\/ -->\n<title>Guider | Ready Bet Win<\/title>\n<meta name=\"robots\" content=\"index, follow, max-snippet:-1, max-image-preview:large, max-video-preview:-1\" \/>\n<link rel=\"canonical\" href=\"https:\/\/readybetwin.com\/sv\/guider\/\" \/>\n<meta property=\"og:locale\" content=\"sv_SE\" \/>\n<meta property=\"og:type\" content=\"article\" \/>\n<meta property=\"og:title\" content=\"Guider | Ready Bet Win\" \/>\n<meta property=\"og:description\" content=\"En kunskapsbank f\u00f6r alla som bettar f\u00f6r pengar p\u00e5 n\u00e4tet Kunskap \u00e4r makt var det en gammal engelsk filosof vid namn Francis Bacon som sa n\u00e5gon g\u00e5ng under 1500-talet. V\u00e5rt syfte \u00e4r att ge dig kunskap d\u00e4r vi guidar dig genom en sn\u00e5rig skog fylld med termer, villkor och mycket annat som tillkommer n\u00e4r du [&hellip;]\" \/>\n<meta property=\"og:url\" content=\"https:\/\/readybetwin.com\/sv\/guider\/\" \/>\n<meta property=\"og:site_name\" content=\"Ready Bet Win\" \/>\n<meta property=\"article:modified_time\" content=\"2020-03-05T20:10:14+00:00\" \/>\n<meta property=\"og:image\" content=\"https:\/\/readybetwin.com\/wp-content\/uploads\/2020\/02\/compass.jpg\" \/>\n\t<meta property=\"og:image:width\" content=\"1920\" \/>\n\t<meta property=\"og:image:height\" content=\"1280\" \/>\n\t<meta property=\"og:image:type\" content=\"image\/jpeg\" \/>\n<meta name=\"twitter:card\" content=\"summary_large_image\" \/>\n<meta name=\"twitter:label1\" content=\"Ber\u00e4knad l\u00e4stid\" \/>\n\t<meta name=\"twitter:data1\" content=\"4 minuter\" \/>\n<script type=\"application\/ld+json\" class=\"yoast-schema-graph\">{\"@context\":\"https:\\\/\\\/schema.org\",\"@graph\":[{\"@type\":\"WebPage\",\"@id\":\"https:\\\/\\\/readybetwin.com\\\/sv\\\/guider\\\/\",\"url\":\"https:\\\/\\\/readybetwin.com\\\/sv\\\/guider\\\/\",\"name\":\"Guider | Ready Bet Win\",\"isPartOf\":{\"@id\":\"https:\\\/\\\/readybetwin.com\\\/sv\\\/#website\"},\"primaryImageOfPage\":{\"@id\":\"https:\\\/\\\/readybetwin.com\\\/sv\\\/guider\\\/#primaryimage\"},\"image\":{\"@id\":\"https:\\\/\\\/readybetwin.com\\\/sv\\\/guider\\\/#primaryimage\"},\"thumbnailUrl\":\"https:\\\/\\\/readybetwin.com\\\/wp-content\\\/uploads\\\/2020\\\/02\\\/compass.jpg\",\"datePublished\":\"2020-03-02T20:04:02+00:00\",\"dateModified\":\"2020-03-05T20:10:14+00:00\",\"breadcrumb\":{\"@id\":\"https:\\\/\\\/readybetwin.com\\\/sv\\\/guider\\\/#breadcrumb\"},\"inLanguage\":\"sv-SE\",\"potentialAction\":[{\"@type\":\"ReadAction\",\"target\":[\"https:\\\/\\\/readybetwin.com\\\/sv\\\/guider\\\/\"]}]},{\"@type\":\"ImageObject\",\"inLanguage\":\"sv-SE\",\"@id\":\"https:\\\/\\\/readybetwin.com\\\/sv\\\/guider\\\/#primaryimage\",\"url\":\"https:\\\/\\\/readybetwin.com\\\/wp-content\\\/uploads\\\/2020\\\/02\\\/compass.jpg\",\"contentUrl\":\"https:\\\/\\\/readybetwin.com\\\/wp-content\\\/uploads\\\/2020\\\/02\\\/compass.jpg\",\"width\":1920,\"height\":1280},{\"@type\":\"BreadcrumbList\",\"@id\":\"https:\\\/\\\/readybetwin.com\\\/sv\\\/guider\\\/#breadcrumb\",\"itemListElement\":[{\"@type\":\"ListItem\",\"position\":1,\"name\":\"Home\",\"item\":\"https:\\\/\\\/readybetwin.com\\\/sv\\\/\"},{\"@type\":\"ListItem\",\"position\":2,\"name\":\"Guider\"}]},{\"@type\":\"WebSite\",\"@id\":\"https:\\\/\\\/readybetwin.com\\\/sv\\\/#website\",\"url\":\"https:\\\/\\\/readybetwin.com\\\/sv\\\/\",\"name\":\"Ready Bet Win\",\"description\":\"Compare online casinos and betting sites\",\"publisher\":{\"@id\":\"https:\\\/\\\/readybetwin.com\\\/sv\\\/#organization\"},\"potentialAction\":[{\"@type\":\"SearchAction\",\"target\":{\"@type\":\"EntryPoint\",\"urlTemplate\":\"https:\\\/\\\/readybetwin.com\\\/sv\\\/?s={search_term_string}\"},\"query-input\":{\"@type\":\"PropertyValueSpecification\",\"valueRequired\":true,\"valueName\":\"search_term_string\"}}],\"inLanguage\":\"sv-SE\"},{\"@type\":\"Organization\",\"@id\":\"https:\\\/\\\/readybetwin.com\\\/sv\\\/#organization\",\"name\":\"Ready Bet Win\",\"url\":\"https:\\\/\\\/readybetwin.com\\\/sv\\\/\",\"logo\":{\"@type\":\"ImageObject\",\"inLanguage\":\"sv-SE\",\"@id\":\"https:\\\/\\\/readybetwin.com\\\/sv\\\/#\\\/schema\\\/logo\\\/image\\\/\",\"url\":\"\",\"contentUrl\":\"\",\"caption\":\"Ready Bet Win\"},\"image\":{\"@id\":\"https:\\\/\\\/readybetwin.com\\\/sv\\\/#\\\/schema\\\/logo\\\/image\\\/\"}}]}<\/script>\n<!-- \/ Yoast SEO plugin. -->","yoast_head_json":{"title":"Guider | Ready Bet Win","robots":{"index":"index","follow":"follow","max-snippet":"max-snippet:-1","max-image-preview":"max-image-preview:large","max-video-preview":"max-video-preview:-1"},"canonical":"https:\/\/readybetwin.com\/sv\/guider\/","og_locale":"sv_SE","og_type":"article","og_title":"Guider | Ready Bet Win","og_description":"En kunskapsbank f\u00f6r alla som bettar f\u00f6r pengar p\u00e5 n\u00e4tet Kunskap \u00e4r makt var det en gammal engelsk filosof vid namn Francis Bacon som sa n\u00e5gon g\u00e5ng under 1500-talet. V\u00e5rt syfte \u00e4r att ge dig kunskap d\u00e4r vi guidar dig genom en sn\u00e5rig skog fylld med termer, villkor och mycket annat som tillkommer n\u00e4r du [&hellip;]","og_url":"https:\/\/readybetwin.com\/sv\/guider\/","og_site_name":"Ready Bet Win","article_modified_time":"2020-03-05T20:10:14+00:00","og_image":[{"width":1920,"height":1280,"url":"https:\/\/readybetwin.com\/wp-content\/uploads\/2020\/02\/compass.jpg","type":"image\/jpeg"}],"twitter_card":"summary_large_image","twitter_misc":{"Ber\u00e4knad l\u00e4stid":"4 minuter"},"schema":{"@context":"https:\/\/schema.org","@graph":[{"@type":"WebPage","@id":"https:\/\/readybetwin.com\/sv\/guider\/","url":"https:\/\/readybetwin.com\/sv\/guider\/","name":"Guider | Ready Bet Win","isPartOf":{"@id":"https:\/\/readybetwin.com\/sv\/#website"},"primaryImageOfPage":{"@id":"https:\/\/readybetwin.com\/sv\/guider\/#primaryimage"},"image":{"@id":"https:\/\/readybetwin.com\/sv\/guider\/#primaryimage"},"thumbnailUrl":"https:\/\/readybetwin.com\/wp-content\/uploads\/2020\/02\/compass.jpg","datePublished":"2020-03-02T20:04:02+00:00","dateModified":"2020-03-05T20:10:14+00:00","breadcrumb":{"@id":"https:\/\/readybetwin.com\/sv\/guider\/#breadcrumb"},"inLanguage":"sv-SE","potentialAction":[{"@type":"ReadAction","target":["https:\/\/readybetwin.com\/sv\/guider\/"]}]},{"@type":"ImageObject","inLanguage":"sv-SE","@id":"https:\/\/readybetwin.com\/sv\/guider\/#primaryimage","url":"https:\/\/readybetwin.com\/wp-content\/uploads\/2020\/02\/compass.jpg","contentUrl":"https:\/\/readybetwin.com\/wp-content\/uploads\/2020\/02\/compass.jpg","width":1920,"height":1280},{"@type":"BreadcrumbList","@id":"https:\/\/readybetwin.com\/sv\/guider\/#breadcrumb","itemListElement":[{"@type":"ListItem","position":1,"name":"Home","item":"https:\/\/readybetwin.com\/sv\/"},{"@type":"ListItem","position":2,"name":"Guider"}]},{"@type":"WebSite","@id":"https:\/\/readybetwin.com\/sv\/#website","url":"https:\/\/readybetwin.com\/sv\/","name":"Ready Bet Win","description":"Compare online casinos and betting sites","publisher":{"@id":"https:\/\/readybetwin.com\/sv\/#organization"},"potentialAction":[{"@type":"SearchAction","target":{"@type":"EntryPoint","urlTemplate":"https:\/\/readybetwin.com\/sv\/?s={search_term_string}"},"query-input":{"@type":"PropertyValueSpecification","valueRequired":true,"valueName":"search_term_string"}}],"inLanguage":"sv-SE"},{"@type":"Organization","@id":"https:\/\/readybetwin.com\/sv\/#organization","name":"Ready Bet Win","url":"https:\/\/readybetwin.com\/sv\/","logo":{"@type":"ImageObject","inLanguage":"sv-SE","@id":"https:\/\/readybetwin.com\/sv\/#\/schema\/logo\/image\/","url":"","contentUrl":"","caption":"Ready Bet Win"},"image":{"@id":"https:\/\/readybetwin.com\/sv\/#\/schema\/logo\/image\/"}}]}},"_links":{"self":[{"href":"https:\/\/readybetwin.com\/sv\/wp-json\/wp\/v2\/pages\/7350","targetHints":{"allow":["GET"]}}],"collection":[{"href":"https:\/\/readybetwin.com\/sv\/wp-json\/wp\/v2\/pages"}],"about":[{"href":"https:\/\/readybetwin.com\/sv\/wp-json\/wp\/v2\/types\/page"}],"author":[{"embeddable":true,"href":"https:\/\/readybetwin.com\/sv\/wp-json\/wp\/v2\/users\/1"}],"replies":[{"embeddable":true,"href":"https:\/\/readybetwin.com\/sv\/wp-json\/wp\/v2\/comments?post=7350"}],"version-history":[{"count":0,"href":"https:\/\/readybetwin.com\/sv\/wp-json\/wp\/v2\/pages\/7350\/revisions"}],"wp:featuredmedia":[{"embeddable":true,"href":"https:\/\/readybetwin.com\/sv\/wp-json\/wp\/v2\/media\/17262"}],"wp:attachment":[{"href":"https:\/\/readybetwin.com\/sv\/wp-json\/wp\/v2\/media?parent=7350"}],"wp:term":[{"taxonomy":"category","embeddable":true,"href":"https:\/\/readybetwin.com\/sv\/wp-json\/wp\/v2\/categories?post=7350"}],"curies":[{"name":"wp","href":"https:\/\/api.w.org\/{rel}","templated":true}]}}