{"id":7349,"date":"2018-10-02T00:00:00","date_gmt":"2018-10-02T00:00:00","guid":{"rendered":"https:\/\/readybetwin.com\/nyheter\/"},"modified":"2020-02-06T21:53:17","modified_gmt":"2020-02-06T21:53:17","slug":"nyheter","status":"publish","type":"page","link":"https:\/\/readybetwin.com\/sv\/nyheter\/","title":{"rendered":"Nyheter"},"content":{"rendered":"","protected":false},"excerpt":{"rendered":"","protected":false},"author":1,"featured_media":14668,"parent":0,"menu_order":8,"comment_status":"open","ping_status":"closed","template":"template-news.php","meta":{"_acf_changed":false,"footnotes":""},"categories":[762],"class_list":["post-7349","page","type-page","status-publish","has-post-thumbnail","hentry","category-rbw"],"acf":[],"yoast_head":"<!-- This site is optimized with the Yoast SEO plugin v27.4 - https:\/\/yoast.com\/product\/yoast-seo-wordpress\/ -->\n<title>Nyheter | Ready Bet Win<\/title>\n<meta name=\"description\" content=\"L\u00e4s nyheter inom casino och betting. Vi rapportar fr\u00e5n sportv\u00e4rlden och ger dig aktuella casinoerbjudanden.\" \/>\n<meta name=\"robots\" content=\"index, follow, max-snippet:-1, max-image-preview:large, max-video-preview:-1\" \/>\n<link rel=\"canonical\" href=\"https:\/\/readybetwin.com\/sv\/nyheter\/\" \/>\n<meta property=\"og:locale\" content=\"sv_SE\" \/>\n<meta property=\"og:type\" content=\"article\" \/>\n<meta property=\"og:title\" content=\"Nyheter | Ready Bet Win\" \/>\n<meta property=\"og:description\" content=\"L\u00e4s nyheter inom casino och betting. Vi rapportar fr\u00e5n sportv\u00e4rlden och ger dig aktuella casinoerbjudanden.\" \/>\n<meta property=\"og:url\" content=\"https:\/\/readybetwin.com\/sv\/nyheter\/\" \/>\n<meta property=\"og:site_name\" content=\"Ready Bet Win\" \/>\n<meta property=\"article:modified_time\" content=\"2020-02-06T21:53:17+00:00\" \/>\n<meta property=\"og:image\" content=\"https:\/\/readybetwin.com\/wp-content\/uploads\/2020\/02\/news.jpg\" \/>\n\t<meta property=\"og:image:width\" content=\"1920\" \/>\n\t<meta property=\"og:image:height\" content=\"1280\" \/>\n\t<meta property=\"og:image:type\" content=\"image\/jpeg\" \/>\n<meta name=\"twitter:card\" content=\"summary_large_image\" \/>\n<script type=\"application\/ld+json\" class=\"yoast-schema-graph\">{\"@context\":\"https:\\\/\\\/schema.org\",\"@graph\":[{\"@type\":\"WebPage\",\"@id\":\"https:\\\/\\\/readybetwin.com\\\/sv\\\/nyheter\\\/\",\"url\":\"https:\\\/\\\/readybetwin.com\\\/sv\\\/nyheter\\\/\",\"name\":\"Nyheter | Ready Bet Win\",\"isPartOf\":{\"@id\":\"https:\\\/\\\/readybetwin.com\\\/sv\\\/#website\"},\"primaryImageOfPage\":{\"@id\":\"https:\\\/\\\/readybetwin.com\\\/sv\\\/nyheter\\\/#primaryimage\"},\"image\":{\"@id\":\"https:\\\/\\\/readybetwin.com\\\/sv\\\/nyheter\\\/#primaryimage\"},\"thumbnailUrl\":\"https:\\\/\\\/readybetwin.com\\\/wp-content\\\/uploads\\\/2020\\\/02\\\/news.jpg\",\"datePublished\":\"2018-10-02T00:00:00+00:00\",\"dateModified\":\"2020-02-06T21:53:17+00:00\",\"description\":\"L\u00e4s nyheter inom casino och betting. Vi rapportar fr\u00e5n sportv\u00e4rlden och ger dig aktuella casinoerbjudanden.\",\"breadcrumb\":{\"@id\":\"https:\\\/\\\/readybetwin.com\\\/sv\\\/nyheter\\\/#breadcrumb\"},\"inLanguage\":\"sv-SE\",\"potentialAction\":[{\"@type\":\"ReadAction\",\"target\":[\"https:\\\/\\\/readybetwin.com\\\/sv\\\/nyheter\\\/\"]}]},{\"@type\":\"ImageObject\",\"inLanguage\":\"sv-SE\",\"@id\":\"https:\\\/\\\/readybetwin.com\\\/sv\\\/nyheter\\\/#primaryimage\",\"url\":\"https:\\\/\\\/readybetwin.com\\\/wp-content\\\/uploads\\\/2020\\\/02\\\/news.jpg\",\"contentUrl\":\"https:\\\/\\\/readybetwin.com\\\/wp-content\\\/uploads\\\/2020\\\/02\\\/news.jpg\",\"width\":1920,\"height\":1280},{\"@type\":\"BreadcrumbList\",\"@id\":\"https:\\\/\\\/readybetwin.com\\\/sv\\\/nyheter\\\/#breadcrumb\",\"itemListElement\":[{\"@type\":\"ListItem\",\"position\":1,\"name\":\"Home\",\"item\":\"https:\\\/\\\/readybetwin.com\\\/sv\\\/\"},{\"@type\":\"ListItem\",\"position\":2,\"name\":\"Nyheter\"}]},{\"@type\":\"WebSite\",\"@id\":\"https:\\\/\\\/readybetwin.com\\\/sv\\\/#website\",\"url\":\"https:\\\/\\\/readybetwin.com\\\/sv\\\/\",\"name\":\"Ready Bet Win\",\"description\":\"Compare online casinos and betting sites\",\"publisher\":{\"@id\":\"https:\\\/\\\/readybetwin.com\\\/sv\\\/#organization\"},\"potentialAction\":[{\"@type\":\"SearchAction\",\"target\":{\"@type\":\"EntryPoint\",\"urlTemplate\":\"https:\\\/\\\/readybetwin.com\\\/sv\\\/?s={search_term_string}\"},\"query-input\":{\"@type\":\"PropertyValueSpecification\",\"valueRequired\":true,\"valueName\":\"search_term_string\"}}],\"inLanguage\":\"sv-SE\"},{\"@type\":\"Organization\",\"@id\":\"https:\\\/\\\/readybetwin.com\\\/sv\\\/#organization\",\"name\":\"Ready Bet Win\",\"url\":\"https:\\\/\\\/readybetwin.com\\\/sv\\\/\",\"logo\":{\"@type\":\"ImageObject\",\"inLanguage\":\"sv-SE\",\"@id\":\"https:\\\/\\\/readybetwin.com\\\/sv\\\/#\\\/schema\\\/logo\\\/image\\\/\",\"url\":\"\",\"contentUrl\":\"\",\"caption\":\"Ready Bet Win\"},\"image\":{\"@id\":\"https:\\\/\\\/readybetwin.com\\\/sv\\\/#\\\/schema\\\/logo\\\/image\\\/\"}}]}<\/script>\n<!-- \/ Yoast SEO plugin. -->","yoast_head_json":{"title":"Nyheter | Ready Bet Win","description":"L\u00e4s nyheter inom casino och betting. Vi rapportar fr\u00e5n sportv\u00e4rlden och ger dig aktuella casinoerbjudanden.","robots":{"index":"index","follow":"follow","max-snippet":"max-snippet:-1","max-image-preview":"max-image-preview:large","max-video-preview":"max-video-preview:-1"},"canonical":"https:\/\/readybetwin.com\/sv\/nyheter\/","og_locale":"sv_SE","og_type":"article","og_title":"Nyheter | Ready Bet Win","og_description":"L\u00e4s nyheter inom casino och betting. Vi rapportar fr\u00e5n sportv\u00e4rlden och ger dig aktuella casinoerbjudanden.","og_url":"https:\/\/readybetwin.com\/sv\/nyheter\/","og_site_name":"Ready Bet Win","article_modified_time":"2020-02-06T21:53:17+00:00","og_image":[{"width":1920,"height":1280,"url":"https:\/\/readybetwin.com\/wp-content\/uploads\/2020\/02\/news.jpg","type":"image\/jpeg"}],"twitter_card":"summary_large_image","schema":{"@context":"https:\/\/schema.org","@graph":[{"@type":"WebPage","@id":"https:\/\/readybetwin.com\/sv\/nyheter\/","url":"https:\/\/readybetwin.com\/sv\/nyheter\/","name":"Nyheter | Ready Bet Win","isPartOf":{"@id":"https:\/\/readybetwin.com\/sv\/#website"},"primaryImageOfPage":{"@id":"https:\/\/readybetwin.com\/sv\/nyheter\/#primaryimage"},"image":{"@id":"https:\/\/readybetwin.com\/sv\/nyheter\/#primaryimage"},"thumbnailUrl":"https:\/\/readybetwin.com\/wp-content\/uploads\/2020\/02\/news.jpg","datePublished":"2018-10-02T00:00:00+00:00","dateModified":"2020-02-06T21:53:17+00:00","description":"L\u00e4s nyheter inom casino och betting. Vi rapportar fr\u00e5n sportv\u00e4rlden och ger dig aktuella casinoerbjudanden.","breadcrumb":{"@id":"https:\/\/readybetwin.com\/sv\/nyheter\/#breadcrumb"},"inLanguage":"sv-SE","potentialAction":[{"@type":"ReadAction","target":["https:\/\/readybetwin.com\/sv\/nyheter\/"]}]},{"@type":"ImageObject","inLanguage":"sv-SE","@id":"https:\/\/readybetwin.com\/sv\/nyheter\/#primaryimage","url":"https:\/\/readybetwin.com\/wp-content\/uploads\/2020\/02\/news.jpg","contentUrl":"https:\/\/readybetwin.com\/wp-content\/uploads\/2020\/02\/news.jpg","width":1920,"height":1280},{"@type":"BreadcrumbList","@id":"https:\/\/readybetwin.com\/sv\/nyheter\/#breadcrumb","itemListElement":[{"@type":"ListItem","position":1,"name":"Home","item":"https:\/\/readybetwin.com\/sv\/"},{"@type":"ListItem","position":2,"name":"Nyheter"}]},{"@type":"WebSite","@id":"https:\/\/readybetwin.com\/sv\/#website","url":"https:\/\/readybetwin.com\/sv\/","name":"Ready Bet Win","description":"Compare online casinos and betting sites","publisher":{"@id":"https:\/\/readybetwin.com\/sv\/#organization"},"potentialAction":[{"@type":"SearchAction","target":{"@type":"EntryPoint","urlTemplate":"https:\/\/readybetwin.com\/sv\/?s={search_term_string}"},"query-input":{"@type":"PropertyValueSpecification","valueRequired":true,"valueName":"search_term_string"}}],"inLanguage":"sv-SE"},{"@type":"Organization","@id":"https:\/\/readybetwin.com\/sv\/#organization","name":"Ready Bet Win","url":"https:\/\/readybetwin.com\/sv\/","logo":{"@type":"ImageObject","inLanguage":"sv-SE","@id":"https:\/\/readybetwin.com\/sv\/#\/schema\/logo\/image\/","url":"","contentUrl":"","caption":"Ready Bet Win"},"image":{"@id":"https:\/\/readybetwin.com\/sv\/#\/schema\/logo\/image\/"}}]}},"_links":{"self":[{"href":"https:\/\/readybetwin.com\/sv\/wp-json\/wp\/v2\/pages\/7349","targetHints":{"allow":["GET"]}}],"collection":[{"href":"https:\/\/readybetwin.com\/sv\/wp-json\/wp\/v2\/pages"}],"about":[{"href":"https:\/\/readybetwin.com\/sv\/wp-json\/wp\/v2\/types\/page"}],"author":[{"embeddable":true,"href":"https:\/\/readybetwin.com\/sv\/wp-json\/wp\/v2\/users\/1"}],"replies":[{"embeddable":true,"href":"https:\/\/readybetwin.com\/sv\/wp-json\/wp\/v2\/comments?post=7349"}],"version-history":[{"count":0,"href":"https:\/\/readybetwin.com\/sv\/wp-json\/wp\/v2\/pages\/7349\/revisions"}],"wp:featuredmedia":[{"embeddable":true,"href":"https:\/\/readybetwin.com\/sv\/wp-json\/wp\/v2\/media\/14668"}],"wp:attachment":[{"href":"https:\/\/readybetwin.com\/sv\/wp-json\/wp\/v2\/media?parent=7349"}],"wp:term":[{"taxonomy":"category","embeddable":true,"href":"https:\/\/readybetwin.com\/sv\/wp-json\/wp\/v2\/categories?post=7349"}],"curies":[{"name":"wp","href":"https:\/\/api.w.org\/{rel}","templated":true}]}}