{"id":7346,"date":"2018-11-30T00:00:00","date_gmt":"2018-11-30T00:00:00","guid":{"rendered":"https:\/\/readybetwin.com\/spela-lotto-online-pa-svenska\/"},"modified":"2020-03-05T13:36:59","modified_gmt":"2020-03-05T13:36:59","slug":"lotto","status":"publish","type":"page","link":"https:\/\/readybetwin.com\/sv\/bingo-lotto\/lotto\/","title":{"rendered":"Lotto"},"content":{"rendered":"<h2>Historik kring att spela lotto<\/h2>\n<p>F\u00f6r dig kan Lotto var v\u00e4lk\u00e4nt och kanske \u00e4r du en stor spelare, eller s\u00e5 har du aldrig spelat det. Oavsett vad s\u00e5 ska vi ge lite bakgrund kring spelet och hur det fungerar.<br \/>\nF\u00f6rsta g\u00e5ngen man h\u00f6r talas om Lotto-spel \u00e4r p\u00e5 1500-talet. D\u00e5 g\u00e5r lotto spelet ut p\u00e5 att man ska d\u00e5 markera ett antal tal p\u00e5 en karta med 15 nummer. Vinnande nummer dras sedan p\u00e5 n\u00e5got slumpartat s\u00e4tt. Att spela lotto har s\u00e4kert varit p\u00e5 flera olika s\u00e4tt under historiens g\u00e5ng men grunden \u00e4r densamma, du ska v\u00e4lja ett antal nummer.<\/p>\n<p>F\u00f6r oss svenskar s\u00e5 kom Lotto ig\u00e5ng 1980 d\u00e5 det lanserades av det statliga spelbolaget Tipstj\u00e4nst, som numera \u00e4r Svenska Spel Tur. Fr\u00e5n b\u00f6rjan skulle man v\u00e4lja ut 7 nummer p\u00e5 en karta med 35 nummer fr\u00e5n 1-36. I denna variant kunde man \u00e4ven vinna som i en stege ifall man hade 5 nummer, eller 6 nummer r\u00e4tt.<br \/>\nVartefter spelet utvecklades lade man till till\u00e4ggsnummer och \u00e4ven ett jokernummer lades till. Ifall inga vinster f\u00f6ll ut p\u00e5 7 r\u00e4tt den aktuella spelveckan s\u00e5 \u00f6verf\u00f6rdes vinstbeloppet till n\u00e4sta vecka och hela tiden \u00f6kade. P\u00e5 det s\u00e4ttet kunde stora summor delas ut till den som till slut vann. Svenska Spel lotto har delat ut n\u00e5gra av de h\u00f6gsta vinsterna n\u00e5gonsin i spelbranchsen.<br \/>\nVissa spelare har spelat samma nummer hela tiden och varit fantastiskt envisa och i vissa fall har det ocks\u00e5 slagit in och de har blivit m\u00e5ngmiljon\u00e4rer.<\/p>\n<h2>Hur spelar man Lotto?<\/h2>\n<p>I spelet Lotto g\u00e4ller det att pricka in sju nummer av totalt 35. Men det \u00e4r inte allt, h\u00e4r kan du f\u00e5 dr\u00f6mvinsten och \u00e4ven miljonregnet. Vi ska ber\u00e4tta mer om hur det fungerar.<br \/>\nOm du lyckas f\u00e5 in sju nummer r\u00e4tt och du \u00e4r ensam om detta \u00e4r du faktiskt garanterad en miljon kronor i vinst.<br \/>\nN\u00e4r dragningen sker drar man \u00e4ven fyra till\u00e4ggsnummer. Du kan allts\u00e5 vinna \u00e4ven p\u00e5 6 r\u00e4tta nummer + till\u00e4ggsnummer.<\/p>\n<h3>Spela lotto f\u00f6r att vinna Dr\u00f6mvinsten<\/h3>\n<p>Om du vill ha chans p\u00e5 dr\u00f6mvinsten i Lotto ska du spela Lotto f\u00f6r minst 3 kronor och Joker f\u00f6r minst 10 kronor. D\u00e5 har du chans att \u00e4ven vinna Dr\u00f6mvinsten. Den vinsten \u00e4r alltid minst 75 miljoner kronor. F\u00f6r att vinna dr\u00f6mvinsten beh\u00f6ver du ha sju r\u00e4tt p\u00e5 Lotto och sedan minst tv\u00e5 nummer r\u00e4tt p\u00e5 Jokernumret. N\u00e4r denna vinst faller ut sker ocks\u00e5 n\u00e5got annat, n\u00e4mligen att Miljonregnet aktiveras. Detta f\u00f6rklarar vi nedan.<\/p>\n<h3>Hur vinner man p\u00e5 Miljonregnet p\u00e5 Lotto?<\/h3>\n<p>Om Dr\u00f6mvinsten faller ut s\u00e5 aktiveras \u00e4ven Miljonregnet. Det betyder att de som vunnit med 6 r\u00e4tt + 1 till\u00e4ggsnummer och som har spelat p\u00e5 Joker i samma dragning som Dr\u00f6mvinsten f\u00e5r sin vinst uppr\u00e4knad till 1 miljon kronor. Miljon\u00e4rsfabriken Lotto kallar man spelet d\u00e5 du helt enkelt inte beh\u00f6ver ha sju r\u00e4tt f\u00f6r att bli miljon\u00e4r p\u00e5 detta spel. Miljonregnet g\u00f6r det m\u00f6jligt f\u00f6r m\u00e5nga vinnare att bli miljon\u00e4rer.<\/p>\n<h3>Hur vinner man p\u00e5 Joker i Lotto?<\/h3>\n<p>Vill du ha chans p\u00e5 Dr\u00f6mvinsten beh\u00f6ver du spela Joker, som \u00e4r ett till\u00e4ggsspel ihop med Lotto. H\u00e4r vinner du p\u00e5 numret om du har minst tv\u00e5 r\u00e4tt p\u00e5 siffrorna i jokernumret framifr\u00e5n eller bakifr\u00e5n. Det betyder att du kan vinna tv\u00e5 g\u00e5nger p\u00e5 samma nummer, en g\u00e5ng bakifr\u00e5n och en g\u00e5ng framifr\u00e5n.<\/p>\n<h3>Spela p\u00e5 lotto med prenumeration<\/h3>\n<p>Du kan prenumera p\u00e5 lotto och det kan vara smart. T\u00e4nk om dina turnummer vinner och du inte l\u00e4mnat in din rad. Vilken katastrof! Passa p\u00e5 att g\u00f6ra en prenumeration och ha en eller flera st\u00e5ende rader. Vem vet, r\u00e4tt vad det \u00e4r s\u00e5 sl\u00e5r kanske nummerna in och du sitter d\u00e4r hemma i soffan med flera miljoner i handen.<\/p>\n<h3>Spela p\u00e5 Powerball MegaMillions och flera lottospel online<\/h3>\n<p>Idag kan du spela p\u00e5 flera av dessa superstora lottodragningar som finns i hela v\u00e4rlden. Det finns flera leverant\u00f6rer av dessa spel och du hittar dom p\u00e5 v\u00e5r <a href=\"https:\/\/readybetwin.com\/sv\/bingo-lotto\/lotto\">lotto sida<\/a>.<br \/>\nDu spelar p\u00e5 ett lite annat s\u00e4tt p\u00e5 dessa sidor och det handlar om betting p\u00e5 lotto eller vadh\u00e5llning. Det inneb\u00e4r att du spelar p\u00e5 utfallet i ett riktigt lotteri. H\u00e4r l\u00e4gger du inte en vanlig rad eller att du f\u00e5r en kupong.<br \/>\nAff\u00e4rsmodellen hos dessa f\u00f6retag \u00e4r att om dina nummer blir de r\u00e4tta s\u00e5 faller en vinstf\u00f6rs\u00e4kring ut som hanterar de stora prissummorna. P\u00e5 detta s\u00e4tt kan du allts\u00e5 vara med och spela p\u00e5 de st\u00f6rsta lotto spelen i v\u00e4rlden.<\/p>\n<p>Vi hoppas att du haft nytta av informationen med lotto online och att vi har kunnat guida dig till b\u00e4sta lotto spel. V\u00e5r m\u00e5ls\u00e4ttning var att g\u00f6ra en svensk lotto guide och om n\u00e5got saknas f\u00e5r du g\u00e4rna tipsa oss. Har du inte spelat lotto tidigare tycker vi absolut att du ska prova n\u00e5gra rader. Som man brukar s\u00e4ga, spelar man inte har man inte heller m\u00f6jligheten att vinna.<\/p>\n","protected":false},"excerpt":{"rendered":"<p>Historik kring att spela lotto F\u00f6r dig kan Lotto var v\u00e4lk\u00e4nt och kanske \u00e4r du en stor spelare, eller s\u00e5 har du aldrig spelat det. Oavsett vad s\u00e5 ska vi ge lite bakgrund kring spelet och hur det fungerar. F\u00f6rsta g\u00e5ngen man h\u00f6r talas om Lotto-spel \u00e4r p\u00e5 1500-talet. D\u00e5 g\u00e5r lotto spelet ut p\u00e5 [&hellip;]<\/p>\n","protected":false},"author":1,"featured_media":14676,"parent":7345,"menu_order":80,"comment_status":"open","ping_status":"closed","template":"","meta":{"_acf_changed":false,"footnotes":""},"categories":[8],"class_list":["post-7346","page","type-page","status-publish","has-post-thumbnail","hentry","category-bingo-lotto"],"acf":[],"yoast_head":"<!-- This site is optimized with the Yoast SEO plugin v27.3 - https:\/\/yoast.com\/product\/yoast-seo-wordpress\/ -->\n<title>Lotto | Ready Bet Win<\/title>\n<meta name=\"robots\" content=\"index, follow, max-snippet:-1, max-image-preview:large, max-video-preview:-1\" \/>\n<link rel=\"canonical\" href=\"https:\/\/readybetwin.com\/sv\/bingo-lotto\/lotto\/\" \/>\n<meta property=\"og:locale\" content=\"sv_SE\" \/>\n<meta property=\"og:type\" content=\"article\" \/>\n<meta property=\"og:title\" content=\"Lotto | Ready Bet Win\" \/>\n<meta property=\"og:description\" content=\"Historik kring att spela lotto F\u00f6r dig kan Lotto var v\u00e4lk\u00e4nt och kanske \u00e4r du en stor spelare, eller s\u00e5 har du aldrig spelat det. Oavsett vad s\u00e5 ska vi ge lite bakgrund kring spelet och hur det fungerar. F\u00f6rsta g\u00e5ngen man h\u00f6r talas om Lotto-spel \u00e4r p\u00e5 1500-talet. D\u00e5 g\u00e5r lotto spelet ut p\u00e5 [&hellip;]\" \/>\n<meta property=\"og:url\" content=\"https:\/\/readybetwin.com\/sv\/bingo-lotto\/lotto\/\" \/>\n<meta property=\"og:site_name\" content=\"Ready Bet Win\" \/>\n<meta property=\"article:modified_time\" content=\"2020-03-05T13:36:59+00:00\" \/>\n<meta property=\"og:image\" content=\"https:\/\/readybetwin.com\/wp-content\/uploads\/2020\/02\/lotto.jpg\" \/>\n\t<meta property=\"og:image:width\" content=\"1920\" \/>\n\t<meta property=\"og:image:height\" content=\"1280\" \/>\n\t<meta property=\"og:image:type\" content=\"image\/jpeg\" \/>\n<meta name=\"twitter:card\" content=\"summary_large_image\" \/>\n<meta name=\"twitter:label1\" content=\"Ber\u00e4knad l\u00e4stid\" \/>\n\t<meta name=\"twitter:data1\" content=\"5 minuter\" \/>\n<script type=\"application\/ld+json\" class=\"yoast-schema-graph\">{\"@context\":\"https:\\\/\\\/schema.org\",\"@graph\":[{\"@type\":\"WebPage\",\"@id\":\"https:\\\/\\\/readybetwin.com\\\/sv\\\/bingo-lotto\\\/lotto\\\/\",\"url\":\"https:\\\/\\\/readybetwin.com\\\/sv\\\/bingo-lotto\\\/lotto\\\/\",\"name\":\"Lotto | Ready Bet Win\",\"isPartOf\":{\"@id\":\"https:\\\/\\\/readybetwin.com\\\/sv\\\/#website\"},\"primaryImageOfPage\":{\"@id\":\"https:\\\/\\\/readybetwin.com\\\/sv\\\/bingo-lotto\\\/lotto\\\/#primaryimage\"},\"image\":{\"@id\":\"https:\\\/\\\/readybetwin.com\\\/sv\\\/bingo-lotto\\\/lotto\\\/#primaryimage\"},\"thumbnailUrl\":\"https:\\\/\\\/readybetwin.com\\\/wp-content\\\/uploads\\\/2020\\\/02\\\/lotto.jpg\",\"datePublished\":\"2018-11-30T00:00:00+00:00\",\"dateModified\":\"2020-03-05T13:36:59+00:00\",\"breadcrumb\":{\"@id\":\"https:\\\/\\\/readybetwin.com\\\/sv\\\/bingo-lotto\\\/lotto\\\/#breadcrumb\"},\"inLanguage\":\"sv-SE\",\"potentialAction\":[{\"@type\":\"ReadAction\",\"target\":[\"https:\\\/\\\/readybetwin.com\\\/sv\\\/bingo-lotto\\\/lotto\\\/\"]}]},{\"@type\":\"ImageObject\",\"inLanguage\":\"sv-SE\",\"@id\":\"https:\\\/\\\/readybetwin.com\\\/sv\\\/bingo-lotto\\\/lotto\\\/#primaryimage\",\"url\":\"https:\\\/\\\/readybetwin.com\\\/wp-content\\\/uploads\\\/2020\\\/02\\\/lotto.jpg\",\"contentUrl\":\"https:\\\/\\\/readybetwin.com\\\/wp-content\\\/uploads\\\/2020\\\/02\\\/lotto.jpg\",\"width\":1920,\"height\":1280},{\"@type\":\"BreadcrumbList\",\"@id\":\"https:\\\/\\\/readybetwin.com\\\/sv\\\/bingo-lotto\\\/lotto\\\/#breadcrumb\",\"itemListElement\":[{\"@type\":\"ListItem\",\"position\":1,\"name\":\"Home\",\"item\":\"https:\\\/\\\/readybetwin.com\\\/sv\\\/\"},{\"@type\":\"ListItem\",\"position\":2,\"name\":\"Bingo & Lotto\",\"item\":\"https:\\\/\\\/readybetwin.com\\\/sv\\\/bingo-lotto\\\/\"},{\"@type\":\"ListItem\",\"position\":3,\"name\":\"Lotto\"}]},{\"@type\":\"WebSite\",\"@id\":\"https:\\\/\\\/readybetwin.com\\\/sv\\\/#website\",\"url\":\"https:\\\/\\\/readybetwin.com\\\/sv\\\/\",\"name\":\"Ready Bet Win\",\"description\":\"Compare online casinos and betting sites\",\"publisher\":{\"@id\":\"https:\\\/\\\/readybetwin.com\\\/sv\\\/#organization\"},\"potentialAction\":[{\"@type\":\"SearchAction\",\"target\":{\"@type\":\"EntryPoint\",\"urlTemplate\":\"https:\\\/\\\/readybetwin.com\\\/sv\\\/?s={search_term_string}\"},\"query-input\":{\"@type\":\"PropertyValueSpecification\",\"valueRequired\":true,\"valueName\":\"search_term_string\"}}],\"inLanguage\":\"sv-SE\"},{\"@type\":\"Organization\",\"@id\":\"https:\\\/\\\/readybetwin.com\\\/sv\\\/#organization\",\"name\":\"Ready Bet Win\",\"url\":\"https:\\\/\\\/readybetwin.com\\\/sv\\\/\",\"logo\":{\"@type\":\"ImageObject\",\"inLanguage\":\"sv-SE\",\"@id\":\"https:\\\/\\\/readybetwin.com\\\/sv\\\/#\\\/schema\\\/logo\\\/image\\\/\",\"url\":\"\",\"contentUrl\":\"\",\"caption\":\"Ready Bet Win\"},\"image\":{\"@id\":\"https:\\\/\\\/readybetwin.com\\\/sv\\\/#\\\/schema\\\/logo\\\/image\\\/\"}}]}<\/script>\n<!-- \/ Yoast SEO plugin. -->","yoast_head_json":{"title":"Lotto | Ready Bet Win","robots":{"index":"index","follow":"follow","max-snippet":"max-snippet:-1","max-image-preview":"max-image-preview:large","max-video-preview":"max-video-preview:-1"},"canonical":"https:\/\/readybetwin.com\/sv\/bingo-lotto\/lotto\/","og_locale":"sv_SE","og_type":"article","og_title":"Lotto | Ready Bet Win","og_description":"Historik kring att spela lotto F\u00f6r dig kan Lotto var v\u00e4lk\u00e4nt och kanske \u00e4r du en stor spelare, eller s\u00e5 har du aldrig spelat det. Oavsett vad s\u00e5 ska vi ge lite bakgrund kring spelet och hur det fungerar. F\u00f6rsta g\u00e5ngen man h\u00f6r talas om Lotto-spel \u00e4r p\u00e5 1500-talet. D\u00e5 g\u00e5r lotto spelet ut p\u00e5 [&hellip;]","og_url":"https:\/\/readybetwin.com\/sv\/bingo-lotto\/lotto\/","og_site_name":"Ready Bet Win","article_modified_time":"2020-03-05T13:36:59+00:00","og_image":[{"width":1920,"height":1280,"url":"https:\/\/readybetwin.com\/wp-content\/uploads\/2020\/02\/lotto.jpg","type":"image\/jpeg"}],"twitter_card":"summary_large_image","twitter_misc":{"Ber\u00e4knad l\u00e4stid":"5 minuter"},"schema":{"@context":"https:\/\/schema.org","@graph":[{"@type":"WebPage","@id":"https:\/\/readybetwin.com\/sv\/bingo-lotto\/lotto\/","url":"https:\/\/readybetwin.com\/sv\/bingo-lotto\/lotto\/","name":"Lotto | Ready Bet Win","isPartOf":{"@id":"https:\/\/readybetwin.com\/sv\/#website"},"primaryImageOfPage":{"@id":"https:\/\/readybetwin.com\/sv\/bingo-lotto\/lotto\/#primaryimage"},"image":{"@id":"https:\/\/readybetwin.com\/sv\/bingo-lotto\/lotto\/#primaryimage"},"thumbnailUrl":"https:\/\/readybetwin.com\/wp-content\/uploads\/2020\/02\/lotto.jpg","datePublished":"2018-11-30T00:00:00+00:00","dateModified":"2020-03-05T13:36:59+00:00","breadcrumb":{"@id":"https:\/\/readybetwin.com\/sv\/bingo-lotto\/lotto\/#breadcrumb"},"inLanguage":"sv-SE","potentialAction":[{"@type":"ReadAction","target":["https:\/\/readybetwin.com\/sv\/bingo-lotto\/lotto\/"]}]},{"@type":"ImageObject","inLanguage":"sv-SE","@id":"https:\/\/readybetwin.com\/sv\/bingo-lotto\/lotto\/#primaryimage","url":"https:\/\/readybetwin.com\/wp-content\/uploads\/2020\/02\/lotto.jpg","contentUrl":"https:\/\/readybetwin.com\/wp-content\/uploads\/2020\/02\/lotto.jpg","width":1920,"height":1280},{"@type":"BreadcrumbList","@id":"https:\/\/readybetwin.com\/sv\/bingo-lotto\/lotto\/#breadcrumb","itemListElement":[{"@type":"ListItem","position":1,"name":"Home","item":"https:\/\/readybetwin.com\/sv\/"},{"@type":"ListItem","position":2,"name":"Bingo & Lotto","item":"https:\/\/readybetwin.com\/sv\/bingo-lotto\/"},{"@type":"ListItem","position":3,"name":"Lotto"}]},{"@type":"WebSite","@id":"https:\/\/readybetwin.com\/sv\/#website","url":"https:\/\/readybetwin.com\/sv\/","name":"Ready Bet Win","description":"Compare online casinos and betting sites","publisher":{"@id":"https:\/\/readybetwin.com\/sv\/#organization"},"potentialAction":[{"@type":"SearchAction","target":{"@type":"EntryPoint","urlTemplate":"https:\/\/readybetwin.com\/sv\/?s={search_term_string}"},"query-input":{"@type":"PropertyValueSpecification","valueRequired":true,"valueName":"search_term_string"}}],"inLanguage":"sv-SE"},{"@type":"Organization","@id":"https:\/\/readybetwin.com\/sv\/#organization","name":"Ready Bet Win","url":"https:\/\/readybetwin.com\/sv\/","logo":{"@type":"ImageObject","inLanguage":"sv-SE","@id":"https:\/\/readybetwin.com\/sv\/#\/schema\/logo\/image\/","url":"","contentUrl":"","caption":"Ready Bet Win"},"image":{"@id":"https:\/\/readybetwin.com\/sv\/#\/schema\/logo\/image\/"}}]}},"_links":{"self":[{"href":"https:\/\/readybetwin.com\/sv\/wp-json\/wp\/v2\/pages\/7346","targetHints":{"allow":["GET"]}}],"collection":[{"href":"https:\/\/readybetwin.com\/sv\/wp-json\/wp\/v2\/pages"}],"about":[{"href":"https:\/\/readybetwin.com\/sv\/wp-json\/wp\/v2\/types\/page"}],"author":[{"embeddable":true,"href":"https:\/\/readybetwin.com\/sv\/wp-json\/wp\/v2\/users\/1"}],"replies":[{"embeddable":true,"href":"https:\/\/readybetwin.com\/sv\/wp-json\/wp\/v2\/comments?post=7346"}],"version-history":[{"count":0,"href":"https:\/\/readybetwin.com\/sv\/wp-json\/wp\/v2\/pages\/7346\/revisions"}],"up":[{"embeddable":true,"href":"https:\/\/readybetwin.com\/sv\/wp-json\/wp\/v2\/pages\/7345"}],"wp:featuredmedia":[{"embeddable":true,"href":"https:\/\/readybetwin.com\/sv\/wp-json\/wp\/v2\/media\/14676"}],"wp:attachment":[{"href":"https:\/\/readybetwin.com\/sv\/wp-json\/wp\/v2\/media?parent=7346"}],"wp:term":[{"taxonomy":"category","embeddable":true,"href":"https:\/\/readybetwin.com\/sv\/wp-json\/wp\/v2\/categories?post=7346"}],"curies":[{"name":"wp","href":"https:\/\/api.w.org\/{rel}","templated":true}]}}