{"id":7345,"date":"2020-01-30T11:48:30","date_gmt":"2020-01-30T11:48:30","guid":{"rendered":"https:\/\/readybetwin.com\/bingo\/"},"modified":"2020-05-24T20:12:51","modified_gmt":"2020-05-24T20:12:51","slug":"bingo-lotto","status":"publish","type":"page","link":"https:\/\/readybetwin.com\/sv\/bingo-lotto\/","title":{"rendered":"Bingo &#038; Lotto"},"content":{"rendered":"<h2>Bingo historia<\/h2>\n<p>Bingo \u00e4r en form av lotteri och \u00e4r en direkt \u00e4ttling till det Italienska lottspelet &#8221;Lo Giuoco del Lotto D&#8217;Italia&#8221;. Detta brickbaserade <a href=\"https:\/\/readybetwin.com\/sv\/bingo-lotto\/lotto\">lottospel<\/a> har p\u00e5g\u00e5tt n\u00e4stan oavbrutet i Italien sedan landet f\u00f6renades \u00e5r 1530. Spelet arrangeras varje vecka. Det \u00e4r ett statligt lotteri som f\u00e5r ett \u00e5rligt bidrag p\u00e5 \u00f6ver 75 miljoner dollar.<\/p>\n<h3>Bingo i Sverige<\/h3>\n<p>I Sverige introducerades bingon av idrottsklubben Gunnarstorps IF under h\u00f6sten 1961. M\u00e5nga andra f\u00f6reningar hakade p\u00e5 d\u00e5 man s\u00e5g en bra m\u00f6jlighet att ta in lite extra pengar i klubbkassan. Spelet \u00e4r enkelt och fungerar f\u00f6r alla \u00e5ldrar varf\u00f6r det ocks\u00e5 snabbt blev popul\u00e4rt. I Sverige finns ca 100 bingohallar runtom i landet som dock blir f\u00e4rre med \u00e5ren.<br \/>\nBingoLotto tog bingospelet till nya h\u00f6jder n\u00e4r m\u00e5nga svenskar k\u00f6pte sin bingolott och sen spelade framf\u00f6r tv:n p\u00e5 l\u00f6rdagskv\u00e4llen. Pl\u00f6tsligt hade man n\u00e5got trevligt att se fram emot. Leif \u201dLoket\u201d Olsson var programledare och gjorde ett magiskt jobb i tv rutan.<\/p>\n<p>N\u00e4r spelautomaterna kom p\u00e5 bred front f\u00f6rsvann intresset f\u00f6r bingo men idag \u00e4r det lika popul\u00e4rt som f\u00f6rut.<\/p>\n<h3>Spela online<\/h3>\n<p>Idag finns det en uppsj\u00f6 av olika operat\u00f6rer som erbjuder spel p\u00e5 din dator eller mobil. Att spela onlinebingo skiljer sig inte n\u00e4mnv\u00e4rt fr\u00e5n att spela i bingohall, men det finns s\u00e5 klart n\u00e5gra saker som \u00e4r olika. Bland annat kan du ha m\u00e5nga brickor ig\u00e5ng och helt enkelt spela lite snabbare mot i en bingohall.<br \/>\nI chattrummen hinner du med att prata med m\u00e5nga olika personer vilket du annars bara hade gjort med de n\u00e4rmast dig.<\/p>\n<h3>Bingo guide<\/h3>\n<p>Det klassiska bingospelet \u00e4r enkelt att spela och som vi sagt tidigare passar det f\u00f6r alla \u00e5ldrar. Du kommer m\u00e4rka n\u00e4r du hamnar framf\u00f6r en bricka att du blir fokuserad p\u00e5 att viktiga och bra nummer ska komma upp. Sp\u00e4nningen \u00f6kar n\u00e4r det \u00e4r s\u00e5 d\u00e4r n\u00e4ra att bara ett nummer fattas f\u00f6r en magisk BINGO.<br \/>\nP\u00e5 bingosidorna idag finns flera attraktiva varianter av det ursprungliga bingo spelet. Man kan spela med 75 siffor eller 90 siffrors bingo. H\u00e4r hittar man ocks\u00e5 m\u00f6nsterbingo och n\u00e5gra andra varianter.<\/p>\n<h3>Spela Bingo75<\/h3>\n<p>Detta spel handlar om 75 nummer och n\u00e4r du k\u00f6per brickan inneh\u00e5ller den ocks\u00e5 siffror fr\u00e5n ett till 75.<br \/>\nDe siffror du har p\u00e5 brickan \u00e4r blandade i ordning. N\u00e4r vi beskriver regler och hur det oftast fungerar beh\u00f6ver du sj\u00e4lv kontrollera exakt vad som g\u00e4ller i det spel du t\u00e4nker spela. Oftast handlar det om att du ska ha en v\u00e5gr\u00e4t rad med alla siffror f\u00f6r att f\u00e5 1-raders bingo. D\u00e5 vinner du BINGO. I m\u00e5nga spel kan denna rad \u00e4ven vara lodr\u00e4t f\u00f6r att det ska vara bingo p\u00e5 f\u00f6rsta raden.<\/p>\n<p>I varje spel \u00e4r det flera bingo vinster. F\u00f6rst spelar man 1-raders bingo och sedan 2 raders bingo och s\u00e5 g\u00e5r det vidare \u00e4nda till n\u00e5gon har fullt hus. Det \u00e4r n\u00e4r alla fem raderna i ett spelf\u00e4lt \u00e4r fyllda. D\u00e5 vinner den personen fullt hus.<\/p>\n<h3>S\u00e5 h\u00e4r spelar du bingo med 90 nummer<\/h3>\n<p>Bingo90 \u00e4r ett av de mest popul\u00e4ra spelen i Europa just nu och det har en lite annan konstruktion \u00e4n den tidigare beskrivna Bingo75.<br \/>\nI detta fall har du en bingobricka med endast 3 rader och nio kolumner och nummer som finns varierar mellan ett och 90.<br \/>\nP\u00e5 din bricka finns det allts\u00e5 nio platser p\u00e5 varje av de tre raderna. N\u00e5gra av dessa \u00e4r ifyllda med siffror men inte alla. H\u00e4r handlar det precis som i tidigare spel att f\u00e5 in r\u00e4tt nummer p\u00e5 dessa rader.<br \/>\nMan spelar om 1-radersbingo, 2 raders och fullt hus, allts\u00e5 3-raders bingo. Om du f\u00e5r 2-radersbingo s\u00e5 beh\u00f6ver inte raderna sitta tillsammans utan det kan vara rad ett och rad 3 som har bingo.<\/p>\n<h3>Specialspel i bingo<\/h3>\n<p>Som du kommer m\u00e4rka p\u00e5 de olika bingosidorna s\u00e5 har man m\u00e5nga olika varianter av spel som erbjuder olika sak. I grunden \u00e4r m\u00e5nga desamma men de heter olika saker, insatserna \u00e4r olika och de fungerar lite olika. N\u00e5gra \u00e4r dock lite speciella och vi ber\u00e4ttar kort om dem h\u00e4r.<\/p>\n\t\t\n<h4>Prova att spela m\u00f6nsterbingo<\/h4>\n<p>M\u00f6nsterbingo \u00e4r en lite speciell form av bingo d\u00e4r det handlar om att du ska f\u00e5 ett m\u00f6nster p\u00e5 din bricka. Det \u00e4r ett spel med 25 nummer och d\u00e4r du vinner n\u00e4r du f\u00e5r formen av en pil med vinnande nummer. Pilen kan vara \u00e5t b\u00e5da h\u00e5llen. H\u00e4r finns \u00e4ven varianter d\u00e4r du ska f\u00e5 en cirkel i mitten. Detta spel finns hos Paf och kallas QuickDraw.<\/p>\n<h4>Spela specialbingo 75 med chans p\u00e5 lyckohjulet<\/h4>\n<p>Med det enkla namnet Paf Bingo kan du spela en Bingo75 med en twist. H\u00e4r har du en tom ruta i mitten av varje spelf\u00e4lt. Den beh\u00f6ver inte fyllas i och allts\u00e5 har du chans p\u00e5 bingo p\u00e5 tv\u00e5 rader (en lodr\u00e4t p\u00e5 1-radsbingo och en v\u00e5gr\u00e4t) med endast 4 nummer. Som en bra avslutning p\u00e5 detta spel har du \u00e4ven chans p\u00e5 lyckohjulet. Om din bingobricka dras f\u00e5r du stanna hjulet och \u00f6ppna en hemlig extra vinstl\u00e5da.<\/p>\n<h4>Spela boostad bingo i olika former<\/h4>\n<p>Bingoleverant\u00f6rerna har hela tiden attraktiva kampanjer, b\u00e5de med olika v\u00e4lkomstbonusar men \u00e4ven med lite vad vi kallar boostad bingo. H\u00e4r kommer det kontinuerligt olika former av boostade brickor. En s\u00e5dan variant \u00e4r att n\u00e4r ett spel \u00f6verg\u00e5r till Guldbrickan hos Paf s\u00e5 finns chansen att n\u00e4r du k\u00f6per en vanlig bricka att det kan bli en guldbricka. Det \u00e4r vad vi kallar boostad bingo.<br \/>\nF\u00e5r du en guldbricka och vinner blir din vinst dubblerad i grundspelet. Helt klart en riktigt bra m\u00f6jlighet.<\/p>\n<h4>Roll On bingo hos Maria Casino<\/h4>\n<p>Roll On bingo g\u00f6r det m\u00f6jligt att forts\u00e4tta vinna n\u00e4r alla vanliga vinster har g\u00e5tt i spelet. Kanske tror du att det \u00e4r k\u00f6rt men s\u00e5 \u00e4r inte fallet i Roll On Bingo. D\u00e4r forts\u00e4tter spelet n\u00e5r n\u00e5gon har f\u00e5tt fullt hus och delar ut ytterligare fullt hus vinster utifr\u00e5n vad som finns i potten. En riktigt rolig funktion som tar spelet ett steg till.<\/p>\n\t\t\t\t\t\t\t\t\t\t\t\t\t\t\t\t\t\t<div class=\"margin_top_bottom\">\n\t\t\t\t\t\n<div itemprop=\"itemListElement\" itemscope itemtype=\"https:\/\/schema.org\/ListItem\">\n\t<div class=\"operatorbox shadow \" style=\"background-color:#373447;\">\n\t\t<meta itemprop=\"position\" content=\"\" \/>\n\t\t<meta itemprop=\"name\" content=\"Maria Casino\" \/>\n\t\t<meta itemprop=\"image\" content=\"https:\/\/readybetwin.com\/wp-content\/uploads\/2020\/02\/logo-mariacasino.jpg\" \/>\n\t\t<meta itemprop=\"description\" content=\"100% bonus upp till 1000 kr\" \/>\n\t\t<a class=\"operatorbox_logo\" target=\"_blank\" rel=\"nofollow\" href=\"\/go\/maria-casino-sv\/\" style=\"background-color:#373447;\">\n\t\t\t\t\t\t\t<img decoding=\"async\" alt=\"Maria Casino logo\" class=\"deadcenter skip-lazy\" src=\"https:\/\/readybetwin.com\/wp-content\/uploads\/2020\/02\/logo-mariacasino.svg\">\n\t\t\t\t\t<\/a>\n\t\t\t\t<ul class=\"operatorbox_bonuslist\">\n\t\t\t\t\t\t\t<li class=\"casino-bonus\">\n\t\t\t\t\t50 kr casino bonus\t\t\t\t<\/li>\t\t\n\t\t\t\t\t\t\t\t\t\t<li class=\"casino-bonus\">\n\t\t\t\t\tH\u00f6gsta jackpottarna p\u00e5 marknaden\t\t\t\t<\/li>\t\t\n\t\t\t\t\t\t\t\t\t\t<li class=\"casino-bonus\">\n\t\t\t\t\tSnygg design\t\t\t\t<\/li>\t\t\n\t\t\t\t\t<\/ul>\n\t\t<ul class=\"operatorbox_buttons\">\n\t\t\t\t\t\t\t<li>\n\t\t\t\t\t<a class=\"button_border playbutton\" target=\"_blank\" rel=\"nofollow\" href=\"\/go\/maria-casino-sv\/\">Bes\u00f6k<\/a>\n\t\t\t\t<\/li>\n\t\t\t\t\t\t\t<li>\n\t\t\t\t\t<a class=\"button_border morebutton\" itemprop=\"url\" href=\"https:\/\/readybetwin.com\/sv\/maria-casino\/\">\n\t\t\t\t\t\tMer info\t\t\t\t\t<\/a>\n\t\t\t\t<\/li>\n\t\t<\/ul>\t\t\n\t\t\t\t<div class=\"operatorbox_terms\" style=\"line-height: 1em !important;\">\n\t\t\t\t\t\t\t<a href=\"\/go\/maria-casino-sv-tc\/\" target=\"_blank\" rel=\"nofollow\">Regler & Villkor g\u00e4ller | <\/a>\n\t\t\t\t\t\t\t\t\t\tMin. deposit\t\t\t\t\t\t\t\t\t\t\t\t100 kr\n\t\t\t\t\t\n\t\t\t\t\t\t\t\t\t\t18+ | Endast nya spelare | Spela ansvarsfullt | <a href=\"https:\/\/www.stodlinjen.se\/\" target=\"_blank\" rel=\"nofollow noopener\">St\u00f6dlinjen<\/a> <a href=\"tel:020-819 100\">020-819 100<\/a>\t\t\t\t\t<\/div>\n\t<\/div>\n<\/div>\n\t\t\t\t<\/div>\n\t\t    \t\t\t\n<h2>I bingo har du fem vinstchanser<\/h2>\n<p>Vi kan inte nog tala oss varma f\u00f6r Bingo och hur roligt det \u00e4r. Det finns mycket roligt med en trevlig gemenskap och mycket gl\u00e4dje f\u00f6r pengarna. En sak som vi dock vill trycka lite extra p\u00e5 \u00e4r att spelet verkligen inte \u00e4r slut n\u00e4r n\u00e5gon vunnit 1-raders bingo. \u00c4ven om du ligger efter p\u00e5 brickan och inte hade de nummer som kr\u00e4vdes f\u00f6r f\u00f6rsta vinsten ligger du lika bra till f\u00f6r kommande vinster. Totalt har du chans p\u00e5 fem eller faktiskt fler vinster p\u00e5 en bricka. S\u00e5 oavsett om du tar f\u00f6rsta vinsten eller ej kan du vinna p\u00e5 kommande vinster p\u00e5 samma bricka.<br \/>\nDet g\u00f6r att sp\u00e4nningen h\u00e5ller i sig under hela spelet.<\/p>\n<h2>Jackpottar i Bingospel<\/h2>\n<p>Vem gillar inte jackpottar, ja s\u00e4g det? Vi tror alla verkligen \u00e4lskar jackpottar och du hittar dom \u00e4ven i bingospelen. Beroende p\u00e5 spel s\u00e5 varierar jackpoten och hur den \u00e4r uppsatt. Oavsett kan det bli stora summor som kan falla ut, flera miljoner kronor p\u00e5 en vanlig bricka. Allt handlar som vanligt om att nummer som dras ska vara till din f\u00f6rdel.<br \/>\nJackpotten faller ut om du f\u00e5r ett fullt hus (alla rader fyllda i ett spelf\u00e4lt p\u00e5 brickan) inom ett visst antal dragna nummer.<\/p>\n<p>Brickan i ett 75 nummers bingo har 35 nummer i varje spelf\u00e4lt och det \u00e4r 75 nummer utlagda p\u00e5 den, helt slumpvis.<br \/>\nDen progressiva jackpotten som finns i spelet kan till exempel falla ut om man f\u00e5r ett fullt hus inom 45 dragna nummer.<br \/>\nH\u00e4r finns varianter beroende p\u00e5 insats p\u00e5 brickan s\u00e5 kontrollera hur det ser ut d\u00e4r du brukar spela.<\/p>\n<h3>S\u00e5 h\u00e4r f\u00e5r du en cash splash i Bingo<\/h3>\n<p>Om du \u00e4r intresserad av en cash splash s\u00e5 kan det h\u00e4nda i bingospel. En variant \u00e4r allts\u00e5 en tillsammansjackpott.N\u00e4r du spelar i et spel och n\u00e5gon annan spelare f\u00e5r en jackpott f\u00e5r du en cash splash. 50% av tillsammansjackpotten delas ut i kontanter mellan spelarna p\u00e5 ett f\u00f6rbest\u00e4mt s\u00e4tt. H\u00e4r kan du allts\u00e5 vinna utan att ha vunnit sj\u00e4lv.<\/p>\n<div class=\"responsive-container\"><iframe title=\"The Naked Gun - Bingo!\" width=\"720\" height=\"405\" src=\"https:\/\/www.youtube.com\/embed\/YqAyz1coj44?feature=oembed\" frameborder=\"0\" allow=\"accelerometer; autoplay; encrypted-media; gyroscope; picture-in-picture\" allowfullscreen><\/iframe><\/div>\n<h2>Minispel i Bingo<\/h2>\n<p>Minispel \u00e4r roligt och n\u00e5got som \u00e4r v\u00e4ldigt popul\u00e4rt. Det \u00e4r n\u00e5got vi ocks\u00e5 kallar paus spel. N\u00e4r varje omg\u00e5ng i bingo startar om tar det n\u00e5gra minuter. Denna tid \u00e4r till f\u00f6r att alla ska kunna k\u00f6pa brickor och andra ska kunna komma med i spelet. Under tiden kan du roa dig med lite avkopplande minispel, eller mini slots. Detta \u00e4r helt enkelt sm\u00e5 slots som finns inne i ditt bingorum och som du kan spela direkt i rummet, utan att l\u00e4mna det.<\/p>\n<p>Du l\u00e4gger insatser som vanligt och kan v\u00e4lja mellan ett stort antal olika slots. H\u00e4r kan du allts\u00e5 spela slots medan du v\u00e4ntar p\u00e5 att n\u00e4sta bingo runda startar.<\/p>\n<h2>Spela bingo i mobilen<\/h2>\n<p>Det enkla svaret h\u00e4r \u00e4r att det fungerar mycket bra. N\u00e4r du spelar fr\u00e5n din mobil har du lika bra kontroll p\u00e5 spelet som n\u00e4r du \u00e4r vid en vanlig dator. Det finns funktioner som inte \u00e4r tillg\u00e4ngliga p\u00e5 din mobil men det handlar mer om automatiska k\u00f6p och \u00e5terstart av sessioner.<br \/>\nUpplevelsen av bingospel i mobilen \u00e4r v\u00e4ldigt bra, och det \u00e4r v\u00e4ldigt roligt att avnjuta en bingo omg\u00e5ng n\u00e4r du till exempel sitter p\u00e5 bussen eller p\u00e5 en resa p\u00e5 v\u00e4g n\u00e5gonstans.<\/p>\n<h2>Bingo fungerar i alla \u00e5ldrar<\/h2>\n<p>Kanske t\u00e4nker du att bingo \u00e4r inget f\u00f6r dig, eller s\u00e5 t\u00e4nker du att det \u00e4r f\u00f6r avancerat f\u00f6r dig. Sanningen \u00e4r att det \u00e4r riktigt roligt och det passar alla \u00e5ldrar. N\u00e4r du spelar bingo s\u00e5 \u00e4r det i en trivsam milj\u00f6 i ett bingorum d\u00e4r du kan chatta med andra spelare och ha roligt. Dagens system \u00e4r s\u00e5 bra utvecklade att det \u00e4r enkelt att gissa hur du ska g\u00f6ra. Mycket \u00e4r intuitivt och enkelt och att spela bingo ger en riktig gl\u00e4dje.<\/p>\n<p>N\u00e4r insatserna \u00e4r mindre och du kan vinna mycket \u00e4r det ocks\u00e5 roligt p\u00e5 ett speciellt s\u00e4tt. Visst kan du k\u00f6pa m\u00e5nga brickor men det finns gr\u00e4nser \u00e4ven d\u00e4r hur m\u00e5nga du f\u00e5r k\u00f6pa.<\/p>\n<h2>Enkla system ger dig full kontroll<\/h2>\n<p>S\u00e4kert har du suttit med flera bingobrickor n\u00e5gon g\u00e5ng och stressat f\u00f6r att hinna fylla i dragna nummer men s\u00e5 \u00e4r det inte n\u00e4r du spelar online. H\u00e4r kan du k\u00f6pa 20 brickor men \u00e4nd\u00e5 ha full kontroll.<\/p>\n<p>Den mest attraktiva brickan visas alltid l\u00e4ngst upp till v\u00e4nster och den talar om hur m\u00e5nga nummer som \u00e4r kvar till vinst. P\u00e5 det s\u00e4ttet beh\u00f6ver du inte oroa dig f\u00f6r att pricka n\u00e5got, eller att pricka fel.<\/p>\n<p>Du ser \u00e4ven vad de andra fem b\u00e4sta har f\u00f6r n\u00e5got kvar till dom har bingo p\u00e5 den aktuella n\u00e4sta vinsten. \u00c4r det till exempel 3-raders bingo som ni spelar p\u00e5 s\u00e5 kan du se att en spelare har ett nummer kvar, tv\u00e5 spelare har tv\u00e5 nummer kvar och s\u00e5 vidare. \u00c4r det bara ett nummer kvar ser du ocks\u00e5 vilket nummer det \u00e4r som saknas f\u00f6r den spelaren.<br \/>\nHela detta spels\u00e4tt g\u00f6r att man sitter p\u00e5 sp\u00e4nn genom hela spelet och tittar p\u00e5 sin egen bricka och vad de andra spelarna har som \u00e4r n\u00e4rmast vinst. Roligt, sp\u00e4nnande och ett trevligt s\u00e4tt att spela.<\/p>\n<h2>Vinstchanser<\/h2>\n<p>Vinstchansen ber\u00e4knas utifr\u00e5n hur m\u00e5nga brickor du som spelare k\u00f6pt samt hur m\u00e5nga brickor som totalt har k\u00f6pts i bingospelsomg\u00e5ngen. Med andra ord s\u00e5 \u00f6kar storleken p\u00e5 den m\u00f6jliga vinsten beroende p\u00e5 hur m\u00e5nga som spelar i omg\u00e5ngen.<\/p>\n<h3>Bingo lingo<\/h3>\n<p>I chatt-rummen anv\u00e4nds ofta m\u00e5nga f\u00f6rkortningar. F\u00f6r att kunna h\u00e4nga med har vi satt samman en liten <a href=\"https:\/\/readybetwin.com\/sv\/bingo-lotto\/guide\/bingo-lingo\/\">ordlista<\/a> som kan vara bra att ha till hands.<\/p>\n","protected":false},"excerpt":{"rendered":"<p>Bingo historia Bingo \u00e4r en form av lotteri och \u00e4r en direkt \u00e4ttling till det Italienska lottspelet &#8221;Lo Giuoco del Lotto D&#8217;Italia&#8221;. Detta brickbaserade lottospel har p\u00e5g\u00e5tt n\u00e4stan oavbrutet i Italien sedan landet f\u00f6renades \u00e5r 1530. Spelet arrangeras varje vecka. Det \u00e4r ett statligt lotteri som f\u00e5r ett \u00e5rligt bidrag p\u00e5 \u00f6ver 75 miljoner dollar. [&hellip;]<\/p>\n","protected":false},"author":1,"featured_media":17058,"parent":0,"menu_order":79,"comment_status":"closed","ping_status":"closed","template":"template-bingo.php","meta":{"_acf_changed":false,"footnotes":""},"categories":[8],"class_list":["post-7345","page","type-page","status-publish","has-post-thumbnail","hentry","category-bingo-lotto"],"acf":[],"yoast_head":"<!-- This site is optimized with the Yoast SEO plugin v27.4 - https:\/\/yoast.com\/product\/yoast-seo-wordpress\/ -->\n<title>Bingo &amp; Lotto | Ready Bet Win<\/title>\n<meta name=\"robots\" content=\"index, follow, max-snippet:-1, max-image-preview:large, max-video-preview:-1\" \/>\n<link rel=\"canonical\" href=\"https:\/\/readybetwin.com\/sv\/bingo-lotto\/\" \/>\n<meta property=\"og:locale\" content=\"sv_SE\" \/>\n<meta property=\"og:type\" content=\"article\" \/>\n<meta property=\"og:title\" content=\"Bingo &amp; Lotto | Ready Bet Win\" \/>\n<meta property=\"og:description\" content=\"Bingo historia Bingo \u00e4r en form av lotteri och \u00e4r en direkt \u00e4ttling till det Italienska lottspelet &#8221;Lo Giuoco del Lotto D&#8217;Italia&#8221;. Detta brickbaserade lottospel har p\u00e5g\u00e5tt n\u00e4stan oavbrutet i Italien sedan landet f\u00f6renades \u00e5r 1530. Spelet arrangeras varje vecka. Det \u00e4r ett statligt lotteri som f\u00e5r ett \u00e5rligt bidrag p\u00e5 \u00f6ver 75 miljoner dollar. [&hellip;]\" \/>\n<meta property=\"og:url\" content=\"https:\/\/readybetwin.com\/sv\/bingo-lotto\/\" \/>\n<meta property=\"og:site_name\" content=\"Ready Bet Win\" \/>\n<meta property=\"article:modified_time\" content=\"2020-05-24T20:12:51+00:00\" \/>\n<meta property=\"og:image\" content=\"https:\/\/readybetwin.com\/wp-content\/uploads\/2020\/02\/bingo.jpg\" \/>\n\t<meta property=\"og:image:width\" content=\"1920\" \/>\n\t<meta property=\"og:image:height\" content=\"1280\" \/>\n\t<meta property=\"og:image:type\" content=\"image\/jpeg\" \/>\n<meta name=\"twitter:card\" content=\"summary_large_image\" \/>\n<meta name=\"twitter:label1\" content=\"Ber\u00e4knad l\u00e4stid\" \/>\n\t<meta name=\"twitter:data1\" content=\"11 minuter\" \/>\n<script type=\"application\/ld+json\" class=\"yoast-schema-graph\">{\"@context\":\"https:\\\/\\\/schema.org\",\"@graph\":[{\"@type\":\"WebPage\",\"@id\":\"https:\\\/\\\/readybetwin.com\\\/sv\\\/bingo-lotto\\\/\",\"url\":\"https:\\\/\\\/readybetwin.com\\\/sv\\\/bingo-lotto\\\/\",\"name\":\"Bingo & Lotto | Ready Bet Win\",\"isPartOf\":{\"@id\":\"https:\\\/\\\/readybetwin.com\\\/sv\\\/#website\"},\"primaryImageOfPage\":{\"@id\":\"https:\\\/\\\/readybetwin.com\\\/sv\\\/bingo-lotto\\\/#primaryimage\"},\"image\":{\"@id\":\"https:\\\/\\\/readybetwin.com\\\/sv\\\/bingo-lotto\\\/#primaryimage\"},\"thumbnailUrl\":\"https:\\\/\\\/readybetwin.com\\\/wp-content\\\/uploads\\\/2020\\\/02\\\/bingo.jpg\",\"datePublished\":\"2020-01-30T11:48:30+00:00\",\"dateModified\":\"2020-05-24T20:12:51+00:00\",\"breadcrumb\":{\"@id\":\"https:\\\/\\\/readybetwin.com\\\/sv\\\/bingo-lotto\\\/#breadcrumb\"},\"inLanguage\":\"sv-SE\",\"potentialAction\":[{\"@type\":\"ReadAction\",\"target\":[\"https:\\\/\\\/readybetwin.com\\\/sv\\\/bingo-lotto\\\/\"]}]},{\"@type\":\"ImageObject\",\"inLanguage\":\"sv-SE\",\"@id\":\"https:\\\/\\\/readybetwin.com\\\/sv\\\/bingo-lotto\\\/#primaryimage\",\"url\":\"https:\\\/\\\/readybetwin.com\\\/wp-content\\\/uploads\\\/2020\\\/02\\\/bingo.jpg\",\"contentUrl\":\"https:\\\/\\\/readybetwin.com\\\/wp-content\\\/uploads\\\/2020\\\/02\\\/bingo.jpg\",\"width\":1920,\"height\":1280},{\"@type\":\"BreadcrumbList\",\"@id\":\"https:\\\/\\\/readybetwin.com\\\/sv\\\/bingo-lotto\\\/#breadcrumb\",\"itemListElement\":[{\"@type\":\"ListItem\",\"position\":1,\"name\":\"Home\",\"item\":\"https:\\\/\\\/readybetwin.com\\\/sv\\\/\"},{\"@type\":\"ListItem\",\"position\":2,\"name\":\"Bingo &#038; Lotto\"}]},{\"@type\":\"WebSite\",\"@id\":\"https:\\\/\\\/readybetwin.com\\\/sv\\\/#website\",\"url\":\"https:\\\/\\\/readybetwin.com\\\/sv\\\/\",\"name\":\"Ready Bet Win\",\"description\":\"Compare online casinos and betting sites\",\"publisher\":{\"@id\":\"https:\\\/\\\/readybetwin.com\\\/sv\\\/#organization\"},\"potentialAction\":[{\"@type\":\"SearchAction\",\"target\":{\"@type\":\"EntryPoint\",\"urlTemplate\":\"https:\\\/\\\/readybetwin.com\\\/sv\\\/?s={search_term_string}\"},\"query-input\":{\"@type\":\"PropertyValueSpecification\",\"valueRequired\":true,\"valueName\":\"search_term_string\"}}],\"inLanguage\":\"sv-SE\"},{\"@type\":\"Organization\",\"@id\":\"https:\\\/\\\/readybetwin.com\\\/sv\\\/#organization\",\"name\":\"Ready Bet Win\",\"url\":\"https:\\\/\\\/readybetwin.com\\\/sv\\\/\",\"logo\":{\"@type\":\"ImageObject\",\"inLanguage\":\"sv-SE\",\"@id\":\"https:\\\/\\\/readybetwin.com\\\/sv\\\/#\\\/schema\\\/logo\\\/image\\\/\",\"url\":\"\",\"contentUrl\":\"\",\"caption\":\"Ready Bet Win\"},\"image\":{\"@id\":\"https:\\\/\\\/readybetwin.com\\\/sv\\\/#\\\/schema\\\/logo\\\/image\\\/\"}}]}<\/script>\n<!-- \/ Yoast SEO plugin. -->","yoast_head_json":{"title":"Bingo & Lotto | Ready Bet Win","robots":{"index":"index","follow":"follow","max-snippet":"max-snippet:-1","max-image-preview":"max-image-preview:large","max-video-preview":"max-video-preview:-1"},"canonical":"https:\/\/readybetwin.com\/sv\/bingo-lotto\/","og_locale":"sv_SE","og_type":"article","og_title":"Bingo & Lotto | Ready Bet Win","og_description":"Bingo historia Bingo \u00e4r en form av lotteri och \u00e4r en direkt \u00e4ttling till det Italienska lottspelet &#8221;Lo Giuoco del Lotto D&#8217;Italia&#8221;. Detta brickbaserade lottospel har p\u00e5g\u00e5tt n\u00e4stan oavbrutet i Italien sedan landet f\u00f6renades \u00e5r 1530. Spelet arrangeras varje vecka. Det \u00e4r ett statligt lotteri som f\u00e5r ett \u00e5rligt bidrag p\u00e5 \u00f6ver 75 miljoner dollar. [&hellip;]","og_url":"https:\/\/readybetwin.com\/sv\/bingo-lotto\/","og_site_name":"Ready Bet Win","article_modified_time":"2020-05-24T20:12:51+00:00","og_image":[{"width":1920,"height":1280,"url":"https:\/\/readybetwin.com\/wp-content\/uploads\/2020\/02\/bingo.jpg","type":"image\/jpeg"}],"twitter_card":"summary_large_image","twitter_misc":{"Ber\u00e4knad l\u00e4stid":"11 minuter"},"schema":{"@context":"https:\/\/schema.org","@graph":[{"@type":"WebPage","@id":"https:\/\/readybetwin.com\/sv\/bingo-lotto\/","url":"https:\/\/readybetwin.com\/sv\/bingo-lotto\/","name":"Bingo & Lotto | Ready Bet Win","isPartOf":{"@id":"https:\/\/readybetwin.com\/sv\/#website"},"primaryImageOfPage":{"@id":"https:\/\/readybetwin.com\/sv\/bingo-lotto\/#primaryimage"},"image":{"@id":"https:\/\/readybetwin.com\/sv\/bingo-lotto\/#primaryimage"},"thumbnailUrl":"https:\/\/readybetwin.com\/wp-content\/uploads\/2020\/02\/bingo.jpg","datePublished":"2020-01-30T11:48:30+00:00","dateModified":"2020-05-24T20:12:51+00:00","breadcrumb":{"@id":"https:\/\/readybetwin.com\/sv\/bingo-lotto\/#breadcrumb"},"inLanguage":"sv-SE","potentialAction":[{"@type":"ReadAction","target":["https:\/\/readybetwin.com\/sv\/bingo-lotto\/"]}]},{"@type":"ImageObject","inLanguage":"sv-SE","@id":"https:\/\/readybetwin.com\/sv\/bingo-lotto\/#primaryimage","url":"https:\/\/readybetwin.com\/wp-content\/uploads\/2020\/02\/bingo.jpg","contentUrl":"https:\/\/readybetwin.com\/wp-content\/uploads\/2020\/02\/bingo.jpg","width":1920,"height":1280},{"@type":"BreadcrumbList","@id":"https:\/\/readybetwin.com\/sv\/bingo-lotto\/#breadcrumb","itemListElement":[{"@type":"ListItem","position":1,"name":"Home","item":"https:\/\/readybetwin.com\/sv\/"},{"@type":"ListItem","position":2,"name":"Bingo &#038; Lotto"}]},{"@type":"WebSite","@id":"https:\/\/readybetwin.com\/sv\/#website","url":"https:\/\/readybetwin.com\/sv\/","name":"Ready Bet Win","description":"Compare online casinos and betting sites","publisher":{"@id":"https:\/\/readybetwin.com\/sv\/#organization"},"potentialAction":[{"@type":"SearchAction","target":{"@type":"EntryPoint","urlTemplate":"https:\/\/readybetwin.com\/sv\/?s={search_term_string}"},"query-input":{"@type":"PropertyValueSpecification","valueRequired":true,"valueName":"search_term_string"}}],"inLanguage":"sv-SE"},{"@type":"Organization","@id":"https:\/\/readybetwin.com\/sv\/#organization","name":"Ready Bet Win","url":"https:\/\/readybetwin.com\/sv\/","logo":{"@type":"ImageObject","inLanguage":"sv-SE","@id":"https:\/\/readybetwin.com\/sv\/#\/schema\/logo\/image\/","url":"","contentUrl":"","caption":"Ready Bet Win"},"image":{"@id":"https:\/\/readybetwin.com\/sv\/#\/schema\/logo\/image\/"}}]}},"_links":{"self":[{"href":"https:\/\/readybetwin.com\/sv\/wp-json\/wp\/v2\/pages\/7345","targetHints":{"allow":["GET"]}}],"collection":[{"href":"https:\/\/readybetwin.com\/sv\/wp-json\/wp\/v2\/pages"}],"about":[{"href":"https:\/\/readybetwin.com\/sv\/wp-json\/wp\/v2\/types\/page"}],"author":[{"embeddable":true,"href":"https:\/\/readybetwin.com\/sv\/wp-json\/wp\/v2\/users\/1"}],"replies":[{"embeddable":true,"href":"https:\/\/readybetwin.com\/sv\/wp-json\/wp\/v2\/comments?post=7345"}],"version-history":[{"count":0,"href":"https:\/\/readybetwin.com\/sv\/wp-json\/wp\/v2\/pages\/7345\/revisions"}],"wp:featuredmedia":[{"embeddable":true,"href":"https:\/\/readybetwin.com\/sv\/wp-json\/wp\/v2\/media\/17058"}],"wp:attachment":[{"href":"https:\/\/readybetwin.com\/sv\/wp-json\/wp\/v2\/media?parent=7345"}],"wp:term":[{"taxonomy":"category","embeddable":true,"href":"https:\/\/readybetwin.com\/sv\/wp-json\/wp\/v2\/categories?post=7345"}],"curies":[{"name":"wp","href":"https:\/\/api.w.org\/{rel}","templated":true}]}}