{"id":7343,"date":"2019-01-14T00:00:00","date_gmt":"2019-01-14T00:00:00","guid":{"rendered":"https:\/\/readybetwin.com\/spelleverantorer\/"},"modified":"2020-07-07T22:26:41","modified_gmt":"2020-07-07T22:26:41","slug":"spelutvecklare","status":"publish","type":"page","link":"https:\/\/readybetwin.com\/sv\/casino\/spelutvecklare\/","title":{"rendered":"Spelutvecklare"},"content":{"rendered":"<p>Spel som underh\u00e5llning har funnits sedan urminnes tider. Dock inte i de former som vi t\u00e4nker p\u00e5 idag. D\u00e5 var det betydligt enklare spel med t\u00e4rningar eller gissningsspel. Man har hittat t\u00e4rningar i gravar i det forna Kina fr\u00e5n 1100-talet, s\u00e5 folk tyckte om att spela redan d\u00e5.<\/p>\n<p>Kortspelens historia kommer \u00e4nd\u00e5 fr\u00e5n 1300-talet. Man tror att det \u00e4ldsta spelet var 21, allts\u00e5 dagens BlackJack. Poker uppfanns p\u00e5 1800-talet i USA och \u00e4ven slotmaskinen konstruerades i slutet av 1800-talet, av Charles Fey. Det var en enkel mekanisk maskin med tre hjul och symboler. Vinst fick man n\u00e4r Bell symbolerna hamnade p\u00e5 vinstlinjen. D\u00e5 delade maskinen ut vinsten i mynt direkt.<br \/>\nH\u00e4rifr\u00e5n kommer ocks\u00e5 namnet enarmad bandit som du kanske h\u00f6rt. Det var ett uttryck att den helt enkelt tog spelarens pengar, som en bandit, fast den bara hade en arm. Allts\u00e5 den arm som man drog i. M\u00e5nga spelade bort b\u00e5de familj och f\u00f6rm\u00f6genhet p\u00e5 denna maskin.<\/p>\n<p>Troligen k\u00e4nner du igen namn som Cherry och Bally som var stora p\u00e5 landbaserade casinon. Dessa slots fanns ocks\u00e5 p\u00e5 b\u00e5tf\u00f6rbindelser och spelen \u00f6ppnades n\u00e4r man l\u00e4mnade Sveriges gr\u00e4ns.<br \/>\nN\u00e5v\u00e4l, det var lite historia kring spelens utveckling men vi ska mest tala om dagens speltillverkare och s\u00e5klart har det h\u00e4nt massor p\u00e5 marknaden.<\/p>\n<h2>Slotsutvecklingen fick fart med internet<\/h2>\n<p>N\u00e4r internet lanserades p\u00e5 bred front \u00f6ppnades m\u00f6jligheterna f\u00f6r online casino marknaden att erbjuda sina produkter. Det var ocks\u00e5 d\u00e5 som speltillverkarna b\u00f6rjade f\u00e5 mer luft under vingarna. Under b\u00f6rjan av 2000-talet b\u00f6rjade Sverige att bygga ut bredband i st\u00e4derna och man hade en strategi att hela Sverige snabbt skulle vara uppkopplat. Detta var s\u00e5klart magiskt f\u00f6r casino leverant\u00f6rerna och kraven p\u00e5 speltillverkarna att leverera spel blev snabbt stora.<\/p>\n<h3>Tidiga spelleverant\u00f6rer<\/h3>\n<p>De tv\u00e5 stora leverant\u00f6rerna som var tidigt ute p\u00e5 den h\u00e4r marknaden var Microgaming och NetEnt. Tittar vi p\u00e5 marknaden idag s\u00e5 \u00e4r dessa tv\u00e5, efter 25 \u00e5r, fortfarande n\u00e5gra av de stora j\u00e4ttarna. Casinomarknaden drogs med en del problem d\u00e5 de tidigare versionerna av online casinon hade d\u00e5lig design, och \u00f6verf\u00f6ring av pengar inte var s\u00e4kert. P\u00e5 grund av detta fick casinobranschen ett rykte om sig att vara os\u00e4kert och oseri\u00f6st. S\u00e5 sm\u00e5ningom blev n\u00e4tcasinon mer rumsrent och fler fick upp \u00f6gonen f\u00f6r dem.<\/p>\n<p>Utvecklingen gick snabbt fram\u00e5t med b\u00e4ttre spel och optimerade sidor som f\u00f6rb\u00e4ttrade upplevelsen. Nu startade en kappl\u00f6pning mellan leverant\u00f6rerna att ha mer funktioner och b\u00e4ttre design. Fler casinon startades ocks\u00e5 upp d\u00e4r man fokuserade mycket p\u00e5 att erbjuda ett bra urval.<\/p>\n<h3>Spelleverant\u00f6rer av slots<\/h3>\n<p>P\u00e5 online casino marknaden idag finns ett stort antal av tillverkare av slots. H\u00e4r finns b\u00e5de stora leverant\u00f6rer som varit etablerade p\u00e5 marknaden l\u00e4nge men \u00e4ven mindre leverant\u00f6rer. Att ta sig in p\u00e5 marknaden och bli framg\u00e5ngsrik \u00e4r en stor utmaning. De mindre leverant\u00f6rerna m\u00e5ste erbjuda n\u00e5got speciellt. N\u00e5got som sticker ut eller \u00e4r extra bra p\u00e5 vissa delar, exempelvis grafiken eller funktionerna.<\/p>\n<h3>B\u00e4sta spelleverant\u00f6rer av casinospel<\/h3>\n<p>Att kora en vinnare p\u00e5 den eller de b\u00e4sta spelleverant\u00f6rerna av slots p\u00e5 marknaden \u00e4r sv\u00e5rt. Dock r\u00e5der det ingen tvekan om vilka som \u00e4r de st\u00f6rsta. P\u00e5 tronen av online casino marknaden idag hittar vi Pragmatic Play, Yggdrasil, NetEnt, RedTiger, Play&#8217;n Go, Microgaming, Big Time Gaming, Evolution Gaming och Quickspin. Vilken just du tycker \u00e4r b\u00e4st \u00e4r nog upp till dig sj\u00e4lv att avg\u00f6ra.<\/p>\n<p>Idag finns n\u00e4stan 300 speltillverkare p\u00e5 online casinomarknaden. Att ranka spelleverant\u00f6rer kan man g\u00f6ra p\u00e5 olika s\u00e4tt. Hur m\u00e5nga slots de har lanserat, hur popul\u00e4ra de \u00e4r eller hur m\u00e5nga n\u00e4tcasinon som har dem aktiverade. Det vi dock vet \u00e4r att det finns m\u00e5nga prisbel\u00f6nade spelleverant\u00f6rer och att de f\u00e5tt erk\u00e4nt stora priser f\u00f6r deras produktioner och framsteg. Det g\u00f6r ocks\u00e5 att slotsen \u00e4r riktigt bra. Vi g\u00e5r kontinuerligt igenom spel p\u00e5 v\u00e5r <a href=\"https:\/\/readybetwin.com\/sv\/casino\/slot\">spelrecension<\/a> sida och ger dig bakgrund, funktioner samt vad du b\u00f6r t\u00e4nka p\u00e5 n\u00e4r du spelar dem.<\/p>\n<h3>Slotkategorier hos spelleverant\u00f6rer<\/h3>\n<p>P\u00e5 marknaden finns m\u00e5nga olika teman och kategorier av slotsspel. Man kan s\u00e4ga att marknaden bokstavligt exploderat och spelleverant\u00f6rerna jobbar stenh\u00e5rt f\u00f6r att hitta p\u00e5 nya funktioner och mer avancerade spel.<br \/>\nEn stor del i slotsspelen \u00e4r bonusspelet och nya spelleverant\u00f6rer satsar mycket p\u00e5 att g\u00f6ra ett s\u00e5 bra och sp\u00e4nnande bonusspel som m\u00f6jligt. Som spelare vill du g\u00e4rna aktivera denna funktion, eftersom den kan vara riktigt l\u00f6nsam. Samtidigt vill du ocks\u00e5 ha en stor del underh\u00e5llning och sp\u00e4nning. Ju mer avancerat och sp\u00e4nnande dessa funktioner \u00e4r desto roligare blir slotsspelet att spela.<\/p>\n<h3>Fler speltillverkare lanserar jackpott slots<\/h3>\n<p>Slots kan vara vanliga slots spel eller ha en jackpott funktion. Det \u00e4r i de flesta fall en progressiv jackpot som byggs upp och den kan finnas i flera niv\u00e5er. Den \u00f6kar hela tiden d\u00e5 en mindre del av spelarens insats vid varje snurr s\u00e4tts av till jackpotten. Ofta finns flera niv\u00e5er p\u00e5 jackpotten som exempelvis Mini. Minor, Major och Mega. Vinstsummorna kan bli otroligt stora p\u00e5 de mest popul\u00e4ra slotsspelen.<br \/>\nEtt k\u00e4nt jackpottspel \u00e4r <a href=\"https:\/\/readybetwin.com\/sv\/casino\/slots\/mega-moolah\/\">Mega Moolah<\/a> som vi har recenserat h\u00e4r p\u00e5 Readybetwin.<\/p>\n<h3>Avancerade funktioner i slots fr\u00e5n ledande speltillverkare<\/h3>\n<p>Konkurrens driver utvecklingen fram\u00e5t och det \u00e4r verkligen sant. Ett exempel p\u00e5 detta \u00e4r funktionen Megaways som lanserades av spelleverant\u00f6ren Big Time Gaming. Funktionen finns p\u00e5 m\u00e5nga av deras slots, som ocks\u00e5 har blivit v\u00e4ldigt popul\u00e4ra. I dessa slots \u00e4r vinstkombinationerna extremt stora, hela 117 649 stycken. Slotsen har varierbara symboler som kan framtr\u00e4da med 2 eller 8 symboler p\u00e5 varje hjul och flera andra funktioner. Har du inte provat Megaways slots kan vi verkligen rekommendera det.<\/p>\n","protected":false},"excerpt":{"rendered":"<p>Spel som underh\u00e5llning har funnits sedan urminnes tider. Dock inte i de former som vi t\u00e4nker p\u00e5 idag. D\u00e5 var det betydligt enklare spel med t\u00e4rningar eller gissningsspel. Man har hittat t\u00e4rningar i gravar i det forna Kina fr\u00e5n 1100-talet, s\u00e5 folk tyckte om att spela redan d\u00e5. Kortspelens historia kommer \u00e4nd\u00e5 fr\u00e5n 1300-talet. Man [&hellip;]<\/p>\n","protected":false},"author":1,"featured_media":19886,"parent":7353,"menu_order":52,"comment_status":"closed","ping_status":"closed","template":"template-game-providers.php","meta":{"_acf_changed":false,"footnotes":""},"categories":[3],"class_list":["post-7343","page","type-page","status-publish","has-post-thumbnail","hentry","category-casino"],"acf":[],"yoast_head":"<!-- This site is optimized with the Yoast SEO plugin v27.4 - https:\/\/yoast.com\/product\/yoast-seo-wordpress\/ -->\n<title>Spelutvecklare | Ready Bet Win<\/title>\n<meta name=\"robots\" content=\"index, follow, max-snippet:-1, max-image-preview:large, max-video-preview:-1\" \/>\n<link rel=\"canonical\" href=\"https:\/\/readybetwin.com\/sv\/casino\/spelutvecklare\/\" \/>\n<meta property=\"og:locale\" content=\"sv_SE\" \/>\n<meta property=\"og:type\" content=\"article\" \/>\n<meta property=\"og:title\" content=\"Spelutvecklare | Ready Bet Win\" \/>\n<meta property=\"og:description\" content=\"Spel som underh\u00e5llning har funnits sedan urminnes tider. Dock inte i de former som vi t\u00e4nker p\u00e5 idag. D\u00e5 var det betydligt enklare spel med t\u00e4rningar eller gissningsspel. Man har hittat t\u00e4rningar i gravar i det forna Kina fr\u00e5n 1100-talet, s\u00e5 folk tyckte om att spela redan d\u00e5. Kortspelens historia kommer \u00e4nd\u00e5 fr\u00e5n 1300-talet. Man [&hellip;]\" \/>\n<meta property=\"og:url\" content=\"https:\/\/readybetwin.com\/sv\/casino\/spelutvecklare\/\" \/>\n<meta property=\"og:site_name\" content=\"Ready Bet Win\" \/>\n<meta property=\"article:modified_time\" content=\"2020-07-07T22:26:41+00:00\" \/>\n<meta property=\"og:image\" content=\"https:\/\/readybetwin.com\/wp-content\/uploads\/2020\/07\/page-game-devs.jpg\" \/>\n\t<meta property=\"og:image:width\" content=\"1920\" \/>\n\t<meta property=\"og:image:height\" content=\"1280\" \/>\n\t<meta property=\"og:image:type\" content=\"image\/jpeg\" \/>\n<meta name=\"twitter:card\" content=\"summary_large_image\" \/>\n<meta name=\"twitter:label1\" content=\"Ber\u00e4knad l\u00e4stid\" \/>\n\t<meta name=\"twitter:data1\" content=\"5 minuter\" \/>\n<script type=\"application\/ld+json\" class=\"yoast-schema-graph\">{\"@context\":\"https:\\\/\\\/schema.org\",\"@graph\":[{\"@type\":\"WebPage\",\"@id\":\"https:\\\/\\\/readybetwin.com\\\/sv\\\/casino\\\/spelutvecklare\\\/\",\"url\":\"https:\\\/\\\/readybetwin.com\\\/sv\\\/casino\\\/spelutvecklare\\\/\",\"name\":\"Spelutvecklare | Ready Bet Win\",\"isPartOf\":{\"@id\":\"https:\\\/\\\/readybetwin.com\\\/sv\\\/#website\"},\"primaryImageOfPage\":{\"@id\":\"https:\\\/\\\/readybetwin.com\\\/sv\\\/casino\\\/spelutvecklare\\\/#primaryimage\"},\"image\":{\"@id\":\"https:\\\/\\\/readybetwin.com\\\/sv\\\/casino\\\/spelutvecklare\\\/#primaryimage\"},\"thumbnailUrl\":\"https:\\\/\\\/readybetwin.com\\\/wp-content\\\/uploads\\\/2020\\\/07\\\/page-game-devs.jpg\",\"datePublished\":\"2019-01-14T00:00:00+00:00\",\"dateModified\":\"2020-07-07T22:26:41+00:00\",\"breadcrumb\":{\"@id\":\"https:\\\/\\\/readybetwin.com\\\/sv\\\/casino\\\/spelutvecklare\\\/#breadcrumb\"},\"inLanguage\":\"sv-SE\",\"potentialAction\":[{\"@type\":\"ReadAction\",\"target\":[\"https:\\\/\\\/readybetwin.com\\\/sv\\\/casino\\\/spelutvecklare\\\/\"]}]},{\"@type\":\"ImageObject\",\"inLanguage\":\"sv-SE\",\"@id\":\"https:\\\/\\\/readybetwin.com\\\/sv\\\/casino\\\/spelutvecklare\\\/#primaryimage\",\"url\":\"https:\\\/\\\/readybetwin.com\\\/wp-content\\\/uploads\\\/2020\\\/07\\\/page-game-devs.jpg\",\"contentUrl\":\"https:\\\/\\\/readybetwin.com\\\/wp-content\\\/uploads\\\/2020\\\/07\\\/page-game-devs.jpg\",\"width\":1920,\"height\":1280,\"caption\":\"Game developers\"},{\"@type\":\"BreadcrumbList\",\"@id\":\"https:\\\/\\\/readybetwin.com\\\/sv\\\/casino\\\/spelutvecklare\\\/#breadcrumb\",\"itemListElement\":[{\"@type\":\"ListItem\",\"position\":1,\"name\":\"Home\",\"item\":\"https:\\\/\\\/readybetwin.com\\\/sv\\\/\"},{\"@type\":\"ListItem\",\"position\":2,\"name\":\"Casino\",\"item\":\"https:\\\/\\\/readybetwin.com\\\/sv\\\/casino\\\/\"},{\"@type\":\"ListItem\",\"position\":3,\"name\":\"Spelutvecklare\"}]},{\"@type\":\"WebSite\",\"@id\":\"https:\\\/\\\/readybetwin.com\\\/sv\\\/#website\",\"url\":\"https:\\\/\\\/readybetwin.com\\\/sv\\\/\",\"name\":\"Ready Bet Win\",\"description\":\"Compare online casinos and betting sites\",\"publisher\":{\"@id\":\"https:\\\/\\\/readybetwin.com\\\/sv\\\/#organization\"},\"potentialAction\":[{\"@type\":\"SearchAction\",\"target\":{\"@type\":\"EntryPoint\",\"urlTemplate\":\"https:\\\/\\\/readybetwin.com\\\/sv\\\/?s={search_term_string}\"},\"query-input\":{\"@type\":\"PropertyValueSpecification\",\"valueRequired\":true,\"valueName\":\"search_term_string\"}}],\"inLanguage\":\"sv-SE\"},{\"@type\":\"Organization\",\"@id\":\"https:\\\/\\\/readybetwin.com\\\/sv\\\/#organization\",\"name\":\"Ready Bet Win\",\"url\":\"https:\\\/\\\/readybetwin.com\\\/sv\\\/\",\"logo\":{\"@type\":\"ImageObject\",\"inLanguage\":\"sv-SE\",\"@id\":\"https:\\\/\\\/readybetwin.com\\\/sv\\\/#\\\/schema\\\/logo\\\/image\\\/\",\"url\":\"\",\"contentUrl\":\"\",\"caption\":\"Ready Bet Win\"},\"image\":{\"@id\":\"https:\\\/\\\/readybetwin.com\\\/sv\\\/#\\\/schema\\\/logo\\\/image\\\/\"}}]}<\/script>\n<!-- \/ Yoast SEO plugin. -->","yoast_head_json":{"title":"Spelutvecklare | Ready Bet Win","robots":{"index":"index","follow":"follow","max-snippet":"max-snippet:-1","max-image-preview":"max-image-preview:large","max-video-preview":"max-video-preview:-1"},"canonical":"https:\/\/readybetwin.com\/sv\/casino\/spelutvecklare\/","og_locale":"sv_SE","og_type":"article","og_title":"Spelutvecklare | Ready Bet Win","og_description":"Spel som underh\u00e5llning har funnits sedan urminnes tider. Dock inte i de former som vi t\u00e4nker p\u00e5 idag. D\u00e5 var det betydligt enklare spel med t\u00e4rningar eller gissningsspel. Man har hittat t\u00e4rningar i gravar i det forna Kina fr\u00e5n 1100-talet, s\u00e5 folk tyckte om att spela redan d\u00e5. Kortspelens historia kommer \u00e4nd\u00e5 fr\u00e5n 1300-talet. Man [&hellip;]","og_url":"https:\/\/readybetwin.com\/sv\/casino\/spelutvecklare\/","og_site_name":"Ready Bet Win","article_modified_time":"2020-07-07T22:26:41+00:00","og_image":[{"width":1920,"height":1280,"url":"https:\/\/readybetwin.com\/wp-content\/uploads\/2020\/07\/page-game-devs.jpg","type":"image\/jpeg"}],"twitter_card":"summary_large_image","twitter_misc":{"Ber\u00e4knad l\u00e4stid":"5 minuter"},"schema":{"@context":"https:\/\/schema.org","@graph":[{"@type":"WebPage","@id":"https:\/\/readybetwin.com\/sv\/casino\/spelutvecklare\/","url":"https:\/\/readybetwin.com\/sv\/casino\/spelutvecklare\/","name":"Spelutvecklare | Ready Bet Win","isPartOf":{"@id":"https:\/\/readybetwin.com\/sv\/#website"},"primaryImageOfPage":{"@id":"https:\/\/readybetwin.com\/sv\/casino\/spelutvecklare\/#primaryimage"},"image":{"@id":"https:\/\/readybetwin.com\/sv\/casino\/spelutvecklare\/#primaryimage"},"thumbnailUrl":"https:\/\/readybetwin.com\/wp-content\/uploads\/2020\/07\/page-game-devs.jpg","datePublished":"2019-01-14T00:00:00+00:00","dateModified":"2020-07-07T22:26:41+00:00","breadcrumb":{"@id":"https:\/\/readybetwin.com\/sv\/casino\/spelutvecklare\/#breadcrumb"},"inLanguage":"sv-SE","potentialAction":[{"@type":"ReadAction","target":["https:\/\/readybetwin.com\/sv\/casino\/spelutvecklare\/"]}]},{"@type":"ImageObject","inLanguage":"sv-SE","@id":"https:\/\/readybetwin.com\/sv\/casino\/spelutvecklare\/#primaryimage","url":"https:\/\/readybetwin.com\/wp-content\/uploads\/2020\/07\/page-game-devs.jpg","contentUrl":"https:\/\/readybetwin.com\/wp-content\/uploads\/2020\/07\/page-game-devs.jpg","width":1920,"height":1280,"caption":"Game developers"},{"@type":"BreadcrumbList","@id":"https:\/\/readybetwin.com\/sv\/casino\/spelutvecklare\/#breadcrumb","itemListElement":[{"@type":"ListItem","position":1,"name":"Home","item":"https:\/\/readybetwin.com\/sv\/"},{"@type":"ListItem","position":2,"name":"Casino","item":"https:\/\/readybetwin.com\/sv\/casino\/"},{"@type":"ListItem","position":3,"name":"Spelutvecklare"}]},{"@type":"WebSite","@id":"https:\/\/readybetwin.com\/sv\/#website","url":"https:\/\/readybetwin.com\/sv\/","name":"Ready Bet Win","description":"Compare online casinos and betting sites","publisher":{"@id":"https:\/\/readybetwin.com\/sv\/#organization"},"potentialAction":[{"@type":"SearchAction","target":{"@type":"EntryPoint","urlTemplate":"https:\/\/readybetwin.com\/sv\/?s={search_term_string}"},"query-input":{"@type":"PropertyValueSpecification","valueRequired":true,"valueName":"search_term_string"}}],"inLanguage":"sv-SE"},{"@type":"Organization","@id":"https:\/\/readybetwin.com\/sv\/#organization","name":"Ready Bet Win","url":"https:\/\/readybetwin.com\/sv\/","logo":{"@type":"ImageObject","inLanguage":"sv-SE","@id":"https:\/\/readybetwin.com\/sv\/#\/schema\/logo\/image\/","url":"","contentUrl":"","caption":"Ready Bet Win"},"image":{"@id":"https:\/\/readybetwin.com\/sv\/#\/schema\/logo\/image\/"}}]}},"_links":{"self":[{"href":"https:\/\/readybetwin.com\/sv\/wp-json\/wp\/v2\/pages\/7343","targetHints":{"allow":["GET"]}}],"collection":[{"href":"https:\/\/readybetwin.com\/sv\/wp-json\/wp\/v2\/pages"}],"about":[{"href":"https:\/\/readybetwin.com\/sv\/wp-json\/wp\/v2\/types\/page"}],"author":[{"embeddable":true,"href":"https:\/\/readybetwin.com\/sv\/wp-json\/wp\/v2\/users\/1"}],"replies":[{"embeddable":true,"href":"https:\/\/readybetwin.com\/sv\/wp-json\/wp\/v2\/comments?post=7343"}],"version-history":[{"count":0,"href":"https:\/\/readybetwin.com\/sv\/wp-json\/wp\/v2\/pages\/7343\/revisions"}],"up":[{"embeddable":true,"href":"https:\/\/readybetwin.com\/sv\/wp-json\/wp\/v2\/pages\/7353"}],"wp:featuredmedia":[{"embeddable":true,"href":"https:\/\/readybetwin.com\/sv\/wp-json\/wp\/v2\/media\/19886"}],"wp:attachment":[{"href":"https:\/\/readybetwin.com\/sv\/wp-json\/wp\/v2\/media?parent=7343"}],"wp:term":[{"taxonomy":"category","embeddable":true,"href":"https:\/\/readybetwin.com\/sv\/wp-json\/wp\/v2\/categories?post=7343"}],"curies":[{"name":"wp","href":"https:\/\/api.w.org\/{rel}","templated":true}]}}