{"id":7342,"date":"2019-03-21T00:00:00","date_gmt":"2019-03-21T00:00:00","guid":{"rendered":"https:\/\/readybetwin.com\/sport\/"},"modified":"2020-07-05T21:02:24","modified_gmt":"2020-07-05T21:02:24","slug":"sportkalendern","status":"publish","type":"page","link":"https:\/\/readybetwin.com\/sv\/odds\/sportkalendern\/","title":{"rendered":"Sportkalendern"},"content":{"rendered":"<p>P\u00e5 dagens bettingsidor bevakas de flesta sportevenemang, matcher och andra h\u00e4ndelser som \u00e4r av allm\u00e4nt intresse. H\u00e4r kan du enkelt s\u00f6ka fram matcher eller ligor, och se vad som \u00e4r live just nu.<\/p>\n<h2>F\u00f6lj sport matchen live hos bettingbolaget<\/h2>\n<p>M\u00e5nga matcher g\u00e5r idag live hos bettingbolaget vilket betyder att du kan se den hos dem n\u00e4r den spelas. Det \u00e4r en bra funktion. En annan variant p\u00e5 detta \u00e4r att du ser en live uppdatering, grafiskt av vad som h\u00e4nder i matchen. Vem som har anfall, om det \u00e4r avbl\u00e5st eller om det delas ut gula kort. Att spela live \u00e4r n\u00e5got som verkligen h\u00f6jer k\u00e4nslan, och h\u00e4r kan du ocks\u00e5 ha en m\u00f6jlighet att f\u00e5 b\u00e4ttre odds, och kunna ta ut lite mer pengar.<\/p>\n<h2>Vilka evenemang \u00e4r b\u00e4st att betta p\u00e5?<\/h2>\n<p>Om du vill l\u00e4gga bet och leta odds p\u00e5 riktigt popul\u00e4ra ligor s\u00e5 \u00e4r det s\u00e5klart alla de stora sport h\u00e4ndelser som sker n\u00e4r det \u00e4r stora m\u00e4sterskap. Vi t\u00e4nker p\u00e5 VM och OS inom flera sporter. Ofta kan du betta p\u00e5 vilken sport som helst, bara du l\u00e4ser p\u00e5 lite om lagen och har en bra uppfattning om hur du tror att du ska l\u00e4gga ditt bet. Vill du l\u00e4gga ett bra bet ska du g\u00f6ra efterforskningar som l\u00e4gger en bra grund f\u00f6r dina beslut. Slarvar du s\u00e5 blir ditt bet d\u00e4refter.<\/p>\n<p>Andra intressanta ligor att f\u00f6lja \u00e4r de stora fotbollsligorna som ocks\u00e5 bevakas h\u00e5rt av de stora mediebolagen. H\u00e4r finns en outsinlig str\u00f6m av information du kan ta del av. Vi t\u00e4nker p\u00e5 Premier League, Champions League, FA Cup, La Liga, Bundesliga samt lokala ligor i respektive land d\u00e4r du bor. I Sverige \u00e4r det Allsvenskan och SHL p\u00e5 Hockey som \u00e4r tv\u00e5 intressanta ligor, som m\u00e5nga f\u00f6ljer. Mycket fokus h\u00e4r p\u00e5 fotboll och hockey men gl\u00f6m inte handboll, tennis och m\u00e5nga fler. Du kan bli bra p\u00e5 att betta och l\u00e4gga dina odds r\u00e4tt om du l\u00e4gger ner tid. Ju sporter det handlar om desto mer m\u00e5ste du l\u00e4sa p\u00e5 om alla lag och spelare. P\u00e5 stora ligor \u00e4r ocks\u00e5 konkurrensen h\u00e5rd om odds, och i m\u00e5nga fall ganska pressade.<\/p>\n","protected":false},"excerpt":{"rendered":"<p>P\u00e5 dagens bettingsidor bevakas de flesta sportevenemang, matcher och andra h\u00e4ndelser som \u00e4r av allm\u00e4nt intresse. H\u00e4r kan du enkelt s\u00f6ka fram matcher eller ligor, och se vad som \u00e4r live just nu. F\u00f6lj sport matchen live hos bettingbolaget M\u00e5nga matcher g\u00e5r idag live hos bettingbolaget vilket betyder att du kan se den hos dem [&hellip;]<\/p>\n","protected":false},"author":1,"featured_media":19698,"parent":7359,"menu_order":67,"comment_status":"closed","ping_status":"closed","template":"template-calendar.php","meta":{"_acf_changed":false,"footnotes":""},"categories":[10],"class_list":["post-7342","page","type-page","status-publish","has-post-thumbnail","hentry","category-odds"],"acf":[],"yoast_head":"<!-- This site is optimized with the Yoast SEO plugin v27.3 - https:\/\/yoast.com\/product\/yoast-seo-wordpress\/ -->\n<title>Sportkalendern | Ready Bet Win<\/title>\n<meta name=\"robots\" content=\"index, follow, max-snippet:-1, max-image-preview:large, max-video-preview:-1\" \/>\n<link rel=\"canonical\" href=\"https:\/\/readybetwin.com\/sv\/odds\/sportkalendern\/\" \/>\n<meta property=\"og:locale\" content=\"sv_SE\" \/>\n<meta property=\"og:type\" content=\"article\" \/>\n<meta property=\"og:title\" content=\"Sportkalendern | Ready Bet Win\" \/>\n<meta property=\"og:description\" content=\"P\u00e5 dagens bettingsidor bevakas de flesta sportevenemang, matcher och andra h\u00e4ndelser som \u00e4r av allm\u00e4nt intresse. H\u00e4r kan du enkelt s\u00f6ka fram matcher eller ligor, och se vad som \u00e4r live just nu. F\u00f6lj sport matchen live hos bettingbolaget M\u00e5nga matcher g\u00e5r idag live hos bettingbolaget vilket betyder att du kan se den hos dem [&hellip;]\" \/>\n<meta property=\"og:url\" content=\"https:\/\/readybetwin.com\/sv\/odds\/sportkalendern\/\" \/>\n<meta property=\"og:site_name\" content=\"Ready Bet Win\" \/>\n<meta property=\"article:modified_time\" content=\"2020-07-05T21:02:24+00:00\" \/>\n<meta property=\"og:image\" content=\"https:\/\/readybetwin.com\/wp-content\/uploads\/2020\/07\/page-sports-calendar.jpg\" \/>\n\t<meta property=\"og:image:width\" content=\"1920\" \/>\n\t<meta property=\"og:image:height\" content=\"1280\" \/>\n\t<meta property=\"og:image:type\" content=\"image\/jpeg\" \/>\n<meta name=\"twitter:card\" content=\"summary_large_image\" \/>\n<meta name=\"twitter:label1\" content=\"Ber\u00e4knad l\u00e4stid\" \/>\n\t<meta name=\"twitter:data1\" content=\"2 minuter\" \/>\n<script type=\"application\/ld+json\" class=\"yoast-schema-graph\">{\"@context\":\"https:\\\/\\\/schema.org\",\"@graph\":[{\"@type\":\"WebPage\",\"@id\":\"https:\\\/\\\/readybetwin.com\\\/sv\\\/odds\\\/sportkalendern\\\/\",\"url\":\"https:\\\/\\\/readybetwin.com\\\/sv\\\/odds\\\/sportkalendern\\\/\",\"name\":\"Sportkalendern | Ready Bet Win\",\"isPartOf\":{\"@id\":\"https:\\\/\\\/readybetwin.com\\\/sv\\\/#website\"},\"primaryImageOfPage\":{\"@id\":\"https:\\\/\\\/readybetwin.com\\\/sv\\\/odds\\\/sportkalendern\\\/#primaryimage\"},\"image\":{\"@id\":\"https:\\\/\\\/readybetwin.com\\\/sv\\\/odds\\\/sportkalendern\\\/#primaryimage\"},\"thumbnailUrl\":\"https:\\\/\\\/readybetwin.com\\\/wp-content\\\/uploads\\\/2020\\\/07\\\/page-sports-calendar.jpg\",\"datePublished\":\"2019-03-21T00:00:00+00:00\",\"dateModified\":\"2020-07-05T21:02:24+00:00\",\"breadcrumb\":{\"@id\":\"https:\\\/\\\/readybetwin.com\\\/sv\\\/odds\\\/sportkalendern\\\/#breadcrumb\"},\"inLanguage\":\"sv-SE\",\"potentialAction\":[{\"@type\":\"ReadAction\",\"target\":[\"https:\\\/\\\/readybetwin.com\\\/sv\\\/odds\\\/sportkalendern\\\/\"]}]},{\"@type\":\"ImageObject\",\"inLanguage\":\"sv-SE\",\"@id\":\"https:\\\/\\\/readybetwin.com\\\/sv\\\/odds\\\/sportkalendern\\\/#primaryimage\",\"url\":\"https:\\\/\\\/readybetwin.com\\\/wp-content\\\/uploads\\\/2020\\\/07\\\/page-sports-calendar.jpg\",\"contentUrl\":\"https:\\\/\\\/readybetwin.com\\\/wp-content\\\/uploads\\\/2020\\\/07\\\/page-sports-calendar.jpg\",\"width\":1920,\"height\":1280,\"caption\":\"Sports calendar\"},{\"@type\":\"BreadcrumbList\",\"@id\":\"https:\\\/\\\/readybetwin.com\\\/sv\\\/odds\\\/sportkalendern\\\/#breadcrumb\",\"itemListElement\":[{\"@type\":\"ListItem\",\"position\":1,\"name\":\"Home\",\"item\":\"https:\\\/\\\/readybetwin.com\\\/sv\\\/\"},{\"@type\":\"ListItem\",\"position\":2,\"name\":\"Odds\",\"item\":\"https:\\\/\\\/readybetwin.com\\\/sv\\\/odds\\\/\"},{\"@type\":\"ListItem\",\"position\":3,\"name\":\"Sportkalendern\"}]},{\"@type\":\"WebSite\",\"@id\":\"https:\\\/\\\/readybetwin.com\\\/sv\\\/#website\",\"url\":\"https:\\\/\\\/readybetwin.com\\\/sv\\\/\",\"name\":\"Ready Bet Win\",\"description\":\"Compare online casinos and betting sites\",\"publisher\":{\"@id\":\"https:\\\/\\\/readybetwin.com\\\/sv\\\/#organization\"},\"potentialAction\":[{\"@type\":\"SearchAction\",\"target\":{\"@type\":\"EntryPoint\",\"urlTemplate\":\"https:\\\/\\\/readybetwin.com\\\/sv\\\/?s={search_term_string}\"},\"query-input\":{\"@type\":\"PropertyValueSpecification\",\"valueRequired\":true,\"valueName\":\"search_term_string\"}}],\"inLanguage\":\"sv-SE\"},{\"@type\":\"Organization\",\"@id\":\"https:\\\/\\\/readybetwin.com\\\/sv\\\/#organization\",\"name\":\"Ready Bet Win\",\"url\":\"https:\\\/\\\/readybetwin.com\\\/sv\\\/\",\"logo\":{\"@type\":\"ImageObject\",\"inLanguage\":\"sv-SE\",\"@id\":\"https:\\\/\\\/readybetwin.com\\\/sv\\\/#\\\/schema\\\/logo\\\/image\\\/\",\"url\":\"\",\"contentUrl\":\"\",\"caption\":\"Ready Bet Win\"},\"image\":{\"@id\":\"https:\\\/\\\/readybetwin.com\\\/sv\\\/#\\\/schema\\\/logo\\\/image\\\/\"}}]}<\/script>\n<!-- \/ Yoast SEO plugin. -->","yoast_head_json":{"title":"Sportkalendern | Ready Bet Win","robots":{"index":"index","follow":"follow","max-snippet":"max-snippet:-1","max-image-preview":"max-image-preview:large","max-video-preview":"max-video-preview:-1"},"canonical":"https:\/\/readybetwin.com\/sv\/odds\/sportkalendern\/","og_locale":"sv_SE","og_type":"article","og_title":"Sportkalendern | Ready Bet Win","og_description":"P\u00e5 dagens bettingsidor bevakas de flesta sportevenemang, matcher och andra h\u00e4ndelser som \u00e4r av allm\u00e4nt intresse. H\u00e4r kan du enkelt s\u00f6ka fram matcher eller ligor, och se vad som \u00e4r live just nu. F\u00f6lj sport matchen live hos bettingbolaget M\u00e5nga matcher g\u00e5r idag live hos bettingbolaget vilket betyder att du kan se den hos dem [&hellip;]","og_url":"https:\/\/readybetwin.com\/sv\/odds\/sportkalendern\/","og_site_name":"Ready Bet Win","article_modified_time":"2020-07-05T21:02:24+00:00","og_image":[{"width":1920,"height":1280,"url":"https:\/\/readybetwin.com\/wp-content\/uploads\/2020\/07\/page-sports-calendar.jpg","type":"image\/jpeg"}],"twitter_card":"summary_large_image","twitter_misc":{"Ber\u00e4knad l\u00e4stid":"2 minuter"},"schema":{"@context":"https:\/\/schema.org","@graph":[{"@type":"WebPage","@id":"https:\/\/readybetwin.com\/sv\/odds\/sportkalendern\/","url":"https:\/\/readybetwin.com\/sv\/odds\/sportkalendern\/","name":"Sportkalendern | Ready Bet Win","isPartOf":{"@id":"https:\/\/readybetwin.com\/sv\/#website"},"primaryImageOfPage":{"@id":"https:\/\/readybetwin.com\/sv\/odds\/sportkalendern\/#primaryimage"},"image":{"@id":"https:\/\/readybetwin.com\/sv\/odds\/sportkalendern\/#primaryimage"},"thumbnailUrl":"https:\/\/readybetwin.com\/wp-content\/uploads\/2020\/07\/page-sports-calendar.jpg","datePublished":"2019-03-21T00:00:00+00:00","dateModified":"2020-07-05T21:02:24+00:00","breadcrumb":{"@id":"https:\/\/readybetwin.com\/sv\/odds\/sportkalendern\/#breadcrumb"},"inLanguage":"sv-SE","potentialAction":[{"@type":"ReadAction","target":["https:\/\/readybetwin.com\/sv\/odds\/sportkalendern\/"]}]},{"@type":"ImageObject","inLanguage":"sv-SE","@id":"https:\/\/readybetwin.com\/sv\/odds\/sportkalendern\/#primaryimage","url":"https:\/\/readybetwin.com\/wp-content\/uploads\/2020\/07\/page-sports-calendar.jpg","contentUrl":"https:\/\/readybetwin.com\/wp-content\/uploads\/2020\/07\/page-sports-calendar.jpg","width":1920,"height":1280,"caption":"Sports calendar"},{"@type":"BreadcrumbList","@id":"https:\/\/readybetwin.com\/sv\/odds\/sportkalendern\/#breadcrumb","itemListElement":[{"@type":"ListItem","position":1,"name":"Home","item":"https:\/\/readybetwin.com\/sv\/"},{"@type":"ListItem","position":2,"name":"Odds","item":"https:\/\/readybetwin.com\/sv\/odds\/"},{"@type":"ListItem","position":3,"name":"Sportkalendern"}]},{"@type":"WebSite","@id":"https:\/\/readybetwin.com\/sv\/#website","url":"https:\/\/readybetwin.com\/sv\/","name":"Ready Bet Win","description":"Compare online casinos and betting sites","publisher":{"@id":"https:\/\/readybetwin.com\/sv\/#organization"},"potentialAction":[{"@type":"SearchAction","target":{"@type":"EntryPoint","urlTemplate":"https:\/\/readybetwin.com\/sv\/?s={search_term_string}"},"query-input":{"@type":"PropertyValueSpecification","valueRequired":true,"valueName":"search_term_string"}}],"inLanguage":"sv-SE"},{"@type":"Organization","@id":"https:\/\/readybetwin.com\/sv\/#organization","name":"Ready Bet Win","url":"https:\/\/readybetwin.com\/sv\/","logo":{"@type":"ImageObject","inLanguage":"sv-SE","@id":"https:\/\/readybetwin.com\/sv\/#\/schema\/logo\/image\/","url":"","contentUrl":"","caption":"Ready Bet Win"},"image":{"@id":"https:\/\/readybetwin.com\/sv\/#\/schema\/logo\/image\/"}}]}},"_links":{"self":[{"href":"https:\/\/readybetwin.com\/sv\/wp-json\/wp\/v2\/pages\/7342","targetHints":{"allow":["GET"]}}],"collection":[{"href":"https:\/\/readybetwin.com\/sv\/wp-json\/wp\/v2\/pages"}],"about":[{"href":"https:\/\/readybetwin.com\/sv\/wp-json\/wp\/v2\/types\/page"}],"author":[{"embeddable":true,"href":"https:\/\/readybetwin.com\/sv\/wp-json\/wp\/v2\/users\/1"}],"replies":[{"embeddable":true,"href":"https:\/\/readybetwin.com\/sv\/wp-json\/wp\/v2\/comments?post=7342"}],"version-history":[{"count":0,"href":"https:\/\/readybetwin.com\/sv\/wp-json\/wp\/v2\/pages\/7342\/revisions"}],"up":[{"embeddable":true,"href":"https:\/\/readybetwin.com\/sv\/wp-json\/wp\/v2\/pages\/7359"}],"wp:featuredmedia":[{"embeddable":true,"href":"https:\/\/readybetwin.com\/sv\/wp-json\/wp\/v2\/media\/19698"}],"wp:attachment":[{"href":"https:\/\/readybetwin.com\/sv\/wp-json\/wp\/v2\/media?parent=7342"}],"wp:term":[{"taxonomy":"category","embeddable":true,"href":"https:\/\/readybetwin.com\/sv\/wp-json\/wp\/v2\/categories?post=7342"}],"curies":[{"name":"wp","href":"https:\/\/api.w.org\/{rel}","templated":true}]}}