{"id":7341,"date":"2020-03-05T10:04:52","date_gmt":"2020-03-05T10:04:52","guid":{"rendered":"https:\/\/readybetwin.com\/omsattningsfria-bonusar-och-spins\/"},"modified":"2020-09-14T19:40:36","modified_gmt":"2020-09-14T19:40:36","slug":"omsattningsfritt","status":"publish","type":"page","link":"https:\/\/readybetwin.com\/sv\/casino\/omsattningsfritt\/","title":{"rendered":"Oms\u00e4ttningsfritt"},"content":{"rendered":"<h2>Oms\u00e4ttningsfritt spel hos Pay&#8217;n Play casinon<\/h2>\n<p>N\u00e4r du spelar p\u00e5 s\u00e5 kallade Pay&#8217;n Play casinon erbjuds oftast ingen v\u00e4lkomstbonus. Detta inneb\u00e4r att den ins\u00e4ttning du g\u00f6r inte heller kommer att omfattas av oms\u00e4ttningskrav. Finns det ingen bonus att acceptera s\u00e5 blir det heller inget oms\u00e4ttningskrav. H\u00e4r blir allts\u00e5 pengarna du spelar f\u00f6r helt oms\u00e4ttningsfria.<\/p>\n<p>Om du inte vet exakt hur oms\u00e4ttningskrav fungerar har vi en bra guide som f\u00f6rklarar det i detalj. L\u00e4s v\u00e5r guide om <a href=\"https:\/\/readybetwin.com\/sv\/casino\/guide\/omsattningskrav\">oms\u00e4ttningskrav<\/a> h\u00e4r. D\u00e4r f\u00e5r du exempel p\u00e5 hur det fungerar.<\/p>\n<h2>Bonusar och spins utan oms\u00e4ttningskrav hos casinon<\/h2>\n<p>Fler och fler <a href=\"https:\/\/readybetwin.com\/sv\/casino\/\">casinosidor<\/a> v\u00e4ljer att vara oms\u00e4ttningsfria. Du hittar samtliga casinon av denna typ h\u00e4r p\u00e5 sidan. Att ha oms\u00e4ttningsfri bonus \u00e4r ett s\u00e4tt att marknadsf\u00f6ra sig mot andra casinon p\u00e5 marknaden. F\u00f6r dig som spelare \u00e4r detta bra eftersom dina villkor blir b\u00e4ttre. I denna bonus slipper du det vanliga oms\u00e4ttningskravet som ofta \u00e4r f\u00f6rknippat med en vanlig bonus. Vinner du n\u00e4r du spelar p\u00e5 oms\u00e4ttningsfria casinon \u00e4r alla pengar dina och kan tas ut direkt.<\/p>\n<p>Vanligtvis kan du beh\u00f6va oms\u00e4tta ditt bonus belopp om du vinner med bonus pengar. Det kan vara kr\u00e4vande, och beloppet beror p\u00e5 hur stor bonus du fick.<\/p>\n<p>Att erbjuda oms\u00e4ttningsfri bonus \u00e4r \u00e4rligt, och f\u00f6renklar f\u00f6r dig som spelare. Du slipper g\u00e5 igenom besv\u00e4rliga regler och villkor f\u00f6r bonusen. Du vet redan fr\u00e5n b\u00f6rjan att eventuella vinster \u00e4r dina pengar.<\/p>\n<h3>\u00c4r det skillnad p\u00e5 oms\u00e4ttningsfri bonus och oms\u00e4ttningsfria spins?<\/h3>\n<p>Om en bonus \u00e4r oms\u00e4ttningsfri betyder det att du inte har n\u00e5gra krav p\u00e5 oms\u00e4ttning, om du vinner p\u00e5 casinot. Detta g\u00e4ller \u00e4ven spins som \u00e4r oms\u00e4ttningsfria. Du kommer m\u00f6ta b\u00e5de bonuspengar och bonus spins. Ibland ocks\u00e5 i kombination med varandra. Oavsett vilket s\u00e5 \u00e4r det inga oms\u00e4ttningskrav p\u00e5 n\u00e5gon av dessa. Spelar du p\u00e5 ett av dessa oms\u00e4ttningsfria casino kan du ta ut dina vinster direkt!<\/p>\n<h3>Var hittar jag oms\u00e4ttningsfria bonusar och bonus spins?<\/h3>\n<p>Oms\u00e4ttningsfria bonusar och bonus spins finns hos flera olika operat\u00f6rer. Dessa \u00e4r godk\u00e4nda bonus erbjudanden av den svenska Spelinspektionen. De casinon som erbjuder dessa i Sverige \u00e4r licensierade sedan spel lagen tr\u00e4dde i kraft den 1 januari 2019. Du hittar enkelt oms\u00e4ttningsfria bonusar direkt p\u00e5 v\u00e5r sida. Vi listar samtliga casinon som erbjuder oms\u00e4ttningsfri bonus. Vill du j\u00e4mf\u00f6ra alla casinobonusar p\u00e5 marknaden s\u00e5 hittar du dem p\u00e5 v\u00e5r sida med <a href=\"https:\/\/readybetwin.com\/sv\/casino\">casino bonus<\/a>.<\/p>\n","protected":false},"excerpt":{"rendered":"<p>Oms\u00e4ttningsfritt spel hos Pay&#8217;n Play casinon N\u00e4r du spelar p\u00e5 s\u00e5 kallade Pay&#8217;n Play casinon erbjuds oftast ingen v\u00e4lkomstbonus. Detta inneb\u00e4r att den ins\u00e4ttning du g\u00f6r inte heller kommer att omfattas av oms\u00e4ttningskrav. Finns det ingen bonus att acceptera s\u00e5 blir det heller inget oms\u00e4ttningskrav. H\u00e4r blir allts\u00e5 pengarna du spelar f\u00f6r helt oms\u00e4ttningsfria. Om [&hellip;]<\/p>\n","protected":false},"author":1,"featured_media":17319,"parent":7353,"menu_order":41,"comment_status":"closed","ping_status":"closed","template":"","meta":{"_acf_changed":false,"footnotes":""},"categories":[3],"class_list":["post-7341","page","type-page","status-publish","has-post-thumbnail","hentry","category-casino"],"acf":[],"yoast_head":"<!-- This site is optimized with the Yoast SEO plugin v27.4 - https:\/\/yoast.com\/product\/yoast-seo-wordpress\/ -->\n<title>Oms\u00e4ttningsfria bonusar och spins | Ready Bet Win<\/title>\n<meta name=\"description\" content=\"[Uppdaterat idag] H\u00e4r har vi samlat alla oms\u00e4ttningsfria bonusar och free spins. Vi har hela listan med alla spelbolag utan oms\u00e4ttningskrav.\" \/>\n<meta name=\"robots\" content=\"index, follow, max-snippet:-1, max-image-preview:large, max-video-preview:-1\" \/>\n<link rel=\"canonical\" href=\"https:\/\/readybetwin.com\/sv\/casino\/omsattningsfritt\/\" \/>\n<meta property=\"og:locale\" content=\"sv_SE\" \/>\n<meta property=\"og:type\" content=\"article\" \/>\n<meta property=\"og:title\" content=\"Oms\u00e4ttningsfria bonusar och spins | Ready Bet Win\" \/>\n<meta property=\"og:description\" content=\"[Uppdaterat idag] H\u00e4r har vi samlat alla oms\u00e4ttningsfria bonusar och free spins. Vi har hela listan med alla spelbolag utan oms\u00e4ttningskrav.\" \/>\n<meta property=\"og:url\" content=\"https:\/\/readybetwin.com\/sv\/casino\/omsattningsfritt\/\" \/>\n<meta property=\"og:site_name\" content=\"Ready Bet Win\" \/>\n<meta property=\"article:modified_time\" content=\"2020-09-14T19:40:36+00:00\" \/>\n<meta property=\"og:image\" content=\"https:\/\/readybetwin.com\/wp-content\/uploads\/2020\/02\/wager-free.jpg\" \/>\n\t<meta property=\"og:image:width\" content=\"1920\" \/>\n\t<meta property=\"og:image:height\" content=\"1280\" \/>\n\t<meta property=\"og:image:type\" content=\"image\/jpeg\" \/>\n<meta name=\"twitter:card\" content=\"summary_large_image\" \/>\n<meta name=\"twitter:label1\" content=\"Ber\u00e4knad l\u00e4stid\" \/>\n\t<meta name=\"twitter:data1\" content=\"2 minuter\" \/>\n<script type=\"application\/ld+json\" class=\"yoast-schema-graph\">{\"@context\":\"https:\\\/\\\/schema.org\",\"@graph\":[{\"@type\":\"WebPage\",\"@id\":\"https:\\\/\\\/readybetwin.com\\\/sv\\\/casino\\\/omsattningsfritt\\\/\",\"url\":\"https:\\\/\\\/readybetwin.com\\\/sv\\\/casino\\\/omsattningsfritt\\\/\",\"name\":\"Oms\u00e4ttningsfria bonusar och spins | Ready Bet Win\",\"isPartOf\":{\"@id\":\"https:\\\/\\\/readybetwin.com\\\/sv\\\/#website\"},\"primaryImageOfPage\":{\"@id\":\"https:\\\/\\\/readybetwin.com\\\/sv\\\/casino\\\/omsattningsfritt\\\/#primaryimage\"},\"image\":{\"@id\":\"https:\\\/\\\/readybetwin.com\\\/sv\\\/casino\\\/omsattningsfritt\\\/#primaryimage\"},\"thumbnailUrl\":\"https:\\\/\\\/readybetwin.com\\\/wp-content\\\/uploads\\\/2020\\\/02\\\/wager-free.jpg\",\"datePublished\":\"2020-03-05T10:04:52+00:00\",\"dateModified\":\"2020-09-14T19:40:36+00:00\",\"description\":\"[Uppdaterat idag] H\u00e4r har vi samlat alla oms\u00e4ttningsfria bonusar och free spins. Vi har hela listan med alla spelbolag utan oms\u00e4ttningskrav.\",\"breadcrumb\":{\"@id\":\"https:\\\/\\\/readybetwin.com\\\/sv\\\/casino\\\/omsattningsfritt\\\/#breadcrumb\"},\"inLanguage\":\"sv-SE\",\"potentialAction\":[{\"@type\":\"ReadAction\",\"target\":[\"https:\\\/\\\/readybetwin.com\\\/sv\\\/casino\\\/omsattningsfritt\\\/\"]}]},{\"@type\":\"ImageObject\",\"inLanguage\":\"sv-SE\",\"@id\":\"https:\\\/\\\/readybetwin.com\\\/sv\\\/casino\\\/omsattningsfritt\\\/#primaryimage\",\"url\":\"https:\\\/\\\/readybetwin.com\\\/wp-content\\\/uploads\\\/2020\\\/02\\\/wager-free.jpg\",\"contentUrl\":\"https:\\\/\\\/readybetwin.com\\\/wp-content\\\/uploads\\\/2020\\\/02\\\/wager-free.jpg\",\"width\":1920,\"height\":1280},{\"@type\":\"BreadcrumbList\",\"@id\":\"https:\\\/\\\/readybetwin.com\\\/sv\\\/casino\\\/omsattningsfritt\\\/#breadcrumb\",\"itemListElement\":[{\"@type\":\"ListItem\",\"position\":1,\"name\":\"Home\",\"item\":\"https:\\\/\\\/readybetwin.com\\\/sv\\\/\"},{\"@type\":\"ListItem\",\"position\":2,\"name\":\"Casino\",\"item\":\"https:\\\/\\\/readybetwin.com\\\/sv\\\/casino\\\/\"},{\"@type\":\"ListItem\",\"position\":3,\"name\":\"Oms\u00e4ttningsfritt\"}]},{\"@type\":\"WebSite\",\"@id\":\"https:\\\/\\\/readybetwin.com\\\/sv\\\/#website\",\"url\":\"https:\\\/\\\/readybetwin.com\\\/sv\\\/\",\"name\":\"Ready Bet Win\",\"description\":\"Compare online casinos and betting sites\",\"publisher\":{\"@id\":\"https:\\\/\\\/readybetwin.com\\\/sv\\\/#organization\"},\"potentialAction\":[{\"@type\":\"SearchAction\",\"target\":{\"@type\":\"EntryPoint\",\"urlTemplate\":\"https:\\\/\\\/readybetwin.com\\\/sv\\\/?s={search_term_string}\"},\"query-input\":{\"@type\":\"PropertyValueSpecification\",\"valueRequired\":true,\"valueName\":\"search_term_string\"}}],\"inLanguage\":\"sv-SE\"},{\"@type\":\"Organization\",\"@id\":\"https:\\\/\\\/readybetwin.com\\\/sv\\\/#organization\",\"name\":\"Ready Bet Win\",\"url\":\"https:\\\/\\\/readybetwin.com\\\/sv\\\/\",\"logo\":{\"@type\":\"ImageObject\",\"inLanguage\":\"sv-SE\",\"@id\":\"https:\\\/\\\/readybetwin.com\\\/sv\\\/#\\\/schema\\\/logo\\\/image\\\/\",\"url\":\"\",\"contentUrl\":\"\",\"caption\":\"Ready Bet Win\"},\"image\":{\"@id\":\"https:\\\/\\\/readybetwin.com\\\/sv\\\/#\\\/schema\\\/logo\\\/image\\\/\"}}]}<\/script>\n<!-- \/ Yoast SEO plugin. -->","yoast_head_json":{"title":"Oms\u00e4ttningsfria bonusar och spins | Ready Bet Win","description":"[Uppdaterat idag] H\u00e4r har vi samlat alla oms\u00e4ttningsfria bonusar och free spins. Vi har hela listan med alla spelbolag utan oms\u00e4ttningskrav.","robots":{"index":"index","follow":"follow","max-snippet":"max-snippet:-1","max-image-preview":"max-image-preview:large","max-video-preview":"max-video-preview:-1"},"canonical":"https:\/\/readybetwin.com\/sv\/casino\/omsattningsfritt\/","og_locale":"sv_SE","og_type":"article","og_title":"Oms\u00e4ttningsfria bonusar och spins | Ready Bet Win","og_description":"[Uppdaterat idag] H\u00e4r har vi samlat alla oms\u00e4ttningsfria bonusar och free spins. Vi har hela listan med alla spelbolag utan oms\u00e4ttningskrav.","og_url":"https:\/\/readybetwin.com\/sv\/casino\/omsattningsfritt\/","og_site_name":"Ready Bet Win","article_modified_time":"2020-09-14T19:40:36+00:00","og_image":[{"width":1920,"height":1280,"url":"https:\/\/readybetwin.com\/wp-content\/uploads\/2020\/02\/wager-free.jpg","type":"image\/jpeg"}],"twitter_card":"summary_large_image","twitter_misc":{"Ber\u00e4knad l\u00e4stid":"2 minuter"},"schema":{"@context":"https:\/\/schema.org","@graph":[{"@type":"WebPage","@id":"https:\/\/readybetwin.com\/sv\/casino\/omsattningsfritt\/","url":"https:\/\/readybetwin.com\/sv\/casino\/omsattningsfritt\/","name":"Oms\u00e4ttningsfria bonusar och spins | Ready Bet Win","isPartOf":{"@id":"https:\/\/readybetwin.com\/sv\/#website"},"primaryImageOfPage":{"@id":"https:\/\/readybetwin.com\/sv\/casino\/omsattningsfritt\/#primaryimage"},"image":{"@id":"https:\/\/readybetwin.com\/sv\/casino\/omsattningsfritt\/#primaryimage"},"thumbnailUrl":"https:\/\/readybetwin.com\/wp-content\/uploads\/2020\/02\/wager-free.jpg","datePublished":"2020-03-05T10:04:52+00:00","dateModified":"2020-09-14T19:40:36+00:00","description":"[Uppdaterat idag] H\u00e4r har vi samlat alla oms\u00e4ttningsfria bonusar och free spins. Vi har hela listan med alla spelbolag utan oms\u00e4ttningskrav.","breadcrumb":{"@id":"https:\/\/readybetwin.com\/sv\/casino\/omsattningsfritt\/#breadcrumb"},"inLanguage":"sv-SE","potentialAction":[{"@type":"ReadAction","target":["https:\/\/readybetwin.com\/sv\/casino\/omsattningsfritt\/"]}]},{"@type":"ImageObject","inLanguage":"sv-SE","@id":"https:\/\/readybetwin.com\/sv\/casino\/omsattningsfritt\/#primaryimage","url":"https:\/\/readybetwin.com\/wp-content\/uploads\/2020\/02\/wager-free.jpg","contentUrl":"https:\/\/readybetwin.com\/wp-content\/uploads\/2020\/02\/wager-free.jpg","width":1920,"height":1280},{"@type":"BreadcrumbList","@id":"https:\/\/readybetwin.com\/sv\/casino\/omsattningsfritt\/#breadcrumb","itemListElement":[{"@type":"ListItem","position":1,"name":"Home","item":"https:\/\/readybetwin.com\/sv\/"},{"@type":"ListItem","position":2,"name":"Casino","item":"https:\/\/readybetwin.com\/sv\/casino\/"},{"@type":"ListItem","position":3,"name":"Oms\u00e4ttningsfritt"}]},{"@type":"WebSite","@id":"https:\/\/readybetwin.com\/sv\/#website","url":"https:\/\/readybetwin.com\/sv\/","name":"Ready Bet Win","description":"Compare online casinos and betting sites","publisher":{"@id":"https:\/\/readybetwin.com\/sv\/#organization"},"potentialAction":[{"@type":"SearchAction","target":{"@type":"EntryPoint","urlTemplate":"https:\/\/readybetwin.com\/sv\/?s={search_term_string}"},"query-input":{"@type":"PropertyValueSpecification","valueRequired":true,"valueName":"search_term_string"}}],"inLanguage":"sv-SE"},{"@type":"Organization","@id":"https:\/\/readybetwin.com\/sv\/#organization","name":"Ready Bet Win","url":"https:\/\/readybetwin.com\/sv\/","logo":{"@type":"ImageObject","inLanguage":"sv-SE","@id":"https:\/\/readybetwin.com\/sv\/#\/schema\/logo\/image\/","url":"","contentUrl":"","caption":"Ready Bet Win"},"image":{"@id":"https:\/\/readybetwin.com\/sv\/#\/schema\/logo\/image\/"}}]}},"_links":{"self":[{"href":"https:\/\/readybetwin.com\/sv\/wp-json\/wp\/v2\/pages\/7341","targetHints":{"allow":["GET"]}}],"collection":[{"href":"https:\/\/readybetwin.com\/sv\/wp-json\/wp\/v2\/pages"}],"about":[{"href":"https:\/\/readybetwin.com\/sv\/wp-json\/wp\/v2\/types\/page"}],"author":[{"embeddable":true,"href":"https:\/\/readybetwin.com\/sv\/wp-json\/wp\/v2\/users\/1"}],"replies":[{"embeddable":true,"href":"https:\/\/readybetwin.com\/sv\/wp-json\/wp\/v2\/comments?post=7341"}],"version-history":[{"count":0,"href":"https:\/\/readybetwin.com\/sv\/wp-json\/wp\/v2\/pages\/7341\/revisions"}],"up":[{"embeddable":true,"href":"https:\/\/readybetwin.com\/sv\/wp-json\/wp\/v2\/pages\/7353"}],"wp:featuredmedia":[{"embeddable":true,"href":"https:\/\/readybetwin.com\/sv\/wp-json\/wp\/v2\/media\/17319"}],"wp:attachment":[{"href":"https:\/\/readybetwin.com\/sv\/wp-json\/wp\/v2\/media?parent=7341"}],"wp:term":[{"taxonomy":"category","embeddable":true,"href":"https:\/\/readybetwin.com\/sv\/wp-json\/wp\/v2\/categories?post=7341"}],"curies":[{"name":"wp","href":"https:\/\/api.w.org\/{rel}","templated":true}]}}