{"id":7338,"date":"2019-10-15T00:00:00","date_gmt":"2019-10-15T00:00:00","guid":{"rendered":"https:\/\/readybetwin.com\/slots\/"},"modified":"2020-09-14T19:38:21","modified_gmt":"2020-09-14T19:38:21","slug":"slot","status":"publish","type":"page","link":"https:\/\/readybetwin.com\/sv\/casino\/slot\/","title":{"rendered":"Slots"},"content":{"rendered":"<p>Slots \u00e4r ett samlingsnamn f\u00f6r casinospel som har olika hjul som snurrar, och d\u00e4r man f\u00e5r vinst med ett antal lika symboler. De \u00e4r helt slumpvisa och det g\u00e5r inte att styra vilka symboler som kommer fram. Gemensamt f\u00f6r dessa \u00e4r att de \u00e4r v\u00e4ldigt sp\u00e4nnande att spela och finns i en massa olika kombinationer och varianter.<\/p>\n<p>Att slots blivit s\u00e5 popul\u00e4ra beror mycket p\u00e5 att de \u00e4r enkla att spela och att det finns m\u00f6jlighet att vinna stora pengar. Har du turen med dig kan dina vinster bli stora, s\u00e4rskilt om du spelar ett bonusspel eller spelar p\u00e5 en jackpott slot. H\u00e4r p\u00e5 sidan kan du l\u00e4sa allt om slots, deras historia, olika typer och vad du ska t\u00e4nka p\u00e5 n\u00e4r du spelar slots.<\/p>\n<h2>Slotmaskinens historia<\/h2>\n<p>Dagens online casinon har n\u00e4stan en outsinlig str\u00f6m av slots och du kan s\u00f6ka p\u00e5 vilka teman eller funktioner du vill. S\u00e5 har det s\u00e5klart dock inte alltid varit. Slotmaskinens historia b\u00f6rjade i slutet av 1800-talet d\u00e5 den uppfanns av Charles Fey. Principen f\u00f6r maskinen var tre hjul med olika symboler och den var helt mekanisk. St\u00f6rsta vinsten var de tre klockorna (bells) och n\u00e4r man vann betalade den ut vinsten direkt i pengar.<\/p>\n<p>Maskinen blev om\u00e5ttligt popul\u00e4r och m\u00e5nga spenderade stora summor, vilket ledde till att den faktiskt senare f\u00f6rbj\u00f6ds. I folkmun kallades den enarmad bandit.<\/p>\n<p>Att m\u00e4nniskan hela tiden har spelat spel i olika former r\u00e5der det ingen tvekan om men f\u00f6ga anande s\u00e5klart Charles att den enkla slotmaskin han uppfann skulle bli s\u00e5 h\u00e4r popul\u00e4r, och dessutom dela ut stora miljon jackpot vinster.<\/p>\n<blockquote><p>\u00c4ven nyb\u00f6rjare som spelar slots kan vinna stort<\/p><\/blockquote>\n<h2>Hur fungerar en slot<\/h2>\n<p>En modern slotmaskin styrs av en slumpgenerator. Det \u00e4r en modul i maskinen som har som enda uppgift att skapa slumptal till sj\u00e4lva slotmaskinen. Den skapar flera tusen slumptal i sekunden som sedan sloten anv\u00e4nder f\u00f6r att l\u00e4gga fram symbolerna f\u00f6r dig som spelare.<\/p>\n<p>N\u00e4r du spelar en slot kanske du t\u00e4nker att &#8221;nu \u00e4r det v\u00e4l dags att vinna&#8221; men den informationen har allts\u00e5 inte sloten n\u00e5gon kontroll \u00f6ver. Det enda den g\u00f6r \u00e4r att visa symbolerna f\u00f6r det slumptal som den har f\u00e5tt av slumptalsgeneratorn.<\/p>\n<p>\u00d6ver tid betalar den dock ut en viss procent tillbaka till den som spelar. Det kallas RTP och vi f\u00f6rklarar det h\u00e4r nedan.<\/p>\n<h2>Slots med h\u00f6gst RTP<\/h2>\n<p>Om du undrar \u00f6ver vilka slots som har h\u00f6gst RTP s\u00e5 \u00e4r du s\u00e4kert ganska insatt och vet hur RTP fungerar, du hittar v\u00e5r favoritlista h\u00e4r nedanf\u00f6r med slots och deras RTP procent.<br \/>\nRTP betyder return to player och du kan l\u00e4sa om det i v\u00e5r <a href=\"https:\/\/readybetwin.com\/sv\/casino\/guide\/rtp-volatilitet\">guide om RTP<\/a> d\u00e4r vi f\u00f6rklarar det i detalj. I korthet \u00e4r det vad sloten betalar ut \u00f6ver tid i ett teoretiskt v\u00e4rde. Om sloten har en RTP p\u00e5 90% s\u00e5 betalar den tillbaka 90% till spelaren.<\/p>\n<ul class=\"contentlist\">\n<li>Starburst &#8211; NetEnt &#8211; 96,09%<\/li>\n<li>Bonanza &#8211; Big Time Gaming &#8211; 96%<\/li>\n<li>Book of Dead &#8211; PlaynGO &#8211; 96,21%<\/li>\n<li>Rainbow Riches &#8211; Barcrest &#8211; 95%<\/li>\n<li>Gonzos Quest &#8211; NetEnt &#8211; 95,97%<\/li>\n<li>Wolf Gold &#8211; Pragmatic Play &#8211; 96,01%<\/li>\n<li>Mega Moolah &#8211; Microgaming &#8211; 88,12%<\/li>\n<\/ul>\n<h2>Vilka slots vinner man mest p\u00e5?<\/h2>\n<p>Ja det h\u00f6r ihop med volatiliteten p\u00e5 sloten, allts\u00e5 i vilken omfattning sloten betalar ut vinster. Det kan vara en slot som har l\u00e5g volatilitet och som betalar ut vinster ofta fast d\u00e5 i mindre belopp. Omv\u00e4nt h\u00f6g volatilitet en slot som betalar ut f\u00e4rre g\u00e5nger men d\u00e5 med h\u00f6gre belopp.<br \/>\n\t\t\t\t\t\t\t\t\t\t\t\t\t\t\t\t\t\t<div class=\"margin_top_bottom\">\n\t\t\t\t\t\n<div itemprop=\"itemListElement\" itemscope itemtype=\"https:\/\/schema.org\/ListItem\">\n\t<div class=\"operatorbox shadow \" style=\"background-color:#0D2E57;\">\n\t\t<meta itemprop=\"position\" content=\"\" \/>\n\t\t<meta itemprop=\"name\" content=\"Hajper\" \/>\n\t\t<meta itemprop=\"image\" content=\"https:\/\/readybetwin.com\/wp-content\/uploads\/2020\/02\/logo-hajper.jpg\" \/>\n\t\t<meta itemprop=\"description\" content=\"100% bonus upp till 1000 kr\" \/>\n\t\t<a class=\"operatorbox_logo\" target=\"_blank\" rel=\"nofollow\" href=\"\/go\/hajper-sv-casino\/\" style=\"background-color:#0D2E57;\">\n\t\t\t\t\t\t\t<img decoding=\"async\" alt=\"Hajper logo\" class=\"deadcenter skip-lazy\" src=\"https:\/\/readybetwin.com\/wp-content\/uploads\/2020\/02\/logo-hajper.svg\">\n\t\t\t\t\t<\/a>\n\t\t\t\t<ul class=\"operatorbox_bonuslist\">\n\t\t\t\t\t\t\t<li class=\"casino-bonus\">\n\t\t\t\t\t100 kr casino bonus\t\t\t\t<\/li>\t\t\n\t\t\t\t\t\t\t\t\t\t<li class=\"casino-bonus\">\n\t\t\t\t\t100 kr odds bonus\t\t\t\t<\/li>\t\t\n\t\t\t\t\t\t\t\t<\/ul>\n\t\t<ul class=\"operatorbox_buttons\">\n\t\t\t\t\t\t\t<li>\n\t\t\t\t\t<a class=\"button_border playbutton\" target=\"_blank\" rel=\"nofollow\" href=\"\/go\/hajper-sv-casino\/\">Bes\u00f6k<\/a>\n\t\t\t\t<\/li>\n\t\t\t\t\t\t\t<li>\n\t\t\t\t\t<a class=\"button_border morebutton\" itemprop=\"url\" href=\"https:\/\/readybetwin.com\/sv\/hajper\/\">\n\t\t\t\t\t\tMer info\t\t\t\t\t<\/a>\n\t\t\t\t<\/li>\n\t\t<\/ul>\t\t\n\t\t\t\t<div class=\"operatorbox_terms\" style=\"line-height: 1em !important;\">\n\t\t\t\t\t\t\t<a href=\"\/go\/hajper-sv-casino-tc\/\" target=\"_blank\" rel=\"nofollow\">Regler & Villkor g\u00e4ller | <\/a>\n\t\t\t\t\t\t\t\t\t18+ | Endast nya spelare | Spela ansvarsfullt | <a href=\"https:\/\/www.stodlinjen.se\/\" target=\"_blank\" rel=\"nofollow noopener\">St\u00f6dlinjen<\/a> <a href=\"tel:020-819 100\">020-819 100<\/a>\t\t\t\t\t<\/div>\n\t<\/div>\n<\/div>\n\t\t\t\t<\/div>\n\t\t    \t\t\t<\/p>\n<h2>Kan man spela slots utan registrering hos casino?<\/h2>\n<p>Hos de flesta online casinon kan du provspela slots utan att s\u00e4tta in pengar eller registrera dig. Det \u00e4r ett bra s\u00e4tt att prova sloten och f\u00f6rst\u00e5 hur den fungerar.<\/p>\n<p>Att spela slots \u00e4r v\u00e4ldigt enkelt och det kan vem som helst g\u00f6ra. Det \u00e4r bara att v\u00e4lja insatsbelopp och sedan klicka p\u00e5 spin knappen. Dock \u00e4r det mycket roligare att spela sloten n\u00e4r man vet vilka symboler man vill ha och vad som h\u00e4nder n\u00e4r det eventuella bonusspelet startar eller det \u00e4r dags f\u00f6r free spins.<\/p>\n<h2>Ha chans att vinna stort p\u00e5 slots med Megaways<\/h2>\n<p>En hel del slots har m\u00e5nga olika varianter att vinna, allts\u00e5 vinstkombinationer. N\u00e4r du spelar p\u00e5 dessa kan du vinna stort med din insats, om du har tur allts\u00e5. Dessa slots \u00e4r byggda p\u00e5 olika s\u00e4tt men det som de har gemensamt \u00e4r att din insats kan multipliceras flera tusen g\u00e5nger om symbolerna hamnar p\u00e5 r\u00e4tt platser.<\/p>\n<p>I och med det finns det stora chanser att ta hem en riktig storvinst fast du inte spelar p\u00e5 en jackpot slot. En av dessa slots \u00e4r Megaways slots som du kan l\u00e4sa om i v\u00e5ra guider.<\/p>\n<h2>Hur kan man aktivera bonusspelet<\/h2>\n<p>Att aktivera bonusspelet i sloten \u00e4r n\u00e5got som m\u00e5nga slotsspelare vill. N\u00e4r detta spel aktiveras finns det chanser att vinna lite extra summor. Bonusspelet fungerar olika p\u00e5 olika slots varf\u00f6r det alltid \u00e4r bra att l\u00e4sa p\u00e5 informationen. Det kan vara att du f\u00e5r ett antal fria spins eller att ett antal symboler ers\u00e4tts av wilds symbolen eller att du f\u00e5r en h\u00f6gre multiplikator n\u00e4r du spelar.<\/p>\n<p>Oavsett vilket s\u00e5 \u00e4r bonusspelet ett av dina m\u00e5l n\u00e4r du spelar och d\u00e5 du kan vinna stora summor.<\/p>\n<h2>Aktivera freespins i slots<\/h2>\n<p>Free spins \u00e4r ett magiskt ord n\u00e4r det g\u00e4ller slots och det handlar om att du vill ha kombinationer som ger dig ett antal spins som du f\u00e5r utan kostnad. I vissa slots f\u00e5r du ett bonusspel, i vissa handlar det om att du f\u00e5r free spins och i vissa \u00e4r det en kombination. Exempelvis i sloten <a href=\"https:\/\/readybetwin.com\/sv\/casino\/slots\/durian-dynamite\/\">Durian Dynamite<\/a> f\u00e5r du b\u00e5de spins och speciella exploderande wilds.<br \/>\n\t\t\t\t\t\t\t\t\t\t\t\t\t\t\t\t\t\t<div class=\"margin_top_bottom\">\n\t\t\t\t\t\n<div itemprop=\"itemListElement\" itemscope itemtype=\"https:\/\/schema.org\/ListItem\">\n\t<div class=\"operatorbox shadow \" style=\"background-color:#6AB5F8;\">\n\t\t<meta itemprop=\"position\" content=\"\" \/>\n\t\t<meta itemprop=\"name\" content=\"Snabbare\" \/>\n\t\t<meta itemprop=\"image\" content=\"https:\/\/readybetwin.com\/wp-content\/uploads\/2020\/02\/logo-snabbare.jpg\" \/>\n\t\t<meta itemprop=\"description\" content=\"100% bonus upp till 2500 kr\" \/>\n\t\t<a class=\"operatorbox_logo\" target=\"_blank\" rel=\"nofollow\" href=\"\/go\/snabbare-sv-casino\/\" style=\"background-color:#6AB5F8;\">\n\t\t\t\t\t\t\t<img decoding=\"async\" alt=\"Snabbare logo\" class=\"deadcenter skip-lazy\" src=\"https:\/\/readybetwin.com\/wp-content\/uploads\/2020\/02\/logo-snabbare.svg\">\n\t\t\t\t\t<\/a>\n\t\t\t\t<ul class=\"operatorbox_bonuslist\">\n\t\t\t\t\t\t\t<li class=\"casino-bonus\">\n\t\t\t\t\t40 free spins\t\t\t\t<\/li>\t\t\n\t\t\t\t\t\t\t\t\t\t<li class=\"casino-bonus\">\n\t\t\t\t\t100 kr odds bonus\t\t\t\t<\/li>\t\t\n\t\t\t\t\t\t\t\t<\/ul>\n\t\t<ul class=\"operatorbox_buttons\">\n\t\t\t\t\t\t\t<li>\n\t\t\t\t\t<a class=\"button_border playbutton\" target=\"_blank\" rel=\"nofollow\" href=\"\/go\/snabbare-sv-casino\/\">Bes\u00f6k<\/a>\n\t\t\t\t<\/li>\n\t\t\t\t\t\t\t<li>\n\t\t\t\t\t<a class=\"button_border morebutton\" itemprop=\"url\" href=\"https:\/\/readybetwin.com\/sv\/snabbare\/\">\n\t\t\t\t\t\tMer info\t\t\t\t\t<\/a>\n\t\t\t\t<\/li>\n\t\t<\/ul>\t\t\n\t\t\t\t<div class=\"operatorbox_terms\" style=\"line-height: 1em !important;\">\n\t\t\t\t\t\t\t<a href=\"\/go\/snabbare-sv-casino-tc\/\" target=\"_blank\" rel=\"nofollow\">Regler & Villkor g\u00e4ller | <\/a>\n\t\t\t\t\t\t\t\t\t\tMin. deposit\t\t\t\t\t\t\t\t\t\t\t\t100 kr\n\t\t\t\t\t\n\t\t\t\t\t\t\t\t\t\t18+ | Endast nya spelare | Spela ansvarsfullt | <a href=\"https:\/\/www.stodlinjen.se\/\" target=\"_blank\" rel=\"nofollow noopener\">St\u00f6dlinjen<\/a> <a href=\"tel:020-819 100\">020-819 100<\/a>\t\t\t\t\t<\/div>\n\t<\/div>\n<\/div>\n\t\t\t\t<\/div>\n\t\t    \t\t\t<\/p>\n<h2>Slots med jackpot funktion<\/h2>\n<p>Dessa \u00e4r de mest sp\u00e4nnande slotsen men ocks\u00e5 de sv\u00e5raste att lyckas med. H\u00e4r ska du spela f\u00f6r att f\u00e5 ett visst antal av utvalda symboler f\u00f6r att aktivera jackpott spelet. N\u00e4r du kommer in d\u00e4r spelar man ofta p\u00e5 en form av hjul som \u00e4r i flera niv\u00e5er, eller delar. Du ska d\u00e5 ta dig vidare genom att f\u00e5 hjulet att stanna p\u00e5 r\u00e4tt plats s\u00e5 att n\u00e4sta hjul startar och att till slut komma in till mitten. N\u00e4r du g\u00f6r det vinner du n\u00e5gon av de jackpots som sloten har.<\/p>\n<p>H\u00e4r finns oftast mellan tre och fyra jackpottar varav en \u00e4r den riktigt stora. Har du turen kommer du att kunna vinna flera miljoner.<\/p>\n<p>F\u00f6r att vinna beh\u00f6ver du vara uth\u00e5llig och \u00e4ven vara beredd att satsa en hel del pengar. Det tar tid att ta sig till jackpothjulet och du kan f\u00e5 f\u00f6rs\u00f6ka m\u00e5nga g\u00e5nger innan du lyckas. Kom ih\u00e5g att aldrig spela f\u00f6r pengar du inte har.<\/p>\n<h3>Hur kan en jackpot bli s\u00e5 stor?<\/h3>\n<p>Kanske har du n\u00e5gon g\u00e5ng sett att en jackpot har varit uppe i flera hundra miljoner. Att det kan bli s\u00e5 beror p\u00e5 att jackpotten \u00e4r vad man kallar progressiv.<\/p>\n<p>Sloten \u00e4r ihopkopplad i ett globalt n\u00e4tverk och n\u00e4r n\u00e5gon spelar s\u00e4tts det av en liten del av den insatsen den personen g\u00f6r. Ju fler som spelar och ju l\u00e4ngre tid det tar innan jackpoten faller ut, desto mer stiger den, tills n\u00e5n till slut vinner den. Kanske \u00e4r det du som blir den lyckliga personen.<\/p>\n<h2>Spela slots direkt i din mobil<\/h2>\n<p>Att spela n\u00e4r du r\u00f6r p\u00e5 dig eller \u00e4r p\u00e5 resa \u00e4r inga problem idag. Det enda som beh\u00f6vs \u00e4r en internetuppkoppling. Dagens teknik g\u00f6r att det \u00e4r s\u00e4kert och enkelt. Alla spel \u00e4r anpassade f\u00f6r mobilt spelande. Den st\u00f6rsta vinsten som betalats ut till en mobilspelare var p\u00e5 53 miljoner kronor och skedde hos LeoVegas. Du har lika stor chans att vinna fr\u00e5n din mobil som om du spelade vid en vanlig dator.<\/p>\n<blockquote><p>Du har lika stor chans att vinna n\u00e4r du spelar fr\u00e5n din mobil<\/p><\/blockquote>\n<h2>Ta del av en bonus hos ett online casino n\u00e4r du spelar<\/h2>\n<p>Ofta blir du erbjuden en <a href=\"https:\/\/readybetwin.com\/sv\/casino\/casinobonus\/\">v\u00e4lkomstbonus<\/a> n\u00e4r du blir kund hos ett casino. Den kan du anv\u00e4nda f\u00f6r att spela p\u00e5 slots. Det kan vara ett bra s\u00e4tt att f\u00e5 lite mer utrymme att spela f\u00f6r och \u00f6ka dina chanser.<\/p>\n<p>L\u00e4s alltid reglerna f\u00f6r bonusen s\u00e5 du vet vilka f\u00f6ruts\u00e4ttningar det \u00e4r n\u00e4r du ska spela. Kanske \u00e4r bonusen l\u00e5st till n\u00e5gra specifika slotsspel och var noga med att se hur stora satsningar du kan g\u00f6ra p\u00e5 varje snurr. H\u00e4r finns ocks\u00e5 helt oms\u00e4ttningsfria casinon som inte kr\u00e4ver att du oms\u00e4tter dina eventuella vinster ett antal g\u00e5nger. Vi listar alla dessa med uppdaterade erbjudanden h\u00e4r p\u00e5 v\u00e5r sajt.<\/p>\n<h2>Sammanfattning<\/h2>\n<p>Det finns massor av slots p\u00e5 marknaden fr\u00e5n m\u00e5nga speltillverkare. Vissa online casinon har utvalda spel fr\u00e5n vissa tillverkare s\u00e5 du kommer inte hitta alla slots hos samtliga. D\u00e4rf\u00f6r \u00e4r det bra att ha konto hos n\u00e5gra <a href=\"https:\/\/readybetwin.com\/sv\/casino\/\">olika casinosidor<\/a> och se till att de har de spel du tycker om fr\u00e5n dina favorit-speltillverkare.<\/p>\n<p>Att slots \u00e4r h\u00e4r f\u00f6r att stanna r\u00e5der det inga tvivel om, och vi \u00e4r s\u00e4kra p\u00e5 att framtiden kommer att ha fler sp\u00e4nnande m\u00f6jligheter f\u00f6r slots. Med nya sp\u00e4nnande teknikl\u00f6sningar kommer vi att f\u00e5 se slots i en helt annan tappning.<\/p>\n<h3>Hitta dina egna favoritslots<\/h3>\n<p>Vi hoppas att du har f\u00e5tt en bra grund till slots och hur de fungerar,\u00a0 s\u00e5 att du sj\u00e4lv kan b\u00f6rja utforska casinon med slots och hitta dina favoriter. Titta igenom v\u00e5ra attraktiva listor med bonuserbjudanden och prova n\u00e5gra olika av de som du tycker \u00e4r b\u00e4st, och ger dig mest.<br \/>\n\t\t\t\t\t\t\t\t\t\t\t\t\t\t\t\t\t\t<div class=\"margin_top_bottom\">\n\t\t\t\t\t\n<div itemprop=\"itemListElement\" itemscope itemtype=\"https:\/\/schema.org\/ListItem\">\n\t<div class=\"operatorbox shadow \" style=\"background-color:#41434f;\">\n\t\t<meta itemprop=\"position\" content=\"\" \/>\n\t\t<meta itemprop=\"name\" content=\"ComeOn\" \/>\n\t\t<meta itemprop=\"image\" content=\"https:\/\/readybetwin.com\/wp-content\/uploads\/2020\/02\/logo-comeon.jpg\" \/>\n\t\t<meta itemprop=\"description\" content=\"200% bonus upp till 600 kr\" \/>\n\t\t<a class=\"operatorbox_logo\" target=\"_blank\" rel=\"nofollow\" href=\"\/go\/comeon-sv\/\" style=\"background-color:#41434f;\">\n\t\t\t\t\t\t\t<img decoding=\"async\" alt=\"ComeOn logo\" class=\"deadcenter skip-lazy\" src=\"https:\/\/readybetwin.com\/wp-content\/uploads\/2020\/02\/logo-comeon-white-green.svg\">\n\t\t\t\t\t<\/a>\n\t\t\t\t<ul class=\"operatorbox_bonuslist\">\n\t\t\t\t\t\t\t<li class=\"casino-bonus\">\n\t\t\t\t\t100 kr casino bonus\t\t\t\t<\/li>\t\t\n\t\t\t\t\t\t\t\t\t\t<li class=\"casino-bonus\">\n\t\t\t\t\t100 kr odds bonus\t\t\t\t<\/li>\t\t\n\t\t\t\t\t\t\t\t<\/ul>\n\t\t<ul class=\"operatorbox_buttons\">\n\t\t\t\t\t\t\t<li>\n\t\t\t\t\t<a class=\"button_border playbutton\" target=\"_blank\" rel=\"nofollow\" href=\"\/go\/comeon-sv\/\">Bes\u00f6k<\/a>\n\t\t\t\t<\/li>\n\t\t\t\t\t\t\t<li>\n\t\t\t\t\t<a class=\"button_border morebutton\" itemprop=\"url\" href=\"https:\/\/readybetwin.com\/sv\/comeon\/\">\n\t\t\t\t\t\tMer info\t\t\t\t\t<\/a>\n\t\t\t\t<\/li>\n\t\t<\/ul>\t\t\n\t\t\t\t<div class=\"operatorbox_terms\" style=\"line-height: 1em !important;\">\n\t\t\t\t\t\t\t<a href=\"\/go\/comeon-sv-tc-casino\/\" target=\"_blank\" rel=\"nofollow\">Regler & Villkor g\u00e4ller | <\/a>\n\t\t\t\t\t\t\t\t\t\tMin. deposit\t\t\t\t\t\t\t\t\t\t\t\t200 kr\n\t\t\t\t\t\n\t\t\t\t\t\t\t\t\t\t18+ | Endast nya spelare | Spela ansvarsfullt | <a href=\"https:\/\/www.stodlinjen.se\/\" target=\"_blank\" rel=\"nofollow noopener\">St\u00f6dlinjen<\/a> <a href=\"tel:020-819 100\">020-819 100<\/a>\t\t\t\t\t<\/div>\n\t<\/div>\n<\/div>\n\t\t\t\t<\/div>\n\t\t    \t\t\t<\/p>\n","protected":false},"excerpt":{"rendered":"<p>Slots \u00e4r ett samlingsnamn f\u00f6r casinospel som har olika hjul som snurrar, och d\u00e4r man f\u00e5r vinst med ett antal lika symboler. De \u00e4r helt slumpvisa och det g\u00e5r inte att styra vilka symboler som kommer fram. Gemensamt f\u00f6r dessa \u00e4r att de \u00e4r v\u00e4ldigt sp\u00e4nnande att spela och finns i en massa olika kombinationer [&hellip;]<\/p>\n","protected":false},"author":1,"featured_media":17378,"parent":7353,"menu_order":28,"comment_status":"closed","ping_status":"closed","template":"template-slots.php","meta":{"_acf_changed":false,"footnotes":""},"categories":[3],"class_list":["post-7338","page","type-page","status-publish","has-post-thumbnail","hentry","category-casino"],"acf":[],"yoast_head":"<!-- This site is optimized with the Yoast SEO plugin v27.5 - https:\/\/yoast.com\/product\/yoast-seo-wordpress\/ -->\n<title>Slots &amp; spelrecensioner | Ready Bet Win<\/title>\n<meta name=\"description\" content=\"Slots \u00e4r fortfarande ett av de mest uppskattade spelen genom tiderna n\u00e4r det kommer till casinospel. Varje casino online erbjuder olika utbud av slots.\" \/>\n<meta name=\"robots\" content=\"index, follow, max-snippet:-1, max-image-preview:large, max-video-preview:-1\" \/>\n<link rel=\"canonical\" href=\"https:\/\/readybetwin.com\/sv\/casino\/slot\/\" \/>\n<meta property=\"og:locale\" content=\"sv_SE\" \/>\n<meta property=\"og:type\" content=\"article\" \/>\n<meta property=\"og:title\" content=\"Slots &amp; spelrecensioner | Ready Bet Win\" \/>\n<meta property=\"og:description\" content=\"Slots \u00e4r fortfarande ett av de mest uppskattade spelen genom tiderna n\u00e4r det kommer till casinospel. Varje casino online erbjuder olika utbud av slots.\" \/>\n<meta property=\"og:url\" content=\"https:\/\/readybetwin.com\/sv\/casino\/slot\/\" \/>\n<meta property=\"og:site_name\" content=\"Ready Bet Win\" \/>\n<meta property=\"article:modified_time\" content=\"2020-09-14T19:38:21+00:00\" \/>\n<meta property=\"og:image\" content=\"https:\/\/readybetwin.com\/wp-content\/uploads\/2020\/02\/slots.jpg\" \/>\n\t<meta property=\"og:image:width\" content=\"1920\" \/>\n\t<meta property=\"og:image:height\" content=\"1280\" \/>\n\t<meta property=\"og:image:type\" content=\"image\/jpeg\" \/>\n<meta name=\"twitter:card\" content=\"summary_large_image\" \/>\n<meta name=\"twitter:label1\" content=\"Ber\u00e4knad l\u00e4stid\" \/>\n\t<meta name=\"twitter:data1\" content=\"9 minuter\" \/>\n<script type=\"application\/ld+json\" class=\"yoast-schema-graph\">{\"@context\":\"https:\\\/\\\/schema.org\",\"@graph\":[{\"@type\":\"WebPage\",\"@id\":\"https:\\\/\\\/readybetwin.com\\\/sv\\\/casino\\\/slot\\\/\",\"url\":\"https:\\\/\\\/readybetwin.com\\\/sv\\\/casino\\\/slot\\\/\",\"name\":\"Slots & spelrecensioner | Ready Bet Win\",\"isPartOf\":{\"@id\":\"https:\\\/\\\/readybetwin.com\\\/sv\\\/#website\"},\"primaryImageOfPage\":{\"@id\":\"https:\\\/\\\/readybetwin.com\\\/sv\\\/casino\\\/slot\\\/#primaryimage\"},\"image\":{\"@id\":\"https:\\\/\\\/readybetwin.com\\\/sv\\\/casino\\\/slot\\\/#primaryimage\"},\"thumbnailUrl\":\"https:\\\/\\\/readybetwin.com\\\/wp-content\\\/uploads\\\/2020\\\/02\\\/slots.jpg\",\"datePublished\":\"2019-10-15T00:00:00+00:00\",\"dateModified\":\"2020-09-14T19:38:21+00:00\",\"description\":\"Slots \u00e4r fortfarande ett av de mest uppskattade spelen genom tiderna n\u00e4r det kommer till casinospel. Varje casino online erbjuder olika utbud av slots.\",\"breadcrumb\":{\"@id\":\"https:\\\/\\\/readybetwin.com\\\/sv\\\/casino\\\/slot\\\/#breadcrumb\"},\"inLanguage\":\"sv-SE\",\"potentialAction\":[{\"@type\":\"ReadAction\",\"target\":[\"https:\\\/\\\/readybetwin.com\\\/sv\\\/casino\\\/slot\\\/\"]}]},{\"@type\":\"ImageObject\",\"inLanguage\":\"sv-SE\",\"@id\":\"https:\\\/\\\/readybetwin.com\\\/sv\\\/casino\\\/slot\\\/#primaryimage\",\"url\":\"https:\\\/\\\/readybetwin.com\\\/wp-content\\\/uploads\\\/2020\\\/02\\\/slots.jpg\",\"contentUrl\":\"https:\\\/\\\/readybetwin.com\\\/wp-content\\\/uploads\\\/2020\\\/02\\\/slots.jpg\",\"width\":1920,\"height\":1280},{\"@type\":\"BreadcrumbList\",\"@id\":\"https:\\\/\\\/readybetwin.com\\\/sv\\\/casino\\\/slot\\\/#breadcrumb\",\"itemListElement\":[{\"@type\":\"ListItem\",\"position\":1,\"name\":\"Home\",\"item\":\"https:\\\/\\\/readybetwin.com\\\/sv\\\/\"},{\"@type\":\"ListItem\",\"position\":2,\"name\":\"Slots\"}]},{\"@type\":\"WebSite\",\"@id\":\"https:\\\/\\\/readybetwin.com\\\/sv\\\/#website\",\"url\":\"https:\\\/\\\/readybetwin.com\\\/sv\\\/\",\"name\":\"Ready Bet Win\",\"description\":\"Compare online casinos and betting sites\",\"publisher\":{\"@id\":\"https:\\\/\\\/readybetwin.com\\\/sv\\\/#organization\"},\"potentialAction\":[{\"@type\":\"SearchAction\",\"target\":{\"@type\":\"EntryPoint\",\"urlTemplate\":\"https:\\\/\\\/readybetwin.com\\\/sv\\\/?s={search_term_string}\"},\"query-input\":{\"@type\":\"PropertyValueSpecification\",\"valueRequired\":true,\"valueName\":\"search_term_string\"}}],\"inLanguage\":\"sv-SE\"},{\"@type\":\"Organization\",\"@id\":\"https:\\\/\\\/readybetwin.com\\\/sv\\\/#organization\",\"name\":\"Ready Bet Win\",\"url\":\"https:\\\/\\\/readybetwin.com\\\/sv\\\/\",\"logo\":{\"@type\":\"ImageObject\",\"inLanguage\":\"sv-SE\",\"@id\":\"https:\\\/\\\/readybetwin.com\\\/sv\\\/#\\\/schema\\\/logo\\\/image\\\/\",\"url\":\"\",\"contentUrl\":\"\",\"caption\":\"Ready Bet Win\"},\"image\":{\"@id\":\"https:\\\/\\\/readybetwin.com\\\/sv\\\/#\\\/schema\\\/logo\\\/image\\\/\"}}]}<\/script>\n<!-- \/ Yoast SEO plugin. -->","yoast_head_json":{"title":"Slots & spelrecensioner | Ready Bet Win","description":"Slots \u00e4r fortfarande ett av de mest uppskattade spelen genom tiderna n\u00e4r det kommer till casinospel. Varje casino online erbjuder olika utbud av slots.","robots":{"index":"index","follow":"follow","max-snippet":"max-snippet:-1","max-image-preview":"max-image-preview:large","max-video-preview":"max-video-preview:-1"},"canonical":"https:\/\/readybetwin.com\/sv\/casino\/slot\/","og_locale":"sv_SE","og_type":"article","og_title":"Slots & spelrecensioner | Ready Bet Win","og_description":"Slots \u00e4r fortfarande ett av de mest uppskattade spelen genom tiderna n\u00e4r det kommer till casinospel. Varje casino online erbjuder olika utbud av slots.","og_url":"https:\/\/readybetwin.com\/sv\/casino\/slot\/","og_site_name":"Ready Bet Win","article_modified_time":"2020-09-14T19:38:21+00:00","og_image":[{"width":1920,"height":1280,"url":"https:\/\/readybetwin.com\/wp-content\/uploads\/2020\/02\/slots.jpg","type":"image\/jpeg"}],"twitter_card":"summary_large_image","twitter_misc":{"Ber\u00e4knad l\u00e4stid":"9 minuter"},"schema":{"@context":"https:\/\/schema.org","@graph":[{"@type":"WebPage","@id":"https:\/\/readybetwin.com\/sv\/casino\/slot\/","url":"https:\/\/readybetwin.com\/sv\/casino\/slot\/","name":"Slots & spelrecensioner | Ready Bet Win","isPartOf":{"@id":"https:\/\/readybetwin.com\/sv\/#website"},"primaryImageOfPage":{"@id":"https:\/\/readybetwin.com\/sv\/casino\/slot\/#primaryimage"},"image":{"@id":"https:\/\/readybetwin.com\/sv\/casino\/slot\/#primaryimage"},"thumbnailUrl":"https:\/\/readybetwin.com\/wp-content\/uploads\/2020\/02\/slots.jpg","datePublished":"2019-10-15T00:00:00+00:00","dateModified":"2020-09-14T19:38:21+00:00","description":"Slots \u00e4r fortfarande ett av de mest uppskattade spelen genom tiderna n\u00e4r det kommer till casinospel. Varje casino online erbjuder olika utbud av slots.","breadcrumb":{"@id":"https:\/\/readybetwin.com\/sv\/casino\/slot\/#breadcrumb"},"inLanguage":"sv-SE","potentialAction":[{"@type":"ReadAction","target":["https:\/\/readybetwin.com\/sv\/casino\/slot\/"]}]},{"@type":"ImageObject","inLanguage":"sv-SE","@id":"https:\/\/readybetwin.com\/sv\/casino\/slot\/#primaryimage","url":"https:\/\/readybetwin.com\/wp-content\/uploads\/2020\/02\/slots.jpg","contentUrl":"https:\/\/readybetwin.com\/wp-content\/uploads\/2020\/02\/slots.jpg","width":1920,"height":1280},{"@type":"BreadcrumbList","@id":"https:\/\/readybetwin.com\/sv\/casino\/slot\/#breadcrumb","itemListElement":[{"@type":"ListItem","position":1,"name":"Home","item":"https:\/\/readybetwin.com\/sv\/"},{"@type":"ListItem","position":2,"name":"Slots"}]},{"@type":"WebSite","@id":"https:\/\/readybetwin.com\/sv\/#website","url":"https:\/\/readybetwin.com\/sv\/","name":"Ready Bet Win","description":"Compare online casinos and betting sites","publisher":{"@id":"https:\/\/readybetwin.com\/sv\/#organization"},"potentialAction":[{"@type":"SearchAction","target":{"@type":"EntryPoint","urlTemplate":"https:\/\/readybetwin.com\/sv\/?s={search_term_string}"},"query-input":{"@type":"PropertyValueSpecification","valueRequired":true,"valueName":"search_term_string"}}],"inLanguage":"sv-SE"},{"@type":"Organization","@id":"https:\/\/readybetwin.com\/sv\/#organization","name":"Ready Bet Win","url":"https:\/\/readybetwin.com\/sv\/","logo":{"@type":"ImageObject","inLanguage":"sv-SE","@id":"https:\/\/readybetwin.com\/sv\/#\/schema\/logo\/image\/","url":"","contentUrl":"","caption":"Ready Bet Win"},"image":{"@id":"https:\/\/readybetwin.com\/sv\/#\/schema\/logo\/image\/"}}]}},"_links":{"self":[{"href":"https:\/\/readybetwin.com\/sv\/wp-json\/wp\/v2\/pages\/7338","targetHints":{"allow":["GET"]}}],"collection":[{"href":"https:\/\/readybetwin.com\/sv\/wp-json\/wp\/v2\/pages"}],"about":[{"href":"https:\/\/readybetwin.com\/sv\/wp-json\/wp\/v2\/types\/page"}],"author":[{"embeddable":true,"href":"https:\/\/readybetwin.com\/sv\/wp-json\/wp\/v2\/users\/1"}],"replies":[{"embeddable":true,"href":"https:\/\/readybetwin.com\/sv\/wp-json\/wp\/v2\/comments?post=7338"}],"version-history":[{"count":0,"href":"https:\/\/readybetwin.com\/sv\/wp-json\/wp\/v2\/pages\/7338\/revisions"}],"up":[{"embeddable":true,"href":"https:\/\/readybetwin.com\/sv\/wp-json\/wp\/v2\/pages\/7353"}],"wp:featuredmedia":[{"embeddable":true,"href":"https:\/\/readybetwin.com\/sv\/wp-json\/wp\/v2\/media\/17378"}],"wp:attachment":[{"href":"https:\/\/readybetwin.com\/sv\/wp-json\/wp\/v2\/media?parent=7338"}],"wp:term":[{"taxonomy":"category","embeddable":true,"href":"https:\/\/readybetwin.com\/sv\/wp-json\/wp\/v2\/categories?post=7338"}],"curies":[{"name":"wp","href":"https:\/\/api.w.org\/{rel}","templated":true}]}}