{"id":20300,"date":"2020-07-26T10:05:53","date_gmt":"2020-07-26T10:05:53","guid":{"rendered":"https:\/\/readybetwin.com\/casino\/jackpots\/"},"modified":"2020-07-26T13:34:11","modified_gmt":"2020-07-26T13:34:11","slug":"jackpots","status":"publish","type":"page","link":"https:\/\/readybetwin.com\/sv\/casino\/jackpots\/","title":{"rendered":"Jackpots"},"content":{"rendered":"<p>Jackpoten har under l\u00e5ng tid utvecklats till att dels bli st\u00f6rre belopp men ocks\u00e5 hur den fungerar. Fr\u00e5n b\u00f6rjan hade spelmaskiner p\u00e5 casinon en h\u00f6gsta vinst som kunde falla ut slumpm\u00e4ssigt eller i vissa kombinationer. D\u00e4refter kunde <a href=\"https:\/\/readybetwin.com\/sv\/casino\/slot\/\">spelmaskiner<\/a> p\u00e5 casinon vara ihopkopplade och jackpoten v\u00e4xte tillsammans d\u00e5 en liten del av varje insats sattes av till den. P\u00e5 det s\u00e4ttet blev det stora summor som kunde betalas ut. N\u00e4r online verksamheten satte fart skedde samma sak d\u00e4r en slot online hade en stor jackpot som byggdes upp av alla spelare som spelade p\u00e5 sloten i hela v\u00e4rlden.<\/p>\n<p>Jackpot finns ocks\u00e5 i andra spel som <a href=\"https:\/\/readybetwin.com\/sv\/bingo-lotto\/\">lotto<\/a> eller h\u00e4stspel. N\u00e4r ingen f\u00e5r h\u00f6gsta vinsten s\u00e4tts ofta en stor del av till n\u00e4sta omg\u00e5ng och p\u00e5 det s\u00e4ttet byggs jackpoten upp.<\/p>\n<h2>Enskild jackpot<\/h2>\n<p>En enskild jackpot \u00e4r en vinst som byggs upp p\u00e5 en enskild spelautomat, slot, och \u00e4r inte sammankopplad med n\u00e5gra andra system. Vartefter personer spelar p\u00e5 spelet \u00f6kar hela tiden jackpoten till den till slut faller ut. Ju l\u00e4ngre tiden g\u00e5r desto h\u00f6gre blir jackpoten och \u00e4ven chansen att den faller ut. Jackpot kan i vissa fall ocks\u00e5 kallas den h\u00f6gsta vinsten p\u00e5 en slot och som maskinen betalar ut n\u00e4r en viss kombination av symboler intr\u00e4ffar.<\/p>\n<h2>Progressiv jackpot p\u00e5 casinon<\/h2>\n<p>Casinon kan koppla samman flera olika spelautomater i ett n\u00e4tverk som tillsammans bygger upp jackpotens v\u00e4rde. Det kan vara en viss typ av spelautomater som \u00e4r ihopkopplade och som d\u00e5 betalar ut jackpoten p\u00e5 en maskin. Om casinot har flera olika verksamhetsplatser kan jackpoten vara sammankopplad mellan deras platser och jackpoten r\u00e4knas d\u00e5 ihop till en total summa.<\/p>\n<h2>Progressiv jackpot p\u00e5 onlinecasinon<\/h2>\n<p>Det finns m\u00e5nga olika slots p\u00e5 marknaden som har jackpot-funktion. N\u00e4r en spelare g\u00f6r en insats och spelar en jackpot slot s\u00e4tts en liten del av insatsen av till jackpotten. Det \u00e4r speltillverkaren av jackpot sloten som bygger upp jackpot v\u00e4rdet och \u00e4ven betalar ut vinsten. Det g\u00f6r att casinot i detta fall inte beh\u00f6ver betala ut vinsten till spelaren.<\/p>\n<p>Ofta \u00e4r jackpot slots uppdelade i flera olika jackpotar som exempelvis mini, maxi, mega och sen major etc. N\u00e4r man spelar en slot och kommer till jackpot funktionen \u00e4r det ofta ett antal hjul som ska hamna i r\u00e4tt l\u00e4ge f\u00f6r att n\u00e5gon av dessa jackpotar ska falla ut. N\u00e4r alla hjul st\u00e5r r\u00e4tt och man \u00e4ven f\u00e5r den st\u00f6rsta jackpoten p\u00e5 det sista hjulet har man vunnit den stora jackpoten i spelet.<\/p>\n<h2>Extra stora jackpots<\/h2>\n<p>Eftersom m\u00e5nga spelar jackpot slots online byggs jackpot summan upp fort och n\u00e5r otroliga summor. Till slut blir det n\u00e5gon lycklig vinnare som till slut f\u00e5r jackpoten. N\u00e4r summan byggs upp lockar det \u00e4ven m\u00e5nga att prova lyckan f\u00f6r att kunna vinna otroliga pengar. P\u00e5 det s\u00e4ttet spelar fler och fler personer just jackpot spel n\u00e4r summan \u00e4r stor och det g\u00f6r att summan hela tiden \u00f6kar i h\u00f6gre hastighet d\u00e5 intresset \u00e4r stort.<\/p>\n<p>H\u00e4r hittar du <a href=\"https:\/\/readybetwin.com\/sv\/casino\/\">casinosidor<\/a> med jackpot-slots.<\/p>\n<p>Att spela jackpot-slots \u00e4r otroligt roligt att spela och det ger mycket sp\u00e4nning f\u00f6r den som spelar. Om man lyckas vinna jackpoten \u00e4r det livsavg\u00f6rande d\u00e5 man har resten av livet finansierat med pengar just p\u00e5 grund av de enorma summor som betalas ut.<\/p>\n","protected":false},"excerpt":{"rendered":"<p>Jackpoten har under l\u00e5ng tid utvecklats till att dels bli st\u00f6rre belopp men ocks\u00e5 hur den fungerar. Fr\u00e5n b\u00f6rjan hade spelmaskiner p\u00e5 casinon en h\u00f6gsta vinst som kunde falla ut slumpm\u00e4ssigt eller i vissa kombinationer. D\u00e4refter kunde spelmaskiner p\u00e5 casinon vara ihopkopplade och jackpoten v\u00e4xte tillsammans d\u00e5 en liten del av varje insats sattes av [&hellip;]<\/p>\n","protected":false},"author":1,"featured_media":20281,"parent":7353,"menu_order":30,"comment_status":"closed","ping_status":"closed","template":"template-jackpots.php","meta":{"_acf_changed":false,"footnotes":""},"categories":[3],"class_list":["post-20300","page","type-page","status-publish","has-post-thumbnail","hentry","category-casino"],"acf":[],"yoast_head":"<!-- This site is optimized with the Yoast SEO plugin v27.3 - https:\/\/yoast.com\/product\/yoast-seo-wordpress\/ -->\n<title>Jackpots | Ready Bet Win<\/title>\n<meta name=\"description\" content=\"En jackpot \u00e4r en m\u00f6jlighet att vinna den h\u00f6gsta vinsten p\u00e5 en en online-slot. Se aktuella jackpots och l\u00e4s mer om hur de fungerar.\" \/>\n<meta name=\"robots\" content=\"index, follow, max-snippet:-1, max-image-preview:large, max-video-preview:-1\" \/>\n<link rel=\"canonical\" href=\"https:\/\/readybetwin.com\/sv\/casino\/jackpots\/\" \/>\n<meta property=\"og:locale\" content=\"sv_SE\" \/>\n<meta property=\"og:type\" content=\"article\" \/>\n<meta property=\"og:title\" content=\"Jackpots | Ready Bet Win\" \/>\n<meta property=\"og:description\" content=\"En jackpot \u00e4r en m\u00f6jlighet att vinna den h\u00f6gsta vinsten p\u00e5 en en online-slot. Se aktuella jackpots och l\u00e4s mer om hur de fungerar.\" \/>\n<meta property=\"og:url\" content=\"https:\/\/readybetwin.com\/sv\/casino\/jackpots\/\" \/>\n<meta property=\"og:site_name\" content=\"Ready Bet Win\" \/>\n<meta property=\"article:modified_time\" content=\"2020-07-26T13:34:11+00:00\" \/>\n<meta property=\"og:image\" content=\"https:\/\/readybetwin.com\/wp-content\/uploads\/2020\/07\/page-jackpot.jpg\" \/>\n\t<meta property=\"og:image:width\" content=\"1920\" \/>\n\t<meta property=\"og:image:height\" content=\"1280\" \/>\n\t<meta property=\"og:image:type\" content=\"image\/jpeg\" \/>\n<meta name=\"twitter:card\" content=\"summary_large_image\" \/>\n<meta name=\"twitter:label1\" content=\"Ber\u00e4knad l\u00e4stid\" \/>\n\t<meta name=\"twitter:data1\" content=\"3 minuter\" \/>\n<script type=\"application\/ld+json\" class=\"yoast-schema-graph\">{\"@context\":\"https:\\\/\\\/schema.org\",\"@graph\":[{\"@type\":\"WebPage\",\"@id\":\"https:\\\/\\\/readybetwin.com\\\/sv\\\/casino\\\/jackpots\\\/\",\"url\":\"https:\\\/\\\/readybetwin.com\\\/sv\\\/casino\\\/jackpots\\\/\",\"name\":\"Jackpots | Ready Bet Win\",\"isPartOf\":{\"@id\":\"https:\\\/\\\/readybetwin.com\\\/sv\\\/#website\"},\"primaryImageOfPage\":{\"@id\":\"https:\\\/\\\/readybetwin.com\\\/sv\\\/casino\\\/jackpots\\\/#primaryimage\"},\"image\":{\"@id\":\"https:\\\/\\\/readybetwin.com\\\/sv\\\/casino\\\/jackpots\\\/#primaryimage\"},\"thumbnailUrl\":\"https:\\\/\\\/readybetwin.com\\\/wp-content\\\/uploads\\\/2020\\\/07\\\/page-jackpot.jpg\",\"datePublished\":\"2020-07-26T10:05:53+00:00\",\"dateModified\":\"2020-07-26T13:34:11+00:00\",\"description\":\"En jackpot \u00e4r en m\u00f6jlighet att vinna den h\u00f6gsta vinsten p\u00e5 en en online-slot. Se aktuella jackpots och l\u00e4s mer om hur de fungerar.\",\"breadcrumb\":{\"@id\":\"https:\\\/\\\/readybetwin.com\\\/sv\\\/casino\\\/jackpots\\\/#breadcrumb\"},\"inLanguage\":\"sv-SE\",\"potentialAction\":[{\"@type\":\"ReadAction\",\"target\":[\"https:\\\/\\\/readybetwin.com\\\/sv\\\/casino\\\/jackpots\\\/\"]}]},{\"@type\":\"ImageObject\",\"inLanguage\":\"sv-SE\",\"@id\":\"https:\\\/\\\/readybetwin.com\\\/sv\\\/casino\\\/jackpots\\\/#primaryimage\",\"url\":\"https:\\\/\\\/readybetwin.com\\\/wp-content\\\/uploads\\\/2020\\\/07\\\/page-jackpot.jpg\",\"contentUrl\":\"https:\\\/\\\/readybetwin.com\\\/wp-content\\\/uploads\\\/2020\\\/07\\\/page-jackpot.jpg\",\"width\":1920,\"height\":1280,\"caption\":\"Jackpot\"},{\"@type\":\"BreadcrumbList\",\"@id\":\"https:\\\/\\\/readybetwin.com\\\/sv\\\/casino\\\/jackpots\\\/#breadcrumb\",\"itemListElement\":[{\"@type\":\"ListItem\",\"position\":1,\"name\":\"Home\",\"item\":\"https:\\\/\\\/readybetwin.com\\\/sv\\\/\"},{\"@type\":\"ListItem\",\"position\":2,\"name\":\"Casino\",\"item\":\"https:\\\/\\\/readybetwin.com\\\/sv\\\/casino\\\/\"},{\"@type\":\"ListItem\",\"position\":3,\"name\":\"Jackpots\"}]},{\"@type\":\"WebSite\",\"@id\":\"https:\\\/\\\/readybetwin.com\\\/sv\\\/#website\",\"url\":\"https:\\\/\\\/readybetwin.com\\\/sv\\\/\",\"name\":\"Ready Bet Win\",\"description\":\"Compare online casinos and betting sites\",\"publisher\":{\"@id\":\"https:\\\/\\\/readybetwin.com\\\/sv\\\/#organization\"},\"potentialAction\":[{\"@type\":\"SearchAction\",\"target\":{\"@type\":\"EntryPoint\",\"urlTemplate\":\"https:\\\/\\\/readybetwin.com\\\/sv\\\/?s={search_term_string}\"},\"query-input\":{\"@type\":\"PropertyValueSpecification\",\"valueRequired\":true,\"valueName\":\"search_term_string\"}}],\"inLanguage\":\"sv-SE\"},{\"@type\":\"Organization\",\"@id\":\"https:\\\/\\\/readybetwin.com\\\/sv\\\/#organization\",\"name\":\"Ready Bet Win\",\"url\":\"https:\\\/\\\/readybetwin.com\\\/sv\\\/\",\"logo\":{\"@type\":\"ImageObject\",\"inLanguage\":\"sv-SE\",\"@id\":\"https:\\\/\\\/readybetwin.com\\\/sv\\\/#\\\/schema\\\/logo\\\/image\\\/\",\"url\":\"\",\"contentUrl\":\"\",\"caption\":\"Ready Bet Win\"},\"image\":{\"@id\":\"https:\\\/\\\/readybetwin.com\\\/sv\\\/#\\\/schema\\\/logo\\\/image\\\/\"}}]}<\/script>\n<!-- \/ Yoast SEO plugin. -->","yoast_head_json":{"title":"Jackpots | Ready Bet Win","description":"En jackpot \u00e4r en m\u00f6jlighet att vinna den h\u00f6gsta vinsten p\u00e5 en en online-slot. Se aktuella jackpots och l\u00e4s mer om hur de fungerar.","robots":{"index":"index","follow":"follow","max-snippet":"max-snippet:-1","max-image-preview":"max-image-preview:large","max-video-preview":"max-video-preview:-1"},"canonical":"https:\/\/readybetwin.com\/sv\/casino\/jackpots\/","og_locale":"sv_SE","og_type":"article","og_title":"Jackpots | Ready Bet Win","og_description":"En jackpot \u00e4r en m\u00f6jlighet att vinna den h\u00f6gsta vinsten p\u00e5 en en online-slot. Se aktuella jackpots och l\u00e4s mer om hur de fungerar.","og_url":"https:\/\/readybetwin.com\/sv\/casino\/jackpots\/","og_site_name":"Ready Bet Win","article_modified_time":"2020-07-26T13:34:11+00:00","og_image":[{"width":1920,"height":1280,"url":"https:\/\/readybetwin.com\/wp-content\/uploads\/2020\/07\/page-jackpot.jpg","type":"image\/jpeg"}],"twitter_card":"summary_large_image","twitter_misc":{"Ber\u00e4knad l\u00e4stid":"3 minuter"},"schema":{"@context":"https:\/\/schema.org","@graph":[{"@type":"WebPage","@id":"https:\/\/readybetwin.com\/sv\/casino\/jackpots\/","url":"https:\/\/readybetwin.com\/sv\/casino\/jackpots\/","name":"Jackpots | Ready Bet Win","isPartOf":{"@id":"https:\/\/readybetwin.com\/sv\/#website"},"primaryImageOfPage":{"@id":"https:\/\/readybetwin.com\/sv\/casino\/jackpots\/#primaryimage"},"image":{"@id":"https:\/\/readybetwin.com\/sv\/casino\/jackpots\/#primaryimage"},"thumbnailUrl":"https:\/\/readybetwin.com\/wp-content\/uploads\/2020\/07\/page-jackpot.jpg","datePublished":"2020-07-26T10:05:53+00:00","dateModified":"2020-07-26T13:34:11+00:00","description":"En jackpot \u00e4r en m\u00f6jlighet att vinna den h\u00f6gsta vinsten p\u00e5 en en online-slot. Se aktuella jackpots och l\u00e4s mer om hur de fungerar.","breadcrumb":{"@id":"https:\/\/readybetwin.com\/sv\/casino\/jackpots\/#breadcrumb"},"inLanguage":"sv-SE","potentialAction":[{"@type":"ReadAction","target":["https:\/\/readybetwin.com\/sv\/casino\/jackpots\/"]}]},{"@type":"ImageObject","inLanguage":"sv-SE","@id":"https:\/\/readybetwin.com\/sv\/casino\/jackpots\/#primaryimage","url":"https:\/\/readybetwin.com\/wp-content\/uploads\/2020\/07\/page-jackpot.jpg","contentUrl":"https:\/\/readybetwin.com\/wp-content\/uploads\/2020\/07\/page-jackpot.jpg","width":1920,"height":1280,"caption":"Jackpot"},{"@type":"BreadcrumbList","@id":"https:\/\/readybetwin.com\/sv\/casino\/jackpots\/#breadcrumb","itemListElement":[{"@type":"ListItem","position":1,"name":"Home","item":"https:\/\/readybetwin.com\/sv\/"},{"@type":"ListItem","position":2,"name":"Casino","item":"https:\/\/readybetwin.com\/sv\/casino\/"},{"@type":"ListItem","position":3,"name":"Jackpots"}]},{"@type":"WebSite","@id":"https:\/\/readybetwin.com\/sv\/#website","url":"https:\/\/readybetwin.com\/sv\/","name":"Ready Bet Win","description":"Compare online casinos and betting sites","publisher":{"@id":"https:\/\/readybetwin.com\/sv\/#organization"},"potentialAction":[{"@type":"SearchAction","target":{"@type":"EntryPoint","urlTemplate":"https:\/\/readybetwin.com\/sv\/?s={search_term_string}"},"query-input":{"@type":"PropertyValueSpecification","valueRequired":true,"valueName":"search_term_string"}}],"inLanguage":"sv-SE"},{"@type":"Organization","@id":"https:\/\/readybetwin.com\/sv\/#organization","name":"Ready Bet Win","url":"https:\/\/readybetwin.com\/sv\/","logo":{"@type":"ImageObject","inLanguage":"sv-SE","@id":"https:\/\/readybetwin.com\/sv\/#\/schema\/logo\/image\/","url":"","contentUrl":"","caption":"Ready Bet Win"},"image":{"@id":"https:\/\/readybetwin.com\/sv\/#\/schema\/logo\/image\/"}}]}},"_links":{"self":[{"href":"https:\/\/readybetwin.com\/sv\/wp-json\/wp\/v2\/pages\/20300","targetHints":{"allow":["GET"]}}],"collection":[{"href":"https:\/\/readybetwin.com\/sv\/wp-json\/wp\/v2\/pages"}],"about":[{"href":"https:\/\/readybetwin.com\/sv\/wp-json\/wp\/v2\/types\/page"}],"author":[{"embeddable":true,"href":"https:\/\/readybetwin.com\/sv\/wp-json\/wp\/v2\/users\/1"}],"replies":[{"embeddable":true,"href":"https:\/\/readybetwin.com\/sv\/wp-json\/wp\/v2\/comments?post=20300"}],"version-history":[{"count":0,"href":"https:\/\/readybetwin.com\/sv\/wp-json\/wp\/v2\/pages\/20300\/revisions"}],"up":[{"embeddable":true,"href":"https:\/\/readybetwin.com\/sv\/wp-json\/wp\/v2\/pages\/7353"}],"wp:featuredmedia":[{"embeddable":true,"href":"https:\/\/readybetwin.com\/sv\/wp-json\/wp\/v2\/media\/20281"}],"wp:attachment":[{"href":"https:\/\/readybetwin.com\/sv\/wp-json\/wp\/v2\/media?parent=20300"}],"wp:term":[{"taxonomy":"category","embeddable":true,"href":"https:\/\/readybetwin.com\/sv\/wp-json\/wp\/v2\/categories?post=20300"}],"curies":[{"name":"wp","href":"https:\/\/api.w.org\/{rel}","templated":true}]}}