{"id":19677,"date":"2021-03-20T18:47:22","date_gmt":"2021-03-20T18:47:22","guid":{"rendered":"https:\/\/readybetwin.com\/?page_id=19677"},"modified":"2023-05-10T17:44:25","modified_gmt":"2023-05-10T17:44:25","slug":"spelbors","status":"publish","type":"page","link":"https:\/\/readybetwin.com\/sv\/odds\/spelbors\/","title":{"rendered":"Spelb\u00f6rser"},"content":{"rendered":"<h2>Vad \u00e4r en spelb\u00f6rs?<\/h2>\n<p>Spelb\u00f6rser \u00e4r ett fenomen som v\u00e4xer sig st\u00f6rre och intresset \u00f6kar snabbt, inte minst f\u00f6r att du kan tj\u00e4na mer pengar \u00e4n p\u00e5 vanlig betting. P\u00e5 marknaden finns det ett antal spelb\u00f6rser i olika former som erbjuds av olika leverant\u00f6rer. M\u00e5nga drivs frist\u00e5ende utan koppling till spelbolag. Dessa konkurrerar d\u00e5 med traditionella betttingbolag. D\u00e4rf\u00f6r har nu bettingbolagen nu b\u00f6rjat startat egna spelb\u00f6rser f\u00f6r att bredda sina utbud.<\/p>\n<p>P\u00e5 en spelb\u00f6rs, eller oddsb\u00f6rs, \u00e4r det spelarnas egna spel som \u00e4r hela marknaden. Spelb\u00f6rs-leverant\u00f6ren \u00e4r bara en mellanhand mellan dig och andra spelare. Ibland kanske vissa odds inte \u00e4r tillr\u00e4ckligt attraktiva hos ett vanligt spelbolag, eller vet du kanske mer om spelet \u00e4n du tror att andra vet. D\u00e5 kan du skapa ditt eget spel med de odds som du tycker \u00e4r attraktiva f\u00f6r just denna match.<\/p>\n<h3>Svenska spelb\u00f6rser<\/h3>\n<p>I Sverige finns idag endast en spelb\u00f6rs som har svensk spellicens \u2013 Betfair. Eftersom Betfair \u00e4r v\u00e4rldens st\u00f6rsta spelb\u00f6rs s\u00e5 beh\u00f6ver du inte bli besviken. Testa deras spelb\u00f6rs redan idag.<\/p>\n\t\t\t\t\t\t\t\t\t\t\t\t\t\t\t\t\t\t<div class=\"margin_top_bottom\">\n\t\t\t\t\t\n<div itemprop=\"itemListElement\" itemscope itemtype=\"https:\/\/schema.org\/ListItem\">\n\t<div class=\"operatorbox shadow darktext\" style=\"background-color:#ffb900;\">\n\t\t<meta itemprop=\"position\" content=\"\" \/>\n\t\t<meta itemprop=\"name\" content=\"Betfair\" \/>\n\t\t<meta itemprop=\"image\" content=\"https:\/\/readybetwin.com\/wp-content\/uploads\/2020\/02\/logo-betfair.jpg\" \/>\n\t\t<meta itemprop=\"description\" content=\"Bra system, b\u00e4sta sporth\u00e4ndelserna\" \/>\n\t\t<a class=\"operatorbox_logo\" target=\"_blank\" rel=\"nofollow\" href=\"\/go\/betfair-sv-casino\/\" style=\"background-color:#ffb900;\">\n\t\t\t\t\t\t\t<img decoding=\"async\" alt=\"Betfair logo\" class=\"deadcenter skip-lazy\" src=\"https:\/\/readybetwin.com\/wp-content\/uploads\/2020\/02\/logo-betfair.svg\">\n\t\t\t\t\t<\/a>\n\t\t\t\t<ul class=\"operatorbox_bonuslist\">\n\t\t\t\t\t\t\t<li class=\"casino-bonus\">\n\t\t\t\t\t100 kr odds bonus\t\t\t\t<\/li>\t\t\n\t\t\t\t\t\t\t\t\t\t\t<\/ul>\n\t\t<ul class=\"operatorbox_buttons\">\n\t\t\t\t\t\t\t<li>\n\t\t\t\t\t<a class=\"button_border playbutton\" target=\"_blank\" rel=\"nofollow\" href=\"\/go\/betfair-sv-casino\/\">Bes\u00f6k<\/a>\n\t\t\t\t<\/li>\n\t\t\t\t\t\t\t<li>\n\t\t\t\t\t<a class=\"button_border morebutton\" itemprop=\"url\" href=\"https:\/\/readybetwin.com\/sv\/betfair\/\">\n\t\t\t\t\t\tMer info\t\t\t\t\t<\/a>\n\t\t\t\t<\/li>\n\t\t<\/ul>\t\t\n\t\t\t\t<div class=\"operatorbox_terms\" style=\"line-height: 1em !important;\">\n\t\t\t\t\t\t\t<a href=\"betfair-sv-sports\/\" target=\"_blank\" rel=\"nofollow\">Regler & Villkor g\u00e4ller | <\/a>\n\t\t\t\t\t\t\t\t\t18+ | Endast nya spelare | Spela ansvarsfullt | <a href=\"https:\/\/www.stodlinjen.se\/\" target=\"_blank\" rel=\"nofollow noopener\">St\u00f6dlinjen<\/a> <a href=\"tel:020-819 100\">020-819 100<\/a>\t\t\t\t\t<\/div>\n\t<\/div>\n<\/div>\n\t\t\t\t<\/div>\n\t\t    \t\t\t\n<p>&nbsp;<\/p>\n<h3>Skillnader mellan en spelb\u00f6rs och traditionell odds-betting<\/h3>\n<p>F\u00f6r spelb\u00f6rsen \u00e4r den stora skillnaden mot att erbjuda en egen sportsbook, att de inte tar n\u00e5gon risk i spelet. De tillhandah\u00e5ller bara den tekniska l\u00f6sningen och tar hand om pengarna tills spelet \u00e4r avslutat. F\u00f6r den tj\u00e4nsten tar de ofta ut en liten avgift. Det kallas f\u00f6r provision, och det tas bara ut vid vinst.<\/p>\n<p>Spelet \u00e4r ocks\u00e5 lite annorlunda d\u00e5 du har valet att backa eller boka ett spel. Vi kommer att ber\u00e4tta mer om det senare. Oftast \u00e4r oddsen och m\u00f6jligheterna b\u00e4ttre p\u00e5 spelb\u00f6rser \u00e4n p\u00e5 traditionella bettingsidor, varf\u00f6r de ocks\u00e5 \u00e4r popul\u00e4ra bland seri\u00f6sa odds-spelare.<\/p>\n<h2>Backa eller boka p\u00e5 en oddsb\u00f6rs?<\/h2>\n<p>P\u00e5 spelb\u00f6rsen kan du v\u00e4lja vilken roll du vill ha. Antingen kan du vara den som spelar p\u00e5 redan fastst\u00e4llda spel, eller s\u00e5 kan du sj\u00e4lv agera som en bookmaker &#8211; det vill s\u00e4ga skapa dina spel och erbjuda dem till andra spelare. M\u00f6jligheterna h\u00e4r \u00e4r o\u00e4ndliga.<\/p>\n<h3>Backa ett spel<\/h3>\n<p>L\u00e5t s\u00e4ga att du tror att Milan ska vinna en match mot Juventus. Du hittar inga attraktiva odds p\u00e5 traditionella bettingsajter, men p\u00e5 spelb\u00f6rsen hittar du ett spel som n\u00e5gon annan spelare <em>bokat<\/em>. Den spelaren tror <strong>inte<\/strong> att Milan ska vinna och har d\u00e4rf\u00f6r satt ett h\u00f6gt odds f\u00f6r Milan-vinst. Du kan d\u00e5 satsa mot den andra spelaren genom att l\u00e4gga en insats. Detta kallas f\u00f6r att <strong><em>backa<\/em><\/strong> ett spel. Om Milan vinner matchen vinner du bettet, och den som skapade spelet f\u00f6rlorar sin insats. Din vinst minus provision betalas d\u00e5 ut till ditt spelkonto.<\/p>\n<h3>Boka ett spel<\/h3>\n<p>I samma exempel som ovan med Milan och Juventus kan du l\u00e4gga spelet sj\u00e4lv ist\u00e4llet. Du skapar d\u00e5 ett spel d\u00e4r du tror att Juventus <strong>inte<\/strong> ska vinna matchen. Sedan placerar du din insats och andra spelare kan d\u00e5 spela &#8221;mot&#8221; ditt spel. Detta kallas f\u00f6r att <strong><em>boka<\/em><\/strong> ett spel.<\/p>\n<p>Om ingen spelare vill matcha ditt odds och spela mot dig f\u00e5r du tillbaka din insats.<\/p>\n<h2>F\u00f6rst\u00e5 vad som visas p\u00e5 spelb\u00f6rsen<\/h2>\n<p>N\u00e4r du tittar p\u00e5 vad som presenteras p\u00e5 en oddsb\u00f6rs, m\u00f6ts du av olika matcher och odds och rutor som visar oddsen f\u00f6r att <em>backa<\/em> eller <em>boka<\/em> ett spel. Vanligtvis ligger det belopp som kallas <em>likviditet<\/em> f\u00f6r det oddset i samma ruta. Det \u00e4r hur mycket pengar som \u00e4r tillg\u00e4ngliga att spela med just detta odds. Siffrorna \u00e4ndras hela tiden n\u00e4r andra spelare l\u00e4gger sina insatser. Du ser om spelen \u00e4r matchade eller inte. Vita rutor \u00e4r ej matchade spel som v\u00e4ntar p\u00e5 att matchas.<\/p>\n<h2>S\u00e5 spelar du<\/h2>\n<p>N\u00e4r du vill spela p\u00e5 oddsb\u00f6rsen, h\u00e5ll ett \u00f6ga p\u00e5 rutorna som \u00e4r f\u00e4rgade. Det finns redan matchade spel som du kan spela direkt. Vill du <em>backa<\/em> eller <em>boka<\/em>? V\u00e4lj det val du tycker \u00e4r r\u00e4tt f\u00f6r din insats. Oftast matchas din satsning direkt och placeras, men saker kan h\u00e4nda snabbt p\u00e5 oddsb\u00f6rsen och f\u00f6rh\u00e5llandena \u00e4ndras hela tiden.<\/p>\n<h2>Exponering p\u00e5 spelb\u00f6rsen<\/h2>\n<p>Exponering \u00e4r det belopp du riskerar om till exempel ett bokat spel inte g\u00e5r in. Om du bokar en match f\u00f6r oddsen 5.0 och med beloppet \u20ac 10, \u00e4r \u200b\u200bdin exponering \u20ac 50 om spelet inte g\u00e5r som du t\u00e4nkt. Det \u00e4r en betydande risk mot att vinna \u20ac 10. H\u00e4r m\u00e5ste du vara noga med att se till att det du s\u00e4tter \u00e4r r\u00e4tt.<\/p>\n<blockquote><p>T\u00e4nk p\u00e5 att du kan f\u00e5 en stor exponering om du inte kontrollerar hur du st\u00e4ller in dina odds.<\/p><\/blockquote>\n<p>N\u00e4r du bokar ett spel g\u00e5r du oftast inte \u00f6ver 2.0. Ta reda p\u00e5 vad som g\u00e4ller f\u00f6r spelb\u00f6rsen du t\u00e4nker spela p\u00e5. M\u00e5nga till\u00e5ter inte att boka spel med h\u00f6gre exponering \u00e4n vad som finns p\u00e5 spelkontot. Det \u00e4r viktigt att h\u00e5lla ett \u00f6ga p\u00e5 detta eftersom det kan vara dyra misstag.<\/p>\n<h2>Cash out p\u00e5 en spelb\u00f6rs<\/h2>\n<p>Cash out \u00e4r vanligtvis en bra funktion och \u00e4r ocks\u00e5 ofta tillg\u00e4nglig p\u00e5 en spelb\u00f6rs. Funktionen inneb\u00e4r att du under ett spel kan g\u00f6ra utbetalningar om du vill samla in en vinst eller f\u00f6r att minimera en f\u00f6rlust.<\/p>\n<h2>Kombinationsspel<\/h2>\n<p>Du kan l\u00e4gga kombinationsspel som dubblar, tripplar eller fyrlingar p\u00e5 oddsb\u00f6rsen. Det fungerar i princip som p\u00e5 en vanlig bettingsida. Du v\u00e4ljer vilka spel du vill spela och samlar dem p\u00e5 din slip. Beroende p\u00e5 leverant\u00f6r kan det fungera lite olika, men i princip fungerar det p\u00e5 samma s\u00e4tt.<\/p>\n","protected":false},"excerpt":{"rendered":"<p>Vad \u00e4r en spelb\u00f6rs? Spelb\u00f6rser \u00e4r ett fenomen som v\u00e4xer sig st\u00f6rre och intresset \u00f6kar snabbt, inte minst f\u00f6r att du kan tj\u00e4na mer pengar \u00e4n p\u00e5 vanlig betting. P\u00e5 marknaden finns det ett antal spelb\u00f6rser i olika former som erbjuds av olika leverant\u00f6rer. M\u00e5nga drivs frist\u00e5ende utan koppling till spelbolag. Dessa konkurrerar d\u00e5 med [&hellip;]<\/p>\n","protected":false},"author":1,"featured_media":19691,"parent":7359,"menu_order":68,"comment_status":"closed","ping_status":"closed","template":"","meta":{"_acf_changed":false,"footnotes":""},"categories":[],"class_list":["post-19677","page","type-page","status-publish","has-post-thumbnail","hentry"],"acf":[],"yoast_head":"<!-- This site is optimized with the Yoast SEO plugin v27.3 - https:\/\/yoast.com\/product\/yoast-seo-wordpress\/ -->\n<title>Spelb\u00f6rser i Sverige | Ready Bet Win<\/title>\n<meta name=\"description\" content=\"Spelb\u00f6rser \u00e4r ett fenomen som v\u00e4xer sig st\u00f6rre. H\u00e4r hittar du alla svenska oddsb\u00f6rser. S\u00e4tt dina egna odds och tj\u00e4na mer pengar \u00e4n p\u00e5 vanlig betting.\" \/>\n<meta name=\"robots\" content=\"index, follow, max-snippet:-1, max-image-preview:large, max-video-preview:-1\" \/>\n<link rel=\"canonical\" href=\"https:\/\/readybetwin.com\/sv\/odds\/spelbors\/\" \/>\n<meta property=\"og:locale\" content=\"sv_SE\" \/>\n<meta property=\"og:type\" content=\"article\" \/>\n<meta property=\"og:title\" content=\"Spelb\u00f6rser i Sverige | Ready Bet Win\" \/>\n<meta property=\"og:description\" content=\"Spelb\u00f6rser \u00e4r ett fenomen som v\u00e4xer sig st\u00f6rre. H\u00e4r hittar du alla svenska oddsb\u00f6rser. S\u00e4tt dina egna odds och tj\u00e4na mer pengar \u00e4n p\u00e5 vanlig betting.\" \/>\n<meta property=\"og:url\" content=\"https:\/\/readybetwin.com\/sv\/odds\/spelbors\/\" \/>\n<meta property=\"og:site_name\" content=\"Ready Bet Win\" \/>\n<meta property=\"article:modified_time\" content=\"2023-05-10T17:44:25+00:00\" \/>\n<meta property=\"og:image\" content=\"https:\/\/readybetwin.com\/wp-content\/uploads\/2020\/07\/page-odds-exchange.jpg\" \/>\n\t<meta property=\"og:image:width\" content=\"1920\" \/>\n\t<meta property=\"og:image:height\" content=\"1280\" \/>\n\t<meta property=\"og:image:type\" content=\"image\/jpeg\" \/>\n<meta name=\"twitter:card\" content=\"summary_large_image\" \/>\n<meta name=\"twitter:label1\" content=\"Ber\u00e4knad l\u00e4stid\" \/>\n\t<meta name=\"twitter:data1\" content=\"5 minuter\" \/>\n<script type=\"application\/ld+json\" class=\"yoast-schema-graph\">{\"@context\":\"https:\\\/\\\/schema.org\",\"@graph\":[{\"@type\":\"WebPage\",\"@id\":\"https:\\\/\\\/readybetwin.com\\\/sv\\\/odds\\\/spelbors\\\/\",\"url\":\"https:\\\/\\\/readybetwin.com\\\/sv\\\/odds\\\/spelbors\\\/\",\"name\":\"Spelb\u00f6rser i Sverige | Ready Bet Win\",\"isPartOf\":{\"@id\":\"https:\\\/\\\/readybetwin.com\\\/sv\\\/#website\"},\"primaryImageOfPage\":{\"@id\":\"https:\\\/\\\/readybetwin.com\\\/sv\\\/odds\\\/spelbors\\\/#primaryimage\"},\"image\":{\"@id\":\"https:\\\/\\\/readybetwin.com\\\/sv\\\/odds\\\/spelbors\\\/#primaryimage\"},\"thumbnailUrl\":\"https:\\\/\\\/readybetwin.com\\\/wp-content\\\/uploads\\\/2020\\\/07\\\/page-odds-exchange.jpg\",\"datePublished\":\"2021-03-20T18:47:22+00:00\",\"dateModified\":\"2023-05-10T17:44:25+00:00\",\"description\":\"Spelb\u00f6rser \u00e4r ett fenomen som v\u00e4xer sig st\u00f6rre. H\u00e4r hittar du alla svenska oddsb\u00f6rser. S\u00e4tt dina egna odds och tj\u00e4na mer pengar \u00e4n p\u00e5 vanlig betting.\",\"breadcrumb\":{\"@id\":\"https:\\\/\\\/readybetwin.com\\\/sv\\\/odds\\\/spelbors\\\/#breadcrumb\"},\"inLanguage\":\"sv-SE\",\"potentialAction\":[{\"@type\":\"ReadAction\",\"target\":[\"https:\\\/\\\/readybetwin.com\\\/sv\\\/odds\\\/spelbors\\\/\"]}]},{\"@type\":\"ImageObject\",\"inLanguage\":\"sv-SE\",\"@id\":\"https:\\\/\\\/readybetwin.com\\\/sv\\\/odds\\\/spelbors\\\/#primaryimage\",\"url\":\"https:\\\/\\\/readybetwin.com\\\/wp-content\\\/uploads\\\/2020\\\/07\\\/page-odds-exchange.jpg\",\"contentUrl\":\"https:\\\/\\\/readybetwin.com\\\/wp-content\\\/uploads\\\/2020\\\/07\\\/page-odds-exchange.jpg\",\"width\":1920,\"height\":1280,\"caption\":\"Odds exhange\"},{\"@type\":\"BreadcrumbList\",\"@id\":\"https:\\\/\\\/readybetwin.com\\\/sv\\\/odds\\\/spelbors\\\/#breadcrumb\",\"itemListElement\":[{\"@type\":\"ListItem\",\"position\":1,\"name\":\"Home\",\"item\":\"https:\\\/\\\/readybetwin.com\\\/sv\\\/\"},{\"@type\":\"ListItem\",\"position\":2,\"name\":\"Spelb\u00f6rser\"}]},{\"@type\":\"WebSite\",\"@id\":\"https:\\\/\\\/readybetwin.com\\\/sv\\\/#website\",\"url\":\"https:\\\/\\\/readybetwin.com\\\/sv\\\/\",\"name\":\"Ready Bet Win\",\"description\":\"Compare online casinos and betting sites\",\"publisher\":{\"@id\":\"https:\\\/\\\/readybetwin.com\\\/sv\\\/#organization\"},\"potentialAction\":[{\"@type\":\"SearchAction\",\"target\":{\"@type\":\"EntryPoint\",\"urlTemplate\":\"https:\\\/\\\/readybetwin.com\\\/sv\\\/?s={search_term_string}\"},\"query-input\":{\"@type\":\"PropertyValueSpecification\",\"valueRequired\":true,\"valueName\":\"search_term_string\"}}],\"inLanguage\":\"sv-SE\"},{\"@type\":\"Organization\",\"@id\":\"https:\\\/\\\/readybetwin.com\\\/sv\\\/#organization\",\"name\":\"Ready Bet Win\",\"url\":\"https:\\\/\\\/readybetwin.com\\\/sv\\\/\",\"logo\":{\"@type\":\"ImageObject\",\"inLanguage\":\"sv-SE\",\"@id\":\"https:\\\/\\\/readybetwin.com\\\/sv\\\/#\\\/schema\\\/logo\\\/image\\\/\",\"url\":\"\",\"contentUrl\":\"\",\"caption\":\"Ready Bet Win\"},\"image\":{\"@id\":\"https:\\\/\\\/readybetwin.com\\\/sv\\\/#\\\/schema\\\/logo\\\/image\\\/\"}}]}<\/script>\n<!-- \/ Yoast SEO plugin. -->","yoast_head_json":{"title":"Spelb\u00f6rser i Sverige | Ready Bet Win","description":"Spelb\u00f6rser \u00e4r ett fenomen som v\u00e4xer sig st\u00f6rre. H\u00e4r hittar du alla svenska oddsb\u00f6rser. S\u00e4tt dina egna odds och tj\u00e4na mer pengar \u00e4n p\u00e5 vanlig betting.","robots":{"index":"index","follow":"follow","max-snippet":"max-snippet:-1","max-image-preview":"max-image-preview:large","max-video-preview":"max-video-preview:-1"},"canonical":"https:\/\/readybetwin.com\/sv\/odds\/spelbors\/","og_locale":"sv_SE","og_type":"article","og_title":"Spelb\u00f6rser i Sverige | Ready Bet Win","og_description":"Spelb\u00f6rser \u00e4r ett fenomen som v\u00e4xer sig st\u00f6rre. H\u00e4r hittar du alla svenska oddsb\u00f6rser. S\u00e4tt dina egna odds och tj\u00e4na mer pengar \u00e4n p\u00e5 vanlig betting.","og_url":"https:\/\/readybetwin.com\/sv\/odds\/spelbors\/","og_site_name":"Ready Bet Win","article_modified_time":"2023-05-10T17:44:25+00:00","og_image":[{"width":1920,"height":1280,"url":"https:\/\/readybetwin.com\/wp-content\/uploads\/2020\/07\/page-odds-exchange.jpg","type":"image\/jpeg"}],"twitter_card":"summary_large_image","twitter_misc":{"Ber\u00e4knad l\u00e4stid":"5 minuter"},"schema":{"@context":"https:\/\/schema.org","@graph":[{"@type":"WebPage","@id":"https:\/\/readybetwin.com\/sv\/odds\/spelbors\/","url":"https:\/\/readybetwin.com\/sv\/odds\/spelbors\/","name":"Spelb\u00f6rser i Sverige | Ready Bet Win","isPartOf":{"@id":"https:\/\/readybetwin.com\/sv\/#website"},"primaryImageOfPage":{"@id":"https:\/\/readybetwin.com\/sv\/odds\/spelbors\/#primaryimage"},"image":{"@id":"https:\/\/readybetwin.com\/sv\/odds\/spelbors\/#primaryimage"},"thumbnailUrl":"https:\/\/readybetwin.com\/wp-content\/uploads\/2020\/07\/page-odds-exchange.jpg","datePublished":"2021-03-20T18:47:22+00:00","dateModified":"2023-05-10T17:44:25+00:00","description":"Spelb\u00f6rser \u00e4r ett fenomen som v\u00e4xer sig st\u00f6rre. H\u00e4r hittar du alla svenska oddsb\u00f6rser. S\u00e4tt dina egna odds och tj\u00e4na mer pengar \u00e4n p\u00e5 vanlig betting.","breadcrumb":{"@id":"https:\/\/readybetwin.com\/sv\/odds\/spelbors\/#breadcrumb"},"inLanguage":"sv-SE","potentialAction":[{"@type":"ReadAction","target":["https:\/\/readybetwin.com\/sv\/odds\/spelbors\/"]}]},{"@type":"ImageObject","inLanguage":"sv-SE","@id":"https:\/\/readybetwin.com\/sv\/odds\/spelbors\/#primaryimage","url":"https:\/\/readybetwin.com\/wp-content\/uploads\/2020\/07\/page-odds-exchange.jpg","contentUrl":"https:\/\/readybetwin.com\/wp-content\/uploads\/2020\/07\/page-odds-exchange.jpg","width":1920,"height":1280,"caption":"Odds exhange"},{"@type":"BreadcrumbList","@id":"https:\/\/readybetwin.com\/sv\/odds\/spelbors\/#breadcrumb","itemListElement":[{"@type":"ListItem","position":1,"name":"Home","item":"https:\/\/readybetwin.com\/sv\/"},{"@type":"ListItem","position":2,"name":"Spelb\u00f6rser"}]},{"@type":"WebSite","@id":"https:\/\/readybetwin.com\/sv\/#website","url":"https:\/\/readybetwin.com\/sv\/","name":"Ready Bet Win","description":"Compare online casinos and betting sites","publisher":{"@id":"https:\/\/readybetwin.com\/sv\/#organization"},"potentialAction":[{"@type":"SearchAction","target":{"@type":"EntryPoint","urlTemplate":"https:\/\/readybetwin.com\/sv\/?s={search_term_string}"},"query-input":{"@type":"PropertyValueSpecification","valueRequired":true,"valueName":"search_term_string"}}],"inLanguage":"sv-SE"},{"@type":"Organization","@id":"https:\/\/readybetwin.com\/sv\/#organization","name":"Ready Bet Win","url":"https:\/\/readybetwin.com\/sv\/","logo":{"@type":"ImageObject","inLanguage":"sv-SE","@id":"https:\/\/readybetwin.com\/sv\/#\/schema\/logo\/image\/","url":"","contentUrl":"","caption":"Ready Bet Win"},"image":{"@id":"https:\/\/readybetwin.com\/sv\/#\/schema\/logo\/image\/"}}]}},"_links":{"self":[{"href":"https:\/\/readybetwin.com\/sv\/wp-json\/wp\/v2\/pages\/19677","targetHints":{"allow":["GET"]}}],"collection":[{"href":"https:\/\/readybetwin.com\/sv\/wp-json\/wp\/v2\/pages"}],"about":[{"href":"https:\/\/readybetwin.com\/sv\/wp-json\/wp\/v2\/types\/page"}],"author":[{"embeddable":true,"href":"https:\/\/readybetwin.com\/sv\/wp-json\/wp\/v2\/users\/1"}],"replies":[{"embeddable":true,"href":"https:\/\/readybetwin.com\/sv\/wp-json\/wp\/v2\/comments?post=19677"}],"version-history":[{"count":0,"href":"https:\/\/readybetwin.com\/sv\/wp-json\/wp\/v2\/pages\/19677\/revisions"}],"up":[{"embeddable":true,"href":"https:\/\/readybetwin.com\/sv\/wp-json\/wp\/v2\/pages\/7359"}],"wp:featuredmedia":[{"embeddable":true,"href":"https:\/\/readybetwin.com\/sv\/wp-json\/wp\/v2\/media\/19691"}],"wp:attachment":[{"href":"https:\/\/readybetwin.com\/sv\/wp-json\/wp\/v2\/media?parent=19677"}],"wp:term":[{"taxonomy":"category","embeddable":true,"href":"https:\/\/readybetwin.com\/sv\/wp-json\/wp\/v2\/categories?post=19677"}],"curies":[{"name":"wp","href":"https:\/\/api.w.org\/{rel}","templated":true}]}}