{"id":18488,"date":"2020-05-07T08:52:38","date_gmt":"2020-05-07T08:52:38","guid":{"rendered":"https:\/\/readybetwin.com\/?page_id=18488"},"modified":"2020-05-11T19:37:36","modified_gmt":"2020-05-11T19:37:36","slug":"gamification","status":"publish","type":"page","link":"https:\/\/readybetwin.com\/sv\/casino\/gamification\/","title":{"rendered":"Gamification"},"content":{"rendered":"<p>Om du inte testat gamification tidigare, tycker vi det \u00e4r dags att kolla in n\u00e5gra av v\u00e5ra rekommenderade casinon nedan. Du kommer m\u00f6tas av en helt ny spelupplevelse. S\u00e5 g\u00f6r dig redo att kliva in i en helt ny v\u00e4rld.<\/p>\n<h2>V\u00e5ra b\u00e4sta tips p\u00e5 casinon med gamification<\/h2>\n<h3>Duelz<\/h3>\n\t\t\t\t\t\t\t\t\t\t\t\t\t\t\t\t\t\t<div class=\"margin_top_bottom\">\n\t\t\t\t\t\n<div itemprop=\"itemListElement\" itemscope itemtype=\"https:\/\/schema.org\/ListItem\">\n\t<div class=\"operatorbox shadow \" style=\"background-color:#144267;\">\n\t\t<meta itemprop=\"position\" content=\"\" \/>\n\t\t<meta itemprop=\"name\" content=\"Duelz\" \/>\n\t\t<meta itemprop=\"image\" content=\"https:\/\/readybetwin.com\/wp-content\/uploads\/2020\/02\/logo-duelz.jpg\" \/>\n\t\t<meta itemprop=\"description\" content=\"Up to \u20ac1000 and 200 FS\" \/>\n\t\t<a class=\"operatorbox_logo\" target=\"_blank\" rel=\"nofollow\" href=\"\/go\/duelz-en-casino\/\" style=\"background-color:#144267;\">\n\t\t\t\t\t\t\t<img decoding=\"async\" alt=\"Duelz logo\" class=\"deadcenter skip-lazy\" src=\"https:\/\/readybetwin.com\/wp-content\/uploads\/2020\/02\/logo-duelz.svg\">\n\t\t\t\t\t<\/a>\n\t\t\t\t<ul class=\"operatorbox_bonuslist\">\n\t\t\t\t\t\t\t<li class=\"casino-bonus\">\n\t\t\t\t\t\u20ac1000 casino bonus\t\t\t\t<\/li>\t\t\n\t\t\t\t\t\t\t\t\t\t<li class=\"casino-bonus\">\n\t\t\t\t\t200 free spins!\t\t\t\t<\/li>\t\t\n\t\t\t\t\t\t\t\t\t\t<li class=\"casino-bonus\">\n\t\t\t\t\tEntertaining gamification\t\t\t\t<\/li>\t\t\n\t\t\t\t\t<\/ul>\n\t\t<ul class=\"operatorbox_buttons\">\n\t\t\t\t\t\t\t<li>\n\t\t\t\t\t<a class=\"button_border playbutton\" target=\"_blank\" rel=\"nofollow\" href=\"\/go\/duelz-en-casino\/\">Bes\u00f6k<\/a>\n\t\t\t\t<\/li>\n\t\t\t\t\t\t\t<li>\n\t\t\t\t\t<a class=\"button_border morebutton\" itemprop=\"url\" href=\"https:\/\/readybetwin.com\/duelz\/\">\n\t\t\t\t\t\tMer info\t\t\t\t\t<\/a>\n\t\t\t\t<\/li>\n\t\t<\/ul>\t\t\n\t\t\t\t<div class=\"operatorbox_terms\" style=\"line-height: 1em !important;\">\n\t\t\t\t\t\t\t<a href=\"\/go\/duelz-en-casino\/\" target=\"_blank\" rel=\"nofollow\">Regler & Villkor g\u00e4ller | <\/a>\n\t\t\t\t\t\t\t\t\t\tMin. deposit\t\t\t\t\t\t\t\t\t\t\t\t20 kr\n\t\t\t\t\t\n\t\t\t\t\t\t\t\t\t\t18+ | Endast nya spelare | Spela ansvarsfullt | <a href=\"https:\/\/www.stodlinjen.se\/\" target=\"_blank\" rel=\"nofollow noopener\">St\u00f6dlinjen<\/a> <a href=\"tel:020-819 100\">020-819 100<\/a>\t\t\t\t\t<\/div>\n\t<\/div>\n<\/div>\n\t\t\t\t<\/div>\n\t\t    \t\t\t\n<p>I <strong>Duelz<\/strong> utmanar du andra spelare i olika dueller. Tidigare bestod dessa dueller av att du skulle spela p\u00e5 olika slots. I februari 2020 lanserade de en helt ny plattform som inneb\u00e4r att du inte l\u00e4ngre spelar p\u00e5 vanliga slots utan ist\u00e4llet sm\u00e5 mini-spel som anv\u00e4nder samma <a href=\"https:\/\/readybetwin.com\/sv\/casino\/guide\/rtp-volatilitet\/\">RTP och slumpgenerator<\/a> som en vanlig slot. Vi tycker det \u00e4r kul att n\u00e5gon v\u00e5gar bryta sig loss fr\u00e5n de traditionella m\u00f6nstret. Testa sj\u00e4lv och upplev n\u00e5got nytt.<\/p>\n<h3>VoodooDreams<\/h3>\n\t\t\t\t\t\t\t\t\t\t\t\t\t\t\t\t\t\t<div class=\"margin_top_bottom\">\n\t\t\t\t\t\n<div itemprop=\"itemListElement\" itemscope itemtype=\"https:\/\/schema.org\/ListItem\">\n\t<div class=\"operatorbox shadow \" style=\"background-color:#161616;\">\n\t\t<meta itemprop=\"position\" content=\"\" \/>\n\t\t<meta itemprop=\"name\" content=\"VoodooDreams\" \/>\n\t\t<meta itemprop=\"image\" content=\"https:\/\/readybetwin.com\/wp-content\/uploads\/2020\/02\/logo-voodoodreams.jpg\" \/>\n\t\t<meta itemprop=\"description\" content=\"Samla spells och \u00f6ka i niv\u00e5\" \/>\n\t\t<a class=\"operatorbox_logo\" target=\"_blank\" rel=\"nofollow\" href=\"\/go\/voodoodreams-sv-casino\/\" style=\"background-color:#161616;\">\n\t\t\t\t\t\t\t<img decoding=\"async\" alt=\"VoodooDreams logo\" class=\"deadcenter skip-lazy\" src=\"https:\/\/readybetwin.com\/wp-content\/uploads\/2020\/02\/logo-voodoodreams.svg\">\n\t\t\t\t\t<\/a>\n\t\t\t\t<ul class=\"operatorbox_bonuslist\">\n\t\t\t\t\t\t\t<li class=\"casino-bonus\">\n\t\t\t\t\tGamification-casino\t\t\t\t<\/li>\t\t\n\t\t\t\t\t\t\t\t\t\t\t<\/ul>\n\t\t<ul class=\"operatorbox_buttons\">\n\t\t\t\t\t\t\t<li>\n\t\t\t\t\t<a class=\"button_border playbutton\" target=\"_blank\" rel=\"nofollow\" href=\"\/go\/voodoodreams-sv-casino\/\">Bes\u00f6k<\/a>\n\t\t\t\t<\/li>\n\t\t\t\t\t\t\t<li>\n\t\t\t\t\t<a class=\"button_border morebutton\" itemprop=\"url\" href=\"https:\/\/readybetwin.com\/sv\/voodoodreams\/\">\n\t\t\t\t\t\tMer info\t\t\t\t\t<\/a>\n\t\t\t\t<\/li>\n\t\t<\/ul>\t\t\n\t\t\t\t<div class=\"operatorbox_terms\" style=\"line-height: 1em !important;\">\n\t\t\t\t\t\t\t<a href=\"\/go\/voodoodreams-sv-tc\/\" target=\"_blank\" rel=\"nofollow\">Regler & Villkor g\u00e4ller | <\/a>\n\t\t\t\t\t\t\t\t\t18+ | Endast nya spelare | Spela ansvarsfullt | <a href=\"https:\/\/www.stodlinjen.se\/\" target=\"_blank\" rel=\"nofollow noopener\">St\u00f6dlinjen<\/a> <a href=\"tel:020-819 100\">020-819 100<\/a>\t\t\t\t\t<\/div>\n\t<\/div>\n<\/div>\n\t\t\t\t<\/div>\n\t\t    \t\t\t\n<p>Hos <strong>VoodoDreams<\/strong> ska du samla <em>Spells<\/em>. N\u00e4r du samlat tillr\u00e4ckligt m\u00e5nga <em>Spells<\/em> kan du k\u00f6pa dig upp till en h\u00f6gre level. Du samlar dina <em>Spells<\/em> genom att spela p\u00e5 ett stort utbud av slots. Ju mer du vinner desto fler <em>Spells<\/em> f\u00e5r du. VoodooDreams \u00e4r ett riktigt snyggt gamification casino och man sugs verkligen in i deras v\u00e4rld n\u00e4r man spelar. Rekommenderas varmt.<\/p>\n<h2>Vad \u00e4r ett gamification casino?<\/h2>\n<p>N\u00e4r du spelar p\u00e5 ett gamification casino \u00e4r mycket av upplevelsen inb\u00e4ddad i ett spel eller en form av resa. Det kan vara \u00e4ventyr i olika form eller vissa h\u00e4ndelser som sker p\u00e5 v\u00e4gen d\u00e4r du spelar. Det kan vara olika v\u00e4rldar som du utforskar efter hand du tar dig vidare och uppn\u00e5r fler h\u00e4ndelser. N\u00e4r du klarar en uppgift blir du bel\u00f6nad med vinster av olika former och \u00e4ven att n\u00e4sta utmaning l\u00e5ses upp.<\/p>\n<p>Ju mer du utforskar spelet desto mer stiger du i niv\u00e5 och f\u00e5r mer f\u00f6rdelar. Du blir mer t\u00e5lig mot attacker och kan klara st\u00f6rre utmaningar som kr\u00e4ver mer. Samtidigt spelar du p\u00e5 utvalda slots eller g\u00f6r vissa satsningar.<\/p>\n<p>N\u00e4r du uppn\u00e5r och klarar bel\u00f6ningar f\u00e5r du ers\u00e4ttning i form av vinster, kistor eller free spins. Det \u00e4r ocks\u00e5 vanligt att du f\u00e5r bel\u00f6ning i spelets egen valuta som du sedan kan v\u00e4xla in mot andra v\u00e4rden.<\/p>\n<p>I vissa fall f\u00e5r du magiska mynt eller \u00e4delstenar eller speciella ikoner som du sedan kan l\u00e5sa upp. Dessa inneh\u00e5ller sp\u00e4nnande m\u00f6jligheter i spelet och som kan ge dig stora vinster.<\/p>\n<h2>Hur fungerar gamification?<\/h2>\n<p>Grunden i ett gamification casino \u00e4r att ha roligt och att samtidigt kunna vinna stora vinster. Samtidigt som du spelar f\u00e5r du en upplevelse tillsammans med andra spelare d\u00e4r du konkurrerar om platser och niv\u00e5er. \u00c4r du inte aktiv eller tillr\u00e4ckligt bra kan du f\u00f6rlora m\u00f6jligheter att avancera.<\/p>\n<p>N\u00e4r du spelar p\u00e5 spelbaserade casinon skapar du en profil d\u00e4r du \u00e4r en avatar som utf\u00f6r dina h\u00e4ndelser. Denna kan vara en person i en fiktiv stad eller en annan p\u00e5hittad individ p\u00e5 sp\u00e4nnande \u00f6ar eller att spelet \u00e4ger rum i en sci-fi liknande milj\u00f6.<\/p>\n<p>Idag finns flera olika teman f\u00f6r dessa casinon d\u00e4r du kan v\u00e4lja mellan stadsmilj\u00f6er, \u00f6ar, fiktiva v\u00e4rldar som \u00e4r antingen i vanliga milj\u00f6er eller helt sci-fi baserade. Det kan \u00e4ven vara duellerande l\u00f6sningar d\u00e4r du spelar mot andra och hela tiden ska vinna i dueller.<\/p>\n<p>Spelen har utvecklats fort och f\u00e5tt m\u00e5nga funktioner som tilltalar alla \u00e5ldersgrupper.<\/p>\n<h2>Varf\u00f6r ska man spela p\u00e5 ett gamification casino?<\/h2>\n<p>Det enkla och r\u00e4tta svaret \u00e4r att det \u00e4r roligt. Marknaden inneh\u00e5ller m\u00e5nga olika typer av spelare och vi vet inte vem just du \u00e4r som l\u00e4ser detta. Kanske \u00e4r du sportintresserad och gillar betting eller att bara spela lite slots p\u00e5 ett casino. Gillar du slots \u00e4r du kanske den som spelar dina favoriter varje g\u00e5ng eller s\u00e5 \u00e4r du en som provar de senaste slotsen som kommit p\u00e5 marknaden. Alla \u00e4r vi olika. Dock letar vi efter sp\u00e4nning och att f\u00e5 stora vinster.<\/p>\n<p>Att spela p\u00e5 casinon med gamification tar allting ett steg vidare. Ha roligt och g\u00f6r sp\u00e4nnande uppdrag samtidigt som du har chans p\u00e5 stora vinster.<\/p>\n<p>Vi kan verkligen rekommendera dig att prova n\u00e5got av de gamification casinon som finns p\u00e5 marknaden f\u00f6r att se en helt ny variant av casinospel.<\/p>\n","protected":false},"excerpt":{"rendered":"<p>Om du inte testat gamification tidigare, tycker vi det \u00e4r dags att kolla in n\u00e5gra av v\u00e5ra rekommenderade casinon nedan. Du kommer m\u00f6tas av en helt ny spelupplevelse. S\u00e5 g\u00f6r dig redo att kliva in i en helt ny v\u00e4rld. V\u00e5ra b\u00e4sta tips p\u00e5 casinon med gamification Duelz I Duelz utmanar du andra spelare i [&hellip;]<\/p>\n","protected":false},"author":1,"featured_media":15165,"parent":7353,"menu_order":47,"comment_status":"closed","ping_status":"closed","template":"","meta":{"_acf_changed":false,"footnotes":""},"categories":[3],"class_list":["post-18488","page","type-page","status-publish","has-post-thumbnail","hentry","category-casino"],"acf":[],"yoast_head":"<!-- This site is optimized with the Yoast SEO plugin v27.3 - https:\/\/yoast.com\/product\/yoast-seo-wordpress\/ -->\n<title>Gamification \u2013 ett spel i spelet | Ready Bet Win<\/title>\n<meta name=\"description\" content=\"En genre inom n\u00e4tcasino som blivit v\u00e4ldigt popul\u00e4rt de senaste \u00e5ren \u00e4r gamification. En kombination av att spela om pengar och att spela spel med en story.\" \/>\n<meta name=\"robots\" content=\"index, follow, max-snippet:-1, max-image-preview:large, max-video-preview:-1\" \/>\n<link rel=\"canonical\" href=\"https:\/\/readybetwin.com\/sv\/casino\/gamification\/\" \/>\n<meta property=\"og:locale\" content=\"sv_SE\" \/>\n<meta property=\"og:type\" content=\"article\" \/>\n<meta property=\"og:title\" content=\"Gamification \u2013 ett spel i spelet | Ready Bet Win\" \/>\n<meta property=\"og:description\" content=\"En genre inom n\u00e4tcasino som blivit v\u00e4ldigt popul\u00e4rt de senaste \u00e5ren \u00e4r gamification. En kombination av att spela om pengar och att spela spel med en story.\" \/>\n<meta property=\"og:url\" content=\"https:\/\/readybetwin.com\/sv\/casino\/gamification\/\" \/>\n<meta property=\"og:site_name\" content=\"Ready Bet Win\" \/>\n<meta property=\"article:modified_time\" content=\"2020-05-11T19:37:36+00:00\" \/>\n<meta property=\"og:image\" content=\"https:\/\/readybetwin.com\/wp-content\/uploads\/2020\/02\/gamification.jpg\" \/>\n\t<meta property=\"og:image:width\" content=\"1920\" \/>\n\t<meta property=\"og:image:height\" content=\"1280\" \/>\n\t<meta property=\"og:image:type\" content=\"image\/jpeg\" \/>\n<meta name=\"twitter:card\" content=\"summary_large_image\" \/>\n<meta name=\"twitter:label1\" content=\"Ber\u00e4knad l\u00e4stid\" \/>\n\t<meta name=\"twitter:data1\" content=\"4 minuter\" \/>\n<script type=\"application\/ld+json\" class=\"yoast-schema-graph\">{\"@context\":\"https:\\\/\\\/schema.org\",\"@graph\":[{\"@type\":\"WebPage\",\"@id\":\"https:\\\/\\\/readybetwin.com\\\/sv\\\/casino\\\/gamification\\\/\",\"url\":\"https:\\\/\\\/readybetwin.com\\\/sv\\\/casino\\\/gamification\\\/\",\"name\":\"Gamification \u2013 ett spel i spelet | Ready Bet Win\",\"isPartOf\":{\"@id\":\"https:\\\/\\\/readybetwin.com\\\/sv\\\/#website\"},\"primaryImageOfPage\":{\"@id\":\"https:\\\/\\\/readybetwin.com\\\/sv\\\/casino\\\/gamification\\\/#primaryimage\"},\"image\":{\"@id\":\"https:\\\/\\\/readybetwin.com\\\/sv\\\/casino\\\/gamification\\\/#primaryimage\"},\"thumbnailUrl\":\"https:\\\/\\\/readybetwin.com\\\/wp-content\\\/uploads\\\/2020\\\/02\\\/gamification.jpg\",\"datePublished\":\"2020-05-07T08:52:38+00:00\",\"dateModified\":\"2020-05-11T19:37:36+00:00\",\"description\":\"En genre inom n\u00e4tcasino som blivit v\u00e4ldigt popul\u00e4rt de senaste \u00e5ren \u00e4r gamification. En kombination av att spela om pengar och att spela spel med en story.\",\"breadcrumb\":{\"@id\":\"https:\\\/\\\/readybetwin.com\\\/sv\\\/casino\\\/gamification\\\/#breadcrumb\"},\"inLanguage\":\"sv-SE\",\"potentialAction\":[{\"@type\":\"ReadAction\",\"target\":[\"https:\\\/\\\/readybetwin.com\\\/sv\\\/casino\\\/gamification\\\/\"]}]},{\"@type\":\"ImageObject\",\"inLanguage\":\"sv-SE\",\"@id\":\"https:\\\/\\\/readybetwin.com\\\/sv\\\/casino\\\/gamification\\\/#primaryimage\",\"url\":\"https:\\\/\\\/readybetwin.com\\\/wp-content\\\/uploads\\\/2020\\\/02\\\/gamification.jpg\",\"contentUrl\":\"https:\\\/\\\/readybetwin.com\\\/wp-content\\\/uploads\\\/2020\\\/02\\\/gamification.jpg\",\"width\":1920,\"height\":1280,\"caption\":\"Gamification\"},{\"@type\":\"BreadcrumbList\",\"@id\":\"https:\\\/\\\/readybetwin.com\\\/sv\\\/casino\\\/gamification\\\/#breadcrumb\",\"itemListElement\":[{\"@type\":\"ListItem\",\"position\":1,\"name\":\"Home\",\"item\":\"https:\\\/\\\/readybetwin.com\\\/sv\\\/\"},{\"@type\":\"ListItem\",\"position\":2,\"name\":\"Gamification\"}]},{\"@type\":\"WebSite\",\"@id\":\"https:\\\/\\\/readybetwin.com\\\/sv\\\/#website\",\"url\":\"https:\\\/\\\/readybetwin.com\\\/sv\\\/\",\"name\":\"Ready Bet Win\",\"description\":\"Compare online casinos and betting sites\",\"publisher\":{\"@id\":\"https:\\\/\\\/readybetwin.com\\\/sv\\\/#organization\"},\"potentialAction\":[{\"@type\":\"SearchAction\",\"target\":{\"@type\":\"EntryPoint\",\"urlTemplate\":\"https:\\\/\\\/readybetwin.com\\\/sv\\\/?s={search_term_string}\"},\"query-input\":{\"@type\":\"PropertyValueSpecification\",\"valueRequired\":true,\"valueName\":\"search_term_string\"}}],\"inLanguage\":\"sv-SE\"},{\"@type\":\"Organization\",\"@id\":\"https:\\\/\\\/readybetwin.com\\\/sv\\\/#organization\",\"name\":\"Ready Bet Win\",\"url\":\"https:\\\/\\\/readybetwin.com\\\/sv\\\/\",\"logo\":{\"@type\":\"ImageObject\",\"inLanguage\":\"sv-SE\",\"@id\":\"https:\\\/\\\/readybetwin.com\\\/sv\\\/#\\\/schema\\\/logo\\\/image\\\/\",\"url\":\"\",\"contentUrl\":\"\",\"caption\":\"Ready Bet Win\"},\"image\":{\"@id\":\"https:\\\/\\\/readybetwin.com\\\/sv\\\/#\\\/schema\\\/logo\\\/image\\\/\"}}]}<\/script>\n<!-- \/ Yoast SEO plugin. -->","yoast_head_json":{"title":"Gamification \u2013 ett spel i spelet | Ready Bet Win","description":"En genre inom n\u00e4tcasino som blivit v\u00e4ldigt popul\u00e4rt de senaste \u00e5ren \u00e4r gamification. En kombination av att spela om pengar och att spela spel med en story.","robots":{"index":"index","follow":"follow","max-snippet":"max-snippet:-1","max-image-preview":"max-image-preview:large","max-video-preview":"max-video-preview:-1"},"canonical":"https:\/\/readybetwin.com\/sv\/casino\/gamification\/","og_locale":"sv_SE","og_type":"article","og_title":"Gamification \u2013 ett spel i spelet | Ready Bet Win","og_description":"En genre inom n\u00e4tcasino som blivit v\u00e4ldigt popul\u00e4rt de senaste \u00e5ren \u00e4r gamification. En kombination av att spela om pengar och att spela spel med en story.","og_url":"https:\/\/readybetwin.com\/sv\/casino\/gamification\/","og_site_name":"Ready Bet Win","article_modified_time":"2020-05-11T19:37:36+00:00","og_image":[{"width":1920,"height":1280,"url":"https:\/\/readybetwin.com\/wp-content\/uploads\/2020\/02\/gamification.jpg","type":"image\/jpeg"}],"twitter_card":"summary_large_image","twitter_misc":{"Ber\u00e4knad l\u00e4stid":"4 minuter"},"schema":{"@context":"https:\/\/schema.org","@graph":[{"@type":"WebPage","@id":"https:\/\/readybetwin.com\/sv\/casino\/gamification\/","url":"https:\/\/readybetwin.com\/sv\/casino\/gamification\/","name":"Gamification \u2013 ett spel i spelet | Ready Bet Win","isPartOf":{"@id":"https:\/\/readybetwin.com\/sv\/#website"},"primaryImageOfPage":{"@id":"https:\/\/readybetwin.com\/sv\/casino\/gamification\/#primaryimage"},"image":{"@id":"https:\/\/readybetwin.com\/sv\/casino\/gamification\/#primaryimage"},"thumbnailUrl":"https:\/\/readybetwin.com\/wp-content\/uploads\/2020\/02\/gamification.jpg","datePublished":"2020-05-07T08:52:38+00:00","dateModified":"2020-05-11T19:37:36+00:00","description":"En genre inom n\u00e4tcasino som blivit v\u00e4ldigt popul\u00e4rt de senaste \u00e5ren \u00e4r gamification. En kombination av att spela om pengar och att spela spel med en story.","breadcrumb":{"@id":"https:\/\/readybetwin.com\/sv\/casino\/gamification\/#breadcrumb"},"inLanguage":"sv-SE","potentialAction":[{"@type":"ReadAction","target":["https:\/\/readybetwin.com\/sv\/casino\/gamification\/"]}]},{"@type":"ImageObject","inLanguage":"sv-SE","@id":"https:\/\/readybetwin.com\/sv\/casino\/gamification\/#primaryimage","url":"https:\/\/readybetwin.com\/wp-content\/uploads\/2020\/02\/gamification.jpg","contentUrl":"https:\/\/readybetwin.com\/wp-content\/uploads\/2020\/02\/gamification.jpg","width":1920,"height":1280,"caption":"Gamification"},{"@type":"BreadcrumbList","@id":"https:\/\/readybetwin.com\/sv\/casino\/gamification\/#breadcrumb","itemListElement":[{"@type":"ListItem","position":1,"name":"Home","item":"https:\/\/readybetwin.com\/sv\/"},{"@type":"ListItem","position":2,"name":"Gamification"}]},{"@type":"WebSite","@id":"https:\/\/readybetwin.com\/sv\/#website","url":"https:\/\/readybetwin.com\/sv\/","name":"Ready Bet Win","description":"Compare online casinos and betting sites","publisher":{"@id":"https:\/\/readybetwin.com\/sv\/#organization"},"potentialAction":[{"@type":"SearchAction","target":{"@type":"EntryPoint","urlTemplate":"https:\/\/readybetwin.com\/sv\/?s={search_term_string}"},"query-input":{"@type":"PropertyValueSpecification","valueRequired":true,"valueName":"search_term_string"}}],"inLanguage":"sv-SE"},{"@type":"Organization","@id":"https:\/\/readybetwin.com\/sv\/#organization","name":"Ready Bet Win","url":"https:\/\/readybetwin.com\/sv\/","logo":{"@type":"ImageObject","inLanguage":"sv-SE","@id":"https:\/\/readybetwin.com\/sv\/#\/schema\/logo\/image\/","url":"","contentUrl":"","caption":"Ready Bet Win"},"image":{"@id":"https:\/\/readybetwin.com\/sv\/#\/schema\/logo\/image\/"}}]}},"_links":{"self":[{"href":"https:\/\/readybetwin.com\/sv\/wp-json\/wp\/v2\/pages\/18488","targetHints":{"allow":["GET"]}}],"collection":[{"href":"https:\/\/readybetwin.com\/sv\/wp-json\/wp\/v2\/pages"}],"about":[{"href":"https:\/\/readybetwin.com\/sv\/wp-json\/wp\/v2\/types\/page"}],"author":[{"embeddable":true,"href":"https:\/\/readybetwin.com\/sv\/wp-json\/wp\/v2\/users\/1"}],"replies":[{"embeddable":true,"href":"https:\/\/readybetwin.com\/sv\/wp-json\/wp\/v2\/comments?post=18488"}],"version-history":[{"count":0,"href":"https:\/\/readybetwin.com\/sv\/wp-json\/wp\/v2\/pages\/18488\/revisions"}],"up":[{"embeddable":true,"href":"https:\/\/readybetwin.com\/sv\/wp-json\/wp\/v2\/pages\/7353"}],"wp:featuredmedia":[{"embeddable":true,"href":"https:\/\/readybetwin.com\/sv\/wp-json\/wp\/v2\/media\/15165"}],"wp:attachment":[{"href":"https:\/\/readybetwin.com\/sv\/wp-json\/wp\/v2\/media?parent=18488"}],"wp:term":[{"taxonomy":"category","embeddable":true,"href":"https:\/\/readybetwin.com\/sv\/wp-json\/wp\/v2\/categories?post=18488"}],"curies":[{"name":"wp","href":"https:\/\/api.w.org\/{rel}","templated":true}]}}